{"id":46,"date":"2021-05-20T16:35:38","date_gmt":"2021-05-20T19:35:38","guid":{"rendered":"https:\/\/wp.ufpel.edu.br\/gthistoriaculturalrs\/?page_id=46"},"modified":"2021-05-21T15:32:07","modified_gmt":"2021-05-21T18:32:07","slug":"atividades","status":"publish","type":"page","link":"https:\/\/wp.ufpel.edu.br\/gthistoriaculturalrs\/atividades\/","title":{"rendered":"Hist\u00f3rico de atividades"},"content":{"rendered":"<p><strong>2018<\/strong><\/p>\n<p><a href=\"https:\/\/www.dropbox.com\/s\/gjzajcahrbnu5w3\/GT%20HC%20Relat%C3%B3rio%20atividades%20gest%C3%A3o%202016-18.pdf?dl=0\">Relat\u00f3rio de Atividades de 2016-2018<\/a><\/p>\n<p><strong>2016<\/strong><\/p>\n<p><a href=\"https:\/\/www.dropbox.com\/s\/77k9wv44w43co0u\/Relat%C3%B3rio%20atividades%20gest%C3%A3o%202014-16.pdf?dl=0\">Relat\u00f3rio de Atividades de 2014-2016<\/a><\/p>\n<p><strong>2014<\/strong><\/p>\n<p>Circulares do GTHC-RS poder\u00e3o ser visualizadas em:<\/p>\n<p><a href=\"https:\/\/groups.google.com\/forum\/?hl=pt-BR#!forum\/gthc-rs\">https:\/\/groups.google.com\/forum\/?hl=pt-BR#!forum\/gthc-rs<\/a><\/p>\n<p><strong>2013<\/strong><\/p>\n<p><a href=\"http:\/\/www.anpuh-rs.org.br\/informativo\/view?ID_INFORMATIVO=4152\">Pr\u00eamio Teses Sandra\u00a0Jatahy\u00a0Pesavento\u00a0em Hist\u00f3ria Cultural<\/a>\u00a0\u2013 Agosto de 2013<\/p>\n<p><a href=\"http:\/\/www.ufrgs.br\/gthistoriaculturalrs\/Circular16.pdf\">16.\u00aa Circular do GT Hist\u00f3ria Cultural<\/a>\u00a0\u2013 Junho de 2013<\/p>\n<p><strong>2011<\/strong><\/p>\n<p><a href=\"http:\/\/www.ufrgs.br\/gthistoriaculturalrs\/Circular15.pdf\">15\u00aa Circular do GT de Historia Cultural \u2013 RS<\/a>\u00a0\u2013 Junho de 2011.<\/p>\n<p><strong>2010<\/strong><\/p>\n<p><a href=\"https:\/\/www.ufrgs.br\/gthistoriaculturalrs\/CIRCULAR%2014.htm\">14\u00aa Circular do GT de Historia Cultural\/RS<\/a>\u00a0\u2013 Agosto de 2010.<\/p>\n<p><a href=\"https:\/\/www.ufrgs.br\/gthistoriaculturalrs\/Circular13.htm\">13\u00aa Circular do GT de Historia Cultural\/RS<\/a>\u00a0\u2013 Mar\u00e7o de 2010.<\/p>\n<p><strong>2009<\/strong><\/p>\n<p><a href=\"https:\/\/www.ufrgs.br\/gthistoriaculturalrs\/Ciruclar12..doc\">12\u00aa Circular do GT de Historia Cultural\/RS<\/a>\u00a0\u2013 Mar\u00e7o de 2009.<\/p>\n<p><strong>2008<\/strong><\/p>\n<p><a href=\"https:\/\/www.ufrgs.br\/gthistoriaculturalrs\/circu11.html\">11\u00aa Circular do GT de Historia Cultural\/RS<\/a>\u00a0&#8211; Julho de 2008.<\/p>\n<p><a href=\"https:\/\/www.ufrgs.br\/gthistoriaculturalrs\/circu10.html\">10\u00aa Circular do GT de Historia Cultural\/RS<\/a>\u00a0&#8211; Maio de 2008.<\/p>\n<p><strong>2007<\/strong><\/p>\n<p><a href=\"https:\/\/www.ufrgs.br\/gthistoriaculturalrs\/circu9.html\">9\u00aa Circular do GT de Historia Cultural\/RS<\/a>\u00a0&#8211; Novembro de 2007.<\/p>\n<p><a href=\"https:\/\/www.ufrgs.br\/gthistoriaculturalrs\/circu8.html\">8\u00aa Circular do GT de Historia Cultural\/RS<\/a>\u00a0&#8211; Outubro de 2007.<\/p>\n<p><a href=\"https:\/\/www.ufrgs.br\/gthistoriaculturalrs\/circu7.html\">7\u00aa Circular do GT de Historia Cultural\/RS<\/a>\u00a0&#8211; Abril de 2007.<\/p>\n<p><a href=\"https:\/\/www.ufrgs.br\/gthistoriaculturalrs\/circu6.html\">6\u00aa Circular do GT de Historia Cultural\/RS<\/a>\u00a0&#8211; Abril de 2007.<\/p>\n<p><strong>2006<\/strong><\/p>\n<p><a href=\"https:\/\/www.ufrgs.br\/gthistoriaculturalrs\/circu5.html\">5\u00aa Circular do GT de Historia Cultural\/RS<\/a>\u00a0&#8211; Novembro de 2006.<\/p>\n<p><a href=\"https:\/\/www.ufrgs.br\/gthistoriaculturalrs\/circu4.html\">4\u00aa Circular do GT de Historia Cultural\/RS<\/a>\u00a0&#8211; Novembro de 2006.<\/p>\n<p><a href=\"https:\/\/www.ufrgs.br\/gthistoriaculturalrs\/circu3.html\">3\u00aa Circular do GT de Historia Cultural\/RS<\/a>\u00a0&#8211; Outubro de 2006.<\/p>\n<p><a href=\"https:\/\/www.ufrgs.br\/gthistoriaculturalrs\/circu2.htm\">2\u00aa Circular do GT de Historia Cultural\/RS<\/a>\u00a0&#8211; Setembro de 2006.<\/p>\n<p><a href=\"https:\/\/www.ufrgs.br\/gthistoriaculturalrs\/circu1.htm\">1\u00aa Circular do GT de Hist\u00f3ria Cultural\/RS<\/a>\u00a0&#8211; Agosto de 2006.<\/p>\n<p>&nbsp;<\/p>\n","protected":false},"excerpt":{"rendered":"<p>2018 Relat\u00f3rio de Atividades de 2016-2018 2016 Relat\u00f3rio de Atividades de 2014-2016 2014 Circulares do GTHC-RS poder\u00e3o ser visualizadas em: https:\/\/groups.google.com\/forum\/?hl=pt-BR#!forum\/gthc-rs 2013 Pr\u00eamio Teses Sandra\u00a0Jatahy\u00a0Pesavento\u00a0em Hist\u00f3ria Cultural\u00a0\u2013 Agosto de 2013 16.\u00aa Circular do GT Hist\u00f3ria Cultural\u00a0\u2013 Junho de 2013 2011 15\u00aa Circular do GT de Historia Cultural \u2013 RS\u00a0\u2013 Junho de 2011. 2010 14\u00aa Circular&hellip;<\/p>\n","protected":false},"author":1069,"featured_media":0,"parent":0,"menu_order":0,"comment_status":"closed","ping_status":"closed","template":"","meta":{"footnotes":""},"class_list":["post-46","page","type-page","status-publish","hentry"],"_links":{"self":[{"href":"https:\/\/wp.ufpel.edu.br\/gthistoriaculturalrs\/wp-json\/wp\/v2\/pages\/46","targetHints":{"allow":["GET"]}}],"collection":[{"href":"https:\/\/wp.ufpel.edu.br\/gthistoriaculturalrs\/wp-json\/wp\/v2\/pages"}],"about":[{"href":"https:\/\/wp.ufpel.edu.br\/gthistoriaculturalrs\/wp-json\/wp\/v2\/types\/page"}],"author":[{"embeddable":true,"href":"https:\/\/wp.ufpel.edu.br\/gthistoriaculturalrs\/wp-json\/wp\/v2\/users\/1069"}],"replies":[{"embeddable":true,"href":"https:\/\/wp.ufpel.edu.br\/gthistoriaculturalrs\/wp-json\/wp\/v2\/comments?post=46"}],"version-history":[{"count":2,"href":"https:\/\/wp.ufpel.edu.br\/gthistoriaculturalrs\/wp-json\/wp\/v2\/pages\/46\/revisions"}],"predecessor-version":[{"id":122,"href":"https:\/\/wp.ufpel.edu.br\/gthistoriaculturalrs\/wp-json\/wp\/v2\/pages\/46\/revisions\/122"}],"wp:attachment":[{"href":"https:\/\/wp.ufpel.edu.br\/gthistoriaculturalrs\/wp-json\/wp\/v2\/media?parent=46"}],"curies":[{"name":"wp","href":"https:\/\/api.w.org\/{rel}","templated":true}]}}