{"id":40,"date":"2021-05-20T16:23:23","date_gmt":"2021-05-20T19:23:23","guid":{"rendered":"https:\/\/wp.ufpel.edu.br\/gthistoriaculturalrs\/?page_id=40"},"modified":"2023-03-30T14:25:47","modified_gmt":"2023-03-30T17:25:47","slug":"gestao","status":"publish","type":"page","link":"https:\/\/wp.ufpel.edu.br\/gthistoriaculturalrs\/gestao\/","title":{"rendered":"Gest\u00e3o"},"content":{"rendered":"<p><strong>2022-2024<\/strong><\/p>\n<p>Coordena\u00e7\u00e3o: <a href=\"http:\/\/lattes.cnpq.br\/0811758911094691\">Miriam Rossini<\/a><\/p>\n<p>Vice-coordena\u00e7\u00e3o: <a href=\"http:\/\/lattes.cnpq.br\/6744281843415520\">Felipe N\u00f3brega Ferreira<\/a><\/p>\n<p>Secretaria: <a href=\"http:\/\/lattes.cnpq.br\/3730601375284122\">Olivia Nery<\/a> e<a href=\"http:\/\/lattes.cnpq.br\/3929583037339642\"> N\u00e1dia Maria Weber Santos<\/a><\/p>\n<p>&nbsp;<\/p>\n<p><strong>2020-2022<\/strong><\/p>\n<p>Coordena\u00e7\u00e3o: <a href=\"http:\/\/lattes.cnpq.br\/8197594647849111\">Darlan De Mamann Marchi<\/a><\/p>\n<p>Vice-coordena\u00e7\u00e3o: <a href=\"http:\/\/lattes.cnpq.br\/5901727444406445\">F\u00e1bio Vergara Cerqueira<\/a><\/p>\n<p>Secretaria: <a href=\"http:\/\/lattes.cnpq.br\/8886049514435487\">Rita Juliana Soares Poloni<\/a> \/ <a href=\"http:\/\/lattes.cnpq.br\/3929583037339642\">N\u00e1dia Maria Weber Santos<\/a><\/p>\n<p><strong>\u00a0<\/strong><\/p>\n<p><strong>2018-2020<\/strong><\/p>\n<p>Coordena\u00e7\u00e3o: <a href=\"http:\/\/lattes.cnpq.br\/3929583037339642\">N\u00e1dia Maria Weber Santos<\/a><\/p>\n<p>Vice-coordenadora: <a href=\"http:\/\/lattes.cnpq.br\/3979190690880852\">Hilda Jaqueline de Fraga<\/a><\/p>\n<p>1\u00ba Secret\u00e1rio:<a href=\"http:\/\/lattes.cnpq.br\/0830455050602866\"> Eduardo Knack\u00a0<\/a><br \/>\n2\u00aa Secret\u00e1ria: <a href=\"http:\/\/lattes.cnpq.br\/4118578565931399\">Francielle Garcia\u00a0<\/a><\/p>\n<p><strong>\u00a0<\/strong><\/p>\n<p><strong>2016-2018<\/strong><\/p>\n<p>Coordena\u00e7\u00e3o:\u00a0<a href=\"http:\/\/lattes.cnpq.br\/6371668806996308\">Alice\u00a0Dubina\u00a0Trusz<\/a><\/p>\n<p>Vice-coordena\u00e7\u00e3o:\u00a0<a href=\"http:\/\/lattes.cnpq.br\/9019542824366760\">Carmem Adriane Ribeiro<\/a><\/p>\n<p>1\u00ba Secret\u00e1rio:\u00a0<a href=\"http:\/\/lattes.cnpq.br\/0830455050602866\">Eduardo Roberto Jord\u00e3o\u00a0Knack<\/a><\/p>\n<p>2\u00aa Secretaria:\u00a0<a href=\"http:\/\/lattes.cnpq.br\/7972092275460501\">Viviane\u00a0Viebrantz\u00a0Herchmann<\/a><\/p>\n<p><strong>\u00a0<\/strong><\/p>\n<p><strong>2014-2016<\/strong><\/p>\n<p>Coordena\u00e7\u00e3o:\u00a0<a href=\"http:\/\/lattes.cnpq.br\/9379089339600846\">Carla Simone Rodeghero<\/a><\/p>\n<p>Vice-coordena\u00e7\u00e3o:\u00a0<a href=\"http:\/\/lattes.cnpq.br\/6371668806996308\">Alice\u00a0Dubina\u00a0Trusz<\/a><\/p>\n<p>Secretaria:\u00a0<a href=\"http:\/\/lattes.cnpq.br\/9019542824366760\">Carmem Adriane Ribeiro<\/a>\u00a0\/\u00a0<a href=\"http:\/\/lattes.cnpq.br\/7972092275460501\">Viviane\u00a0Viebrantz\u00a0Herchmann<\/a><\/p>\n<p><a href=\"https:\/\/www.dropbox.com\/s\/77k9wv44w43co0u\/Relat%C3%B3rio%20atividades%20gest%C3%A3o%202014-16.pdf?dl=0\">RELAT\u00d3RIO DE ATIVIDADES DA GEST\u00c3O 2014-2016<\/a><\/p>\n<p><strong>\u00a0<\/strong><\/p>\n<p><strong>2012-2014<\/strong><\/p>\n<p>Coordena\u00e7\u00e3o:\u00a0<a href=\"http:\/\/lattes.cnpq.br\/7887221850970408\">Cl\u00e1udio de S\u00e1 Machado J\u00fanior<\/a><\/p>\n<p>Vice-coordena\u00e7\u00e3o:\u00a0<a href=\"http:\/\/lattes.cnpq.br\/3929583037339642\">N\u00e1dia Maria Weber Santos<\/a><\/p>\n<p>Secretaria:\u00a0<a href=\"http:\/\/lattes.cnpq.br\/9019542824366760\">Carmem Adriane Ribeiro<\/a><\/p>\n<p><strong>\u00a0<\/strong><\/p>\n<p><strong>2010-2012<\/strong><\/p>\n<p>Coordena\u00e7\u00e3o:\u00a0<a href=\"http:\/\/lattes.cnpq.br\/3929583037339642\">N\u00e1dia Maria Weber Santos<\/a><\/p>\n<p>Vice-coordena\u00e7\u00e3o:\u00a0<a href=\"http:\/\/lattes.cnpq.br\/1483687969866500\">Maria Luiza\u00a0Filippozzi\u00a0Martini<\/a><\/p>\n<p>Secretaria:\u00a0<a href=\"http:\/\/lattes.cnpq.br\/7887221850970408\">Cl\u00e1udio de S\u00e1 Machado J\u00fanior<\/a><\/p>\n<p><strong>\u00a0<\/strong><\/p>\n<p><strong>2008-2010<\/strong><\/p>\n<p>Coordena\u00e7\u00e3o:\u00a0<a href=\"http:\/\/lattes.cnpq.br\/0811758911094691\">Miriam de Souza Rossini<\/a><\/p>\n<p>Vice-coordena\u00e7\u00e3o:\u00a0<a href=\"http:\/\/lattes.cnpq.br\/7314978347718720\">Charles Monteiro<\/a><\/p>\n<p>Secretaria:\u00a0<a href=\"http:\/\/lattes.cnpq.br\/9691547054319034\">Alessander Mario Kerber<\/a><\/p>\n<p><strong>\u00a0<\/strong><\/p>\n<p><strong>2006-2008<\/strong><\/p>\n<p>Coordena\u00e7\u00e3o:\u00a0<a href=\"http:\/\/lattes.cnpq.br\/3929583037339642\">N\u00e1dia Maria Weber Santos<\/a><\/p>\n<p>Vice-coordena\u00e7\u00e3o:\u00a0<a href=\"http:\/\/lattes.cnpq.br\/4660853689567869\">Debora\u00a0Taisa\u00a0Krebs<\/a><\/p>\n<p>Secretaria:\u00a0<a href=\"http:\/\/lattes.cnpq.br\/5006971753953686\">Daniela Marzola Fialho<\/a><\/p>\n<p><strong>\u00a0<\/strong><\/p>\n<p><strong>2004-2006<\/strong><\/p>\n<p>Coordena\u00e7\u00e3o:\u00a0<a href=\"http:\/\/lattes.cnpq.br\/1483687969866500\">Maria Luiza\u00a0Filippozzi\u00a0Martini<\/a><\/p>\n<p>Vice-coordena\u00e7\u00e3o:\u00a0<a href=\"http:\/\/lattes.cnpq.br\/3929583037339642\">N\u00e1dia Maria Weber Santos<\/a><\/p>\n<p>Secretaria:\u00a0<a href=\"http:\/\/lattes.cnpq.br\/3696960909729759\">Mara Regina de Jesus P\u00e9res<\/a><\/p>\n<p><strong>\u00a0<\/strong><\/p>\n<p><strong>2002-2004<\/strong><\/p>\n<p>Comiss\u00e3o coordenadora:<\/p>\n<p><a href=\"http:\/\/lattes.cnpq.br\/0106719213437604\">Cl\u00e1udia Musa\u00a0Fay<\/a>\u00a0\/\u00a0<a href=\"http:\/\/lattes.cnpq.br\/7314978347718720\">Charles Monteiro<\/a>\u00a0\/\u00a0<a href=\"http:\/\/lattes.cnpq.br\/5104473139206788\">M\u00e1rcia Ramos de Oliveira<\/a><\/p>\n<p><strong>\u00a0<\/strong><\/p>\n<p><strong>2001-2002<\/strong><\/p>\n<p>Coordena\u00e7\u00e3o:\u00a0<a href=\"http:\/\/lattes.cnpq.br\/7416066730700319\">Paulo Roberto Staudt Moreira<\/a><\/p>\n<p><strong>\u00a0<\/strong><\/p>\n<p><strong>1997-2001<\/strong><\/p>\n<p>Coordena\u00e7\u00e3o:\u00a0<a href=\"http:\/\/lattes.cnpq.br\/1760145213009265\">Sandra\u00a0Jatahy\u00a0Pesavento<\/a><\/p>\n<p>&nbsp;<\/p>\n","protected":false},"excerpt":{"rendered":"<p>2022-2024 Coordena\u00e7\u00e3o: Miriam Rossini Vice-coordena\u00e7\u00e3o: Felipe N\u00f3brega Ferreira Secretaria: Olivia Nery e N\u00e1dia Maria Weber Santos &nbsp; 2020-2022 Coordena\u00e7\u00e3o: Darlan De Mamann Marchi Vice-coordena\u00e7\u00e3o: F\u00e1bio Vergara Cerqueira Secretaria: Rita Juliana Soares Poloni \/ N\u00e1dia Maria Weber Santos \u00a0 2018-2020 Coordena\u00e7\u00e3o: N\u00e1dia Maria Weber Santos Vice-coordenadora: Hilda Jaqueline de Fraga 1\u00ba Secret\u00e1rio: Eduardo Knack\u00a0 2\u00aa Secret\u00e1ria:&hellip;<\/p>\n","protected":false},"author":1069,"featured_media":0,"parent":0,"menu_order":0,"comment_status":"closed","ping_status":"closed","template":"","meta":{"footnotes":""},"class_list":["post-40","page","type-page","status-publish","hentry"],"_links":{"self":[{"href":"https:\/\/wp.ufpel.edu.br\/gthistoriaculturalrs\/wp-json\/wp\/v2\/pages\/40","targetHints":{"allow":["GET"]}}],"collection":[{"href":"https:\/\/wp.ufpel.edu.br\/gthistoriaculturalrs\/wp-json\/wp\/v2\/pages"}],"about":[{"href":"https:\/\/wp.ufpel.edu.br\/gthistoriaculturalrs\/wp-json\/wp\/v2\/types\/page"}],"author":[{"embeddable":true,"href":"https:\/\/wp.ufpel.edu.br\/gthistoriaculturalrs\/wp-json\/wp\/v2\/users\/1069"}],"replies":[{"embeddable":true,"href":"https:\/\/wp.ufpel.edu.br\/gthistoriaculturalrs\/wp-json\/wp\/v2\/comments?post=40"}],"version-history":[{"count":3,"href":"https:\/\/wp.ufpel.edu.br\/gthistoriaculturalrs\/wp-json\/wp\/v2\/pages\/40\/revisions"}],"predecessor-version":[{"id":241,"href":"https:\/\/wp.ufpel.edu.br\/gthistoriaculturalrs\/wp-json\/wp\/v2\/pages\/40\/revisions\/241"}],"wp:attachment":[{"href":"https:\/\/wp.ufpel.edu.br\/gthistoriaculturalrs\/wp-json\/wp\/v2\/media?parent=40"}],"curies":[{"name":"wp","href":"https:\/\/api.w.org\/{rel}","templated":true}]}}