{"id":242,"date":"2023-03-30T14:30:11","date_gmt":"2023-03-30T17:30:11","guid":{"rendered":"https:\/\/wp.ufpel.edu.br\/gthistoriaculturalrs\/?page_id=242"},"modified":"2023-03-30T14:41:14","modified_gmt":"2023-03-30T17:41:14","slug":"eventofurg","status":"publish","type":"page","link":"https:\/\/wp.ufpel.edu.br\/gthistoriaculturalrs\/eventofurg\/","title":{"rendered":"\u201cHist\u00f3ria Cultural: fatos, vers\u00f5es e imagin\u00e1rios em disputa\u201d  (FURG &#8211; 2023)"},"content":{"rendered":"<p>GT<strong> de Hist\u00f3ria Cultural (ANPUH-RS) convida para o evento \u201cHist\u00f3ria Cultural: fatos, vers\u00f5es e imagin\u00e1rios em disputa\u201d<\/strong><\/p>\n<p>19 e 20 de abril no Pavilh\u00e3o 4 (Sala 4115) Campus Carreiros &#8211; FURG<br \/>\nRio Grande<\/p>\n<p>Inscri\u00e7\u00f5es gratuitas<br \/>\nEvento com certificado<\/p>\n<p><strong>Programa\u00e7\u00e3o<\/strong><\/p>\n<p>19\/04\/2023<\/p>\n<p>13h30 &#8211; Cerim\u00f4nia de abertura: Profa. Dra. Miriam Rossini (UFRGS) &#8211; coordenadora do GTHC-RS<br \/>\n14h: Palestra de abertura: Profa. Dra. Maria Leticia Mazzucchi Ferreira (UFPel)<br \/>\n15h \u00e0s 15h20 &#8211; Debate e intervalo<br \/>\n15h30 \u00e0s 17h &#8211; Mesa Redonda: Hist\u00f3rias e Patrim\u00f4nios em pauta com:<br \/>\nProf. Dr. Aristeu Lopes Machado (UFPel)<br \/>\nProfa Dra. Carmem Schiavon (FURG)<br \/>\nProfa. Dra. Miriam Rossini (UFRGS).<br \/>\nMedia\u00e7\u00e3o: Profa. Dra. Olivia Nery (UFPel)<\/p>\n<p>20\/04\/2023<\/p>\n<p>13h30 &#8211; Palestra: Resist\u00eancia e adapta\u00e7\u00e3o cultural no \u00e1lbum &#8220;Catch a fire&#8221; dos The Wailers: Prof. Dr. Juarez Fu\u00e3o (FURG)<br \/>\n15h30 &#8211; Mesa Redonda: Identidade e territorialidade na perspectiva da pesca artesanal na cidade do Rio Grande: discentes do CAHIS (FURG): Giovanna Lazzeri, Fabiane Fonseca e Suzane Santos<br \/>\n17h &#8211; Encerramento com Prof. Dr. Felipe N\u00f3brega (FURG)<\/p>\n","protected":false},"excerpt":{"rendered":"<p>GT de Hist\u00f3ria Cultural (ANPUH-RS) convida para o evento \u201cHist\u00f3ria Cultural: fatos, vers\u00f5es e imagin\u00e1rios em disputa\u201d 19 e 20 de abril no Pavilh\u00e3o 4 (Sala 4115) Campus Carreiros &#8211; FURG Rio Grande Inscri\u00e7\u00f5es gratuitas Evento com certificado Programa\u00e7\u00e3o 19\/04\/2023 13h30 &#8211; Cerim\u00f4nia de abertura: Profa. Dra. Miriam Rossini (UFRGS) &#8211; coordenadora do GTHC-RS 14h:&hellip;<\/p>\n","protected":false},"author":1069,"featured_media":0,"parent":0,"menu_order":0,"comment_status":"closed","ping_status":"closed","template":"","meta":{"footnotes":""},"class_list":["post-242","page","type-page","status-publish","hentry"],"_links":{"self":[{"href":"https:\/\/wp.ufpel.edu.br\/gthistoriaculturalrs\/wp-json\/wp\/v2\/pages\/242","targetHints":{"allow":["GET"]}}],"collection":[{"href":"https:\/\/wp.ufpel.edu.br\/gthistoriaculturalrs\/wp-json\/wp\/v2\/pages"}],"about":[{"href":"https:\/\/wp.ufpel.edu.br\/gthistoriaculturalrs\/wp-json\/wp\/v2\/types\/page"}],"author":[{"embeddable":true,"href":"https:\/\/wp.ufpel.edu.br\/gthistoriaculturalrs\/wp-json\/wp\/v2\/users\/1069"}],"replies":[{"embeddable":true,"href":"https:\/\/wp.ufpel.edu.br\/gthistoriaculturalrs\/wp-json\/wp\/v2\/comments?post=242"}],"version-history":[{"count":3,"href":"https:\/\/wp.ufpel.edu.br\/gthistoriaculturalrs\/wp-json\/wp\/v2\/pages\/242\/revisions"}],"predecessor-version":[{"id":247,"href":"https:\/\/wp.ufpel.edu.br\/gthistoriaculturalrs\/wp-json\/wp\/v2\/pages\/242\/revisions\/247"}],"wp:attachment":[{"href":"https:\/\/wp.ufpel.edu.br\/gthistoriaculturalrs\/wp-json\/wp\/v2\/media?parent=242"}],"curies":[{"name":"wp","href":"https:\/\/api.w.org\/{rel}","templated":true}]}}