{"id":7,"date":"2018-05-14T11:20:37","date_gmt":"2018-05-14T14:20:37","guid":{"rendered":"https:\/\/wp.ufpel.edu.br\/gtcmc\/?page_id=7"},"modified":"2021-04-20T15:16:22","modified_gmt":"2021-04-20T18:16:22","slug":"linhas-de-pesquisa","status":"publish","type":"page","link":"https:\/\/wp.ufpel.edu.br\/gtcmc\/linhas-de-pesquisa\/","title":{"rendered":"Linhas de Pesquisa"},"content":{"rendered":"<p>O grupo GTCMC trabalha na \u00e1rea de f\u00edsica te\u00f3rica com \u00eanfase em t\u00f3picos de mat\u00e9ria condensada, usando abordagens te\u00f3rico-computacionais, como segue:<\/p>\n<hr \/>\n<ul>\n<li><em>Estrutura eletr\u00f4nica de materiais e<br \/>\n<\/em><\/p>\n<ul>\n<li>\n<div style=\"text-align: justify\">O foco consiste no estudo da estrutura eletr\u00f4nica de nanomateriais e sistemas cristalinos. Busca-se o entendimento de propriedades f\u00edsicas e qu\u00edmicas, especialmente, com \u00eanfase no estudo da estabilidade energ\u00e9tica; propriedades estruturais, eletr\u00f4nicas, magn\u00e9ticas, bem como, reatividade para sistemas nanom\u00e9tricos. Tamb\u00e9m existe o foco no estudo de sistema cristalinos, com interesse em propriedades estruturais e eletr\u00f4nicas. De modo geral, os estudos concentram-se em sistemas cristalinos de \u00f3xidos, sulfetos, selenetos; e em sistemas nanom\u00e9tricos: nanoclusters met\u00e1licos, nanoligas, nanopart\u00edculas, nanotubos.<\/div>\n<\/li>\n<\/ul>\n<\/li>\n<\/ul>\n<hr \/>\n<ul>\n<li><em>Teoria do Funcional da Densidade (DFT)<\/em>\n<ul>\n<li>\n<div style=\"text-align: justify\">O foco consiste no estudo atom\u00edstico de nanomateriais e s\u00f3lidos, fazendo uso de t\u00e9cnicas baseadas em c\u00e1lculos de primeiros princ\u00edpios (<em>ab initio<\/em>), utilizando principalmente a Teoria do Funcional da Densidade (DFT &#8211; <em>Density Functional Theory<\/em>).<\/div>\n<\/li>\n<\/ul>\n<\/li>\n<\/ul>\n<hr \/>\n<ul>\n<li><em>Desordem e sistemas complexos<\/em>\n<ul>\n<li style=\"text-align: justify\">O estudo de fen\u00f4menos magn\u00e9ticos tem sido de grande relev\u00e2ncia tanto na f\u00edsica b\u00e1sica quanto em aplica\u00e7\u00f5es tecnol\u00f3gicas. Tais fen\u00f4menos tem sido foco de aten\u00e7\u00e3o de tanto de f\u00edsicos te\u00f3ricos e quanto experimentais. Estes buscam o entendimento acerca da origem microsc\u00f3pica das propriedades magn\u00e9ticas, a descri\u00e7\u00e3o de propriedades termodin\u00e2micas, bem como a obten\u00e7\u00e3o de novos materiais e fen\u00f4menos. Um interesse particular acerca de sistemas magn\u00e9ticos surge quando estes apresentam <em>dilui\u00e7\u00e3o e desordem<\/em> nas intera\u00e7\u00f5es. Tais efeitos podem levar a um ordenamento conhecido como <em>vidro de spin,<\/em> com momentos magn\u00e9ticos congelados em dire\u00e7\u00f5es totalmente aleat\u00f3rias. Diversas dificuldades surgem na descri\u00e7\u00e3o desta fase magn\u00e9tica,\u00a0 causadas principalmente pela presen\u00e7a de desordem.<\/li>\n<\/ul>\n<\/li>\n<\/ul>\n","protected":false},"excerpt":{"rendered":"<p>O grupo GTCMC trabalha na \u00e1rea de f\u00edsica te\u00f3rica com \u00eanfase em t\u00f3picos de mat\u00e9ria condensada, usando abordagens te\u00f3rico-computacionais, como segue: Estrutura eletr\u00f4nica de materiais e O foco consiste no estudo da estrutura eletr\u00f4nica de nanomateriais e sistemas cristalinos. Busca-se o entendimento de propriedades f\u00edsicas e qu\u00edmicas, especialmente, com \u00eanfase no estudo da estabilidade energ\u00e9tica; [&hellip;]<\/p>\n","protected":false},"author":855,"featured_media":0,"parent":0,"menu_order":1,"comment_status":"closed","ping_status":"closed","template":"","meta":{"footnotes":""},"class_list":["post-7","page","type-page","status-publish","hentry"],"_links":{"self":[{"href":"https:\/\/wp.ufpel.edu.br\/gtcmc\/wp-json\/wp\/v2\/pages\/7","targetHints":{"allow":["GET"]}}],"collection":[{"href":"https:\/\/wp.ufpel.edu.br\/gtcmc\/wp-json\/wp\/v2\/pages"}],"about":[{"href":"https:\/\/wp.ufpel.edu.br\/gtcmc\/wp-json\/wp\/v2\/types\/page"}],"author":[{"embeddable":true,"href":"https:\/\/wp.ufpel.edu.br\/gtcmc\/wp-json\/wp\/v2\/users\/855"}],"replies":[{"embeddable":true,"href":"https:\/\/wp.ufpel.edu.br\/gtcmc\/wp-json\/wp\/v2\/comments?post=7"}],"version-history":[{"count":19,"href":"https:\/\/wp.ufpel.edu.br\/gtcmc\/wp-json\/wp\/v2\/pages\/7\/revisions"}],"predecessor-version":[{"id":117,"href":"https:\/\/wp.ufpel.edu.br\/gtcmc\/wp-json\/wp\/v2\/pages\/7\/revisions\/117"}],"wp:attachment":[{"href":"https:\/\/wp.ufpel.edu.br\/gtcmc\/wp-json\/wp\/v2\/media?parent=7"}],"curies":[{"name":"wp","href":"https:\/\/api.w.org\/{rel}","templated":true}]}}