{"id":29,"date":"2018-05-16T16:53:47","date_gmt":"2018-05-16T19:53:47","guid":{"rendered":"https:\/\/wp.ufpel.edu.br\/gtcmc\/?page_id=29"},"modified":"2021-04-19T15:53:29","modified_gmt":"2021-04-19T18:53:29","slug":"infraestrutura","status":"publish","type":"page","link":"https:\/\/wp.ufpel.edu.br\/gtcmc\/infraestrutura\/","title":{"rendered":"Infraestrutura"},"content":{"rendered":"<p>O GTCMC conta atualmente com:<\/p>\n<ul>\n<li>Cluster de Computadores com as seguintes caracter\u00edsticas:\n<ul>\n<li>\u00a08 computadores i7 de 16gb, HD 1TB. Software RockCluster 6.1.1.<\/li>\n<li>6 Nobreaks SMS 1200VA.<\/li>\n<\/ul>\n<\/li>\n<\/ul>\n<p><img loading=\"lazy\" decoding=\"async\" class=\"size-medium wp-image-68 aligncenter\" src=\"https:\/\/wp.ufpel.edu.br\/gtcmc\/files\/2018\/05\/20180517_132751-e1526575311376-225x400.jpg\" alt=\"\" width=\"225\" height=\"400\" srcset=\"https:\/\/wp.ufpel.edu.br\/gtcmc\/files\/2018\/05\/20180517_132751-e1526575311376-225x400.jpg 225w, https:\/\/wp.ufpel.edu.br\/gtcmc\/files\/2018\/05\/20180517_132751-e1526575311376-768x1365.jpg 768w, https:\/\/wp.ufpel.edu.br\/gtcmc\/files\/2018\/05\/20180517_132751-e1526575311376-576x1024.jpg 576w\" sizes=\"auto, (max-width: 225px) 100vw, 225px\" \/><\/p>\n<ul>\n<li>Sala de Grupo para:\n<ul>\n<li>membros da gradua\u00e7\u00e3o<\/li>\n<li>membros da p\u00f3s-gradua\u00e7\u00e3o<\/li>\n<\/ul>\n<\/li>\n<li>Instru\u00e7\u00f5es de uso do cluster:\u00a0<a href=\"https:\/\/wp.ufpel.edu.br\/gtcmc\/files\/2018\/10\/manual-rock-cluster-6.1.1.pdf\">manual rock cluster 6.1.1<\/a>, <a href=\"https:\/\/docs.google.com\/document\/d\/1xYwetIcbMYx3wOV-Vq5sZAocK4i_CmBidoICJpcQzgQ\/edit?usp=sharing\">manual rock cluster (doc atualizado)<\/a><\/li>\n<li>Pacotes computacionais:<\/li>\n<\/ul>\n<p><img loading=\"lazy\" decoding=\"async\" class=\"alignnone size-medium wp-image-97\" src=\"https:\/\/wp.ufpel.edu.br\/gtcmc\/files\/2021\/04\/softwares-400x87.png\" alt=\"\" width=\"400\" height=\"87\" srcset=\"https:\/\/wp.ufpel.edu.br\/gtcmc\/files\/2021\/04\/softwares-400x87.png 400w, https:\/\/wp.ufpel.edu.br\/gtcmc\/files\/2021\/04\/softwares.png 642w\" sizes=\"auto, (max-width: 400px) 100vw, 400px\" \/><\/p>\n","protected":false},"excerpt":{"rendered":"<p>O GTCMC conta atualmente com: Cluster de Computadores com as seguintes caracter\u00edsticas: \u00a08 computadores i7 de 16gb, HD 1TB. Software RockCluster 6.1.1. 6 Nobreaks SMS 1200VA. Sala de Grupo para: membros da gradua\u00e7\u00e3o membros da p\u00f3s-gradua\u00e7\u00e3o Instru\u00e7\u00f5es de uso do cluster:\u00a0manual rock cluster 6.1.1, manual rock cluster (doc atualizado) Pacotes computacionais:<\/p>\n","protected":false},"author":855,"featured_media":0,"parent":0,"menu_order":5,"comment_status":"closed","ping_status":"closed","template":"","meta":{"footnotes":""},"class_list":["post-29","page","type-page","status-publish","hentry"],"_links":{"self":[{"href":"https:\/\/wp.ufpel.edu.br\/gtcmc\/wp-json\/wp\/v2\/pages\/29","targetHints":{"allow":["GET"]}}],"collection":[{"href":"https:\/\/wp.ufpel.edu.br\/gtcmc\/wp-json\/wp\/v2\/pages"}],"about":[{"href":"https:\/\/wp.ufpel.edu.br\/gtcmc\/wp-json\/wp\/v2\/types\/page"}],"author":[{"embeddable":true,"href":"https:\/\/wp.ufpel.edu.br\/gtcmc\/wp-json\/wp\/v2\/users\/855"}],"replies":[{"embeddable":true,"href":"https:\/\/wp.ufpel.edu.br\/gtcmc\/wp-json\/wp\/v2\/comments?post=29"}],"version-history":[{"count":8,"href":"https:\/\/wp.ufpel.edu.br\/gtcmc\/wp-json\/wp\/v2\/pages\/29\/revisions"}],"predecessor-version":[{"id":98,"href":"https:\/\/wp.ufpel.edu.br\/gtcmc\/wp-json\/wp\/v2\/pages\/29\/revisions\/98"}],"wp:attachment":[{"href":"https:\/\/wp.ufpel.edu.br\/gtcmc\/wp-json\/wp\/v2\/media?parent=29"}],"curies":[{"name":"wp","href":"https:\/\/api.w.org\/{rel}","templated":true}]}}