{"id":2,"date":"2018-05-14T11:10:48","date_gmt":"2018-05-14T14:10:48","guid":{"rendered":"https:\/\/wp.ufpel.edu.br\/gtcmc\/?page_id=2"},"modified":"2021-04-20T15:13:40","modified_gmt":"2021-04-20T18:13:40","slug":"discentes","status":"publish","type":"page","link":"https:\/\/wp.ufpel.edu.br\/gtcmc\/discentes\/","title":{"rendered":"Discentes"},"content":{"rendered":"<hr \/>\n<p><strong>Doutorado<\/strong><\/p>\n<hr \/>\n<table style=\"height: 196px\" border=\"0\" width=\"489\">\n<tbody>\n<tr>\n<td style=\"width: 130px\">\n<div class=\"xqrdOe\">\n<div class=\"xqrdOe\">\n<div role=\"region\">\n<div class=\"aPExg\">\n<div class=\"t1KkGe AipWwc\"><span style=\"font-family: inherit;font-size: inherit\">Cristiane<\/span><\/div>\n<div class=\"t1KkGe AipWwc\"><span style=\"font-family: inherit;font-size: inherit\"> Schwartz<\/span><\/div>\n<div class=\"t1KkGe AipWwc\"><span style=\"font-family: inherit;font-size: inherit\"> Venzke<\/span><\/div>\n<\/div>\n<\/div>\n<\/div>\n<\/div>\n<div class=\"xqrdOe\">\n<div role=\"region\">\n<div class=\"aPExg\">\n<div class=\"t1KkGe AipWwc\"><img loading=\"lazy\" decoding=\"async\" class=\"\" src=\"http:\/\/servicosweb.cnpq.br\/wspessoa\/servletrecuperafoto?tipo=1&amp;id=K4453395D9\" width=\"92\" height=\"117\" \/><\/div>\n<\/div>\n<\/div>\n<\/div>\n<\/td>\n<td style=\"width: 351px\">\n<p>&#8220;Convers\u00e3o de energia utilizando Titanato de Magn\u00e9sio&#8221;<\/p>\n<p><a href=\"http:\/\/lattes.cnpq.br\/3066772250551324\">http:\/\/lattes.cnpq.br\/3066772250551324<\/a><\/td>\n<\/tr>\n<\/tbody>\n<\/table>\n<table style=\"height: 196px\" border=\"0\" width=\"489\">\n<tbody>\n<tr>\n<td style=\"width: 131px\">\n<div class=\"xqrdOe\">\n<div class=\"xqrdOe\">\n<div role=\"region\">\n<div class=\"aPExg\">\n<div class=\"t1KkGe AipWwc\"><span style=\"font-family: inherit;font-size: inherit\">Rafael Uarth Fassbender<\/span><\/div>\n<\/div>\n<\/div>\n<\/div>\n<\/div>\n<div class=\"xqrdOe\">\n<div role=\"region\">\n<div class=\"aPExg\">\n<div class=\"t1KkGe AipWwc\"><img loading=\"lazy\" decoding=\"async\" class=\"\" src=\"http:\/\/servicosweb.cnpq.br\/wspessoa\/servletrecuperafoto?tipo=1&amp;id=K4319294H7\" width=\"71\" height=\"149\" \/><\/div>\n<\/div>\n<\/div>\n<\/div>\n<\/td>\n<td style=\"width: 350px\">\n<p style=\"text-align: justify\">&#8220;Estudo Te\u00f3rico\/Experimental das propriedades de BaZrO3 Puro e Dopado com T\u00e9rbio e It\u00e9rbio&#8221;<\/p>\n<p><a href=\"http:\/\/lattes.cnpq.br\/3441554606160117\">http:\/\/lattes.cnpq.br\/3441554606160117<\/a><\/td>\n<\/tr>\n<tr>\n<td style=\"width: 131px\">\n<div class=\"xqrdOe\">\n<div class=\"xqrdOe\">\n<div role=\"region\">\n<div class=\"aPExg\">\n<div class=\"t1KkGe AipWwc\">Karin Luciano Brizola Simonato<\/div>\n<\/div>\n<\/div>\n<\/div>\n<\/div>\n<div class=\"xqrdOe\">\n<div role=\"region\">\n<div class=\"aPExg\">\n<div class=\"t1KkGe AipWwc\"><img loading=\"lazy\" decoding=\"async\" class=\"foto\" src=\"http:\/\/servicosweb.cnpq.br\/wspessoa\/servletrecuperafoto?tipo=1&amp;id=K4131007A7\" width=\"77\" height=\"114\" \/><\/div>\n<\/div>\n<\/div>\n<\/div>\n<\/td>\n<td style=\"width: 350px\">\n<p>&#8220;Estudo Ab initio da sistemas BaZrO3&#8221;<\/p>\n<p><a href=\"http:\/\/lattes.cnpq.br\/6102722863206724\">http:\/\/lattes.cnpq.br\/6102722863206724<\/a><\/td>\n<\/tr>\n<\/tbody>\n<\/table>\n<hr \/>\n<p><strong>Mestrado<\/strong><\/p>\n<hr \/>\n<table style=\"height: 196px\" border=\"0\" width=\"489\">\n<tbody>\n<tr>\n<td style=\"width: 101px\">\n<div class=\"xqrdOe\">\n<div class=\"xqrdOe\">\n<div class=\"xqrdOe\">\n<div role=\"region\">\n<div class=\"aPExg\">\n<div class=\"t1KkGe AipWwc\">Arthur Krindges<\/div>\n<div><\/div>\n<\/div>\n<\/div>\n<\/div>\n<\/div>\n<\/div>\n<div class=\"xqrdOe\">\n<div class=\"xqrdOe\">\n<div role=\"region\">\n<div class=\"aPExg\">\n<div><img loading=\"lazy\" decoding=\"async\" class=\"\" src=\"http:\/\/servicosweb.cnpq.br\/wspessoa\/servletrecuperafoto?tipo=1&amp;id=K2728899U5\" width=\"83\" height=\"83\" \/><\/div>\n<\/div>\n<\/div>\n<\/div>\n<\/div>\n<div class=\"xqrdOe\">\n<div role=\"region\">\n<div class=\"aPExg\">\n<div class=\"t1KkGe AipWwc\"><\/div>\n<\/div>\n<\/div>\n<\/div>\n<\/td>\n<td style=\"width: 380px\">\n<p>&#8220;Estudo do Modelo Vidro de Spin Hopfield em teoria de campo m\u00e9dio&#8221;<\/p>\n<p><a href=\"http:\/\/lattes.cnpq.br\/7124018549581308\">http:\/\/lattes.cnpq.br\/7124018549581308<\/a><\/td>\n<\/tr>\n<\/tbody>\n<\/table>\n<table style=\"height: 196px\" border=\"0\" width=\"489\">\n<tbody>\n<tr>\n<td style=\"width: 101px\">Natan Mendes Casero<\/p>\n<div class=\"xqrdOe\">\n<div class=\"xqrdOe\">\n<div class=\"xqrdOe\">\n<div role=\"region\">\n<div class=\"aPExg\">\n<div><\/div>\n<\/div>\n<\/div>\n<\/div>\n<\/div>\n<\/div>\n<div class=\"xqrdOe\">\n<div class=\"xqrdOe\">\n<div role=\"region\">\n<div class=\"aPExg\">\n<div><img loading=\"lazy\" decoding=\"async\" class=\"foto\" src=\"http:\/\/servicosweb.cnpq.br\/wspessoa\/servletrecuperafoto?tipo=1&amp;id=K8066465T8\" width=\"78\" height=\"78\" \/><\/div>\n<\/div>\n<\/div>\n<\/div>\n<\/div>\n<div class=\"xqrdOe\">\n<div role=\"region\">\n<div class=\"aPExg\">\n<div class=\"t1KkGe AipWwc\"><\/div>\n<\/div>\n<\/div>\n<\/div>\n<\/td>\n<td style=\"width: 380px\">\n<p>&#8220;Estudo da estrutura eletr\u00f4nica do sistema MgO&#8221;<\/p>\n<p><a href=\"http:\/\/lattes.cnpq.br\/2551681562299045\">http:\/\/lattes.cnpq.br\/2551681562299045<\/a><\/td>\n<\/tr>\n<\/tbody>\n<\/table>\n<table style=\"height: 196px\" border=\"0\" width=\"489\">\n<tbody>\n<tr>\n<td style=\"width: 105px\">Wesley Oliveira Morais<\/p>\n<div class=\"xqrdOe\">\n<div class=\"xqrdOe\">\n<div class=\"xqrdOe\">\n<div role=\"region\">\n<div class=\"aPExg\">\n<div><\/div>\n<\/div>\n<\/div>\n<\/div>\n<\/div>\n<\/div>\n<div class=\"xqrdOe\">\n<div class=\"xqrdOe\">\n<div role=\"region\">\n<div class=\"aPExg\">\n<div><img loading=\"lazy\" decoding=\"async\" class=\"foto\" src=\"http:\/\/servicosweb.cnpq.br\/wspessoa\/servletrecuperafoto?tipo=1&amp;id=K8077263Y5\" width=\"80\" height=\"101\" \/><\/div>\n<\/div>\n<\/div>\n<\/div>\n<\/div>\n<div class=\"xqrdOe\">\n<div role=\"region\">\n<div class=\"aPExg\">\n<div class=\"t1KkGe AipWwc\"><\/div>\n<\/div>\n<\/div>\n<\/div>\n<\/td>\n<td style=\"width: 385px\">\n<p>&#8220;Estudo de nanoclusters e nanoestruturas&#8221;<\/p>\n<p><a href=\"http:\/\/lattes.cnpq.br\/2958491185563336\">http:\/\/lattes.cnpq.br\/2958491185563336<\/a><\/td>\n<\/tr>\n<tr>\n<td style=\"width: 105px\">Jo\u00e3o Marcos Tomaz Palheta<\/p>\n<div class=\"xqrdOe\">\n<div class=\"xqrdOe\">\n<div class=\"xqrdOe\">\n<div role=\"region\">\n<div class=\"aPExg\">\n<div><\/div>\n<\/div>\n<\/div>\n<\/div>\n<\/div>\n<\/div>\n<div class=\"xqrdOe\">\n<div class=\"xqrdOe\">\n<div role=\"region\">\n<div class=\"aPExg\">\n<div><img loading=\"lazy\" decoding=\"async\" class=\"foto\" src=\"http:\/\/servicosweb.cnpq.br\/wspessoa\/servletrecuperafoto?tipo=1&amp;id=K2747035T3\" width=\"78\" height=\"119\" \/><\/div>\n<\/div>\n<\/div>\n<\/div>\n<\/div>\n<div class=\"xqrdOe\">\n<div role=\"region\">\n<div class=\"aPExg\">\n<div class=\"t1KkGe AipWwc\"><\/div>\n<\/div>\n<\/div>\n<\/div>\n<\/td>\n<td style=\"width: 385px\">\n<p>&#8220;Estudo de nanoclusters e nanoligas&#8221;<\/p>\n<p><a href=\"http:\/\/lattes.cnpq.br\/7018469389762622\">http:\/\/lattes.cnpq.br\/7018469389762622<\/a><\/td>\n<\/tr>\n<\/tbody>\n<\/table>\n<hr \/>\n<p><strong>Inicia\u00e7\u00e3o Cient\u00edfica<\/strong><\/p>\n<hr \/>\n<table style=\"height: 196px\" border=\"0\" width=\"489\">\n<tbody>\n<tr>\n<td style=\"width: 192px\">Jo\u00e3o Paulo Cerqueira Felix<\/p>\n<div class=\"xqrdOe\">\n<div class=\"xqrdOe\">\n<div class=\"xqrdOe\">\n<div role=\"region\">\n<div class=\"aPExg\">\n<div><\/div>\n<\/div>\n<\/div>\n<\/div>\n<\/div>\n<\/div>\n<div class=\"xqrdOe\">\n<div class=\"xqrdOe\">\n<div role=\"region\">\n<div class=\"aPExg\">\n<div><img loading=\"lazy\" decoding=\"async\" class=\"foto\" src=\"http:\/\/servicosweb.cnpq.br\/wspessoa\/servletrecuperafoto?tipo=1&amp;id=K2726069H1\" width=\"71\" height=\"126\" \/><\/div>\n<\/div>\n<\/div>\n<\/div>\n<\/div>\n<div class=\"xqrdOe\">\n<div role=\"region\">\n<div class=\"aPExg\">\n<div class=\"t1KkGe AipWwc\"><\/div>\n<\/div>\n<\/div>\n<\/div>\n<\/td>\n<td style=\"width: 289px\">\n<p>&#8220;Adsor\u00e7\u00e3o molecular em nanoclusters&#8221;<\/p>\n<p><a href=\"http:\/\/lattes.cnpq.br\/7143903441816656\">http:\/\/lattes.cnpq.br\/7143903441816656<\/a><\/td>\n<\/tr>\n<\/tbody>\n<\/table>\n<table style=\"height: 196px\" border=\"0\" width=\"489\">\n<tbody>\n<tr>\n<td style=\"width: 190px\">Jade Lacerda Fernandes<\/p>\n<div class=\"xqrdOe\">\n<div class=\"xqrdOe\">\n<div class=\"xqrdOe\">\n<div role=\"region\">\n<div class=\"aPExg\">\n<div><\/div>\n<\/div>\n<\/div>\n<\/div>\n<\/div>\n<\/div>\n<div class=\"xqrdOe\">\n<div class=\"xqrdOe\">\n<div role=\"region\">\n<div class=\"aPExg\">\n<div><img loading=\"lazy\" decoding=\"async\" class=\"foto\" src=\"http:\/\/servicosweb.cnpq.br\/wspessoa\/servletrecuperafoto?tipo=1&amp;id=K8144471U1\" width=\"85\" height=\"122\" \/><\/div>\n<\/div>\n<\/div>\n<\/div>\n<\/div>\n<div class=\"xqrdOe\">\n<div role=\"region\">\n<div class=\"aPExg\">\n<div class=\"t1KkGe AipWwc\"><\/div>\n<\/div>\n<\/div>\n<\/div>\n<\/td>\n<td style=\"width: 291px\">\n<p>&#8220;Estudo da Adsor\u00e7\u00e3o Molecular&#8221;<\/p>\n<p><a href=\"http:\/\/lattes.cnpq.br\/0006426744748505\">http:\/\/lattes.cnpq.br\/0006426744748505<\/a><\/td>\n<\/tr>\n<\/tbody>\n<\/table>\n<hr \/>\n<p><strong>Alumni<\/strong><\/p>\n<hr \/>\n<table style=\"width: 472px\" border=\"0\" width=\"489\">\n<tbody>\n<tr style=\"height: 224px\">\n<td style=\"width: 152px;height: 224px\">\n<div class=\"xqrdOe\">\n<div class=\"xqrdOe\">\n<div role=\"region\">\n<div class=\"aPExg\">\n<div class=\"t1KkGe AipWwc\">Glaucio R\u00e9gis Nagurniak<\/div>\n<\/div>\n<\/div>\n<\/div>\n<\/div>\n<div class=\"xqrdOe\">\n<div role=\"region\">\n<div class=\"aPExg\">\n<div class=\"t1KkGe AipWwc\"><img loading=\"lazy\" decoding=\"async\" class=\"\" src=\"http:\/\/servicosweb.cnpq.br\/wspessoa\/servletrecuperafoto?tipo=1&amp;id=K4486554Z6\" width=\"83\" height=\"122\" \/><\/div>\n<\/div>\n<\/div>\n<\/div>\n<\/td>\n<td style=\"width: 303px;height: 224px\">\n<p><strong>P\u00f3s-Doutorado<\/strong><\/p>\n<p>&#8220;Gaiolas moleculares aplicadas a nanoeletr\u00f4nica&#8221;<\/p>\n<p><a href=\"http:\/\/lattes.cnpq.br\/3686554750849426\">http:\/\/lattes.cnpq.br\/3686554750849426<\/a><\/p>\n<p>&nbsp;<\/td>\n<\/tr>\n<tr style=\"height: 160px\">\n<td style=\"width: 152px;height: 160px\">\n<div class=\"xqrdOe\">\n<div class=\"xqrdOe\">\n<div role=\"region\">\n<div class=\"aPExg\">\n<div class=\"t1KkGe AipWwc\">Krys Elly de Araujo Batista<\/div>\n<\/div>\n<\/div>\n<\/div>\n<\/div>\n<div class=\"xqrdOe\">\n<div role=\"region\">\n<div class=\"aPExg\">\n<div class=\"t1KkGe AipWwc\"><img loading=\"lazy\" decoding=\"async\" class=\"\" src=\"http:\/\/servicosweb.cnpq.br\/wspessoa\/servletrecuperafoto?tipo=1&amp;id=K4471323E1\" width=\"77\" height=\"109\" \/><\/div>\n<\/div>\n<\/div>\n<\/div>\n<\/td>\n<td style=\"width: 303px;height: 160px\">\n<p><strong>Mestrado e Doutorado<\/strong><\/p>\n<p>&#8220;Estudo Ab-initio de Nanoclusters&#8221;<\/p>\n<p><a href=\"http:\/\/lattes.cnpq.br\/2617156492588873\">http:\/\/lattes.cnpq.br\/2617156492588873\u00a0<\/a><\/td>\n<\/tr>\n<tr style=\"height: 184px\">\n<td style=\"width: 152px;height: 184px\">\n<div class=\"xqrdOe\">\n<div class=\"xqrdOe\">\n<div role=\"region\">\n<div class=\"aPExg\">\n<div class=\"t1KkGe AipWwc\">Efracio Mamani Flores<\/div>\n<\/div>\n<\/div>\n<\/div>\n<\/div>\n<div class=\"xqrdOe\">\n<div role=\"region\">\n<div class=\"aPExg\">\n<div class=\"t1KkGe AipWwc\"><img loading=\"lazy\" decoding=\"async\" class=\"\" src=\"http:\/\/servicosweb.cnpq.br\/wspessoa\/servletrecuperafoto?tipo=1&amp;id=K4029777T8\" width=\"79\" height=\"79\" \/><\/div>\n<\/div>\n<\/div>\n<\/div>\n<\/td>\n<td style=\"width: 303px;height: 184px\">\n<p><strong>Doutorado<\/strong><\/p>\n<p>&#8220;Estudo de Primeiros Princ\u00edpios da Estrutura Eletr\u00f4nica do Sistema ZnO@ZnS Core-Shell&#8221;<\/p>\n<p><a href=\"http:\/\/lattes.cnpq.br\/7401625234594145\">http:\/\/lattes.cnpq.br\/7401625234594145<\/a><\/td>\n<\/tr>\n<tr style=\"height: 204px\">\n<td style=\"width: 152px;height: 204px\">\n<div class=\"xqrdOe\">\n<div class=\"xqrdOe\">\n<div role=\"region\">\n<div class=\"aPExg\">\n<div class=\"t1KkGe AipWwc\">Alexsandra<\/div>\n<div class=\"t1KkGe AipWwc\">Pereira dos Santos<\/div>\n<\/div>\n<\/div>\n<\/div>\n<\/div>\n<div class=\"xqrdOe\">\n<div class=\"xqrdOe\">\n<div class=\"xqrdOe\">\n<div role=\"region\">\n<div class=\"aPExg\">\n<div class=\"t1KkGe AipWwc\"><\/div>\n<\/div>\n<\/div>\n<\/div>\n<\/div>\n<\/div>\n<div class=\"xqrdOe\">\n<div class=\"xqrdOe\">\n<div role=\"region\">\n<div class=\"aPExg\">\n<div class=\"t1KkGe AipWwc\"><img loading=\"lazy\" decoding=\"async\" class=\"foto\" src=\"http:\/\/servicosweb.cnpq.br\/wspessoa\/servletrecuperafoto?tipo=1&amp;id=K8051758H9\" width=\"78\" height=\"94\" \/><\/div>\n<\/div>\n<\/div>\n<\/div>\n<\/div>\n<div class=\"xqrdOe\">\n<div role=\"region\">\n<div class=\"aPExg\">\n<div class=\"t1KkGe AipWwc\"><\/div>\n<\/div>\n<\/div>\n<\/div>\n<\/td>\n<td style=\"width: 303px;height: 204px\"><strong>Mestrado e Inicia\u00e7\u00e3o Cient\u00edfica<br \/>\n<\/strong>&#8220;Modelo de Ising Fermi\u00f4nico com campo transverso aleat\u00f3rio&#8221;<a href=\"http:\/\/lattes.cnpq.br\/5190278425556083\">http:\/\/lattes.cnpq.br\/5190278425556083<\/a><\/td>\n<\/tr>\n<tr style=\"height: 215px\">\n<td style=\"width: 152px;height: 215px\">Clauane de Sousa Brito<\/p>\n<div class=\"xqrdOe\">\n<div class=\"xqrdOe\">\n<div class=\"xqrdOe\">\n<div role=\"region\">\n<div class=\"aPExg\">\n<div class=\"t1KkGe AipWwc\"><img loading=\"lazy\" decoding=\"async\" class=\"alignnone size-full wp-image-103\" src=\"https:\/\/wp.ufpel.edu.br\/gtcmc\/files\/2021\/04\/foto.png\" alt=\"\" width=\"79\" height=\"105\" \/><\/div>\n<\/div>\n<\/div>\n<\/div>\n<\/div>\n<\/div>\n<div class=\"xqrdOe\">\n<div class=\"xqrdOe\">\n<div role=\"region\">\n<div class=\"aPExg\"><\/div>\n<\/div>\n<\/div>\n<\/div>\n<\/td>\n<td style=\"width: 303px;height: 215px\">\n<p><strong>Mestrado<\/strong><\/p>\n<p>&#8220;Estudo da Intera\u00e7\u00e3o de Clusters de Rh com Nanoestruturas de Carbono&#8221;<\/p>\n<p><a href=\"http:\/\/lattes.cnpq.br\/6563295633804057\">http:\/\/lattes.cnpq.br\/5190278425556083<\/a><\/td>\n<\/tr>\n<tr style=\"height: 208px\">\n<td style=\"width: 152px;height: 208px\">\n<div class=\"xqrdOe\">\n<div class=\"xqrdOe\">\n<div role=\"region\">\n<div class=\"aPExg\">\n<div class=\"t1KkGe AipWwc\">Rairisson Vieira<\/div>\n<div class=\"t1KkGe AipWwc\">de Amorim<\/div>\n<\/div>\n<\/div>\n<\/div>\n<\/div>\n<div class=\"xqrdOe\">\n<div role=\"region\">\n<div class=\"aPExg\">\n<div class=\"t1KkGe AipWwc\"><img loading=\"lazy\" decoding=\"async\" class=\"\" src=\"http:\/\/servicosweb.cnpq.br\/wspessoa\/servletrecuperafoto?tipo=1&amp;id=K4396546P8\" alt=\"Foto\" width=\"70\" height=\"76\" \/><\/div>\n<\/div>\n<\/div>\n<\/div>\n<\/td>\n<td style=\"width: 303px;height: 208px\">\n<p><strong>Mestrado<\/strong><\/p>\n<p>&#8220;Estudo da adsor\u00e7\u00e3o molecular de CO e CO2 sobre nanoclusters de metais de transi\u00e7\u00e3o&#8221;<\/p>\n<p><a href=\"http:\/\/lattes.cnpq.br\/8240924373356972\">http:\/\/lattes.cnpq.br\/8240924373356972<\/a><\/td>\n<\/tr>\n<tr style=\"height: 160px\">\n<td style=\"width: 152px;height: 160px\">\n<div class=\"xqrdOe\">\n<div class=\"xqrdOe\">\n<div role=\"region\">\n<div class=\"aPExg\">\n<div class=\"t1KkGe AipWwc\">Carina de Souza Teixeira Pera\u00e7a<\/div>\n<\/div>\n<\/div>\n<\/div>\n<\/div>\n<div class=\"xqrdOe\">\n<div role=\"region\">\n<div class=\"aPExg\">\n<div class=\"t1KkGe AipWwc\"><img loading=\"lazy\" decoding=\"async\" class=\"\" src=\"http:\/\/servicosweb.cnpq.br\/wspessoa\/servletrecuperafoto?tipo=1&amp;id=K4366175A4\" alt=\"Foto\" width=\"70\" height=\"90\" \/><\/div>\n<\/div>\n<\/div>\n<\/div>\n<\/td>\n<td style=\"width: 303px;height: 160px\">\n<p><strong>Mestrado e Inicia\u00e7\u00e3o Cient\u00edfica<\/strong><\/p>\n<p>&#8220;Estudo computacional da Intera\u00e7\u00e3o entre Nanoclusters e Nanotubos de Carbono&#8221;<\/p>\n<p><a href=\"http:\/\/lattes.cnpq.br\/2501040505417659\">http:\/\/lattes.cnpq.br\/2501040505417659\u00a0<\/a><\/td>\n<\/tr>\n<tr style=\"height: 162px\">\n<td style=\"width: 152px;height: 162px\">\n<div class=\"xqrdOe\">\n<div class=\"xqrdOe\">\n<div role=\"region\">\n<div class=\"aPExg\">\n<div class=\"t1KkGe AipWwc\">Tatiane Manke<\/div>\n<div class=\"t1KkGe AipWwc\">da Rocha<\/div>\n<\/div>\n<\/div>\n<\/div>\n<\/div>\n<div class=\"xqrdOe\">\n<div class=\"xqrdOe\">\n<div role=\"region\">\n<div class=\"aPExg\">\n<div class=\"t1KkGe AipWwc\"><\/div>\n<\/div>\n<\/div>\n<\/div>\n<\/div>\n<div class=\"xqrdOe\">\n<div role=\"region\">\n<div class=\"aPExg\">\n<div class=\"t1KkGe AipWwc\"><img loading=\"lazy\" decoding=\"async\" class=\"\" src=\"http:\/\/servicosweb.cnpq.br\/wspessoa\/servletrecuperafoto?tipo=1&amp;id=K4624347E5\" alt=\"Foto\" width=\"63\" height=\"84\" \/><\/div>\n<\/div>\n<\/div>\n<\/div>\n<\/td>\n<td style=\"width: 303px;height: 162px\">\n<p><strong>Mestrado<\/strong><\/p>\n<p>&#8220;Investiga\u00e7\u00e3o\u00a0 Estrutural e Espectrosc\u00f3pica de Aluminatos de C\u00e1lcio&#8221;<\/p>\n<p><a href=\"http:\/\/lattes.cnpq.br\/4166018085462159\">http:\/\/lattes.cnpq.br\/4166018085462159<\/a><\/td>\n<\/tr>\n<tr>\n<td style=\"width: 152px\">\n<div class=\"xqrdOe\">\n<div class=\"xqrdOe\">\n<div role=\"region\">\n<div class=\"aPExg\">\n<div class=\"t1KkGe AipWwc\">Thiago Francisco de Carvalho Oliveira<\/div>\n<\/div>\n<\/div>\n<\/div>\n<\/div>\n<div class=\"xqrdOe\">\n<div role=\"region\">\n<div class=\"aPExg\">\n<div class=\"t1KkGe AipWwc\"><img loading=\"lazy\" decoding=\"async\" class=\"\" src=\"http:\/\/servicosweb.cnpq.br\/wspessoa\/servletrecuperafoto?tipo=1&amp;id=K4855935A8\" alt=\"Foto\" width=\"88\" height=\"117\" \/><\/div>\n<\/div>\n<\/div>\n<\/div>\n<\/td>\n<td style=\"width: 303px\">\n<p><strong>Inicia\u00e7\u00e3o Cient\u00edfica<\/strong><\/p>\n<p>&#8220;An\u00e1lise de Clusters e Nanopart\u00edculas via c\u00e1lculos de primeiros princ\u00edpios&#8221;<\/p>\n<p><a href=\"http:\/\/lattes.cnpq.br\/8934824100111787\">http:\/\/lattes.cnpq.br\/8934824100111787<\/a><\/td>\n<\/tr>\n<tr>\n<td style=\"width: 152px\">\n<div class=\"xqrdOe\">\n<div class=\"xqrdOe\">\n<div role=\"region\">\n<div class=\"aPExg\">\n<div class=\"t1KkGe AipWwc\">Vinicius Fonseca Hernandes<\/div>\n<\/div>\n<\/div>\n<\/div>\n<\/div>\n<div class=\"xqrdOe\">\n<div role=\"region\">\n<div class=\"aPExg\">\n<div class=\"t1KkGe AipWwc\"><img loading=\"lazy\" decoding=\"async\" class=\"\" src=\"http:\/\/servicosweb.cnpq.br\/wspessoa\/servletrecuperafoto?tipo=1&amp;id=K8201335E2\" alt=\"Foto\" width=\"67\" height=\"67\" \/><\/div>\n<\/div>\n<\/div>\n<\/div>\n<\/td>\n<td style=\"width: 303px\">\n<p><strong>Inicia\u00e7\u00e3o Cient\u00edfica<\/strong><\/p>\n<p>&#8220;Modelo Sherrington-Kirkpatrick com campos aleat\u00f3rios&#8221;<\/p>\n<p><a href=\"http:\/\/lattes.cnpq.br\/9461386013381870\">http:\/\/lattes.cnpq.br\/9461386013381870<\/a><\/td>\n<\/tr>\n<tr>\n<td style=\"width: 152px\">\n<div class=\"xqrdOe\">\n<div class=\"xqrdOe\">\n<div role=\"region\">\n<div class=\"aPExg\">\n<div class=\"t1KkGe AipWwc\">Alex Fernandes Yonezawa<\/div>\n<\/div>\n<\/div>\n<\/div>\n<\/div>\n<div class=\"xqrdOe\">\n<div role=\"region\">\n<div class=\"aPExg\">\n<div class=\"t1KkGe AipWwc\"><img loading=\"lazy\" decoding=\"async\" class=\"foto\" src=\"http:\/\/servicosweb.cnpq.br\/wspessoa\/servletrecuperafoto?tipo=1&amp;id=K8611891D0\" width=\"70\" height=\"92\" \/><\/div>\n<\/div>\n<\/div>\n<\/div>\n<\/td>\n<td style=\"width: 303px\">\n<p><strong>Inicia\u00e7\u00e3o Cient\u00edfica<\/strong><\/p>\n<p>&#8220;Estudo da adsor\u00e7\u00e3o molecular e efeitos de ambientes qu\u00edmicos em nanoclusters de Irn (n = 2-7 \u00e1tomos)&#8221;<\/p>\n<p><a href=\"http:\/\/lattes.cnpq.br\/2819913366262576\">http:\/\/lattes.cnpq.br\/2819913366262576<\/a><\/td>\n<\/tr>\n<\/tbody>\n<\/table>\n<p>&nbsp;<\/p>\n","protected":false},"excerpt":{"rendered":"<p>Doutorado Cristiane Schwartz Venzke &#8220;Convers\u00e3o de energia utilizando Titanato de Magn\u00e9sio&#8221; http:\/\/lattes.cnpq.br\/3066772250551324 Rafael Uarth Fassbender &#8220;Estudo Te\u00f3rico\/Experimental das propriedades de BaZrO3 Puro e Dopado com T\u00e9rbio e It\u00e9rbio&#8221; http:\/\/lattes.cnpq.br\/3441554606160117 Karin Luciano Brizola Simonato &#8220;Estudo Ab initio da sistemas BaZrO3&#8221; http:\/\/lattes.cnpq.br\/6102722863206724 Mestrado Arthur Krindges &#8220;Estudo do Modelo Vidro de Spin Hopfield em teoria de campo m\u00e9dio&#8221; [&hellip;]<\/p>\n","protected":false},"author":855,"featured_media":0,"parent":0,"menu_order":3,"comment_status":"closed","ping_status":"closed","template":"","meta":{"footnotes":""},"class_list":["post-2","page","type-page","status-publish","hentry"],"_links":{"self":[{"href":"https:\/\/wp.ufpel.edu.br\/gtcmc\/wp-json\/wp\/v2\/pages\/2","targetHints":{"allow":["GET"]}}],"collection":[{"href":"https:\/\/wp.ufpel.edu.br\/gtcmc\/wp-json\/wp\/v2\/pages"}],"about":[{"href":"https:\/\/wp.ufpel.edu.br\/gtcmc\/wp-json\/wp\/v2\/types\/page"}],"author":[{"embeddable":true,"href":"https:\/\/wp.ufpel.edu.br\/gtcmc\/wp-json\/wp\/v2\/users\/855"}],"replies":[{"embeddable":true,"href":"https:\/\/wp.ufpel.edu.br\/gtcmc\/wp-json\/wp\/v2\/comments?post=2"}],"version-history":[{"count":27,"href":"https:\/\/wp.ufpel.edu.br\/gtcmc\/wp-json\/wp\/v2\/pages\/2\/revisions"}],"predecessor-version":[{"id":86,"href":"https:\/\/wp.ufpel.edu.br\/gtcmc\/wp-json\/wp\/v2\/pages\/2\/revisions\/86"}],"wp:attachment":[{"href":"https:\/\/wp.ufpel.edu.br\/gtcmc\/wp-json\/wp\/v2\/media?parent=2"}],"curies":[{"name":"wp","href":"https:\/\/api.w.org\/{rel}","templated":true}]}}