{"id":694,"date":"2024-11-05T14:38:36","date_gmt":"2024-11-05T17:38:36","guid":{"rendered":"https:\/\/wp.ufpel.edu.br\/gsic\/?page_id=694"},"modified":"2025-12-11T23:36:26","modified_gmt":"2025-12-12T02:36:26","slug":"parcerias-de-pesquisa","status":"publish","type":"page","link":"https:\/\/wp.ufpel.edu.br\/gsic\/parcerias-de-pesquisa\/","title":{"rendered":"Parcerias de pesquisa"},"content":{"rendered":"<p>&nbsp;<\/p>\n<table style=\"width: 100%; border-collapse: collapse;\" border=\"1\">\n<tbody>\n<tr>\n<td style=\"width: 50%;\">\n<h2>Institui\u00e7\u00f5es<\/h2>\n<\/td>\n<td style=\"width: 50%;\"><\/td>\n<\/tr>\n<tr>\n<td style=\"width: 50%; text-align: center;\"><img loading=\"lazy\" decoding=\"async\" class=\"alignnone wp-image-992\" src=\"https:\/\/wp.ufpel.edu.br\/gsic\/files\/2024\/11\/USP-1024x576.jpg\" alt=\"\" width=\"280\" height=\"158\" srcset=\"https:\/\/wp.ufpel.edu.br\/gsic\/files\/2024\/11\/USP-1024x576.jpg 1024w, https:\/\/wp.ufpel.edu.br\/gsic\/files\/2024\/11\/USP-400x225.jpg 400w, https:\/\/wp.ufpel.edu.br\/gsic\/files\/2024\/11\/USP-768x432.jpg 768w, https:\/\/wp.ufpel.edu.br\/gsic\/files\/2024\/11\/USP-1536x864.jpg 1536w, https:\/\/wp.ufpel.edu.br\/gsic\/files\/2024\/11\/USP-600x338.jpg 600w, https:\/\/wp.ufpel.edu.br\/gsic\/files\/2024\/11\/USP-945x532.jpg 945w, https:\/\/wp.ufpel.edu.br\/gsic\/files\/2024\/11\/USP.jpg 1920w\" sizes=\"auto, (max-width: 280px) 100vw, 280px\" \/><\/td>\n<td style=\"width: 50%;\">\n<h3><a href=\"https:\/\/www5.usp.br\/\">Universidade de S\u00e3o Paulo<\/a><\/h3>\n<\/td>\n<\/tr>\n<tr>\n<td style=\"width: 50%; text-align: center;\"><img loading=\"lazy\" decoding=\"async\" class=\"alignnone wp-image-957\" src=\"https:\/\/wp.ufpel.edu.br\/gsic\/files\/2024\/11\/UFSM_principal_cor-1024x1024.png\" alt=\"\" width=\"242\" height=\"242\" srcset=\"https:\/\/wp.ufpel.edu.br\/gsic\/files\/2024\/11\/UFSM_principal_cor-1024x1024.png 1024w, https:\/\/wp.ufpel.edu.br\/gsic\/files\/2024\/11\/UFSM_principal_cor-400x400.png 400w, https:\/\/wp.ufpel.edu.br\/gsic\/files\/2024\/11\/UFSM_principal_cor-200x200.png 200w, https:\/\/wp.ufpel.edu.br\/gsic\/files\/2024\/11\/UFSM_principal_cor-768x768.png 768w, https:\/\/wp.ufpel.edu.br\/gsic\/files\/2024\/11\/UFSM_principal_cor-1536x1536.png 1536w, https:\/\/wp.ufpel.edu.br\/gsic\/files\/2024\/11\/UFSM_principal_cor-600x600.png 600w, https:\/\/wp.ufpel.edu.br\/gsic\/files\/2024\/11\/UFSM_principal_cor-945x945.png 945w, https:\/\/wp.ufpel.edu.br\/gsic\/files\/2024\/11\/UFSM_principal_cor.png 1993w\" sizes=\"auto, (max-width: 242px) 100vw, 242px\" \/><\/td>\n<td style=\"width: 50%;\">\n<h3><a href=\"https:\/\/www.ufsm.br\/\">Universidade Federal de Santa Maria<\/a><\/h3>\n<\/td>\n<\/tr>\n<tr>\n<td style=\"width: 50%; text-align: center;\"><img loading=\"lazy\" decoding=\"async\" class=\"alignnone wp-image-956\" src=\"https:\/\/wp.ufpel.edu.br\/gsic\/files\/2024\/11\/vertical_sigla_fundo_claro-743x1024.png\" alt=\"\" width=\"180\" height=\"248\" srcset=\"https:\/\/wp.ufpel.edu.br\/gsic\/files\/2024\/11\/vertical_sigla_fundo_claro-743x1024.png 743w, https:\/\/wp.ufpel.edu.br\/gsic\/files\/2024\/11\/vertical_sigla_fundo_claro-290x400.png 290w, https:\/\/wp.ufpel.edu.br\/gsic\/files\/2024\/11\/vertical_sigla_fundo_claro-768x1059.png 768w, https:\/\/wp.ufpel.edu.br\/gsic\/files\/2024\/11\/vertical_sigla_fundo_claro-1114x1536.png 1114w, https:\/\/wp.ufpel.edu.br\/gsic\/files\/2024\/11\/vertical_sigla_fundo_claro-600x827.png 600w, https:\/\/wp.ufpel.edu.br\/gsic\/files\/2024\/11\/vertical_sigla_fundo_claro-945x1303.png 945w, https:\/\/wp.ufpel.edu.br\/gsic\/files\/2024\/11\/vertical_sigla_fundo_claro.png 1350w\" sizes=\"auto, (max-width: 180px) 100vw, 180px\" \/><\/td>\n<td style=\"width: 50%;\">\n<h3><a href=\"https:\/\/ufsc.br\/\">Universidade Federal de Santa Catarina<\/a><\/h3>\n<\/td>\n<\/tr>\n<tr>\n<td style=\"width: 50%; text-align: center;\"><img loading=\"lazy\" decoding=\"async\" class=\"alignnone wp-image-954 \" src=\"https:\/\/wp.ufpel.edu.br\/gsic\/files\/2024\/11\/marca-abreviada-vertical-cores-originais-furg-698x1024.png\" alt=\"\" width=\"180\" height=\"264\" srcset=\"https:\/\/wp.ufpel.edu.br\/gsic\/files\/2024\/11\/marca-abreviada-vertical-cores-originais-furg-698x1024.png 698w, https:\/\/wp.ufpel.edu.br\/gsic\/files\/2024\/11\/marca-abreviada-vertical-cores-originais-furg-272x400.png 272w, https:\/\/wp.ufpel.edu.br\/gsic\/files\/2024\/11\/marca-abreviada-vertical-cores-originais-furg-768x1127.png 768w, https:\/\/wp.ufpel.edu.br\/gsic\/files\/2024\/11\/marca-abreviada-vertical-cores-originais-furg-1046x1536.png 1046w, https:\/\/wp.ufpel.edu.br\/gsic\/files\/2024\/11\/marca-abreviada-vertical-cores-originais-furg-600x881.png 600w, https:\/\/wp.ufpel.edu.br\/gsic\/files\/2024\/11\/marca-abreviada-vertical-cores-originais-furg-945x1387.png 945w, https:\/\/wp.ufpel.edu.br\/gsic\/files\/2024\/11\/marca-abreviada-vertical-cores-originais-furg.png 1312w\" sizes=\"auto, (max-width: 180px) 100vw, 180px\" \/><\/td>\n<td style=\"width: 50%;\">\n<h3><a href=\"https:\/\/www.furg.br\/es\/\">Universidade Federal do Rio Grande<\/a><\/h3>\n<\/td>\n<\/tr>\n<tr>\n<td style=\"width: 50%; text-align: center;\"><img loading=\"lazy\" decoding=\"async\" class=\"alignnone wp-image-949\" src=\"https:\/\/wp.ufpel.edu.br\/gsic\/files\/2024\/11\/University-of-Michigan-Dearborn-y-logo.png\" alt=\"\" width=\"189\" height=\"183\" srcset=\"https:\/\/wp.ufpel.edu.br\/gsic\/files\/2024\/11\/University-of-Michigan-Dearborn-y-logo.png 642w, https:\/\/wp.ufpel.edu.br\/gsic\/files\/2024\/11\/University-of-Michigan-Dearborn-y-logo-400x388.png 400w, https:\/\/wp.ufpel.edu.br\/gsic\/files\/2024\/11\/University-of-Michigan-Dearborn-y-logo-600x581.png 600w\" sizes=\"auto, (max-width: 189px) 100vw, 189px\" \/><\/td>\n<td style=\"width: 50%;\">\n<h3><a href=\"https:\/\/umdearborn.edu\/\">University of Michigan-Dearborn<\/a><\/h3>\n<\/td>\n<\/tr>\n<tr>\n<td style=\"width: 50%; text-align: center;\"><img loading=\"lazy\" decoding=\"async\" class=\"alignnone \" src=\"https:\/\/upload.wikimedia.org\/wikipedia\/commons\/5\/51\/Anatel_Logo.svg\" width=\"182\" height=\"182\" \/><\/td>\n<td style=\"width: 50%;\">\n<h3><a href=\"https:\/\/www.gov.br\/anatel\/pt-br\"><strong>Ag\u00eancia Nacional de Telecomunica\u00e7\u00f5es<\/strong><\/a><\/h3>\n<\/td>\n<\/tr>\n<tr>\n<td style=\"width: 50%; text-align: center;\"><img loading=\"lazy\" decoding=\"async\" class=\"alignnone wp-image-959\" src=\"https:\/\/wp.ufpel.edu.br\/gsic\/files\/2024\/11\/Versao-Vertical-Copia-1024x974.png\" alt=\"\" width=\"208\" height=\"198\" srcset=\"https:\/\/wp.ufpel.edu.br\/gsic\/files\/2024\/11\/Versao-Vertical-Copia-1024x974.png 1024w, https:\/\/wp.ufpel.edu.br\/gsic\/files\/2024\/11\/Versao-Vertical-Copia-400x381.png 400w, https:\/\/wp.ufpel.edu.br\/gsic\/files\/2024\/11\/Versao-Vertical-Copia-768x731.png 768w, https:\/\/wp.ufpel.edu.br\/gsic\/files\/2024\/11\/Versao-Vertical-Copia-600x571.png 600w, https:\/\/wp.ufpel.edu.br\/gsic\/files\/2024\/11\/Versao-Vertical-Copia-945x899.png 945w, https:\/\/wp.ufpel.edu.br\/gsic\/files\/2024\/11\/Versao-Vertical-Copia.png 1030w\" sizes=\"auto, (max-width: 208px) 100vw, 208px\" \/><\/td>\n<td style=\"width: 50%;\">\n<h3><a href=\"https:\/\/www.ifsul.edu.br\/\"><strong>Instituto Federal de Educa\u00e7\u00e3o, Ci\u00eancia e Tecnologia Sul-rio-grandense<\/strong><\/a><\/h3>\n<\/td>\n<\/tr>\n<tr>\n<td style=\"width: 50%; text-align: center;\"><img loading=\"lazy\" decoding=\"async\" class=\"alignnone \" src=\"https:\/\/www.ufsm.br\/app\/uploads\/sites\/360\/2022\/08\/CTISM_vertical_cor-300x300.png\" width=\"208\" height=\"208\" \/><\/td>\n<td style=\"width: 50%;\">\n<h3><a href=\"https:\/\/www.ufsm.br\/unidades-universitarias\/ctism\/\"><strong>Col\u00e9gio T\u00e9cnico Industrial de Santa Maria<\/strong><\/a><\/h3>\n<\/td>\n<\/tr>\n<\/tbody>\n<\/table>\n<p>&nbsp;<\/p>\n<table style=\"border-collapse: collapse; width: 100%;\" border=\"1\">\n<tbody>\n<tr>\n<td style=\"width: 50%;\">\n<h2>Institutos, centros e afins<\/h2>\n<\/td>\n<td style=\"width: 50%;\"><\/td>\n<\/tr>\n<tr>\n<td style=\"width: 50%; text-align: center;\"><img loading=\"lazy\" decoding=\"async\" class=\"alignnone wp-image-990\" src=\"https:\/\/wp.ufpel.edu.br\/gsic\/files\/2024\/11\/Logo-EESC-USP-Vertical-Padrao-ECM-971x1024.png\" alt=\"\" width=\"208\" height=\"219\" srcset=\"https:\/\/wp.ufpel.edu.br\/gsic\/files\/2024\/11\/Logo-EESC-USP-Vertical-Padrao-ECM-971x1024.png 971w, https:\/\/wp.ufpel.edu.br\/gsic\/files\/2024\/11\/Logo-EESC-USP-Vertical-Padrao-ECM-379x400.png 379w, https:\/\/wp.ufpel.edu.br\/gsic\/files\/2024\/11\/Logo-EESC-USP-Vertical-Padrao-ECM-768x810.png 768w, https:\/\/wp.ufpel.edu.br\/gsic\/files\/2024\/11\/Logo-EESC-USP-Vertical-Padrao-ECM-1456x1536.png 1456w, https:\/\/wp.ufpel.edu.br\/gsic\/files\/2024\/11\/Logo-EESC-USP-Vertical-Padrao-ECM-1941x2048.png 1941w, https:\/\/wp.ufpel.edu.br\/gsic\/files\/2024\/11\/Logo-EESC-USP-Vertical-Padrao-ECM-600x633.png 600w, https:\/\/wp.ufpel.edu.br\/gsic\/files\/2024\/11\/Logo-EESC-USP-Vertical-Padrao-ECM-945x997.png 945w\" sizes=\"auto, (max-width: 208px) 100vw, 208px\" \/><\/td>\n<td style=\"width: 50%;\">\n<h3><a href=\"https:\/\/eesc.usp.br\/\">Escola de Engenharia de S\u00e3o Carlos<\/a><\/h3>\n<\/td>\n<\/tr>\n<tr>\n<td style=\"width: 50%; text-align: center;\"><img loading=\"lazy\" decoding=\"async\" class=\"alignnone size-full wp-image-997\" src=\"https:\/\/wp.ufpel.edu.br\/gsic\/files\/2024\/11\/College-of-Engineering-and-Computer-Science-Michigan-Dearborn.png\" alt=\"\" width=\"826\" height=\"134\" srcset=\"https:\/\/wp.ufpel.edu.br\/gsic\/files\/2024\/11\/College-of-Engineering-and-Computer-Science-Michigan-Dearborn.png 826w, https:\/\/wp.ufpel.edu.br\/gsic\/files\/2024\/11\/College-of-Engineering-and-Computer-Science-Michigan-Dearborn-400x65.png 400w, https:\/\/wp.ufpel.edu.br\/gsic\/files\/2024\/11\/College-of-Engineering-and-Computer-Science-Michigan-Dearborn-768x125.png 768w, https:\/\/wp.ufpel.edu.br\/gsic\/files\/2024\/11\/College-of-Engineering-and-Computer-Science-Michigan-Dearborn-600x97.png 600w\" sizes=\"auto, (max-width: 826px) 100vw, 826px\" \/><\/td>\n<td style=\"width: 50%;\">\n<h3><a href=\"https:\/\/umdearborn.edu\/cecs\">College of Engineering and Computer Science<\/a><\/h3>\n<\/td>\n<\/tr>\n<tr>\n<td style=\"width: 50%; text-align: center;\"><img loading=\"lazy\" decoding=\"async\" class=\"alignnone wp-image-965 \" src=\"https:\/\/wp.ufpel.edu.br\/gsic\/files\/2024\/11\/Design_sem_nome-e1731809835399.png\" alt=\"\" width=\"428\" height=\"224\" srcset=\"https:\/\/wp.ufpel.edu.br\/gsic\/files\/2024\/11\/Design_sem_nome-e1731809835399.png 500w, https:\/\/wp.ufpel.edu.br\/gsic\/files\/2024\/11\/Design_sem_nome-e1731809835399-400x210.png 400w\" sizes=\"auto, (max-width: 428px) 100vw, 428px\" \/><\/td>\n<td style=\"width: 50%;\">\n<h3><a href=\"https:\/\/c3novo.furg.br\/\">Centro de Ci\u00eancias Computacionais<\/a><\/h3>\n<\/td>\n<\/tr>\n<\/tbody>\n<\/table>\n<h3><\/h3>\n<table style=\"border-collapse: collapse; width: 100%;\" border=\"1\">\n<tbody>\n<tr>\n<td style=\"width: 50%;\">\n<h2>Grupos de pesquisa<\/h2>\n<\/td>\n<td style=\"width: 50%;\"><span style=\"font-size: 16px;\">\u00a0<\/span><\/td>\n<\/tr>\n<tr>\n<td style=\"width: 50%; text-align: center;\"><span style=\"font-size: 16px;\"><img loading=\"lazy\" decoding=\"async\" class=\"alignnone wp-image-963\" src=\"https:\/\/wp.ufpel.edu.br\/gsic\/files\/2024\/11\/Logo_GEPOC.png\" alt=\"\" width=\"350\" height=\"125\" srcset=\"https:\/\/wp.ufpel.edu.br\/gsic\/files\/2024\/11\/Logo_GEPOC.png 929w, https:\/\/wp.ufpel.edu.br\/gsic\/files\/2024\/11\/Logo_GEPOC-400x143.png 400w, https:\/\/wp.ufpel.edu.br\/gsic\/files\/2024\/11\/Logo_GEPOC-768x275.png 768w, https:\/\/wp.ufpel.edu.br\/gsic\/files\/2024\/11\/Logo_GEPOC-600x215.png 600w\" sizes=\"auto, (max-width: 350px) 100vw, 350px\" \/><\/span><\/td>\n<td style=\"width: 50%;\">\n<h3><a href=\"https:\/\/www.ufsm.br\/grupos\/gepoc\">Grupo de Eletr\u00f4nica de Pot\u00eancia e Controle<\/a><\/h3>\n<\/td>\n<\/tr>\n<tr>\n<td style=\"width: 50%; text-align: center;\"><span style=\"font-size: 16px;\"><img loading=\"lazy\" decoding=\"async\" class=\"alignnone wp-image-964\" src=\"https:\/\/wp.ufpel.edu.br\/gsic\/files\/2024\/11\/inep-logog.png\" alt=\"\" width=\"248\" height=\"157\" srcset=\"https:\/\/wp.ufpel.edu.br\/gsic\/files\/2024\/11\/inep-logog.png 406w, https:\/\/wp.ufpel.edu.br\/gsic\/files\/2024\/11\/inep-logog-400x252.png 400w\" sizes=\"auto, (max-width: 248px) 100vw, 248px\" \/><\/span><\/td>\n<td style=\"width: 50%;\">\n<h3><a href=\"https:\/\/inep.ufsc.br\/\">Instituto de Eletr\u00f4nica de Pot\u00eancia<\/a><\/h3>\n<\/td>\n<\/tr>\n<tr>\n<td style=\"width: 50%; text-align: center;\"><img loading=\"lazy\" decoding=\"async\" class=\"alignnone wp-image-995\" src=\"https:\/\/wp.ufpel.edu.br\/gsic\/files\/2024\/11\/images.jpeg\" alt=\"\" width=\"350\" height=\"90\" srcset=\"https:\/\/wp.ufpel.edu.br\/gsic\/files\/2024\/11\/images.jpeg 443w, https:\/\/wp.ufpel.edu.br\/gsic\/files\/2024\/11\/images-400x103.jpeg 400w\" sizes=\"auto, (max-width: 350px) 100vw, 350px\" \/><\/td>\n<td style=\"width: 50%;\">\n<h3><a href=\"http:\/\/www.nautec.c3.furg.br\/\">Grupo de Automa\u00e7\u00e3o e Rob\u00f3tica Inteligente<\/a><\/h3>\n<\/td>\n<\/tr>\n<tr>\n<td style=\"width: 50%; text-align: center;\"><img loading=\"lazy\" decoding=\"async\" class=\"alignnone wp-image-966\" src=\"https:\/\/wp.ufpel.edu.br\/gsic\/files\/2024\/11\/logo-260.png\" alt=\"\" width=\"260\" height=\"121\" \/><\/td>\n<td style=\"width: 50%;\">\n<h3><a href=\"https:\/\/wp.ufpel.edu.br\/embrapii\/\">Embrapii InovaAgro-UFPel<\/a><\/h3>\n<\/td>\n<\/tr>\n<\/tbody>\n<\/table>\n<p>&nbsp;<\/p>\n","protected":false},"excerpt":{"rendered":"<p>&nbsp; Institui\u00e7\u00f5es Universidade de S\u00e3o Paulo Universidade Federal de Santa Maria Universidade Federal de Santa Catarina Universidade Federal do Rio Grande University of Michigan-Dearborn Ag\u00eancia Nacional de Telecomunica\u00e7\u00f5es Instituto Federal de Educa\u00e7\u00e3o, Ci\u00eancia e Tecnologia Sul-rio-grandense Col\u00e9gio T\u00e9cnico Industrial de&#8230; <a class=\"more-link\" href=\"https:\/\/wp.ufpel.edu.br\/gsic\/parcerias-de-pesquisa\/\">Continue lendo &rarr;<\/a><\/p>\n","protected":false},"author":917,"featured_media":0,"parent":0,"menu_order":0,"comment_status":"closed","ping_status":"closed","template":"template-fullwidth.php","meta":{"footnotes":""},"class_list":["post-694","page","type-page","status-publish","hentry"],"jetpack_sharing_enabled":true,"_links":{"self":[{"href":"https:\/\/wp.ufpel.edu.br\/gsic\/wp-json\/wp\/v2\/pages\/694","targetHints":{"allow":["GET"]}}],"collection":[{"href":"https:\/\/wp.ufpel.edu.br\/gsic\/wp-json\/wp\/v2\/pages"}],"about":[{"href":"https:\/\/wp.ufpel.edu.br\/gsic\/wp-json\/wp\/v2\/types\/page"}],"author":[{"embeddable":true,"href":"https:\/\/wp.ufpel.edu.br\/gsic\/wp-json\/wp\/v2\/users\/917"}],"replies":[{"embeddable":true,"href":"https:\/\/wp.ufpel.edu.br\/gsic\/wp-json\/wp\/v2\/comments?post=694"}],"version-history":[{"count":3,"href":"https:\/\/wp.ufpel.edu.br\/gsic\/wp-json\/wp\/v2\/pages\/694\/revisions"}],"predecessor-version":[{"id":1291,"href":"https:\/\/wp.ufpel.edu.br\/gsic\/wp-json\/wp\/v2\/pages\/694\/revisions\/1291"}],"wp:attachment":[{"href":"https:\/\/wp.ufpel.edu.br\/gsic\/wp-json\/wp\/v2\/media?parent=694"}],"curies":[{"name":"wp","href":"https:\/\/api.w.org\/{rel}","templated":true}]}}