{"id":512,"date":"2024-10-30T22:57:34","date_gmt":"2024-10-31T01:57:34","guid":{"rendered":"https:\/\/wp.ufpel.edu.br\/gsic\/?page_id=512"},"modified":"2026-03-23T19:13:48","modified_gmt":"2026-03-23T22:13:48","slug":"projetos","status":"publish","type":"page","link":"https:\/\/wp.ufpel.edu.br\/gsic\/projetos\/","title":{"rendered":"Projetos"},"content":{"rendered":"<p>Projetos em desenvolvimento no GSIC, em ordem alfab\u00e9tica:<\/p>\n<p>&nbsp;<\/p>\n<table style=\"border-collapse: collapse; width: 100%;\" border=\"1\">\n<tbody>\n<tr>\n<td style=\"width: 100%;\">\n<h3 style=\"text-align: center;\">Pesquisa<\/h3>\n<\/td>\n<\/tr>\n<tr>\n<td style=\"width: 100%;\"><a href=\"https:\/\/institucional.ufpel.edu.br\/projetos\/id\/u7439\">Acionamento e Controle de Motores El\u00e9tricos em Aplica\u00e7\u00f5es Automotivas<\/a><\/td>\n<\/tr>\n<tr>\n<td style=\"width: 100%;\"><a href=\"https:\/\/institucional.ufpel.edu.br\/projetos\/id\/u5384\">An\u00e1lise hidrodin\u00e2mico de escoamentos multif\u00e1sicos usando t\u00e9cnicas de intelig\u00eancia artificial<\/a><\/td>\n<\/tr>\n<tr>\n<td style=\"width: 100%;\"><a href=\"https:\/\/institucional.ufpel.edu.br\/projetos\/id\/u6894\">Cria\u00e7\u00e3o de ambiente virtual para treinamento de rob\u00f4s<\/a><\/td>\n<\/tr>\n<tr>\n<td style=\"width: 100%;\"><a href=\"https:\/\/institucional.ufpel.edu.br\/projetos\/id\/u6721\">Desenvolvimento de estrat\u00e9gias de controle para sistemas de energia renov\u00e1vel<\/a><\/td>\n<\/tr>\n<tr>\n<td style=\"width: 100%;\"><a href=\"https:\/\/institucional.ufpel.edu.br\/projetos\/id\/u2765\">Desenvolvimento de sistemas rob\u00f3ticos inteligentes para aplica\u00e7\u00e3o em processos agr\u00edcolas<\/a><\/td>\n<\/tr>\n<tr>\n<td style=\"width: 100%;\"><a href=\"https:\/\/institucional.ufpel.edu.br\/projetos\/id\/u5771\">Instrumenta\u00e7\u00e3o eletr\u00f4nica aplicada \u00e0 agricultura 4.0<\/a><\/td>\n<\/tr>\n<tr>\n<td style=\"width: 100%;\"><a href=\"https:\/\/institucional.ufpel.edu.br\/projetos\/id\/u6203\">Monitoramento do espectro de RF no Rio Grande do Sul<\/a><\/td>\n<\/tr>\n<tr>\n<td style=\"width: 100%;\"><a href=\"https:\/\/institucional.ufpel.edu.br\/projetos\/id\/u7316\">Parametiza\u00e7\u00e3o de controladores usando algoritmos de otimiza\u00e7\u00e3o bioinspirados<\/a><\/td>\n<\/tr>\n<tr>\n<td style=\"width: 100%;\"><a href=\"https:\/\/institucional.ufpel.edu.br\/projetos\/id\/u7891\">Projeto de controladores e desenvolvimento de procedimentos sistem\u00e1ticos de parametriza\u00e7\u00e3o de estrat\u00e9gias de controle para aplica\u00e7\u00f5es biom\u00e9dicas<\/a><\/td>\n<\/tr>\n<tr>\n<td style=\"width: 100%;\"><a href=\"https:\/\/institucional.ufpel.edu.br\/projetos\/id\/u6440\">Prototipagem de M\u00e1quinas El\u00e9tricas utilizando Impress\u00e3o 3D<\/a><\/td>\n<\/tr>\n<\/tbody>\n<\/table>\n<p>&nbsp;<\/p>\n<table style=\"border-collapse: collapse; width: 100%;\" border=\"1\">\n<tbody>\n<tr>\n<td style=\"width: 100%;\">\n<h3 style=\"text-align: center;\">Extens\u00e3o<\/h3>\n<\/td>\n<\/tr>\n<tr>\n<td style=\"width: 100%;\"><a href=\"https:\/\/institucional.ufpel.edu.br\/projetos\/id\/u4761\">Praticando, disseminando e desmistificando na\/a Engenharia de Controle e Automa\u00e7\u00e3o<\/a><\/td>\n<\/tr>\n<tr>\n<td style=\"width: 100%;\"><a href=\"https:\/\/institucional.ufpel.edu.br\/projetos\/id\/u6502\">Projeto em implanta\u00e7\u00e3o de sistemas de instrumenta\u00e7\u00e3o e sensoriamento inteligentes baseados em tecnologia IIoT e IoT atrelados na ind\u00fastria 4.0.<\/a><\/td>\n<\/tr>\n<tr>\n<td style=\"width: 100%;\"><a href=\"https:\/\/institucional.ufpel.edu.br\/projetos\/id\/u7174\">Projeto de Extens\u00e3o para atua\u00e7\u00e3o t\u00e9cnica do Curso de Engenharia de Controle e Automa\u00e7\u00e3o e o setor de Engenharia Cl\u00ednica do HE UFPEL<\/a><\/td>\n<\/tr>\n<\/tbody>\n<\/table>\n<p>&nbsp;<\/p>\n<table style=\"border-collapse: collapse; width: 100%;\" border=\"1\">\n<tbody>\n<tr style=\"height: 69px;\">\n<td style=\"width: 100%; height: 69px;\">\n<h3 style=\"text-align: center;\">Ensino<\/h3>\n<\/td>\n<\/tr>\n<tr>\n<td style=\"width: 100%;\"><a href=\"https:\/\/institucional.ufpel.edu.br\/projetos\/id\/u10256\">Estudo de sistemas din\u00e2micos com experimentos de hardware-in-the-loop virtuais<\/a><\/td>\n<\/tr>\n<tr style=\"height: 17px;\">\n<td style=\"width: 100%; height: 17px;\"><a href=\"https:\/\/institucional.ufpel.edu.br\/projetos\/id\/u7703\">Desenvolvimento de ambientes did\u00e1ticos para projeto de controladores de sistemas de energia renov\u00e1vel<\/a><\/td>\n<\/tr>\n<\/tbody>\n<\/table>\n<p>&nbsp;<\/p>\n","protected":false},"excerpt":{"rendered":"<p>Projetos em desenvolvimento no GSIC, em ordem alfab\u00e9tica: &nbsp; Pesquisa Acionamento e Controle de Motores El\u00e9tricos em Aplica\u00e7\u00f5es Automotivas An\u00e1lise hidrodin\u00e2mico de escoamentos multif\u00e1sicos usando t\u00e9cnicas de intelig\u00eancia artificial Cria\u00e7\u00e3o de ambiente virtual para treinamento de rob\u00f4s Desenvolvimento de estrat\u00e9gias&#8230; <a class=\"more-link\" href=\"https:\/\/wp.ufpel.edu.br\/gsic\/projetos\/\">Continue lendo &rarr;<\/a><\/p>\n","protected":false},"author":917,"featured_media":0,"parent":0,"menu_order":0,"comment_status":"closed","ping_status":"closed","template":"","meta":{"footnotes":""},"class_list":["post-512","page","type-page","status-publish","hentry"],"jetpack_sharing_enabled":true,"_links":{"self":[{"href":"https:\/\/wp.ufpel.edu.br\/gsic\/wp-json\/wp\/v2\/pages\/512","targetHints":{"allow":["GET"]}}],"collection":[{"href":"https:\/\/wp.ufpel.edu.br\/gsic\/wp-json\/wp\/v2\/pages"}],"about":[{"href":"https:\/\/wp.ufpel.edu.br\/gsic\/wp-json\/wp\/v2\/types\/page"}],"author":[{"embeddable":true,"href":"https:\/\/wp.ufpel.edu.br\/gsic\/wp-json\/wp\/v2\/users\/917"}],"replies":[{"embeddable":true,"href":"https:\/\/wp.ufpel.edu.br\/gsic\/wp-json\/wp\/v2\/comments?post=512"}],"version-history":[{"count":3,"href":"https:\/\/wp.ufpel.edu.br\/gsic\/wp-json\/wp\/v2\/pages\/512\/revisions"}],"predecessor-version":[{"id":1387,"href":"https:\/\/wp.ufpel.edu.br\/gsic\/wp-json\/wp\/v2\/pages\/512\/revisions\/1387"}],"wp:attachment":[{"href":"https:\/\/wp.ufpel.edu.br\/gsic\/wp-json\/wp\/v2\/media?parent=512"}],"curies":[{"name":"wp","href":"https:\/\/api.w.org\/{rel}","templated":true}]}}