{"id":42,"date":"2024-11-06T21:42:29","date_gmt":"2024-11-07T00:42:29","guid":{"rendered":"https:\/\/wp.ufpel.edu.br\/gsic\/?page_id=42"},"modified":"2024-12-06T15:54:04","modified_gmt":"2024-12-06T18:54:04","slug":"sobre-o-gsic","status":"publish","type":"page","link":"https:\/\/wp.ufpel.edu.br\/gsic\/sobre-o-gsic\/","title":{"rendered":"Sobre o GSIC"},"content":{"rendered":"<p style=\"text-align: justify;\">O Grupo de Sistemas Inteligentes e Controle (GSIC) tem sua origem no curso de Engenharia de Controle e Automa\u00e7\u00e3o da Universidade Federal de Pelotas (UFPel) nos prim\u00f3rdios de 2019. Desde ent\u00e3o, expandiu suas parcerias e atua\u00e7\u00f5es para envolver tamb\u00e9m outros cursos e institui\u00e7\u00f5es, consolidando-se como um n\u00facleo interdisciplinar que abrange diversas \u00e1reas de pesquisa e desenvolvimento. O GSIC atua em temas como sistemas de controle, eletr\u00f4nica, engenharia biom\u00e9dica, energias renov\u00e1veis, sistemas inteligentes para a agricultura, intelig\u00eancia artificial, instrumenta\u00e7\u00e3o e Internet das Coisas (IoT). A equipe conta com professores doutores e alunos de gradua\u00e7\u00e3o e p\u00f3s-gradua\u00e7\u00e3o, trabalhando de forma integrada em diversos <a href=\"https:\/\/wp.ufpel.edu.br\/gsic\/projetos\/\">projetos<\/a>.<\/p>\n<p>&nbsp;<\/p>\n<p>Registro no CNPq dispon\u00edvel em<\/p>\n<p><a href=\"http:\/\/dgp.cnpq.br\/dgp\/espelhogrupo\/606766\">http:\/\/dgp.cnpq.br\/dgp\/espelhogrupo\/606766<\/a><\/p>\n","protected":false},"excerpt":{"rendered":"<p>O Grupo de Sistemas Inteligentes e Controle (GSIC) tem sua origem no curso de Engenharia de Controle e Automa\u00e7\u00e3o da Universidade Federal de Pelotas (UFPel) nos prim\u00f3rdios de 2019. Desde ent\u00e3o, expandiu suas parcerias e atua\u00e7\u00f5es para envolver tamb\u00e9m outros&#8230; <a class=\"more-link\" href=\"https:\/\/wp.ufpel.edu.br\/gsic\/sobre-o-gsic\/\">Continue lendo &rarr;<\/a><\/p>\n","protected":false},"author":917,"featured_media":0,"parent":0,"menu_order":4,"comment_status":"closed","ping_status":"closed","template":"","meta":{"footnotes":""},"class_list":["post-42","page","type-page","status-publish","hentry"],"jetpack_sharing_enabled":true,"_links":{"self":[{"href":"https:\/\/wp.ufpel.edu.br\/gsic\/wp-json\/wp\/v2\/pages\/42","targetHints":{"allow":["GET"]}}],"collection":[{"href":"https:\/\/wp.ufpel.edu.br\/gsic\/wp-json\/wp\/v2\/pages"}],"about":[{"href":"https:\/\/wp.ufpel.edu.br\/gsic\/wp-json\/wp\/v2\/types\/page"}],"author":[{"embeddable":true,"href":"https:\/\/wp.ufpel.edu.br\/gsic\/wp-json\/wp\/v2\/users\/917"}],"replies":[{"embeddable":true,"href":"https:\/\/wp.ufpel.edu.br\/gsic\/wp-json\/wp\/v2\/comments?post=42"}],"version-history":[{"count":22,"href":"https:\/\/wp.ufpel.edu.br\/gsic\/wp-json\/wp\/v2\/pages\/42\/revisions"}],"predecessor-version":[{"id":1031,"href":"https:\/\/wp.ufpel.edu.br\/gsic\/wp-json\/wp\/v2\/pages\/42\/revisions\/1031"}],"wp:attachment":[{"href":"https:\/\/wp.ufpel.edu.br\/gsic\/wp-json\/wp\/v2\/media?parent=42"}],"curies":[{"name":"wp","href":"https:\/\/api.w.org\/{rel}","templated":true}]}}