{"id":346,"date":"2024-10-30T12:12:43","date_gmt":"2024-10-30T15:12:43","guid":{"rendered":"https:\/\/wp.ufpel.edu.br\/gsic\/?page_id=346"},"modified":"2024-11-08T09:04:38","modified_gmt":"2024-11-08T12:04:38","slug":"atualizacoes","status":"publish","type":"page","link":"https:\/\/wp.ufpel.edu.br\/gsic\/atualizacoes\/","title":{"rendered":"Participa\u00e7\u00f5es em eventos"},"content":{"rendered":"<p>Acompanhe as novidades, participa\u00e7\u00f5es em eventos e avan\u00e7os do nosso grupo e fique por dentro das nossas conquistas e contribui\u00e7\u00f5es no campo dos sistemas inteligentes e controle.<\/p>\n<h3><a href=\"https:\/\/wp.ufpel.edu.br\/gsic\/atualizacoes\/sepoc-2024\/\">Participa\u00e7\u00e3o no SEPOC 2024<\/a><\/h3>\n<div class=\"flex-shrink-0 flex flex-col relative items-end\">\n<div class=\"pt-0\">\n<div class=\"gizmo-bot-avatar flex h-8 w-8 items-center justify-center overflow-hidden rounded-full\">\n<div class=\"relative p-1 rounded-sm flex items-center justify-center bg-token-main-surface-primary text-token-text-primary h-8 w-8\"><\/div>\n<div><\/div>\n<div><\/div>\n<\/div>\n<\/div>\n<\/div>\n","protected":false},"excerpt":{"rendered":"<p>Acompanhe as novidades, participa\u00e7\u00f5es em eventos e avan\u00e7os do nosso grupo e fique por dentro das nossas conquistas e contribui\u00e7\u00f5es no campo dos sistemas inteligentes e controle. Participa\u00e7\u00e3o no SEPOC 2024<\/p>\n","protected":false},"author":917,"featured_media":0,"parent":0,"menu_order":3,"comment_status":"closed","ping_status":"closed","template":"","meta":{"footnotes":""},"class_list":["post-346","page","type-page","status-publish","hentry"],"jetpack_sharing_enabled":true,"_links":{"self":[{"href":"https:\/\/wp.ufpel.edu.br\/gsic\/wp-json\/wp\/v2\/pages\/346","targetHints":{"allow":["GET"]}}],"collection":[{"href":"https:\/\/wp.ufpel.edu.br\/gsic\/wp-json\/wp\/v2\/pages"}],"about":[{"href":"https:\/\/wp.ufpel.edu.br\/gsic\/wp-json\/wp\/v2\/types\/page"}],"author":[{"embeddable":true,"href":"https:\/\/wp.ufpel.edu.br\/gsic\/wp-json\/wp\/v2\/users\/917"}],"replies":[{"embeddable":true,"href":"https:\/\/wp.ufpel.edu.br\/gsic\/wp-json\/wp\/v2\/comments?post=346"}],"version-history":[{"count":17,"href":"https:\/\/wp.ufpel.edu.br\/gsic\/wp-json\/wp\/v2\/pages\/346\/revisions"}],"predecessor-version":[{"id":787,"href":"https:\/\/wp.ufpel.edu.br\/gsic\/wp-json\/wp\/v2\/pages\/346\/revisions\/787"}],"wp:attachment":[{"href":"https:\/\/wp.ufpel.edu.br\/gsic\/wp-json\/wp\/v2\/media?parent=346"}],"curies":[{"name":"wp","href":"https:\/\/api.w.org\/{rel}","templated":true}]}}