{"id":17,"date":"2025-11-15T15:56:48","date_gmt":"2025-11-15T18:56:48","guid":{"rendered":"https:\/\/wp.ufpel.edu.br\/grupomariposas\/?page_id=17"},"modified":"2025-11-15T18:00:12","modified_gmt":"2025-11-15T21:00:12","slug":"quem-somos","status":"publish","type":"page","link":"https:\/\/wp.ufpel.edu.br\/grupomariposas\/quem-somos\/","title":{"rendered":"Quem somos?"},"content":{"rendered":"<p><span style=\"font-family: arial, helvetica, sans-serif;\"><strong>Andresa Ribeiro Ribeiro<\/strong><\/span><\/p>\n<p><img class=\"alignnone size-medium wp-image-80\" src=\"https:\/\/wp.ufpel.edu.br\/grupomariposas\/files\/2025\/11\/WhatsApp-Image-2025-11-15-at-17.56.46-400x400.jpeg\" alt=\"\" width=\"400\" height=\"400\" srcset=\"https:\/\/wp.ufpel.edu.br\/grupomariposas\/files\/2025\/11\/WhatsApp-Image-2025-11-15-at-17.56.46-400x400.jpeg 400w, https:\/\/wp.ufpel.edu.br\/grupomariposas\/files\/2025\/11\/WhatsApp-Image-2025-11-15-at-17.56.46-1024x1024.jpeg 1024w, https:\/\/wp.ufpel.edu.br\/grupomariposas\/files\/2025\/11\/WhatsApp-Image-2025-11-15-at-17.56.46-200x200.jpeg 200w, https:\/\/wp.ufpel.edu.br\/grupomariposas\/files\/2025\/11\/WhatsApp-Image-2025-11-15-at-17.56.46-768x768.jpeg 768w, https:\/\/wp.ufpel.edu.br\/grupomariposas\/files\/2025\/11\/WhatsApp-Image-2025-11-15-at-17.56.46-1536x1536.jpeg 1536w, https:\/\/wp.ufpel.edu.br\/grupomariposas\/files\/2025\/11\/WhatsApp-Image-2025-11-15-at-17.56.46.jpeg 1598w\" sizes=\"(max-width: 400px) 100vw, 400px\" \/><br \/>\n<span style=\"font-family: arial, helvetica, sans-serif;\">Graduanda em Psicologia pela Universidade Federal de Pelotas (UFPel) e T\u00e9cnica em Edifica\u00e7\u00f5es pelo Instituto Federal Sul-rio-grandense (IFSul). Bolsista de inicia\u00e7\u00e3o cient\u00edfica do grupo Mariposas. Tem interesse em pesquisas nas \u00e1reas sociais, especialmente nos atravessamentos de g\u00eanero e ra\u00e7a, e em como a Psicologia pode contribuir para o cuidado, a justi\u00e7a social e a equidade.<\/span><\/p>\n<p><span style=\"font-family: arial, helvetica, sans-serif;\"><strong>Desir\u00e9e de Oliveira Pires<\/strong><\/span><br \/>\n<span style=\"font-family: arial, helvetica, sans-serif;\">Mestre em Educa\u00e7\u00e3o pelo Programa de P\u00f3s-Gradua\u00e7\u00e3o em Educa\u00e7\u00e3o da Universidade Federal do Rio Grande (FURG), em 2021. Graduada em Hist\u00f3ria Licenciatura pela Universidade Federal do Rio Grande (FURG), em 2017. Doutoranda em Educa\u00e7\u00e3o pelo Programa de P\u00f3s-Gradua\u00e7\u00e3o em Educa\u00e7\u00e3o da Universidade Federal de Pelotas (PPGE\/UFPel). Possui interesse nas \u00e1reas de pesquisa: educa\u00e7\u00e3o, pol\u00edticas de ascens\u00e3o da extrema direita, ativismo de mulheres nas redes sociais, educa\u00e7\u00e3o feminista e hist\u00f3ria das mulheres.<\/span><\/p>\n<p><span style=\"font-family: arial, helvetica, sans-serif;\"><strong>Di\u00f4nvera Coelho da Silva<\/strong><\/span><br \/>\n<span style=\"font-family: arial, helvetica, sans-serif;\">Docente do curso de Psicologia na Universidade Federal de Pelotas. Psic\u00f3loga e doutora em educa\u00e7\u00e3o. Pesquisadora do Grupo Mariposas: Minorias Sociais, resist\u00eancias e pr\u00e1ticas de transforma\u00e7\u00e3o (UFPel) e do N\u00facleo OriGepcol\/Museu da Pessoa (UFPE).<\/span><\/p>\n<p><span style=\"font-family: arial, helvetica, sans-serif;\"><strong>Eliane Godinho<\/strong><\/span><br \/>\n<span style=\"font-family: arial, helvetica, sans-serif;\">Doutoranda em Estudos Feministas pela Faculdade de Letras e pelo Centro de Estudos Sociais da Universidade de Coimbra &#8211; FLUC|CES, em Portugal. Mestre em Educa\u00e7\u00e3o pela Universidade Federal de Pelotas &#8211; UFPel, em 2017. Pedagoga pela mesma universidade, em 2013. Integra o Grupo Filosofia, Educa\u00e7\u00e3o e Pr\u00e1xis Social (FEPr\u00e1xiS) &#8211; Linha de Pesquisa Di\u00e1logos com Paulo Freire e o Grupo Mariposas: minorias sociais, resist\u00eancias e pr\u00e1ticas de transforma\u00e7\u00e3o &#8211; Linha de Pesquisa Saberes insurgentes e Pedagogias transgressoras (FaE|PPGE|UFPel). Atuou como pedagoga nas s\u00e9ries iniciais na rede municipal de ensino de Pelotas. \u00c1reas de interesse: estudos feministas e de g\u00eanero, educa\u00e7\u00e3o popular, pedagogia feminista, educa\u00e7\u00e3o popular feminista, estudos romani, anticiganismo e movimentos sociais. Atualmente \u00e9 bolsista da Funda\u00e7\u00e3o para a Ci\u00eancia e Tecnologia (FCT) em Portugal e dedica-se com exclusividade ao seu projeto de investiga\u00e7\u00e3o.<\/span><\/p>\n<p><span style=\"font-family: arial, helvetica, sans-serif;\"><strong>Gustavo Pires Ibeiro<\/strong><\/span><br \/>\n<span style=\"font-family: arial, helvetica, sans-serif;\">Psic\u00f3logo pela Universidade Federal de Pelotas (UFPel) em 2024. Mestrando do Programa de P\u00f3s-Gradua\u00e7\u00e3o em Educa\u00e7\u00e3o pela Universidade Federal de Pelotas (PPGE\/UFPel), buscando desenvolver trabalhos que dialoguem sobre a linha de Saberes Insurgentes e Pedagogias Transgressoras e perpassem as \u00e1reas de g\u00eanero, sexualidade, dimens\u00f5es pol\u00edticas do lazer e de constitui\u00e7\u00e3o e express\u00f5es subjetivas e a (des)constru\u00e7\u00e3o de normas sociais de forma horizontalizada e interseccional.<\/span><\/p>\n<p><span style=\"font-family: arial, helvetica, sans-serif;\"><strong>Leandra Ribeiro Fonseca<\/strong><\/span><br \/>\n<span style=\"font-family: arial, helvetica, sans-serif;\">Graduada em Licenciatura em Pedagogia pela Universidade Cat\u00f3lica de Pelotas (UCpel). Mestre em Antropologia pela Universidade Federal de Pelotas (Ppgant\/UFPel). Doutoranda em Educa\u00e7\u00e3o pelo programa de P\u00f3s\u2013Gradua\u00e7\u00e3o Universidade Federal de Pelotas.( FaE\/UFPel).<\/span><\/p>\n<p><span style=\"font-family: arial, helvetica, sans-serif;\"><strong>Pamela Oliveira da Rosa<\/strong><\/span><br \/>\n<span style=\"font-family: arial, helvetica, sans-serif;\">Mestranda em Educa\u00e7\u00e3o pela Universidade Federal de Pelotas. Graduada em Psicologia pela mesma institui\u00e7\u00e3o no ano de 2024. Comp\u00f5e o Grupo de Pesquisa Mariposas: minorias sociais, resist\u00eancias e pr\u00e1ticas de transforma\u00e7\u00e3o. Possui interesse nas \u00e1reas que tenha liga\u00e7\u00e3o com a linha 5 do programa intitulada: Saberes Insurgentes e Pedagogias Transgressoras, sendo assim, busca produzir pesquisa no campo da Inf\u00e2ncia, quest\u00f5es \u00c9tnico Raciais, Educa\u00e7\u00e3o e Psican\u00e1lise.<\/span><\/p>\n<p><span style=\"font-family: arial, helvetica, sans-serif;\"><strong>Vanessa Cristina Dias<\/strong><\/span><br \/>\n<span style=\"font-family: arial, helvetica, sans-serif;\">Vanessa Cristina Dias \u00e9 doutoranda em Artes Visuais pelo PPGART\/UFSM e bolsista CAPES. Tem t\u00edtulo de mestre em Educa\u00e7\u00e3o (Scrito sensu) pelo Programa de P\u00f3s-gradua\u00e7\u00e3o em Educa\u00e7\u00e3o (FaE\/UFPel). \u00c9 especialista em Artes (Lato sensu) (CA\/UFPel) e graduada em Artes Visuais &#8211; licenciatura (CA\/UFPel). Artista e pesquisadora in(ter)disciplinar em Artes, Filosofia, Cr\u00edtica cultural e Psicologia social. Faz parte de grupos de pesquisa e estudo: Caixa de Pandora: arte, g\u00eanero e mem\u00f3ria (CNPq\/UFPel), Epistemologias desde as artes: teorias est\u00e9ticas e arquivos pol\u00edticos indisciplinares (CNPq\/UFSM), Humanitas &#8211; N\u00facleo de Pesquisa em Epistemologias, Pr\u00e1ticas e Saberes interdisciplinares (UFSC), LASUB (CNPq\/UFSM) e Mariposas: minorias sociais, resist\u00eancias e pr\u00e1ticas de transforma\u00e7\u00e3o (CNPq\/UFPel). Foi bolsista CAPES no mestrado, na gradua\u00e7\u00e3o foi bolsista do PIBID &#8211; Programa Institucional de Bolsa de Inicia\u00e7\u00e3o \u00e0 Doc\u00eancia (MEC) e do PET &#8211; Programa de Educa\u00e7\u00e3o Tutorial (CAPES) Artes Visuais (CA\/UFPEL).<\/span><\/p>\n","protected":false},"excerpt":{"rendered":"<p>Andresa Ribeiro Ribeiro Graduanda em Psicologia pela Universidade Federal de Pelotas (UFPel) e T\u00e9cnica em Edifica\u00e7\u00f5es pelo Instituto Federal Sul-rio-grandense (IFSul). Bolsista de inicia\u00e7\u00e3o cient\u00edfica do grupo Mariposas. Tem interesse em pesquisas nas \u00e1reas sociais, especialmente nos atravessamentos de g\u00eanero e ra\u00e7a, e em como a Psicologia pode contribuir para o cuidado, a justi\u00e7a social [&hellip;]<\/p>\n","protected":false},"author":1499,"featured_media":0,"parent":0,"menu_order":0,"comment_status":"closed","ping_status":"closed","template":"","meta":{"footnotes":""},"class_list":["post-17","page","type-page","status-publish","hentry"],"_links":{"self":[{"href":"https:\/\/wp.ufpel.edu.br\/grupomariposas\/wp-json\/wp\/v2\/pages\/17","targetHints":{"allow":["GET"]}}],"collection":[{"href":"https:\/\/wp.ufpel.edu.br\/grupomariposas\/wp-json\/wp\/v2\/pages"}],"about":[{"href":"https:\/\/wp.ufpel.edu.br\/grupomariposas\/wp-json\/wp\/v2\/types\/page"}],"author":[{"embeddable":true,"href":"https:\/\/wp.ufpel.edu.br\/grupomariposas\/wp-json\/wp\/v2\/users\/1499"}],"replies":[{"embeddable":true,"href":"https:\/\/wp.ufpel.edu.br\/grupomariposas\/wp-json\/wp\/v2\/comments?post=17"}],"version-history":[{"count":4,"href":"https:\/\/wp.ufpel.edu.br\/grupomariposas\/wp-json\/wp\/v2\/pages\/17\/revisions"}],"predecessor-version":[{"id":81,"href":"https:\/\/wp.ufpel.edu.br\/grupomariposas\/wp-json\/wp\/v2\/pages\/17\/revisions\/81"}],"wp:attachment":[{"href":"https:\/\/wp.ufpel.edu.br\/grupomariposas\/wp-json\/wp\/v2\/media?parent=17"}],"curies":[{"name":"wp","href":"https:\/\/api.w.org\/{rel}","templated":true}]}}