{"id":11,"date":"2025-11-15T16:27:31","date_gmt":"2025-11-15T19:27:31","guid":{"rendered":"https:\/\/wp.ufpel.edu.br\/grupomariposas\/?page_id=11"},"modified":"2025-11-15T16:48:10","modified_gmt":"2025-11-15T19:48:10","slug":"grupo-de-pesquisa","status":"publish","type":"page","link":"https:\/\/wp.ufpel.edu.br\/grupomariposas\/grupo-de-pesquisa\/","title":{"rendered":"Grupo de Pesquisa"},"content":{"rendered":"<p><span style=\"font-family: arial, helvetica, sans-serif;\"><strong>Grupo Mariposas:<\/strong> minorias sociais, resist\u00eancias e pr\u00e1ticas de transforma\u00e7\u00e3o \u00e9 um grupo de pesquisa criado em 2019 na Universidade Federal de Pelotas (UFPel), registrado no Diret\u00f3rio de Grupos de Pesquisa do CNPq e liderado por Aline Accorssi e Livian Lino Netto. Atua na \u00e1rea de Educa\u00e7\u00e3o e Ci\u00eancias Humanas.<\/span><\/p>\n<p style=\"text-align: justify;\"><span style=\"font-family: arial, helvetica, sans-serif;\">Sua linha principal \u00e9 <strong>Saberes Insurgentes e Pedagogias Transgressoras<\/strong>, que re\u00fane 16 estudantes e 10 pesquisadores. O grupo tamb\u00e9m possui a linha\u00a0<strong>Sociedade e Fragmenta\u00e7\u00e3o do Direito<\/strong>, com 1 pesquisador.<\/span><\/p>\n<p>Diret\u00f3rio CNPq:\u00a0<a href=\"http:\/\/dgp.cnpq.br\/dgp\/espelhogrupo\/495998\">http:\/\/dgp.cnpq.br\/dgp\/espelhogrupo\/495998<\/a><\/p>\n","protected":false},"excerpt":{"rendered":"<p>Grupo Mariposas: minorias sociais, resist\u00eancias e pr\u00e1ticas de transforma\u00e7\u00e3o \u00e9 um grupo de pesquisa criado em 2019 na Universidade Federal de Pelotas (UFPel), registrado no Diret\u00f3rio de Grupos de Pesquisa do CNPq e liderado por Aline Accorssi e Livian Lino Netto. Atua na \u00e1rea de Educa\u00e7\u00e3o e Ci\u00eancias Humanas. Sua linha principal \u00e9 Saberes Insurgentes [&hellip;]<\/p>\n","protected":false},"author":1499,"featured_media":0,"parent":0,"menu_order":0,"comment_status":"closed","ping_status":"closed","template":"","meta":{"footnotes":""},"class_list":["post-11","page","type-page","status-publish","hentry"],"_links":{"self":[{"href":"https:\/\/wp.ufpel.edu.br\/grupomariposas\/wp-json\/wp\/v2\/pages\/11","targetHints":{"allow":["GET"]}}],"collection":[{"href":"https:\/\/wp.ufpel.edu.br\/grupomariposas\/wp-json\/wp\/v2\/pages"}],"about":[{"href":"https:\/\/wp.ufpel.edu.br\/grupomariposas\/wp-json\/wp\/v2\/types\/page"}],"author":[{"embeddable":true,"href":"https:\/\/wp.ufpel.edu.br\/grupomariposas\/wp-json\/wp\/v2\/users\/1499"}],"replies":[{"embeddable":true,"href":"https:\/\/wp.ufpel.edu.br\/grupomariposas\/wp-json\/wp\/v2\/comments?post=11"}],"version-history":[{"count":3,"href":"https:\/\/wp.ufpel.edu.br\/grupomariposas\/wp-json\/wp\/v2\/pages\/11\/revisions"}],"predecessor-version":[{"id":50,"href":"https:\/\/wp.ufpel.edu.br\/grupomariposas\/wp-json\/wp\/v2\/pages\/11\/revisions\/50"}],"wp:attachment":[{"href":"https:\/\/wp.ufpel.edu.br\/grupomariposas\/wp-json\/wp\/v2\/media?parent=11"}],"curies":[{"name":"wp","href":"https:\/\/api.w.org\/{rel}","templated":true}]}}