{"id":88,"date":"2021-11-10T22:28:42","date_gmt":"2021-11-11T01:28:42","guid":{"rendered":"https:\/\/wp.ufpel.edu.br\/grupomargens\/?page_id=88"},"modified":"2021-11-11T01:38:32","modified_gmt":"2021-11-11T04:38:32","slug":"tccs-dissertacoes-e-teses","status":"publish","type":"page","link":"https:\/\/wp.ufpel.edu.br\/grupomargens\/tccs-dissertacoes-e-teses\/","title":{"rendered":"TCC&#8217;s, Disserta\u00e7\u00f5es e Teses"},"content":{"rendered":"<p><strong>TCC&#8217;s<\/strong><\/p>\n<p>&nbsp;<\/p>\n<p><b>DISSERTA\u00c7\u00d5ES<\/b><\/p>\n<p style=\"text-align: justify\">COSTA, Vanessa Avila. <a href=\"http:\/\/guaiaca.ufpel.edu.br:8080\/handle\/prefix\/6541\">As manifesta\u00e7\u00f5es das paisagens ocultadas: arqueologia da Pelotas de trabalhadoras sexuais<\/a>. 2020. 162f. Disserta\u00e7\u00e3o (Mestrado) \u2013 Programa de P\u00f3s-Gradua\u00e7\u00e3o em Antropologia, Instituto de Ci\u00eancias Humanas, Universidade Federal de Pelotas, Pelotas, 2020.<\/p>\n<p style=\"text-align: justify\">MATHIAS, Simone Fernandes. <a href=\"http:\/\/guaiaca.ufpel.edu.br:8080\/handle\/prefix\/6907\">Passo dos Negros: Entre narrativas, etnografias e conflitos \u2013 Pelotas\/ RS<\/a>. Orientadora: Louise Prado Afonso. 2020. 113 f. Disserta\u00e7\u00e3o (Mestrado em Antropologia) \u2013 Instituto de Ci\u00eancias Humanas, Universidade Federal de Pelotas, Pelotas, 2020.<\/p>\n<p style=\"text-align: justify\">SILVEIRA, Melina Monks da. <a href=\"http:\/\/guaiaca.ufpel.edu.br:8080\/handle\/prefix\/7509\">Territorialidades em disputa: normativas e narrativas do Passo dos Negros em Pelotas\/RS<\/a>. Orientadora: Louise Prado Alfonso. 2020. 140f. Disserta\u00e7\u00e3o (Mestrado em Arquitetura e Urbanismo) &#8211; Programa de P\u00f3s-Gradua\u00e7\u00e3o em Arquitetura e Urbanismo, Faculdade de Arquitetura e Urbanismo, Universidade Federal de Pelotas, Pelotas, 2020.<\/p>\n<p style=\"text-align: justify\">FREITAS, Paulo Roberto Brum de. <a href=\"http:\/\/guaiaca.ufpel.edu.br:8080\/handle\/prefix\/5538\">Fluxo de ax\u00e9 em uma Pelotas sacralizada: etnografia da grande festa pelos passeios pela cidade<\/a>. 2019. 156 f. Disserta\u00e7\u00e3o (Mestrado em Antropologia) &#8211; Programa de P\u00f3s-Gradua\u00e7\u00e3o em Antropologia. Instituto de Ci\u00eancias Humanas. Universidade Federal de Pelotas, Pelotas, 2019.<\/p>\n<p style=\"text-align: justify\">RUCHAUD, Guiherme Galdo. <a href=\"http:\/\/guaiaca.ufpel.edu.br:8080\/handle\/prefix\/5535\">Entre as lajotas do Monte Serrat : narrativas e materialidades na constru\u00e7\u00e3o da cidade em Florian\u00f3polis.<\/a> 2019. 217 f. Disserta\u00e7\u00e3o (Mestrado em Antropologia) &#8211; Programa de P\u00f3s-Gradua\u00e7\u00e3o em Antropologia. Instituto de Ci\u00eancias Humanas. Universidade Federal de Pelotas, Pelotas, 2019.<\/p>\n<p style=\"text-align: justify\">GARCIA, Tanize Machado. <a href=\"http:\/\/guaiaca.ufpel.edu.br:8080\/handle\/prefix\/4324\">Mercado P\u00fablico de Pelotas no Pa\u00eds das Maravilhas: uma etnografia sobre a pluralidade narrativa de um patrim\u00f4nio em disputa<\/a>. Disserta\u00e7\u00e3o (Mestrado em Antropologia) &#8211; Programa de P\u00f3s-Gradua\u00e7\u00e3o em Antropologia. Instituto de Ci\u00eancias Humanas. Universidade Federal de Pelotas, Pelotas, 2018.<\/p>\n<p style=\"text-align: justify\">ROCHA, Tha\u00edse S\u00e1 Freire. <a href=\"http:\/\/repositorio.ufpel.edu.br:8080\/handle\/prefix\/3465\">\u201cAquilo que \u00e9 tirado da terra, \u00e1s vezes pode matar\u201d: as rela\u00e7\u00f5es estabelecidas entre arqueologia e a comunidade de Carangola, Minas Gerais.<\/a> Disserta\u00e7\u00e3o (Mestrado em Antropologia) &#8211; Programa de P\u00f3s-Gradua\u00e7\u00e3o em Antropologia. Instituto de Ci\u00eancias Humanas. Universidade Federal de Pelotas, Pelotas, 2017.<\/p>\n<p>&nbsp;<\/p>\n<p style=\"text-align: justify\"><strong>TESES<\/strong><\/p>\n<p style=\"text-align: justify\">LIMA, Daniel Vaz. <a href=\"http:\/\/guaiaca.ufpel.edu.br:8080\/handle\/prefix\/7426\">Pelos (des)caminhos de gentes, bichos e coisas: uma etnografia a p\u00e9 na pampa brasileira<\/a>. 2020. 335 f. Tese (Doutorado em Antropologia) &#8211; Programa de P\u00f3s-Gradua\u00e7\u00e3o em Antropologia. Instituto de Ci\u00eancias Humanas, Universidade Federal de Pelotas, Pelotas, 2020<\/p>\n","protected":false},"excerpt":{"rendered":"<p>TCC&#8217;s &nbsp; DISSERTA\u00c7\u00d5ES COSTA, Vanessa Avila. As manifesta\u00e7\u00f5es das paisagens ocultadas: arqueologia da Pelotas de trabalhadoras sexuais. 2020. 162f. Disserta\u00e7\u00e3o (Mestrado) \u2013 Programa de P\u00f3s-Gradua\u00e7\u00e3o em Antropologia, Instituto de Ci\u00eancias Humanas, Universidade Federal de Pelotas, Pelotas, 2020. MATHIAS, Simone Fernandes. Passo dos Negros: Entre narrativas, etnografias e conflitos \u2013 Pelotas\/ RS. Orientadora: Louise Prado Afonso. [&hellip;]<\/p>\n","protected":false},"author":1196,"featured_media":0,"parent":0,"menu_order":0,"comment_status":"closed","ping_status":"closed","template":"","meta":{"footnotes":""},"class_list":["post-88","page","type-page","status-publish","hentry"],"jetpack_sharing_enabled":true,"_links":{"self":[{"href":"https:\/\/wp.ufpel.edu.br\/grupomargens\/wp-json\/wp\/v2\/pages\/88","targetHints":{"allow":["GET"]}}],"collection":[{"href":"https:\/\/wp.ufpel.edu.br\/grupomargens\/wp-json\/wp\/v2\/pages"}],"about":[{"href":"https:\/\/wp.ufpel.edu.br\/grupomargens\/wp-json\/wp\/v2\/types\/page"}],"author":[{"embeddable":true,"href":"https:\/\/wp.ufpel.edu.br\/grupomargens\/wp-json\/wp\/v2\/users\/1196"}],"replies":[{"embeddable":true,"href":"https:\/\/wp.ufpel.edu.br\/grupomargens\/wp-json\/wp\/v2\/comments?post=88"}],"version-history":[{"count":5,"href":"https:\/\/wp.ufpel.edu.br\/grupomargens\/wp-json\/wp\/v2\/pages\/88\/revisions"}],"predecessor-version":[{"id":181,"href":"https:\/\/wp.ufpel.edu.br\/grupomargens\/wp-json\/wp\/v2\/pages\/88\/revisions\/181"}],"wp:attachment":[{"href":"https:\/\/wp.ufpel.edu.br\/grupomargens\/wp-json\/wp\/v2\/media?parent=88"}],"curies":[{"name":"wp","href":"https:\/\/api.w.org\/{rel}","templated":true}]}}