{"id":77,"date":"2021-11-10T21:49:48","date_gmt":"2021-11-11T00:49:48","guid":{"rendered":"https:\/\/wp.ufpel.edu.br\/grupomargens\/?page_id=77"},"modified":"2022-05-10T19:01:04","modified_gmt":"2022-05-10T22:01:04","slug":"capitulos-de-livros","status":"publish","type":"page","link":"https:\/\/wp.ufpel.edu.br\/grupomargens\/capitulos-de-livros\/","title":{"rendered":"Cap\u00edtulos de Livros"},"content":{"rendered":"<p><strong>2021<\/strong><\/p>\n<p style=\"text-align: justify;\">ALFONSO, Louise Prado Alfonso; COSTA, Vanessa Avila. <a href=\"http:\/\/dx.doi.org\/10.18616\/pcultura13\">\u00bfAs charqueadas, o engenho, o campo do Os\u00f3rio, a ponte, tudo s\u00e3o patrim\u00f4nio\u00bf: o fazer arqueol\u00f3gico com a comunidade do Passo dos Negros (Pelotas, Rio Grande do Sul)<\/a>. In: Juliano Bitencourt Campos; Marian Helen da S. G. Rodrigues; Nilzo Ivo Ladwig; Pedro Paulo Abreu Funari; Luiz Oosterbeek. (Org.). Patrim\u00f4nio cultural, direito e meio ambiente: Arqueologia e turismo sustent\u00e1vel (volume IV). 1ed.Crici\u00fama: Unesc, 2021, v. , p. 416-452.<\/p>\n<p>ALFONSO, Louise Prado. <a href=\"https:\/\/www.academia.edu\/68828916\/Doc%C3%AAncia_e_a_Pr%C3%A1xis_Arqueol%C3%B3gica_no_Sul_do_Sul_In_Mem%C3%B3ria_cultura_material_e_sensibilidade_estudos_em_homenagem_a_Pedro_Paulo_Funari_Alexandre_Guida_Navarro_Organizador_Raquel_dos_Santos_Funari_Organizadora_Jundia%C3%AD_SP\">Doc\u00eancia e a Pr\u00e1xis Arqueol\u00f3gica no Sul do Sul<\/a>. In: Alexandre Guida Navarro; Raquel dos Santos Funari. (Org.). Mem\u00f3ria, cultura material e sensibilidade: estudos em homenagem a Pedro Paulo Funari. 1ed.Jundia\u00ed\/S\u00e3o Lu\u00eds: Paco Editorial\/EDUFMA, 2021, v. , p. 453-470.<\/p>\n<p>&nbsp;<\/p>\n<p><strong>2020<\/strong><\/p>\n<p style=\"text-align: justify;\">ALFONSO, Louise Prado; FERREIRA, Martha Rodrigues. <a href=\"http:\/\/guaiaca.ufpel.edu.br:8080\/handle\/prefix\/6834\">Exposi\u00e7\u00e3o patrim\u00f4nios invisibilizados: uma experi\u00eancia coletiva de extens\u00e3o em pandemia<\/a>. In: Francisca Ferreira Michelon; Ana da Rosa Bandeira; Paula Garcia Lima; Let\u00edcia Silva Dutra Zimmermann. (Org.). Conex\u00f5es para um tempo suspenso: extens\u00e3o universit\u00e1ria na pandemia. 1ed.Pelotas: Editora UFPel, 2020, v. , p. 538-562.<\/p>\n<p>&nbsp;<\/p>\n<p><strong>2019<\/strong><\/p>\n<p style=\"text-align: justify;\">FUNARI, Pedro Paulo Abreu; ALFONSO, Louise Prado. I<a href=\"https:\/\/doi.org\/10.1007\/978-3-030-14327-5_11\">ncreasing Heritage Awareness Through Community Participation: African-Brazilian Community Participation in a Diversity Context<\/a>. In: Jameson J., Mustea\u0163\u0103 S. (eds). (Org.). One World Archaeology. 1ed.Cham: Springer International Publishing, 2019, v. , p. 143-158.<\/p>\n<p>&nbsp;<\/p>\n<p><strong>2017<\/strong><\/p>\n<p style=\"text-align: justify;\">ALFONSO, Louise Prado; ARAUJO, J. M. A morte, o morrer e o papel social da arqueologia na sociedade contempor\u00e2nea.. In: Luciane Munhosz de Omena e Pedro Paulo A Funari. (Org.). As experi\u00eancias sociais da Morte. Di\u00e1logos Interdisciplinares. 1ed.S\u00e3o Paulo: Paco Editorial, 2017, v. 1, p. 133-160.<\/p>\n<p>&nbsp;<\/p>\n<p><strong>2016<\/strong><\/p>\n<p style=\"text-align: justify;\">ALFONSO, Louise Prado; RIETH, Flavia. <a href=\"https:\/\/pt.scribd.com\/document\/342115236\/ALFONSO-L-P-RIETH-F-M-S-Narrativas-de-Pelotas-e-Pelotas-Antiga-a-Cidade-Enquanto-Bem-Cultural\">Narrativas de Pelotas e Pelotas Antiga: a cidade enquanto Bem Cultural<\/a>. In: Camen Burget Schiavon, Sandra de C\u00e1ssia Pelegrini. (Org.). Patrim\u00f4nios Plurais: iniciativas e desafios. 1ed.Rio Grande: Ed. da FURG, 2016, v. , p. 131-147.<\/p>\n","protected":false},"excerpt":{"rendered":"<p>2021 ALFONSO, Louise Prado Alfonso; COSTA, Vanessa Avila. \u00bfAs charqueadas, o engenho, o campo do Os\u00f3rio, a ponte, tudo s\u00e3o patrim\u00f4nio\u00bf: o fazer arqueol\u00f3gico com a comunidade do Passo dos Negros (Pelotas, Rio Grande do Sul). In: Juliano Bitencourt Campos; Marian Helen da S. G. Rodrigues; Nilzo Ivo Ladwig; Pedro Paulo Abreu Funari; Luiz Oosterbeek. [&hellip;]<\/p>\n","protected":false},"author":1196,"featured_media":0,"parent":0,"menu_order":0,"comment_status":"closed","ping_status":"closed","template":"","meta":{"footnotes":""},"class_list":["post-77","page","type-page","status-publish","hentry"],"jetpack_sharing_enabled":true,"_links":{"self":[{"href":"https:\/\/wp.ufpel.edu.br\/grupomargens\/wp-json\/wp\/v2\/pages\/77","targetHints":{"allow":["GET"]}}],"collection":[{"href":"https:\/\/wp.ufpel.edu.br\/grupomargens\/wp-json\/wp\/v2\/pages"}],"about":[{"href":"https:\/\/wp.ufpel.edu.br\/grupomargens\/wp-json\/wp\/v2\/types\/page"}],"author":[{"embeddable":true,"href":"https:\/\/wp.ufpel.edu.br\/grupomargens\/wp-json\/wp\/v2\/users\/1196"}],"replies":[{"embeddable":true,"href":"https:\/\/wp.ufpel.edu.br\/grupomargens\/wp-json\/wp\/v2\/comments?post=77"}],"version-history":[{"count":4,"href":"https:\/\/wp.ufpel.edu.br\/grupomargens\/wp-json\/wp\/v2\/pages\/77\/revisions"}],"predecessor-version":[{"id":506,"href":"https:\/\/wp.ufpel.edu.br\/grupomargens\/wp-json\/wp\/v2\/pages\/77\/revisions\/506"}],"wp:attachment":[{"href":"https:\/\/wp.ufpel.edu.br\/grupomargens\/wp-json\/wp\/v2\/media?parent=77"}],"curies":[{"name":"wp","href":"https:\/\/api.w.org\/{rel}","templated":true}]}}