{"id":67,"date":"2021-11-10T21:21:45","date_gmt":"2021-11-11T00:21:45","guid":{"rendered":"https:\/\/wp.ufpel.edu.br\/grupomargens\/?page_id=67"},"modified":"2022-05-10T19:08:40","modified_gmt":"2022-05-10T22:08:40","slug":"artigos","status":"publish","type":"page","link":"https:\/\/wp.ufpel.edu.br\/grupomargens\/artigos\/","title":{"rendered":"Artigos"},"content":{"rendered":"<p><strong>2021<\/strong><\/p>\n<p style=\"text-align: justify;\">SIQUEIRA, Gabriela Pecantet; FERREIRA, Martha Rodrigues; ALFONSO, Louise Prado. <a href=\"https:\/\/periodicos.ufpel.edu.br\/ojs2\/index.php\/pixo\/article\/view\/20883\/13546\">AL\u00c9M DAS CHARQUEADAS: A comunidade do Passo dos Negros e a pot\u00eancia da arte<\/a>. PIXO &#8211; REVISTA DE ARQUITETURA, CIDADE E CONTEMPORANEIDADE, v. 5, p. 508-515, 2021.<\/p>\n<p>&nbsp;<\/p>\n<p style=\"text-align: justify;\">ALFONSO, Louise Prado; SOUZA, Newan Acacio Oliveira de; FUNARI, Pedro Paulo Abreu. <a href=\"https:\/\/periodicos.furg.br\/hist\/article\/view\/12496\">Entre turismo e patrim\u00f4nio: (re)visitando narrativas locais a partir do evento ?Dia do Patrim\u00f4nio? em Pelotas, RS<\/a>. Historiae (impresso), v. 12, p. 10-38, 2021.<\/p>\n<p>&nbsp;<\/p>\n<p style=\"text-align: justify;\">SOUZA, Newan Acacio Oliveira de; COSTA, Vanessa Avila; ALFONSO, Louise Prado. <a href=\"https:\/\/periodicos.sbu.unicamp.br\/ojs\/index.php\/rap\/article\/view\/8659756\">A constru\u00e7\u00e3o de cartografias insurgentes: um relato sobre a oficina ?Devassos no Para\u00edso, Bichas e Putas em um Pa\u00eds Tropical: Discutindo Arqueologias e Sexualidades?<\/a>. REVISTA DE ARQUEOLOGIA P\u00daBLICA, v. 16, p. 185-204, 2021.<\/p>\n<p>&nbsp;<\/p>\n<p style=\"text-align: justify;\">COSTA, Vanessa Avila; ALFONSO, Louise Prado. <a href=\"https:\/\/periodicos.sbu.unicamp.br\/ojs\/index.php\/rap\/article\/view\/8663866\">A musealiza\u00e7\u00e3o da arqueologia pela perspectiva do putafeminismo: materialidades e narrativas de trabalhadoras sexuais em uma exposi\u00e7\u00e3o na cidade de Pelotas (RS)<\/a>. REVISTA DE ARQUEOLOGIA P\u00daBLICA, v. 16, p. 145-165, 2021.<\/p>\n<p>&nbsp;<\/p>\n<p style=\"text-align: justify;\">ALFONSO, Louise Prado. <a href=\"https:\/\/drive.google.com\/file\/d\/1C4dlahX_0fkbTKOiP6ihbVbx2_vJg2g-\/view\">Entrevista.<\/a> PLURALISTAS &#8211; Revista do Grupo de Pesquisa Ci\u00eancia, Sa\u00fade, G\u00eanero e Sentimento, v. 1, p. 90-103, 2021.<\/p>\n<p>&nbsp;<\/p>\n<p style=\"text-align: justify;\">NASCIMENTO, Jaqueline Santana; ALFONSO, Louise Prado. <a href=\"https:\/\/www.revistas.uneb.br\/index.php\/nhipe\/article\/view\/13426\">Reconhecimento e certifica\u00e7\u00e3o de comunidades quilombolas: possibilidades e contribui\u00e7\u00f5es da arqueologia.<\/a> PERSPECTIVAS E DI\u00c1LOGOS: REVISTA DE HIST\u00d3RIA SOCIAL E PR\u00c1TICAS DE ENSINO, v. 2, p. 74-95, 2021.<\/p>\n<p>&nbsp;<\/p>\n<p style=\"text-align: justify;\">RUCHAUD, Guilherme Galdo; ALFONSO, Louise Prado. <a href=\"https:\/\/doi.org\/10.22456\/1984-1191.110874\">Possibilidades do desenho \u00e0 m\u00e3o na etnografia urbana: estudo de caso em Florian\u00f3polis\/SC.<\/a> Revista Iluminuras, v. 22, p. 308-320, 2021.<\/p>\n<p>&nbsp;<\/p>\n<p style=\"text-align: justify;\">GIMENES, Rafaela Garcia. <a href=\"https:\/\/drive.google.com\/file\/d\/1C4dlahX_0fkbTKOiP6ihbVbx2_vJg2g-\/view\">Estudo etnogr\u00e1fico em meio a pandemia: trabalho feminino e sua rela\u00e7\u00e3o com a cidade.<\/a> PLURALISTAS &#8211; Revista do Grupo de Pesquisa Ci\u00eancia, Sa\u00fade, G\u00eanero e Sentimento, v. 1, p. 54-65, 2021.<\/p>\n<p>&nbsp;<\/p>\n<p>&nbsp;<\/p>\n<p style=\"text-align: justify;\"><strong>2020<\/strong><\/p>\n<p style=\"text-align: justify;\">EUZ\u00c9BIO, Felipe Aur\u00e9lio. <a href=\"http:\/\/10.14295\/de.v8i1.9792\">MEM\u00d3RIAS DE UMA CRIAN\u00c7A VIADA, REFLEX\u00d5ES DE UM PROFESSOR GAY: UM DEBATE SOBRE MASCULINIDADES HEGEM\u00d4NICAS NO ESPA\u00c7O ESCOLAR<\/a>. <b>Diversidade e Educa\u00e7\u00e3o<\/b>,\u00a0<i>[S. l.]<\/i>, v. 8, n. 1, p. 473\u2013491, 2020.<\/p>\n<p>&nbsp;<\/p>\n<p style=\"text-align: justify;\">SILVEIRA, Melina Monks; ALFONSO, Louise Prado; CRUZ, Larissa Osterberg da. <a href=\"http:\/\/dx.doi.org\/10.22456\/1984-1191.103701\">Cidade em Disputa: Narrativas do Passo dos Negros em Pelotas, RS<\/a>. Revista Iluminuras, v. 21, p. 444-449, 2020.<\/p>\n<p>&nbsp;<\/p>\n<p style=\"text-align: justify;\">SOUZA, Newan Acacio Oliveira de; EUZ\u00c9BIO, Felipe Aur\u00e9lio; ALFONSO, Louise Prado. <a href=\"http:\/\/dx.doi.org\/10.18224\/hab.v18i2.8215\">ISSO \u00c9 TRUQUE DE DRAG VELHA: etnografias das noites e a arte drag na cidade de Pelotas-RS<\/a>. HABITUS, v. 18, p. 651-667, 2020.<\/p>\n<p>&nbsp;<\/p>\n<p><strong>2019<\/strong><\/p>\n<p style=\"text-align: justify;\">SILVA NETO, Francisco Luiz Pereira; RIETH, Flavia; ALFONSO, Louise Prado. <a href=\"http:\/\/dx.doi.org\/10.17058\/barbaroi.v0i0.14593\">PELOTAS-RS PELAS SUAS MARGENS: A Patrimonializa\u00e7\u00e3o como Express\u00e3o das M\u00faltiplas Formas de Habitar a Cidade<\/a>. BARBAR\u00d3I (UNISC. ONLINE), v. 54, p. 63-75, 2019.<\/p>\n<p>&nbsp;<\/p>\n<p style=\"text-align: justify;\">PREVITALI, Wagner Ferreira; FERREIRA, Martha Rodrigues; ALFONSO, Louise Prado. <a href=\"https:\/\/doi.org\/10.22478\/ufpb.2447-9837.2019v2n9.50552\">Encontros que constroem pesquisas<\/a>. \u00c1LTERA REVISTA DE ANTROPOLOGIA, v. 2, p. 274-290, 2019.<\/p>\n<p>&nbsp;<\/p>\n<p style=\"text-align: justify;\">SOUZA, Newan Acacio Oliveira de; GOMES, Khala Anderson de Oliveira; TAVARES, Nat\u00e1lia de Oliveira. <a href=\"http:\/\/10.20396\/rap.v13i1.8654818\">Arqueologia e Teoria Queer: por uma arqueologia transviada.<\/a> Revista Arqueologia P\u00fablica, \u00a0Campinas, SP, v. 13, n. 1[22], p. 280\u2013299, 2019.<\/p>\n<p>&nbsp;<\/p>\n<p style=\"text-align: justify;\"><strong>2018<\/strong><\/p>\n<p style=\"text-align: justify;\">ALFONSO, Louise Prado. <a href=\"https:\/\/periodicos.ufpel.edu.br\/ojs2\/index.php\/tessituras\/article\/view\/14519\">O PROJETO A FRONTEIRA PELOS FRONTEIRI\u00c7OS.<\/a> TESSITURAS: REVISTA DE ANTROPOLOGIA E ARQUEOLOGIA, v. 6, p. 8, 2018.<\/p>\n<p>&nbsp;<\/p>\n<p style=\"text-align: justify;\">ALFONSO, Louise Prado; PEREIRA, Isis Karinae Suarez. <a href=\"https:\/\/periodicos.ufpel.edu.br\/ojs2\/index.php\/tessituras\/article\/view\/14669\">A FRONTEIRA EM IMAGENS<\/a>. TESSITURAS: REVISTA DE ANTROPOLOGIA E ARQUEOLOGIA, v. 6, p. 71-85, 2018.<\/p>\n<p>&nbsp;<\/p>\n<p style=\"text-align: justify;\">HATTORI, Marcia Lika; ALFONSO, Louise Prado; PEREIRA, Isis Karinae Suarez. PROPOSTAS <a href=\"https:\/\/periodicos.ufpel.edu.br\/ojs2\/index.php\/tessituras\/article\/view\/14671\">PEDAG\u00d3GICAS A PARTIR DA EXPOSI\u00c7\u00c3O.<\/a> TESSITURAS: REVISTA DE ANTROPOLOGIA E ARQUEOLOGIA, v. 6, p. 95, 2018.<\/p>\n<p>&nbsp;<\/p>\n<p style=\"text-align: justify;\"><strong>2017<\/strong><\/p>\n<p style=\"text-align: justify;\">RODRIGUES, Marta Bonow; ALFONSO, Louise Prado; RIETH, Flavia. <a href=\"https:\/\/doi.org\/10.9771\/cgd.v3i4.22351\">A\u00e7\u00f5es Participativas com Trabalhadoras Dom\u00e9sticas: fomentando debates para visibilizar a profiss\u00e3o desde o passado escravista at\u00e9 a atualidade em Pelotas\/RS<\/a>. CADERNOS DE G\u00caNERO E DIVERSIDADE, v. 3, p. 8, 2017.<\/p>\n<p>&nbsp;<\/p>\n<p><strong>2016<\/strong><\/p>\n<p style=\"text-align: justify;\">RODRIGUES, Guilherme; ALFONSO, Louise Prado; FREITAS, Paulo Brum; BITTENCOURT, Hamilton. <a href=\"https:\/\/periodicos.ufpb.br\/index.php\/altera\/article\/view\/37282\">\u00c1FRICA: Na\u00e7\u00e3o Cabinda<\/a>. \u00c1LTERA REVISTA DE ANTROPOLOGIA, v. 2, p. 210-218, 2016.<\/p>\n","protected":false},"excerpt":{"rendered":"<p>2021 SIQUEIRA, Gabriela Pecantet; FERREIRA, Martha Rodrigues; ALFONSO, Louise Prado. AL\u00c9M DAS CHARQUEADAS: A comunidade do Passo dos Negros e a pot\u00eancia da arte. PIXO &#8211; REVISTA DE ARQUITETURA, CIDADE E CONTEMPORANEIDADE, v. 5, p. 508-515, 2021. &nbsp; ALFONSO, Louise Prado; SOUZA, Newan Acacio Oliveira de; FUNARI, Pedro Paulo Abreu. Entre turismo e patrim\u00f4nio: (re)visitando [&hellip;]<\/p>\n","protected":false},"author":1196,"featured_media":0,"parent":0,"menu_order":0,"comment_status":"closed","ping_status":"closed","template":"","meta":{"footnotes":""},"class_list":["post-67","page","type-page","status-publish","hentry"],"jetpack_sharing_enabled":true,"_links":{"self":[{"href":"https:\/\/wp.ufpel.edu.br\/grupomargens\/wp-json\/wp\/v2\/pages\/67","targetHints":{"allow":["GET"]}}],"collection":[{"href":"https:\/\/wp.ufpel.edu.br\/grupomargens\/wp-json\/wp\/v2\/pages"}],"about":[{"href":"https:\/\/wp.ufpel.edu.br\/grupomargens\/wp-json\/wp\/v2\/types\/page"}],"author":[{"embeddable":true,"href":"https:\/\/wp.ufpel.edu.br\/grupomargens\/wp-json\/wp\/v2\/users\/1196"}],"replies":[{"embeddable":true,"href":"https:\/\/wp.ufpel.edu.br\/grupomargens\/wp-json\/wp\/v2\/comments?post=67"}],"version-history":[{"count":9,"href":"https:\/\/wp.ufpel.edu.br\/grupomargens\/wp-json\/wp\/v2\/pages\/67\/revisions"}],"predecessor-version":[{"id":507,"href":"https:\/\/wp.ufpel.edu.br\/grupomargens\/wp-json\/wp\/v2\/pages\/67\/revisions\/507"}],"wp:attachment":[{"href":"https:\/\/wp.ufpel.edu.br\/grupomargens\/wp-json\/wp\/v2\/media?parent=67"}],"curies":[{"name":"wp","href":"https:\/\/api.w.org\/{rel}","templated":true}]}}