{"id":314,"date":"2021-11-11T12:44:55","date_gmt":"2021-11-11T15:44:55","guid":{"rendered":"https:\/\/wp.ufpel.edu.br\/grupomargens\/?page_id=314"},"modified":"2021-11-11T12:48:11","modified_gmt":"2021-11-11T15:48:11","slug":"a-fronteira-pelos-fronteiricos","status":"publish","type":"page","link":"https:\/\/wp.ufpel.edu.br\/grupomargens\/a-fronteira-pelos-fronteiricos\/","title":{"rendered":"A Fronteira pelos Fronteiri\u00e7os"},"content":{"rendered":"<p style=\"text-align: center\"><strong>A Fronteira pelos Fronteiri\u00e7os<\/strong><\/p>\n<p><a href=\"http:\/\/museuhistoricobpp.com.br\/index.php\/2020\/08\/15\/exposicao-a-fronteira-pelos-fronteiricos\/\"><img class=\"size-full wp-image-316 aligncenter\" src=\"https:\/\/wp.ufpel.edu.br\/grupomargens\/files\/2021\/11\/117713678_3243052842440161_7730735657100074868_o-922x1024-1.jpg\" alt=\"\" width=\"922\" height=\"1024\" srcset=\"https:\/\/wp.ufpel.edu.br\/grupomargens\/files\/2021\/11\/117713678_3243052842440161_7730735657100074868_o-922x1024-1.jpg 922w, https:\/\/wp.ufpel.edu.br\/grupomargens\/files\/2021\/11\/117713678_3243052842440161_7730735657100074868_o-922x1024-1-360x400.jpg 360w, https:\/\/wp.ufpel.edu.br\/grupomargens\/files\/2021\/11\/117713678_3243052842440161_7730735657100074868_o-922x1024-1-768x853.jpg 768w\" sizes=\"(max-width: 922px) 100vw, 922px\" \/><\/a><\/p>\n<p>&nbsp;<\/p>\n<p style=\"text-align: justify\">O projeto de extens\u00e3o \u201cA fronteira pelos fronteiri\u00e7os\u201d surge com o objetivo de, n\u00e3o apenas realizar a divulga\u00e7\u00e3o cient\u00edfica de trabalhos desenvolvidos no \u00e2mbito do Grupo de Estudos Etnogr\u00e1ficos Urbanos \u2013 GEEUR do Bacharelado em Antropologia da Universidade Federal de Pelotas (UFPEL) para a comunidade da regi\u00e3o da fronteira Santana do Livramento \/Rivera. Mas tamb\u00e9m, para ampliar o debate sobre fronteira com as comunidades daquelas localidades.<\/p>\n<p style=\"text-align: justify\">A pesquisa \u201cYo naci nuna frontera donde se juntan dos pueblos\u201d: Uma (auto)etnografia situada entre o Brasil e o Uruguai\u201d, desenvolvida por Isis Karinae Pereira foi a norteadora para a realiza\u00e7\u00e3o de a\u00e7\u00f5es de extens\u00e3o junto \u00e0 comunidade fronteiri\u00e7a.<\/p>\n<p>CLIQUE NA IMAGEM ACIMA PARA ACESSAR A EXPOSI\u00c7\u00c3O!<\/p>\n<p>&lt;exposi\u00e7\u00e3o&gt;<\/p>\n","protected":false},"excerpt":{"rendered":"<p>A Fronteira pelos Fronteiri\u00e7os &nbsp; O projeto de extens\u00e3o \u201cA fronteira pelos fronteiri\u00e7os\u201d surge com o objetivo de, n\u00e3o apenas realizar a divulga\u00e7\u00e3o cient\u00edfica de trabalhos desenvolvidos no \u00e2mbito do Grupo de Estudos Etnogr\u00e1ficos Urbanos \u2013 GEEUR do Bacharelado em Antropologia da Universidade Federal de Pelotas (UFPEL) para a comunidade da regi\u00e3o da fronteira Santana [&hellip;]<\/p>\n","protected":false},"author":1196,"featured_media":0,"parent":0,"menu_order":0,"comment_status":"closed","ping_status":"closed","template":"","meta":{"footnotes":""},"class_list":["post-314","page","type-page","status-publish","hentry"],"jetpack_sharing_enabled":true,"_links":{"self":[{"href":"https:\/\/wp.ufpel.edu.br\/grupomargens\/wp-json\/wp\/v2\/pages\/314","targetHints":{"allow":["GET"]}}],"collection":[{"href":"https:\/\/wp.ufpel.edu.br\/grupomargens\/wp-json\/wp\/v2\/pages"}],"about":[{"href":"https:\/\/wp.ufpel.edu.br\/grupomargens\/wp-json\/wp\/v2\/types\/page"}],"author":[{"embeddable":true,"href":"https:\/\/wp.ufpel.edu.br\/grupomargens\/wp-json\/wp\/v2\/users\/1196"}],"replies":[{"embeddable":true,"href":"https:\/\/wp.ufpel.edu.br\/grupomargens\/wp-json\/wp\/v2\/comments?post=314"}],"version-history":[{"count":3,"href":"https:\/\/wp.ufpel.edu.br\/grupomargens\/wp-json\/wp\/v2\/pages\/314\/revisions"}],"predecessor-version":[{"id":320,"href":"https:\/\/wp.ufpel.edu.br\/grupomargens\/wp-json\/wp\/v2\/pages\/314\/revisions\/320"}],"wp:attachment":[{"href":"https:\/\/wp.ufpel.edu.br\/grupomargens\/wp-json\/wp\/v2\/media?parent=314"}],"curies":[{"name":"wp","href":"https:\/\/api.w.org\/{rel}","templated":true}]}}