{"id":295,"date":"2021-11-11T12:18:18","date_gmt":"2021-11-11T15:18:18","guid":{"rendered":"https:\/\/wp.ufpel.edu.br\/grupomargens\/?page_id=295"},"modified":"2021-11-11T12:18:18","modified_gmt":"2021-11-11T15:18:18","slug":"exposicao-virtual-lembrancas-do-dia-do-patrimonio","status":"publish","type":"page","link":"https:\/\/wp.ufpel.edu.br\/grupomargens\/exposicao-virtual-lembrancas-do-dia-do-patrimonio\/","title":{"rendered":"Exposi\u00e7\u00e3o Virtual Lembran\u00e7as do Dia do Patrim\u00f4nio"},"content":{"rendered":"<p style=\"text-align: center\"><strong>EXPOSI\u00c7\u00c3O VIRTUAL LEMBRAN\u00c7AS DO DIA DO PATRIM\u00d4NIO<\/strong><\/p>\n<p><a href=\"http:\/\/museuhistoricobpp.com.br\/index.php\/2021\/08\/13\/exposicao-virtual-lembrancas-do-dia-do-patrimonio-pierre-chagas-e-janaina-rangel\/\"><img class=\"size-large wp-image-297 aligncenter\" src=\"https:\/\/wp.ufpel.edu.br\/grupomargens\/files\/2021\/11\/e3d92545-bad2-464a-afbd-fee64c5d5b6d-1024x1024.jpg\" alt=\"\" width=\"1024\" height=\"1024\" srcset=\"https:\/\/wp.ufpel.edu.br\/grupomargens\/files\/2021\/11\/e3d92545-bad2-464a-afbd-fee64c5d5b6d-1024x1024.jpg 1024w, https:\/\/wp.ufpel.edu.br\/grupomargens\/files\/2021\/11\/e3d92545-bad2-464a-afbd-fee64c5d5b6d-400x400.jpg 400w, https:\/\/wp.ufpel.edu.br\/grupomargens\/files\/2021\/11\/e3d92545-bad2-464a-afbd-fee64c5d5b6d-200x200.jpg 200w, https:\/\/wp.ufpel.edu.br\/grupomargens\/files\/2021\/11\/e3d92545-bad2-464a-afbd-fee64c5d5b6d-768x768.jpg 768w, https:\/\/wp.ufpel.edu.br\/grupomargens\/files\/2021\/11\/e3d92545-bad2-464a-afbd-fee64c5d5b6d.jpg 1080w\" sizes=\"(max-width: 1024px) 100vw, 1024px\" \/><\/a><\/p>\n<p>&nbsp;<\/p>\n<p>Esta exposi\u00e7\u00e3o \u201cLembran\u00e7as do Dia do Patrim\u00f4nio\u201d foi pensada a partir do di\u00e1logo com as pessoas. Olhamos para o\u00a0<em>Dia do Patrim\u00f4nio \u2013 Pelotas<\/em>\u00a0buscando entender as \u201cdiversas cidades de Pelotas\u201d que o evento compartilhou ao longo destes anos.<\/p>\n<p>O Dia do Patrim\u00f4nio surgiu na agenda cultural de Pelotas em 2013. Seu objetivo \u00e9 celebrar as refer\u00eancias culturais locais, inserindo-se como uma das principais pol\u00edticas p\u00fablicas de cultura da cidade. \u00c9 organizado pela Prefeitura Municipal de Pelotas atrav\u00e9s da Secretaria Municipal de Cultura (SECULT). A cada ano o evento centraliza as reflex\u00f5es sobre a cultura atrav\u00e9s de temas tentando responder \u00e0 pergunta: \u201cQuem \u00e9 Pelotas?\u201d. J\u00e1 fizeram parte das discuss\u00f5es as comunidades negras; as \u00e1guas e patrim\u00f4nio natural; o protagonismo feminino; as identidades dos bairros; as tradi\u00e7\u00f5es, saberes e fazeres; e os grupos \u00e9tnicos.<\/p>\n<p>O evento j\u00e1 recebeu muitos pr\u00eamios, mas o principal foi o Pr\u00eamio Rodrigo Melo Franco de Andrade, organizado pelo Instituto do Patrim\u00f4nio Hist\u00f3rico e Art\u00edstico Nacional (IPHAN), na categoria \u201cIniciativas de excel\u00eancia em promo\u00e7\u00e3o e gest\u00e3o compartilhada do Patrim\u00f4nio Cultural\u201d. As imagens, v\u00eddeos e relatos que ser\u00e3o apresentados aqui nos foram enviados e compartilhados por pessoas nas redes sociais. Mostram a rela\u00e7\u00e3o que as pessoas t\u00eam com esse evento porque guardam lembran\u00e7as e hoje compartilham conosco. O <em>Dia do Patrim\u00f4nio<\/em>\u00a0s\u00f3 existe por causa das pessoas\u2026 sem elas, nada faz sentido. E para voc\u00eas, o que \u00e9 patrim\u00f4nio?<\/p>\n<p>CLIQUE NA IMAGEM ACIMA E ACESSE A EXPOSI\u00c7\u00c3O!<\/p>\n","protected":false},"excerpt":{"rendered":"<p>EXPOSI\u00c7\u00c3O VIRTUAL LEMBRAN\u00c7AS DO DIA DO PATRIM\u00d4NIO &nbsp; Esta exposi\u00e7\u00e3o \u201cLembran\u00e7as do Dia do Patrim\u00f4nio\u201d foi pensada a partir do di\u00e1logo com as pessoas. Olhamos para o\u00a0Dia do Patrim\u00f4nio \u2013 Pelotas\u00a0buscando entender as \u201cdiversas cidades de Pelotas\u201d que o evento compartilhou ao longo destes anos. O Dia do Patrim\u00f4nio surgiu na agenda cultural de Pelotas [&hellip;]<\/p>\n","protected":false},"author":1196,"featured_media":0,"parent":0,"menu_order":0,"comment_status":"closed","ping_status":"closed","template":"","meta":{"footnotes":""},"class_list":["post-295","page","type-page","status-publish","hentry"],"jetpack_sharing_enabled":true,"_links":{"self":[{"href":"https:\/\/wp.ufpel.edu.br\/grupomargens\/wp-json\/wp\/v2\/pages\/295","targetHints":{"allow":["GET"]}}],"collection":[{"href":"https:\/\/wp.ufpel.edu.br\/grupomargens\/wp-json\/wp\/v2\/pages"}],"about":[{"href":"https:\/\/wp.ufpel.edu.br\/grupomargens\/wp-json\/wp\/v2\/types\/page"}],"author":[{"embeddable":true,"href":"https:\/\/wp.ufpel.edu.br\/grupomargens\/wp-json\/wp\/v2\/users\/1196"}],"replies":[{"embeddable":true,"href":"https:\/\/wp.ufpel.edu.br\/grupomargens\/wp-json\/wp\/v2\/comments?post=295"}],"version-history":[{"count":1,"href":"https:\/\/wp.ufpel.edu.br\/grupomargens\/wp-json\/wp\/v2\/pages\/295\/revisions"}],"predecessor-version":[{"id":299,"href":"https:\/\/wp.ufpel.edu.br\/grupomargens\/wp-json\/wp\/v2\/pages\/295\/revisions\/299"}],"wp:attachment":[{"href":"https:\/\/wp.ufpel.edu.br\/grupomargens\/wp-json\/wp\/v2\/media?parent=295"}],"curies":[{"name":"wp","href":"https:\/\/api.w.org\/{rel}","templated":true}]}}