{"id":284,"date":"2021-11-11T11:51:00","date_gmt":"2021-11-11T14:51:00","guid":{"rendered":"https:\/\/wp.ufpel.edu.br\/grupomargens\/?page_id=284"},"modified":"2021-11-11T12:08:15","modified_gmt":"2021-11-11T15:08:15","slug":"audiovisual","status":"publish","type":"page","link":"https:\/\/wp.ufpel.edu.br\/grupomargens\/audiovisual\/","title":{"rendered":"Audiovisual"},"content":{"rendered":"<p><strong>2021<\/strong><\/p>\n<p style=\"text-align: justify\">Lan\u00e7amento da Hist\u00f3ria em Quadrinhos &#8220;Mist\u00e9rios do Passo dos Negros&#8221;, com Felipe Aur\u00e9lio Euz\u00e9bio, Gui Ruchaud, Larissa Osterberg da Cruz e Martha Rodrigues Ferreira. Media\u00e7\u00e3o de Newan Souza. 2021.<\/p>\n<p><iframe title=\"Lan\u00e7amento da hist\u00f3ria em quadrinhos &quot;Mist\u00e9rios do Passo dos Negros&quot;\" width=\"500\" height=\"281\" src=\"https:\/\/www.youtube.com\/embed\/yKpIVNxiZAg?feature=oembed\" frameborder=\"0\" allow=\"accelerometer; autoplay; clipboard-write; encrypted-media; gyroscope; picture-in-picture; web-share\" referrerpolicy=\"strict-origin-when-cross-origin\" allowfullscreen><\/iframe><\/p>\n<p>&nbsp;<\/p>\n<p><strong>2020<\/strong><\/p>\n<p style=\"text-align: justify\">Kali e As Nereidas do Vale do Arco-\u00cdris. V\u00eddeo produzido para a aba \u201cAl\u00e9m da Imagina\u00e7\u00e3o\u201d, na exposi\u00e7\u00e3o Patrim\u00f4nios Invisibilizados. EUZ\u00c9BIO, Felipe Aur\u00e9lio, EUZ\u00c9BIO, Rosane Aur\u00e9lio, CRUZ, Larissa Osterberg da, ALFONSO, Louise Prado. 2020.<\/p>\n<p><iframe title=\"Kali e as Nereidas do Vale do Arco-\u00cdris\" width=\"500\" height=\"281\" src=\"https:\/\/www.youtube.com\/embed\/L7zaNtvA_Gs?feature=oembed\" frameborder=\"0\" allow=\"accelerometer; autoplay; clipboard-write; encrypted-media; gyroscope; picture-in-picture; web-share\" referrerpolicy=\"strict-origin-when-cross-origin\" allowfullscreen><\/iframe><\/p>\n<p>&nbsp;<\/p>\n<p>Mel e Pa\u00e7oca em Uma Festa Muito Doce. V\u00eddeo produzido para a aba \u201cAl\u00e9m da Imagina\u00e7\u00e3o\u201d, na exposi\u00e7\u00e3o Patrim\u00f4nios Invisibilizados. EUZ\u00c9BIO, Felipe Aur\u00e9lio, EUZ\u00c9BIO, Rosane Aur\u00e9lio, CRUZ, Larissa Osterberg da, ALFONSO, Louise Prado. 2020.<\/p>\n<p><iframe title=\"Mel e Pa\u00e7oca em Uma Festa Muito Doce\" width=\"500\" height=\"281\" src=\"https:\/\/www.youtube.com\/embed\/I77ah-fic_g?feature=oembed\" frameborder=\"0\" allow=\"accelerometer; autoplay; clipboard-write; encrypted-media; gyroscope; picture-in-picture; web-share\" referrerpolicy=\"strict-origin-when-cross-origin\" allowfullscreen><\/iframe><\/p>\n<p>&nbsp;<\/p>\n<p style=\"text-align: justify\">Carmen Tereza em Hist\u00f3rias do Passo dos Negros. V\u00eddeo produzido para a aba \u201cAl\u00e9m da Imagina\u00e7\u00e3o\u201d, na exposi\u00e7\u00e3o Patrim\u00f4nios Invisibilizados. EUZ\u00c9BIO, Felipe Aur\u00e9lio, EUZ\u00c9BIO, Rosane Aur\u00e9lio, CRUZ, Larissa Osterberg da, ALFONSO, Louise Prado. 2020.<\/p>\n<p><iframe title=\"Carmen Tereza em Hist\u00f3rias do Passo dos Negros\" width=\"500\" height=\"281\" src=\"https:\/\/www.youtube.com\/embed\/EwIfJ1OWgjI?feature=oembed\" frameborder=\"0\" allow=\"accelerometer; autoplay; clipboard-write; encrypted-media; gyroscope; picture-in-picture; web-share\" referrerpolicy=\"strict-origin-when-cross-origin\" allowfullscreen><\/iframe><\/p>\n<p>&nbsp;<\/p>\n<p><strong>2019<\/strong><\/p>\n<p>Os Primeiros Humanos #1 &#8211; com Prof\u00ba Danilo Vicensotto Bernardo<\/p>\n<p><iframe title=\"OS PRIMEIROS HUMANOS #1\" width=\"500\" height=\"281\" src=\"https:\/\/www.youtube.com\/embed\/JTHWFgNyylE?feature=oembed\" frameborder=\"0\" allow=\"accelerometer; autoplay; clipboard-write; encrypted-media; gyroscope; picture-in-picture; web-share\" referrerpolicy=\"strict-origin-when-cross-origin\" allowfullscreen><\/iframe><\/p>\n<p>&nbsp;<\/p>\n<p>Di\u00e1spora Africana #2 &#8211; com Prof\u00aa Patr\u00edcia Marinho<\/p>\n<p><iframe title=\"DI\u00c1SPORA AFRICANA #2\" width=\"500\" height=\"281\" src=\"https:\/\/www.youtube.com\/embed\/kWaWow18N_I?feature=oembed\" frameborder=\"0\" allow=\"accelerometer; autoplay; clipboard-write; encrypted-media; gyroscope; picture-in-picture; web-share\" referrerpolicy=\"strict-origin-when-cross-origin\" allowfullscreen><\/iframe><\/p>\n<p>&nbsp;<\/p>\n<p>Pelotas como Territ\u00f3rio Sagrado #3 &#8211; com Paulo d&#8217;Xang\u00f4<\/p>\n<p><iframe title=\"PELOTAS COMO TERRIT\u00d3RIO SAGRADO #3\" width=\"500\" height=\"281\" src=\"https:\/\/www.youtube.com\/embed\/pub8F5tfJBM?feature=oembed\" frameborder=\"0\" allow=\"accelerometer; autoplay; clipboard-write; encrypted-media; gyroscope; picture-in-picture; web-share\" referrerpolicy=\"strict-origin-when-cross-origin\" allowfullscreen><\/iframe><\/p>\n<p>&nbsp;<\/p>\n<p>Imigra\u00e7\u00e3o Negra em Pelotas #4 &#8211; com Ediane Oliveira<\/p>\n<p><iframe title=\"IMIGRA\u00c7\u00c3O NEGRA EM PELOTAS\" width=\"500\" height=\"281\" src=\"https:\/\/www.youtube.com\/embed\/Kv5aP-zdGmM?feature=oembed\" frameborder=\"0\" allow=\"accelerometer; autoplay; clipboard-write; encrypted-media; gyroscope; picture-in-picture; web-share\" referrerpolicy=\"strict-origin-when-cross-origin\" allowfullscreen><\/iframe><\/p>\n<p>&nbsp;<\/p>\n<p>Narrativas do Passo dos Negros #5 &#8211; com a Comunidade do Passo<\/p>\n<p><iframe title=\"NARRATIVAS DO PASSO DOS NEGROS\" width=\"500\" height=\"281\" src=\"https:\/\/www.youtube.com\/embed\/hQD1IIs2IIw?feature=oembed\" frameborder=\"0\" allow=\"accelerometer; autoplay; clipboard-write; encrypted-media; gyroscope; picture-in-picture; web-share\" referrerpolicy=\"strict-origin-when-cross-origin\" allowfullscreen><\/iframe><\/p>\n<p>&nbsp;<\/p>\n<p>Resist\u00eancia Negra na Educa\u00e7\u00e3o #6 &#8211; com Prof\u00aa Tereza Duarte<\/p>\n<p><iframe title=\"RESIST\u00caNCIA NEGRA NA EDUCA\u00c7\u00c3O\" width=\"500\" height=\"281\" src=\"https:\/\/www.youtube.com\/embed\/BfzrlvlkN9o?feature=oembed\" frameborder=\"0\" allow=\"accelerometer; autoplay; clipboard-write; encrypted-media; gyroscope; picture-in-picture; web-share\" referrerpolicy=\"strict-origin-when-cross-origin\" allowfullscreen><\/iframe><\/p>\n<p>&nbsp;<\/p>\n<p>10639 Lugares para o Negro Estar: A Escola \u00e9 um Deles! &#8211; com Prof\u00aa Renata \u00c1vila Troca<\/p>\n<p><iframe title=\"10639 LUGARES PARA O NEGRO ESTAR: A ESCOLA \u00c9 UM DELES!\" width=\"500\" height=\"281\" src=\"https:\/\/www.youtube.com\/embed\/6CsCjnpZL9Y?feature=oembed\" frameborder=\"0\" allow=\"accelerometer; autoplay; clipboard-write; encrypted-media; gyroscope; picture-in-picture; web-share\" referrerpolicy=\"strict-origin-when-cross-origin\" allowfullscreen><\/iframe><\/p>\n","protected":false},"excerpt":{"rendered":"<p>2021 Lan\u00e7amento da Hist\u00f3ria em Quadrinhos &#8220;Mist\u00e9rios do Passo dos Negros&#8221;, com Felipe Aur\u00e9lio Euz\u00e9bio, Gui Ruchaud, Larissa Osterberg da Cruz e Martha Rodrigues Ferreira. Media\u00e7\u00e3o de Newan Souza. 2021. &nbsp; 2020 Kali e As Nereidas do Vale do Arco-\u00cdris. V\u00eddeo produzido para a aba \u201cAl\u00e9m da Imagina\u00e7\u00e3o\u201d, na exposi\u00e7\u00e3o Patrim\u00f4nios Invisibilizados. EUZ\u00c9BIO, Felipe Aur\u00e9lio, [&hellip;]<\/p>\n","protected":false},"author":1196,"featured_media":0,"parent":0,"menu_order":0,"comment_status":"closed","ping_status":"closed","template":"","meta":{"footnotes":""},"class_list":["post-284","page","type-page","status-publish","hentry"],"jetpack_sharing_enabled":true,"_links":{"self":[{"href":"https:\/\/wp.ufpel.edu.br\/grupomargens\/wp-json\/wp\/v2\/pages\/284","targetHints":{"allow":["GET"]}}],"collection":[{"href":"https:\/\/wp.ufpel.edu.br\/grupomargens\/wp-json\/wp\/v2\/pages"}],"about":[{"href":"https:\/\/wp.ufpel.edu.br\/grupomargens\/wp-json\/wp\/v2\/types\/page"}],"author":[{"embeddable":true,"href":"https:\/\/wp.ufpel.edu.br\/grupomargens\/wp-json\/wp\/v2\/users\/1196"}],"replies":[{"embeddable":true,"href":"https:\/\/wp.ufpel.edu.br\/grupomargens\/wp-json\/wp\/v2\/comments?post=284"}],"version-history":[{"count":4,"href":"https:\/\/wp.ufpel.edu.br\/grupomargens\/wp-json\/wp\/v2\/pages\/284\/revisions"}],"predecessor-version":[{"id":294,"href":"https:\/\/wp.ufpel.edu.br\/grupomargens\/wp-json\/wp\/v2\/pages\/284\/revisions\/294"}],"wp:attachment":[{"href":"https:\/\/wp.ufpel.edu.br\/grupomargens\/wp-json\/wp\/v2\/media?parent=284"}],"curies":[{"name":"wp","href":"https:\/\/api.w.org\/{rel}","templated":true}]}}