{"id":256,"date":"2021-11-11T10:59:02","date_gmt":"2021-11-11T13:59:02","guid":{"rendered":"https:\/\/wp.ufpel.edu.br\/grupomargens\/?page_id=256"},"modified":"2021-11-12T11:05:51","modified_gmt":"2021-11-12T14:05:51","slug":"ct-2020","status":"publish","type":"page","link":"https:\/\/wp.ufpel.edu.br\/grupomargens\/ct-2020\/","title":{"rendered":"4\u00ba CT 2020"},"content":{"rendered":"<p style=\"text-align: center\"><strong>ANO DE 202o| CIDADES EM TRANSE E A PLURALIDADE DO MORAR<\/strong><\/p>\n<p><a href=\"https:\/\/cidadesemtranse.wixsite.com\/pluralidadedomorar\"><img class=\"wp-image-201 aligncenter\" src=\"https:\/\/wp.ufpel.edu.br\/grupomargens\/files\/2021\/11\/reader-400x152.png\" alt=\"\" width=\"894\" height=\"340\" srcset=\"https:\/\/wp.ufpel.edu.br\/grupomargens\/files\/2021\/11\/reader-400x152.png 400w, https:\/\/wp.ufpel.edu.br\/grupomargens\/files\/2021\/11\/reader-1024x390.png 1024w, https:\/\/wp.ufpel.edu.br\/grupomargens\/files\/2021\/11\/reader-768x292.png 768w, https:\/\/wp.ufpel.edu.br\/grupomargens\/files\/2021\/11\/reader-1536x584.png 1536w, https:\/\/wp.ufpel.edu.br\/grupomargens\/files\/2021\/11\/reader-2048x779.png 2048w\" sizes=\"(max-width: 894px) 100vw, 894px\" \/><\/a><\/p>\n<p>&nbsp;<\/p>\n<p class=\"font_8\">O\u00a0Cidades em Transe e a Pluralidade do Morar\u00a0nasce como um espa\u00e7o para discuss\u00f5es e trocas de experi\u00eancias na constru\u00e7\u00e3o de saberes entre o p\u00fablico acad\u00eamico e n\u00e3o acad\u00eamico. Nesta\u00a0edi\u00e7\u00e3o online\u00a0pretende-se compartilhar debates e gerar discuss\u00f5es acerca dos m\u00faltiplos significados do \u201cmorar\u201d, nos mais diversos contextos.<\/p>\n<p class=\"font_8\">O evento ocorreu de 21 a 25 de setembro de 2020 e contou com lives, podcast, exposi\u00e7\u00e3o de v\u00eddeos e filmes etnogr\u00e1ficos (o coruj\u00e3o da madrugada).<\/p>\n<p>CLIQUE NA IMAGEM ACIMA PARA ACESSAR O SITE!<\/p>\n","protected":false},"excerpt":{"rendered":"<p>ANO DE 202o| CIDADES EM TRANSE E A PLURALIDADE DO MORAR &nbsp; O\u00a0Cidades em Transe e a Pluralidade do Morar\u00a0nasce como um espa\u00e7o para discuss\u00f5es e trocas de experi\u00eancias na constru\u00e7\u00e3o de saberes entre o p\u00fablico acad\u00eamico e n\u00e3o acad\u00eamico. Nesta\u00a0edi\u00e7\u00e3o online\u00a0pretende-se compartilhar debates e gerar discuss\u00f5es acerca dos m\u00faltiplos significados do \u201cmorar\u201d, nos mais [&hellip;]<\/p>\n","protected":false},"author":1196,"featured_media":0,"parent":0,"menu_order":0,"comment_status":"closed","ping_status":"closed","template":"","meta":{"footnotes":""},"class_list":["post-256","page","type-page","status-publish","hentry"],"jetpack_sharing_enabled":true,"_links":{"self":[{"href":"https:\/\/wp.ufpel.edu.br\/grupomargens\/wp-json\/wp\/v2\/pages\/256","targetHints":{"allow":["GET"]}}],"collection":[{"href":"https:\/\/wp.ufpel.edu.br\/grupomargens\/wp-json\/wp\/v2\/pages"}],"about":[{"href":"https:\/\/wp.ufpel.edu.br\/grupomargens\/wp-json\/wp\/v2\/types\/page"}],"author":[{"embeddable":true,"href":"https:\/\/wp.ufpel.edu.br\/grupomargens\/wp-json\/wp\/v2\/users\/1196"}],"replies":[{"embeddable":true,"href":"https:\/\/wp.ufpel.edu.br\/grupomargens\/wp-json\/wp\/v2\/comments?post=256"}],"version-history":[{"count":3,"href":"https:\/\/wp.ufpel.edu.br\/grupomargens\/wp-json\/wp\/v2\/pages\/256\/revisions"}],"predecessor-version":[{"id":352,"href":"https:\/\/wp.ufpel.edu.br\/grupomargens\/wp-json\/wp\/v2\/pages\/256\/revisions\/352"}],"wp:attachment":[{"href":"https:\/\/wp.ufpel.edu.br\/grupomargens\/wp-json\/wp\/v2\/media?parent=256"}],"curies":[{"name":"wp","href":"https:\/\/api.w.org\/{rel}","templated":true}]}}