{"id":239,"date":"2021-11-11T03:44:49","date_gmt":"2021-11-11T06:44:49","guid":{"rendered":"https:\/\/wp.ufpel.edu.br\/grupomargens\/?page_id=239"},"modified":"2021-11-11T03:45:14","modified_gmt":"2021-11-11T06:45:14","slug":"239-2","status":"publish","type":"page","link":"https:\/\/wp.ufpel.edu.br\/grupomargens\/239-2\/","title":{"rendered":"Exposi\u00e7\u00e3o Virtual Passo dos Negros &#8211; Outras Narrativas"},"content":{"rendered":"<p><strong>Exposi\u00e7\u00e3o Passo dos Negros &#8211; Outras Narrativas<\/strong><\/p>\n<p>&nbsp;<\/p>\n<p><a href=\"http:\/\/museuhistoricobpp.com.br\/index.php\/2020\/07\/06\/exposicao-virtual-passo-dos-negros-outras-narrativas\/\"><img class=\"aligncenter wp-image-241\" src=\"https:\/\/wp.ufpel.edu.br\/grupomargens\/files\/2021\/11\/1-1-1024x1024.jpg\" alt=\"\" width=\"645\" height=\"645\" srcset=\"https:\/\/wp.ufpel.edu.br\/grupomargens\/files\/2021\/11\/1-1-1024x1024.jpg 1024w, https:\/\/wp.ufpel.edu.br\/grupomargens\/files\/2021\/11\/1-1-400x400.jpg 400w, https:\/\/wp.ufpel.edu.br\/grupomargens\/files\/2021\/11\/1-1-200x200.jpg 200w, https:\/\/wp.ufpel.edu.br\/grupomargens\/files\/2021\/11\/1-1-768x768.jpg 768w, https:\/\/wp.ufpel.edu.br\/grupomargens\/files\/2021\/11\/1-1.jpg 1080w\" sizes=\"(max-width: 645px) 100vw, 645px\" \/><\/a><\/p>\n<p>&nbsp;<\/p>\n<p>O Passo dos Negros \u00e9 uma comunidade localizada \u00e0s margens do canal S\u00e3o Gon\u00e7alo, pr\u00f3xima ao shopping. Aquela regi\u00e3o abrigou o primeiro porto da cidade de Pelotas, sendo local de entrada de pessoas escravizados\/as e mercadorias na regi\u00e3o, o que sugere o nome \u201cPasso dos Negros\u201d. Por ali tamb\u00e9m passa o caminho das tropas e localizavam-se v\u00e1rias charqueadas. Neste corredor est\u00e1 a antiga Ponte dos Dois Arcos, constru\u00edda em 1854, por m\u00e3o de obra escravizada.<\/p>\n<p>Tempos depois, a regi\u00e3o deu lugar a um dos maiores engenhos de arroz da Am\u00e9rica Latina (Engenho Coronel Pedro Os\u00f3rio) que funcionou at\u00e9 a d\u00e9cada de 1990. Mesmo sem atividades, o engenho \u00e9 um elemento importante na paisagem local. A paisagem tamb\u00e9m \u00e9 formada por figueiras centen\u00e1rias, pelo canal, leitarias, antiga peixaria, o Os\u00f3rio Futebol Clube, entre tantas outras coisas.<\/p>\n<p>Hoje em dia, \u00e9 uma \u00e1rea que est\u00e1 sofrendo especula\u00e7\u00e3o imobili\u00e1ria com riscos dos\/as moradores\/as serem removidos\/as para a constru\u00e7\u00e3o de condom\u00ednios de luxo.<\/p>\n<p>O Passo dos Negros \u00e9 uma regi\u00e3o que conta uma importante narrativa sobre a constru\u00e7\u00e3o da cidade de Pelotas, contos mitol\u00f3gicos, hist\u00f3rias de fam\u00edlias que trabalham e moram h\u00e1 d\u00e9cadas na regi\u00e3o, filhos e filhas, netos e netas de trabalhadores\/as\u00a0 que nasceram e cresceram ali, estabeleceram suas vidas, constroem a paisagem e mant\u00eam viva parte da hist\u00f3ria de Pelotas.<\/p>\n<p>Queremos te apresentar alguns patrim\u00f4nios da regi\u00e3o, e a partir deles, contar hist\u00f3rias t\u00e3o importantes, mas que s\u00e3o pouco valorizadas na cidade de Pelotas.<\/p>\n<p>&nbsp;<\/p>\n<p><strong>Clique na imagem e conhe\u00e7a mais sobre essa exposi\u00e7\u00e3o!<\/strong><\/p>\n","protected":false},"excerpt":{"rendered":"<p>Exposi\u00e7\u00e3o Passo dos Negros &#8211; Outras Narrativas &nbsp; &nbsp; O Passo dos Negros \u00e9 uma comunidade localizada \u00e0s margens do canal S\u00e3o Gon\u00e7alo, pr\u00f3xima ao shopping. Aquela regi\u00e3o abrigou o primeiro porto da cidade de Pelotas, sendo local de entrada de pessoas escravizados\/as e mercadorias na regi\u00e3o, o que sugere o nome \u201cPasso dos Negros\u201d. [&hellip;]<\/p>\n","protected":false},"author":1196,"featured_media":0,"parent":0,"menu_order":0,"comment_status":"closed","ping_status":"closed","template":"","meta":{"footnotes":""},"class_list":["post-239","page","type-page","status-publish","hentry"],"jetpack_sharing_enabled":true,"_links":{"self":[{"href":"https:\/\/wp.ufpel.edu.br\/grupomargens\/wp-json\/wp\/v2\/pages\/239","targetHints":{"allow":["GET"]}}],"collection":[{"href":"https:\/\/wp.ufpel.edu.br\/grupomargens\/wp-json\/wp\/v2\/pages"}],"about":[{"href":"https:\/\/wp.ufpel.edu.br\/grupomargens\/wp-json\/wp\/v2\/types\/page"}],"author":[{"embeddable":true,"href":"https:\/\/wp.ufpel.edu.br\/grupomargens\/wp-json\/wp\/v2\/users\/1196"}],"replies":[{"embeddable":true,"href":"https:\/\/wp.ufpel.edu.br\/grupomargens\/wp-json\/wp\/v2\/comments?post=239"}],"version-history":[{"count":2,"href":"https:\/\/wp.ufpel.edu.br\/grupomargens\/wp-json\/wp\/v2\/pages\/239\/revisions"}],"predecessor-version":[{"id":244,"href":"https:\/\/wp.ufpel.edu.br\/grupomargens\/wp-json\/wp\/v2\/pages\/239\/revisions\/244"}],"wp:attachment":[{"href":"https:\/\/wp.ufpel.edu.br\/grupomargens\/wp-json\/wp\/v2\/media?parent=239"}],"curies":[{"name":"wp","href":"https:\/\/api.w.org\/{rel}","templated":true}]}}