{"id":218,"date":"2021-11-11T03:39:15","date_gmt":"2021-11-11T06:39:15","guid":{"rendered":"https:\/\/wp.ufpel.edu.br\/grupomargens\/?page_id=218"},"modified":"2021-11-11T03:41:51","modified_gmt":"2021-11-11T06:41:51","slug":"exposicao-virtual-cartografias-do-cotidiano-de-pelotas-diversidade-nao-se-esconde","status":"publish","type":"page","link":"https:\/\/wp.ufpel.edu.br\/grupomargens\/exposicao-virtual-cartografias-do-cotidiano-de-pelotas-diversidade-nao-se-esconde\/","title":{"rendered":"Exposi\u00e7\u00e3o Virtual: Cartografias do Cotidiano de Pelotas, diversidade n\u00e3o se Esconde!"},"content":{"rendered":"<h2 style=\"text-align: center\"><strong>Exposi\u00e7\u00e3o Virtual: Cartografias do Cotidiano de Pelotas, diversidade n\u00e3o se Esconde!<\/strong><\/h2>\n<p>&nbsp;<\/p>\n<p><a href=\"http:\/\/museuhistoricobpp.com.br\/index.php\/2020\/07\/06\/exposicao-virtual-cartografias-do-cotidiano-de-pelotas-diversidade-nao-se-esconde\/\"><img class=\"wp-image-226 aligncenter\" src=\"https:\/\/wp.ufpel.edu.br\/grupomargens\/files\/2021\/11\/1-3-400x400.jpg\" alt=\"\" width=\"645\" height=\"645\" srcset=\"https:\/\/wp.ufpel.edu.br\/grupomargens\/files\/2021\/11\/1-3-400x400.jpg 400w, https:\/\/wp.ufpel.edu.br\/grupomargens\/files\/2021\/11\/1-3-1024x1024.jpg 1024w, https:\/\/wp.ufpel.edu.br\/grupomargens\/files\/2021\/11\/1-3-200x200.jpg 200w, https:\/\/wp.ufpel.edu.br\/grupomargens\/files\/2021\/11\/1-3-768x768.jpg 768w, https:\/\/wp.ufpel.edu.br\/grupomargens\/files\/2021\/11\/1-3.jpg 1080w\" sizes=\"(max-width: 645px) 100vw, 645px\" \/><\/a><\/p>\n<p>&nbsp;<\/p>\n<p style=\"text-align: justify\">A exposi\u00e7\u00e3o \u201cCartografias do Cotidiano de Pelotas, diversidade n\u00e3o se esconde\u201d vem mostrar cartografias diferentes das que geralmente vemos. Os nossos mapas n\u00e3o s\u00e3o aqueles que vemos na escola! Os mapas que apresentaremos trazem as viv\u00eancias de diversos grupos que habitam Pelotas, como das trabalhadoras sexuais, das comunidades de religi\u00f5es de matrizes africanas e das pessoas que moram no Passo dos Negros. Mostram suas vis\u00f5es de mundo, narrativas, seus trajetos pela cidade e lugares que s\u00e3o importantes para cada grupo. Contam uma outra hist\u00f3ria, que n\u00e3o aquela da \u00e9poca do charque, mas de travestis, pessoas negras, da periferia e trabalhadores e trabalhadoras, que foram e s\u00e3o importantes na forma\u00e7\u00e3o da cidade. Estas cartografias podem ser em desenhos, v\u00eddeos, ilustra\u00e7\u00f5es, fotografias, colagens e relatos. Venha cartografar conosco!<\/p>\n<p>&nbsp;<\/p>\n<p><strong>Clique na imagem e confira essa exposi\u00e7\u00e3o!<\/strong><\/p>\n<p>&nbsp;<\/p>\n<p>&nbsp;<\/p>\n<p>&nbsp;<\/p>\n<p>&nbsp;<\/p>\n<p>&nbsp;<\/p>\n<p>&nbsp;<\/p>\n<h3><\/h3>\n","protected":false},"excerpt":{"rendered":"<p>Exposi\u00e7\u00e3o Virtual: Cartografias do Cotidiano de Pelotas, diversidade n\u00e3o se Esconde! &nbsp; &nbsp; A exposi\u00e7\u00e3o \u201cCartografias do Cotidiano de Pelotas, diversidade n\u00e3o se esconde\u201d vem mostrar cartografias diferentes das que geralmente vemos. Os nossos mapas n\u00e3o s\u00e3o aqueles que vemos na escola! Os mapas que apresentaremos trazem as viv\u00eancias de diversos grupos que habitam Pelotas, [&hellip;]<\/p>\n","protected":false},"author":1196,"featured_media":0,"parent":0,"menu_order":0,"comment_status":"closed","ping_status":"closed","template":"","meta":{"footnotes":""},"class_list":["post-218","page","type-page","status-publish","hentry"],"jetpack_sharing_enabled":true,"_links":{"self":[{"href":"https:\/\/wp.ufpel.edu.br\/grupomargens\/wp-json\/wp\/v2\/pages\/218","targetHints":{"allow":["GET"]}}],"collection":[{"href":"https:\/\/wp.ufpel.edu.br\/grupomargens\/wp-json\/wp\/v2\/pages"}],"about":[{"href":"https:\/\/wp.ufpel.edu.br\/grupomargens\/wp-json\/wp\/v2\/types\/page"}],"author":[{"embeddable":true,"href":"https:\/\/wp.ufpel.edu.br\/grupomargens\/wp-json\/wp\/v2\/users\/1196"}],"replies":[{"embeddable":true,"href":"https:\/\/wp.ufpel.edu.br\/grupomargens\/wp-json\/wp\/v2\/comments?post=218"}],"version-history":[{"count":3,"href":"https:\/\/wp.ufpel.edu.br\/grupomargens\/wp-json\/wp\/v2\/pages\/218\/revisions"}],"predecessor-version":[{"id":237,"href":"https:\/\/wp.ufpel.edu.br\/grupomargens\/wp-json\/wp\/v2\/pages\/218\/revisions\/237"}],"wp:attachment":[{"href":"https:\/\/wp.ufpel.edu.br\/grupomargens\/wp-json\/wp\/v2\/media?parent=218"}],"curies":[{"name":"wp","href":"https:\/\/api.w.org\/{rel}","templated":true}]}}