{"id":193,"date":"2021-11-11T02:14:55","date_gmt":"2021-11-11T05:14:55","guid":{"rendered":"https:\/\/wp.ufpel.edu.br\/grupomargens\/?page_id=193"},"modified":"2021-11-12T11:06:18","modified_gmt":"2021-11-12T14:06:18","slug":"edicoes-online","status":"publish","type":"page","link":"https:\/\/wp.ufpel.edu.br\/grupomargens\/edicoes-online\/","title":{"rendered":"5\u00ba CT 2021"},"content":{"rendered":"<p>O Cidades em Transe j\u00e1 contou com duas edi\u00e7\u00f5es online com a participa\u00e7\u00e3o de dezenas de palestrantes, centenas de pessoas inscritas, milhares de reprodu\u00e7\u00f5es no YouTube e compartilhamentos nas Redes Sociais.<\/p>\n<p>Clique nas imagens para acessar os sites de cada edi\u00e7\u00e3o!<\/p>\n<p>Tamb\u00e9m Acompanhe as atividades do evento pelo nosso canal do <strong><a href=\"https:\/\/www.youtube.com\/channel\/UCxyqV98tIDXczIZYIePF_5Q\">YouTube!<\/a><\/strong><\/p>\n<p>&nbsp;<\/p>\n<p style=\"text-align: center\"><strong>ANO DE 2021 | CIDADES EM TRANSE: PATRIM\u00d4NIOS, CONFLITOS E CONTRANARRATIVAS URBANAS<\/strong><\/p>\n<p><a href=\"https:\/\/cidadesemtranse.wixsite.com\/contranarrativas\"><img class=\"wp-image-200 aligncenter\" src=\"https:\/\/wp.ufpel.edu.br\/grupomargens\/files\/2021\/11\/Inserir-um-subtitulo-400x191.jpg\" alt=\"\" width=\"711\" height=\"340\" srcset=\"https:\/\/wp.ufpel.edu.br\/grupomargens\/files\/2021\/11\/Inserir-um-subtitulo-400x191.jpg 400w, https:\/\/wp.ufpel.edu.br\/grupomargens\/files\/2021\/11\/Inserir-um-subtitulo-768x366.jpg 768w, https:\/\/wp.ufpel.edu.br\/grupomargens\/files\/2021\/11\/Inserir-um-subtitulo.jpg 980w\" sizes=\"(max-width: 711px) 100vw, 711px\" \/><\/a><\/p>\n<p>&nbsp;<\/p>\n<p class=\"font_8\" style=\"text-align: justify\">O Cidades em Transe: Patrim\u00f4nios, Conflitos e Contranarrativas urbanas trouxe discuss\u00f5es sobre patrim\u00f4nio de forma a desconstruir dicotomias vinculadas a este conceito como: natureza x cultura, material x imaterial, popular x erudito. De forma a tra\u00e7ar estrat\u00e9gias para pensar a deselitiza\u00e7\u00e3o do patrim\u00f4nio, a partir da inser\u00e7\u00e3o de narrativas de grupos em processos de exclus\u00e3o que foram\/s\u00e3o invisibilizados na sele\u00e7\u00e3o de patrim\u00f4nios.<\/p>\n<p class=\"font_8\" style=\"text-align: justify\">O evento ocorreu de 16 a 20 de agosto de 2021 e se somou \u00e0s comemora\u00e7\u00f5es do Dia do Patrim\u00f4nio de Pelotas-RS. O formato foi em lives, oficinas, exposi\u00e7\u00e3o de artes e publica\u00e7\u00e3o de p\u00f4steres.<\/p>\n<p class=\"font_8\">CLIQUE NA IMAGEM ACIMA PARA ACESSAR O SITE!<\/p>\n","protected":false},"excerpt":{"rendered":"<p>O Cidades em Transe j\u00e1 contou com duas edi\u00e7\u00f5es online com a participa\u00e7\u00e3o de dezenas de palestrantes, centenas de pessoas inscritas, milhares de reprodu\u00e7\u00f5es no YouTube e compartilhamentos nas Redes Sociais. Clique nas imagens para acessar os sites de cada edi\u00e7\u00e3o! Tamb\u00e9m Acompanhe as atividades do evento pelo nosso canal do YouTube! &nbsp; ANO DE [&hellip;]<\/p>\n","protected":false},"author":1196,"featured_media":0,"parent":0,"menu_order":0,"comment_status":"closed","ping_status":"closed","template":"","meta":{"footnotes":""},"class_list":["post-193","page","type-page","status-publish","hentry"],"jetpack_sharing_enabled":true,"_links":{"self":[{"href":"https:\/\/wp.ufpel.edu.br\/grupomargens\/wp-json\/wp\/v2\/pages\/193","targetHints":{"allow":["GET"]}}],"collection":[{"href":"https:\/\/wp.ufpel.edu.br\/grupomargens\/wp-json\/wp\/v2\/pages"}],"about":[{"href":"https:\/\/wp.ufpel.edu.br\/grupomargens\/wp-json\/wp\/v2\/types\/page"}],"author":[{"embeddable":true,"href":"https:\/\/wp.ufpel.edu.br\/grupomargens\/wp-json\/wp\/v2\/users\/1196"}],"replies":[{"embeddable":true,"href":"https:\/\/wp.ufpel.edu.br\/grupomargens\/wp-json\/wp\/v2\/comments?post=193"}],"version-history":[{"count":6,"href":"https:\/\/wp.ufpel.edu.br\/grupomargens\/wp-json\/wp\/v2\/pages\/193\/revisions"}],"predecessor-version":[{"id":353,"href":"https:\/\/wp.ufpel.edu.br\/grupomargens\/wp-json\/wp\/v2\/pages\/193\/revisions\/353"}],"wp:attachment":[{"href":"https:\/\/wp.ufpel.edu.br\/grupomargens\/wp-json\/wp\/v2\/media?parent=193"}],"curies":[{"name":"wp","href":"https:\/\/api.w.org\/{rel}","templated":true}]}}