{"id":19,"date":"2021-11-10T21:11:18","date_gmt":"2021-11-11T00:11:18","guid":{"rendered":"https:\/\/wp.ufpel.edu.br\/grupomargens\/?page_id=19"},"modified":"2021-11-11T11:25:43","modified_gmt":"2021-11-11T14:25:43","slug":"grupo-de-pesquisa","status":"publish","type":"page","link":"https:\/\/wp.ufpel.edu.br\/grupomargens\/grupo-de-pesquisa\/","title":{"rendered":"Margens"},"content":{"rendered":"<p>EM CONSTRU\u00c7\u00c3O<\/p>\n<p>Ol\u00e1 a todes! Esse site funciona como um instrumento de divulga\u00e7\u00e3o das a\u00e7\u00f5es, produ\u00e7\u00f5es e outros materiais produzidos pela equipe do Grupo de Pesquisa Margens. A p\u00e1gina tamb\u00e9m funciona como um reposit\u00f3rio, reunindo informa\u00e7\u00f5es sobre nossa atua\u00e7\u00e3o ao longo dos anos.<\/p>\n<p>Espelho no Diret\u00f3rio dos Grupos de Pesquisa no Brasil CNPQ: <a href=\"http:\/\/dgp.cnpq.br\/dgp\/espelhogrupo\/0662893601442492\">dgp.cnpq.br\/dgp\/espelhogrupo\/0662893601442492<\/a><\/p>\n","protected":false},"excerpt":{"rendered":"<p>EM CONSTRU\u00c7\u00c3O Ol\u00e1 a todes! Esse site funciona como um instrumento de divulga\u00e7\u00e3o das a\u00e7\u00f5es, produ\u00e7\u00f5es e outros materiais produzidos pela equipe do Grupo de Pesquisa Margens. A p\u00e1gina tamb\u00e9m funciona como um reposit\u00f3rio, reunindo informa\u00e7\u00f5es sobre nossa atua\u00e7\u00e3o ao longo dos anos. Espelho no Diret\u00f3rio dos Grupos de Pesquisa no Brasil CNPQ: dgp.cnpq.br\/dgp\/espelhogrupo\/0662893601442492<\/p>\n","protected":false},"author":1196,"featured_media":0,"parent":0,"menu_order":0,"comment_status":"closed","ping_status":"closed","template":"","meta":{"footnotes":""},"class_list":["post-19","page","type-page","status-publish","hentry"],"jetpack_sharing_enabled":true,"_links":{"self":[{"href":"https:\/\/wp.ufpel.edu.br\/grupomargens\/wp-json\/wp\/v2\/pages\/19","targetHints":{"allow":["GET"]}}],"collection":[{"href":"https:\/\/wp.ufpel.edu.br\/grupomargens\/wp-json\/wp\/v2\/pages"}],"about":[{"href":"https:\/\/wp.ufpel.edu.br\/grupomargens\/wp-json\/wp\/v2\/types\/page"}],"author":[{"embeddable":true,"href":"https:\/\/wp.ufpel.edu.br\/grupomargens\/wp-json\/wp\/v2\/users\/1196"}],"replies":[{"embeddable":true,"href":"https:\/\/wp.ufpel.edu.br\/grupomargens\/wp-json\/wp\/v2\/comments?post=19"}],"version-history":[{"count":6,"href":"https:\/\/wp.ufpel.edu.br\/grupomargens\/wp-json\/wp\/v2\/pages\/19\/revisions"}],"predecessor-version":[{"id":279,"href":"https:\/\/wp.ufpel.edu.br\/grupomargens\/wp-json\/wp\/v2\/pages\/19\/revisions\/279"}],"wp:attachment":[{"href":"https:\/\/wp.ufpel.edu.br\/grupomargens\/wp-json\/wp\/v2\/media?parent=19"}],"curies":[{"name":"wp","href":"https:\/\/api.w.org\/{rel}","templated":true}]}}