{"id":166,"date":"2021-11-11T00:58:23","date_gmt":"2021-11-11T03:58:23","guid":{"rendered":"https:\/\/wp.ufpel.edu.br\/grupomargens\/?page_id=166"},"modified":"2021-11-11T00:58:23","modified_gmt":"2021-11-11T03:58:23","slug":"conflitos-cidades-que-constroem-a-cidade","status":"publish","type":"page","link":"https:\/\/wp.ufpel.edu.br\/grupomargens\/conflitos-cidades-que-constroem-a-cidade\/","title":{"rendered":"Conflitos: Cidades que Constroem a Cidade"},"content":{"rendered":"<p style=\"text-align: center\"><strong>CONFLITOS: CIDADES QUE CONSTROEM A CIDADE (2020)<\/strong><\/p>\n<p><a href=\"https:\/\/wp.ufpel.edu.br\/margens\/conflitos\/\"><img class=\" wp-image-168 aligncenter\" src=\"https:\/\/wp.ufpel.edu.br\/grupomargens\/files\/2021\/11\/011MARG20-Header-Conflitos1-1536x278-1-400x72.png\" alt=\"\" width=\"980\" height=\"178\" srcset=\"https:\/\/wp.ufpel.edu.br\/grupomargens\/files\/2021\/11\/011MARG20-Header-Conflitos1-1536x278-1-400x72.png 400w, https:\/\/wp.ufpel.edu.br\/grupomargens\/files\/2021\/11\/011MARG20-Header-Conflitos1-1536x278-1-1024x185.png 1024w, https:\/\/wp.ufpel.edu.br\/grupomargens\/files\/2021\/11\/011MARG20-Header-Conflitos1-1536x278-1-768x139.png 768w, https:\/\/wp.ufpel.edu.br\/grupomargens\/files\/2021\/11\/011MARG20-Header-Conflitos1-1536x278-1.png 1536w\" sizes=\"(max-width: 980px) 100vw, 980px\" \/><\/a><\/p>\n<p>A exposi\u00e7\u00e3o\u00a0<strong><i>Conflitos: cidades que constroem a cidade<\/i><\/strong>\u00a0surge em uma parceria entre o\u00a0<a href=\"https:\/\/www.facebook.com\/LaboratorioDeEstudosUrbanosERegionaisleurUfPel\/\" target=\"_blank\" rel=\"noopener noreferrer\"><em>Laborat\u00f3rio de Estudos Urbanos e Regionais \u2013 LEUR<\/em><\/a>\u00a0e o\u00a0<a href=\"https:\/\/www.facebook.com\/geeurbano\" target=\"_blank\" rel=\"noopener noreferrer\"><em>Grupo de Estudos Etnogr\u00e1ficos Urbanos \u2013 GEEUR<\/em><\/a>, por meio do projeto de pesquisa\u00a0<i>Margens: Grupos em processos de exclus\u00e3o e suas formas de habitar Pelotas<\/i>.<\/p>\n<p style=\"text-align: center\"><strong>Mas ser\u00e1 que se restringe somente a estas defini\u00e7\u00f5es?<\/strong><\/p>\n<p style=\"text-align: center\"><strong>Ser\u00e1 que n\u00e3o pode ser uma palavra adjetivada?<\/strong><\/p>\n<p style=\"text-align: center\"><strong>Ser\u00e1 que o conflito \u00e9 sempre masculino?<\/strong><\/p>\n<p>Questionamentos como estes foram levantados na disciplina intitulada\u00a0<i>Antropologia em contextos de conflitos<\/i>, ofertada de forma optativa ao Bacharelado em Antropologia e \u00e0 P\u00f3s Gradua\u00e7\u00e3o em Antropologia e Arqueologia na Universidade Federal de Pelotas (UFPel), ministrada pela Prof\u00aa Louise Prado Alfonso. A turma foi formada por estudantes da geografia, arquitetura, antropologia, arqueologia e turismo, da p\u00f3s-gradua\u00e7\u00e3o e da gradua\u00e7\u00e3o, o que propiciou debates multidisciplinares, a partir de diferentes olhares.<\/p>\n<p>&nbsp;<\/p>\n<p>CLIQUE NA IMAGEM E CONHE\u00c7A!<\/p>\n","protected":false},"excerpt":{"rendered":"<p>CONFLITOS: CIDADES QUE CONSTROEM A CIDADE (2020) A exposi\u00e7\u00e3o\u00a0Conflitos: cidades que constroem a cidade\u00a0surge em uma parceria entre o\u00a0Laborat\u00f3rio de Estudos Urbanos e Regionais \u2013 LEUR\u00a0e o\u00a0Grupo de Estudos Etnogr\u00e1ficos Urbanos \u2013 GEEUR, por meio do projeto de pesquisa\u00a0Margens: Grupos em processos de exclus\u00e3o e suas formas de habitar Pelotas. Mas ser\u00e1 que se restringe [&hellip;]<\/p>\n","protected":false},"author":1196,"featured_media":0,"parent":0,"menu_order":0,"comment_status":"closed","ping_status":"closed","template":"","meta":{"footnotes":""},"class_list":["post-166","page","type-page","status-publish","hentry"],"jetpack_sharing_enabled":true,"_links":{"self":[{"href":"https:\/\/wp.ufpel.edu.br\/grupomargens\/wp-json\/wp\/v2\/pages\/166","targetHints":{"allow":["GET"]}}],"collection":[{"href":"https:\/\/wp.ufpel.edu.br\/grupomargens\/wp-json\/wp\/v2\/pages"}],"about":[{"href":"https:\/\/wp.ufpel.edu.br\/grupomargens\/wp-json\/wp\/v2\/types\/page"}],"author":[{"embeddable":true,"href":"https:\/\/wp.ufpel.edu.br\/grupomargens\/wp-json\/wp\/v2\/users\/1196"}],"replies":[{"embeddable":true,"href":"https:\/\/wp.ufpel.edu.br\/grupomargens\/wp-json\/wp\/v2\/comments?post=166"}],"version-history":[{"count":1,"href":"https:\/\/wp.ufpel.edu.br\/grupomargens\/wp-json\/wp\/v2\/pages\/166\/revisions"}],"predecessor-version":[{"id":170,"href":"https:\/\/wp.ufpel.edu.br\/grupomargens\/wp-json\/wp\/v2\/pages\/166\/revisions\/170"}],"wp:attachment":[{"href":"https:\/\/wp.ufpel.edu.br\/grupomargens\/wp-json\/wp\/v2\/media?parent=166"}],"curies":[{"name":"wp","href":"https:\/\/api.w.org\/{rel}","templated":true}]}}