{"id":162,"date":"2021-11-11T00:55:32","date_gmt":"2021-11-11T03:55:32","guid":{"rendered":"https:\/\/wp.ufpel.edu.br\/grupomargens\/?page_id=162"},"modified":"2021-11-11T00:58:38","modified_gmt":"2021-11-11T03:58:38","slug":"patrimonios-invisibilizados-2021","status":"publish","type":"page","link":"https:\/\/wp.ufpel.edu.br\/grupomargens\/patrimonios-invisibilizados-2021\/","title":{"rendered":"Patrim\u00f4nios Invisibilizados 2020"},"content":{"rendered":"<p style=\"text-align: center\"><strong>EXPOSI\u00c7\u00c3O DIGITAL PATRIM\u00d4NIOS INVISIBILIZADOS: PARA AL\u00c9M DOS CASAR\u00d5ES QUINDINS E CHARQUEADAS (2020)<\/strong><\/p>\n<p><a href=\"https:\/\/wp.ufpel.edu.br\/margens\/\"><img class=\"alignnone size-medium wp-image-159 aligncenter\" src=\"https:\/\/wp.ufpel.edu.br\/grupomargens\/files\/2021\/11\/Post-1-Primeira-semana-400x400.png\" alt=\"\" width=\"400\" height=\"400\" srcset=\"https:\/\/wp.ufpel.edu.br\/grupomargens\/files\/2021\/11\/Post-1-Primeira-semana-400x400.png 400w, https:\/\/wp.ufpel.edu.br\/grupomargens\/files\/2021\/11\/Post-1-Primeira-semana-1024x1024.png 1024w, https:\/\/wp.ufpel.edu.br\/grupomargens\/files\/2021\/11\/Post-1-Primeira-semana-200x200.png 200w, https:\/\/wp.ufpel.edu.br\/grupomargens\/files\/2021\/11\/Post-1-Primeira-semana-768x768.png 768w, https:\/\/wp.ufpel.edu.br\/grupomargens\/files\/2021\/11\/Post-1-Primeira-semana.png 1080w\" sizes=\"(max-width: 400px) 100vw, 400px\" \/><\/a><\/p>\n<p>A exposi\u00e7\u00e3o\u00a0<i>Patrim\u00f4nios Invisibilizados: Para Al\u00e9m dos Casar\u00f5es, Quindins e Charqueadas<\/i>\u00a0\u00e9 concebida pelo projeto de pesquisa\u00a0<i><strong>Margens<\/strong>: Grupos em Processos de Exclus\u00e3o e suas Formas de Habitar Pelotas\/RS\u00a0<\/i>em parceria com a Bibliotheca P\u00fablica de Pelotas.<\/p>\n<p>Nessa exposi\u00e7\u00e3o digital queremos te apresentar diferentes grupos que habitam a cidade de Pelotas\/RS e que a constroem diariamente,\u00a0<strong>valorizando patrim\u00f4nios n\u00e3o oficiais<\/strong>.<\/p>\n<p>Pelotas \u00e9 conhecida pelas suas charqueadas e casar\u00f5es antigos, que contam uma hist\u00f3ria \u00fanica e excludente da constru\u00e7\u00e3o da cidade. J\u00e1 aqui,\u00a0<strong>as narrativas s\u00e3o das periferias, comunidades negras, mulheres, da comunidade LGBTQIA+ e de trabalhadoras sexuais.<\/strong>\u00a0Te apresentamos uma cidade vivida, a partir de fotografias, v\u00eddeos, m\u00fasicas, desenhos, colagens, entre outras narrativas dos pr\u00f3prios grupos.<\/p>\n<p>Pelas abas desta exposi\u00e7\u00e3o, voc\u00ea ir\u00e1 transitar por uma cidade\u00a0constru\u00edda por e para todas\/os\/es.\u00a0Uma cidade movimento, que pulsa, vibra e \u00e9 m\u00faltipla.<\/p>\n<p>CLIQUE NA IMAGEM E CONHE\u00c7A!<\/p>\n","protected":false},"excerpt":{"rendered":"<p>EXPOSI\u00c7\u00c3O DIGITAL PATRIM\u00d4NIOS INVISIBILIZADOS: PARA AL\u00c9M DOS CASAR\u00d5ES QUINDINS E CHARQUEADAS (2020) A exposi\u00e7\u00e3o\u00a0Patrim\u00f4nios Invisibilizados: Para Al\u00e9m dos Casar\u00f5es, Quindins e Charqueadas\u00a0\u00e9 concebida pelo projeto de pesquisa\u00a0Margens: Grupos em Processos de Exclus\u00e3o e suas Formas de Habitar Pelotas\/RS\u00a0em parceria com a Bibliotheca P\u00fablica de Pelotas. Nessa exposi\u00e7\u00e3o digital queremos te apresentar diferentes grupos que habitam [&hellip;]<\/p>\n","protected":false},"author":1196,"featured_media":0,"parent":0,"menu_order":0,"comment_status":"closed","ping_status":"closed","template":"","meta":{"footnotes":""},"class_list":["post-162","page","type-page","status-publish","hentry"],"jetpack_sharing_enabled":true,"_links":{"self":[{"href":"https:\/\/wp.ufpel.edu.br\/grupomargens\/wp-json\/wp\/v2\/pages\/162","targetHints":{"allow":["GET"]}}],"collection":[{"href":"https:\/\/wp.ufpel.edu.br\/grupomargens\/wp-json\/wp\/v2\/pages"}],"about":[{"href":"https:\/\/wp.ufpel.edu.br\/grupomargens\/wp-json\/wp\/v2\/types\/page"}],"author":[{"embeddable":true,"href":"https:\/\/wp.ufpel.edu.br\/grupomargens\/wp-json\/wp\/v2\/users\/1196"}],"replies":[{"embeddable":true,"href":"https:\/\/wp.ufpel.edu.br\/grupomargens\/wp-json\/wp\/v2\/comments?post=162"}],"version-history":[{"count":2,"href":"https:\/\/wp.ufpel.edu.br\/grupomargens\/wp-json\/wp\/v2\/pages\/162\/revisions"}],"predecessor-version":[{"id":171,"href":"https:\/\/wp.ufpel.edu.br\/grupomargens\/wp-json\/wp\/v2\/pages\/162\/revisions\/171"}],"wp:attachment":[{"href":"https:\/\/wp.ufpel.edu.br\/grupomargens\/wp-json\/wp\/v2\/media?parent=162"}],"curies":[{"name":"wp","href":"https:\/\/api.w.org\/{rel}","templated":true}]}}