{"id":132,"date":"2021-11-10T23:59:48","date_gmt":"2021-11-11T02:59:48","guid":{"rendered":"https:\/\/wp.ufpel.edu.br\/grupomargens\/?page_id=132"},"modified":"2022-08-09T17:26:46","modified_gmt":"2022-08-09T20:26:46","slug":"relatorio-tecnicos","status":"publish","type":"page","link":"https:\/\/wp.ufpel.edu.br\/grupomargens\/relatorio-tecnicos\/","title":{"rendered":"Relat\u00f3rios T\u00e9cnicos"},"content":{"rendered":"<p>Disponibilizamos os relat\u00f3rios produzidos pelo grupo desde relat\u00f3rios anuais dos projetos de extens\u00e3o a relat\u00f3rios de a\u00e7\u00f5es espec\u00edficas desenvolvidas:<\/p>\n<p>&nbsp;<\/p>\n<p><em>Projeto de Extens\u00e3o Mapeando a Noite: O Universo Travesti<\/em><\/p>\n<ul>\n<li>Relat\u00f3rio Anual Mapeando a Noite 2018<\/li>\n<li>Relat\u00f3rio Anual Mapeando a Noite 2019<\/li>\n<li>Relat\u00f3rio Anual Mapeando a Noite 2020<\/li>\n<li>Relat\u00f3rio Anual Mapeando a Noite 2021<\/li>\n<\/ul>\n<p>&nbsp;<\/p>\n<p><em>Projeto de Extens\u00e3o Narrativas do Passo dos Negros: Exerc\u00edcio de Etnografia Coletiva para Antrop\u00f3logos\/as em Forma\u00e7\u00e3o<\/em><\/p>\n<ul>\n<li>Relat\u00f3rio Anual Narrativas do Passo dos Negros 2016<\/li>\n<li>Relat\u00f3rio Anual Narrativas do Passo dos Negros 2017<\/li>\n<li>Relat\u00f3rio Anual Narrativas do Passo dos Negros 2018<\/li>\n<li>Relat\u00f3rio Anual Narrativas do Passo dos Negros 2019<\/li>\n<li>Relat\u00f3rio Anual Narrativas do Passo dos Negros 2020<\/li>\n<li>Relat\u00f3rio Anual Narrativas do Passo dos Negros 2021 (em produ\u00e7\u00e3o)<\/li>\n<li>Dossi\u00ea pela Pela Patrimonializa\u00e7\u00e3o do Passo dos Negros (2019)<\/li>\n<\/ul>\n<p>&nbsp;<\/p>\n<p><em>Projeto de Extens\u00e3o Terra de Santo: Patrimonializa\u00e7\u00e3o de Terreiro em Pelotas<\/em><\/p>\n<ul>\n<li>Relat\u00f3rio Anual Terra de Santo 2017<\/li>\n<li>Relat\u00f3rio Anual Terra de Santo 2018<\/li>\n<li>Relat\u00f3rio Anual Terra de Santo 2019<\/li>\n<li>Relat\u00f3rio Anual Terra de Santo 2020<\/li>\n<li>Relat\u00f3rio Anual Terra de Santo 2021 (em produ\u00e7\u00e3o)<\/li>\n<li>Dossi\u00ea de Pedido de Reconhecimento da Comunidade Tradicional de Terreiro Caboclo Rompe Mato Ile Ax\u00e9 Xang\u00f4 e Oxal\u00e1 (CBTT), Pelotas\/RS (2019)<\/li>\n<\/ul>\n<p>&nbsp;<\/p>\n<p><em>Cidades em Transe<\/em><\/p>\n<ul>\n<li>Cidades em Transe e a Pluralidade do Morar (2020)<\/li>\n<li><a href=\"https:\/\/drive.google.com\/file\/d\/1O7srfH4VK1rSNsCJK1DrqDTGgT5TKUKN\/view?usp=sharing\">Pr\u00e9-Cidades em Transe (2021)<\/a><\/li>\n<li><a href=\"https:\/\/drive.google.com\/file\/d\/1ms5rmF7q-OHyZIAbVapptHGHPQs15bAn\/view?usp=sharing\">Cidades em Transe: Patrim\u00f4nios, Conflitos e Contranarrativas Urbanas<\/a> (2021)<\/li>\n<\/ul>\n<p>&nbsp;<\/p>\n<p><em>Cursos, minicursos e a\u00e7\u00f5es<\/em><\/p>\n<ul>\n<li>Curso de Forma\u00e7\u00e3o Docente Negritudes (2020)<\/li>\n<li>Curso de Forma\u00e7\u00e3o LGBTQIA+ (2020)<\/li>\n<li>Exposi\u00e7\u00e3o Patrim\u00f4nios Invisibilizados: Para Al\u00e9m dos Casar\u00f5es Quindins e Charqueadas (2020)<\/li>\n<li><a href=\"https:\/\/drive.google.com\/file\/d\/18v9Pm3bjWBWwecmJ31sxs3vDHESy9tqJ\/view?usp=sharing\">Minicurso Pelas Margens Tamb\u00e9m Contam-se Hist\u00f3rias:<\/a> (2021)<\/li>\n<li><a href=\"https:\/\/drive.google.com\/file\/d\/1Fpj2taWkeX5UIcDOh5_ugAzRbH-vvML2\/view?usp=sharing\">Workshop Sexualidade em Rede<\/a> (2021)<\/li>\n<li>Relat\u00f3rio Parceria Projeto de Extens\u00e3o Terra de Santo e NEABI\/Col\u00e9gio Pelotense (2022)<\/li>\n<\/ul>\n","protected":false},"excerpt":{"rendered":"<p>Disponibilizamos os relat\u00f3rios produzidos pelo grupo desde relat\u00f3rios anuais dos projetos de extens\u00e3o a relat\u00f3rios de a\u00e7\u00f5es espec\u00edficas desenvolvidas: &nbsp; Projeto de Extens\u00e3o Mapeando a Noite: O Universo Travesti Relat\u00f3rio Anual Mapeando a Noite 2018 Relat\u00f3rio Anual Mapeando a Noite 2019 Relat\u00f3rio Anual Mapeando a Noite 2020 Relat\u00f3rio Anual Mapeando a Noite 2021 &nbsp; Projeto [&hellip;]<\/p>\n","protected":false},"author":1196,"featured_media":0,"parent":0,"menu_order":0,"comment_status":"closed","ping_status":"closed","template":"","meta":{"footnotes":""},"class_list":["post-132","page","type-page","status-publish","hentry"],"jetpack_sharing_enabled":true,"_links":{"self":[{"href":"https:\/\/wp.ufpel.edu.br\/grupomargens\/wp-json\/wp\/v2\/pages\/132","targetHints":{"allow":["GET"]}}],"collection":[{"href":"https:\/\/wp.ufpel.edu.br\/grupomargens\/wp-json\/wp\/v2\/pages"}],"about":[{"href":"https:\/\/wp.ufpel.edu.br\/grupomargens\/wp-json\/wp\/v2\/types\/page"}],"author":[{"embeddable":true,"href":"https:\/\/wp.ufpel.edu.br\/grupomargens\/wp-json\/wp\/v2\/users\/1196"}],"replies":[{"embeddable":true,"href":"https:\/\/wp.ufpel.edu.br\/grupomargens\/wp-json\/wp\/v2\/comments?post=132"}],"version-history":[{"count":9,"href":"https:\/\/wp.ufpel.edu.br\/grupomargens\/wp-json\/wp\/v2\/pages\/132\/revisions"}],"predecessor-version":[{"id":578,"href":"https:\/\/wp.ufpel.edu.br\/grupomargens\/wp-json\/wp\/v2\/pages\/132\/revisions\/578"}],"wp:attachment":[{"href":"https:\/\/wp.ufpel.edu.br\/grupomargens\/wp-json\/wp\/v2\/media?parent=132"}],"curies":[{"name":"wp","href":"https:\/\/api.w.org\/{rel}","templated":true}]}}