{"id":111,"date":"2021-11-10T22:54:20","date_gmt":"2021-11-11T01:54:20","guid":{"rendered":"https:\/\/wp.ufpel.edu.br\/grupomargens\/?page_id=111"},"modified":"2021-11-11T11:16:08","modified_gmt":"2021-11-11T14:16:08","slug":"terra-de-santo","status":"publish","type":"page","link":"https:\/\/wp.ufpel.edu.br\/grupomargens\/terra-de-santo\/","title":{"rendered":"Terra de Santo"},"content":{"rendered":"<p style=\"text-align: center\">PROJETO DE EXTENS\u00c3O TERRA DE SANTO: PATRIMONIALIZA\u00c7\u00c3O DE TERREIRO EM PELOTAS<\/p>\n","protected":false},"excerpt":{"rendered":"<p>PROJETO DE EXTENS\u00c3O TERRA DE SANTO: PATRIMONIALIZA\u00c7\u00c3O DE TERREIRO EM PELOTAS<\/p>\n","protected":false},"author":1196,"featured_media":0,"parent":0,"menu_order":0,"comment_status":"closed","ping_status":"closed","template":"","meta":{"footnotes":""},"class_list":["post-111","page","type-page","status-publish","hentry"],"jetpack_sharing_enabled":true,"_links":{"self":[{"href":"https:\/\/wp.ufpel.edu.br\/grupomargens\/wp-json\/wp\/v2\/pages\/111","targetHints":{"allow":["GET"]}}],"collection":[{"href":"https:\/\/wp.ufpel.edu.br\/grupomargens\/wp-json\/wp\/v2\/pages"}],"about":[{"href":"https:\/\/wp.ufpel.edu.br\/grupomargens\/wp-json\/wp\/v2\/types\/page"}],"author":[{"embeddable":true,"href":"https:\/\/wp.ufpel.edu.br\/grupomargens\/wp-json\/wp\/v2\/users\/1196"}],"replies":[{"embeddable":true,"href":"https:\/\/wp.ufpel.edu.br\/grupomargens\/wp-json\/wp\/v2\/comments?post=111"}],"version-history":[{"count":2,"href":"https:\/\/wp.ufpel.edu.br\/grupomargens\/wp-json\/wp\/v2\/pages\/111\/revisions"}],"predecessor-version":[{"id":274,"href":"https:\/\/wp.ufpel.edu.br\/grupomargens\/wp-json\/wp\/v2\/pages\/111\/revisions\/274"}],"wp:attachment":[{"href":"https:\/\/wp.ufpel.edu.br\/grupomargens\/wp-json\/wp\/v2\/media?parent=111"}],"curies":[{"name":"wp","href":"https:\/\/api.w.org\/{rel}","templated":true}]}}