{"id":104,"date":"2021-11-10T22:49:13","date_gmt":"2021-11-11T01:49:13","guid":{"rendered":"https:\/\/wp.ufpel.edu.br\/grupomargens\/?page_id=104"},"modified":"2022-05-10T18:48:59","modified_gmt":"2022-05-10T21:48:59","slug":"equipe-4","status":"publish","type":"page","link":"https:\/\/wp.ufpel.edu.br\/grupomargens\/equipe-4\/","title":{"rendered":"Equipe"},"content":{"rendered":"<p style=\"text-align: justify;\"><strong>COORDENA\u00c7\u00c3O<\/strong><\/p>\n<p style=\"text-align: justify;\"><a href=\"http:\/\/lattes.cnpq.br\/8982373580780800\">Prof\u00aa Dr\u00aa Louise Prado Alfonso | Professora Adjunta do Departamento de Antropologia e Arqueologia (DAA\/UFPel)<\/a><\/p>\n<p>&nbsp;<\/p>\n<p style=\"text-align: justify;\"><strong>BOLSITAS<\/strong><\/p>\n<p style=\"text-align: justify;\">Lara E. Evangelista Nascen\u00e7a (Bolsista de Inicia\u00e7\u00e3o Cient\u00edfica CNPQ do Projeto de Pesquisa Margens)<\/p>\n<p>&nbsp;<\/p>\n<p style=\"text-align: justify;\"><strong>INTEGRANTES<\/strong><\/p>\n<p style=\"text-align: justify;\"><a href=\"http:\/\/lattes.cnpq.br\/2392265309427367\">Alice da Teixeira Concei\u00e7\u00e3o | Mestranda em Arquitetura e Urbanismo pela PROGRAU\/UFPel<\/a><\/p>\n<p><a href=\"http:\/\/lattes.cnpq.br\/6083331178955669\">Felipe Aur\u00e9lio Euz\u00e9bio | Mestrando em Antropologia no PPGA\/UFBA<\/a><\/p>\n<p><a href=\"http:\/\/lattes.cnpq.br\/6071776381676775\">Franciele Fraga Pereira | Mestra em Arquitetura e Urbanismo pelo PROGRAU\/UFPel<\/a><\/p>\n<p style=\"text-align: justify;\"><a href=\"http:\/\/lattes.cnpq.br\/5132109340956848\">Gabriela Pecantet Siqueira | Mestranda em Sociologia pelo PPGS\/UFPel<\/a><\/p>\n<p><a href=\"http:\/\/lattes.cnpq.br\/8401192753421650\">Jaqueline Santana Nascimento | Doutoranda em Antropologia com \u00e1rea de concentra\u00e7\u00e3o em Arqueologia no PPGAnt\/UFPel<\/a><\/p>\n<p><a href=\"http:\/\/lattes.cnpq.br\/3143771381239949\">Jo\u00e3o Mansur Neto | Mestrando em Antropologia no PPGAnt\/UFPel<\/a><\/p>\n<p style=\"text-align: justify;\"><a href=\"http:\/\/lattes.cnpq.br\/9424121508610115\">Ingrid Adrielle de Souza Freitas Santana | Doutoranda em Antropologia com \u00e1rea de concentra\u00e7\u00e3o em Arqueologia no\u00a0 PPGAnt\/UFPel<\/a><\/p>\n<p><a href=\"http:\/\/lattes.cnpq.br\/0933413705208135\">Leopoldine Radtke Bergmann | Mestranda em Antropologia no PPGAnt\/UFPel<\/a><\/p>\n<p><a href=\"http:\/\/lattes.cnpq.br\/0933413705208135\">Luiz Augusto Fonseca Duarte Junior | Estudante do Bacharelado em Antropologia da UFPel<\/a><\/p>\n<p style=\"text-align: justify;\"><a href=\"http:\/\/lattes.cnpq.br\/1024889508748143\">Marcela dos Santos Dode | Antrop\u00f3loga com \u00e1rea de concentra\u00e7\u00e3o em Arqueologia pela UFPel<\/a><\/p>\n<p style=\"text-align: justify;\"><a href=\"http:\/\/lattes.cnpq.br\/9248471429397247\">Marceli Teixeira dos Santos | <\/a><a href=\"http:\/\/lattes.cnpq.br\/2029042879870925\">Mestrando em Geografia no PPGeo\/UFPel<\/a><\/p>\n<p><a href=\"http:\/\/lattes.cnpq.br\/5173789743910882\">Marciele Antunes Caetano | Estudante do Bacharelado em Turismo da UFPel<\/a><\/p>\n<p>Marina Lopes da Fonseca | Mestranda em Antropologia com \u00e1rea de concentra\u00e7\u00e3o em Arqueologia no PPGAnt\/UFPel<\/p>\n<p style=\"text-align: justify;\"><a href=\"http:\/\/lattes.cnpq.br\/9759993965477777\">Martha Rodrigues Ferreira | Estudante do Bacharelado em Antropologia da UFPel<\/a><\/p>\n<p style=\"text-align: justify;\"><a href=\"http:\/\/lattes.cnpq.br\/7064288101951392\">Mateus Fernandes da Silva | <\/a><a href=\"http:\/\/lattes.cnpq.br\/9759993965477777\">Estudante do Bacharelado em Antropologia da UFPel<\/a><\/p>\n<p style=\"text-align: justify;\"><a href=\"http:\/\/lattes.cnpq.br\/0740944887296136\">Melina Monks da Silveira | Doutoranda em Antropologia no PPGAnt\/UFPel<\/a><\/p>\n<p style=\"text-align: justify;\"><a href=\"http:\/\/lattes.cnpq.br\/8427758171010005\">Newan Acacio Oliveira de Souza | Mestranda em Antropologia Social no PPGAS\/UFSC<\/a><\/p>\n<p style=\"text-align: justify;\"><a href=\"http:\/\/lattes.cnpq.br\/4809912327488939\">Pedro de Moura Alves<\/a><\/p>\n<p>Re Duarte | Estudante do Bacharelado em Turismo da UFPel<\/p>\n<p>Ricardo Pav\u00e9glio Sommer | Mestrando em Arquitetura e Urbanismo no PROGRAU\/UFPel<\/p>\n<p><a href=\"http:\/\/lattes.cnpq.br\/3000866002611962\">Tereza Cristina Barbosa Duarte | Doutoranda em Antropologia no PPGAnt\/UFPe<\/a>l<\/p>\n<p>Veridiana Machado Rosa Oliveira | Mestranda em Antropologia no PPGAnt\/UFPel<\/p>\n<p>&nbsp;<\/p>\n<p style=\"text-align: justify;\"><strong>PESSOAS COLABORADORAS<\/strong><\/p>\n<p><a href=\"http:\/\/lattes.cnpq.br\/1237287793080184\">Ana L\u00facia Costa de Oliveira | Professora da Faculdade de Arquitetura e Urbanismo (Faurb\/UFPel)<\/a><\/p>\n<p><a href=\"http:\/\/lattes.cnpq.br\/9898772098330665\">Daniel Vaz Lima | Doutor em Antropologia pelo PPGAnt\/UFPel<\/a><\/p>\n<p>Flavia Rieth | Professora do Departamento de Antropologia e Arqueologia (DAA\/UFPel)<\/p>\n<p><a href=\"http:\/\/lattes.cnpq.br\/3133830465182069\">Giovana Fagundes Luczinski | Professora Adjunta do curso de Psicologia da UFPel\u00a0<\/a><\/p>\n<p><a href=\"http:\/\/lattes.cnpq.br\/1475768199208184\">Guilherme Galdo Ruchaud | Doutorando em Arquitetura e Urbanismo no P\u00f3sARQ\/UFSC<\/a><\/p>\n<p style=\"text-align: justify;\"><a href=\"http:\/\/lattes.cnpq.br\/2198481823265902\">Jana\u00edna Vergas Rangel | Muse\u00f3loga da Bibliotheca P\u00fablica Pelotense<\/a><\/p>\n<p><a href=\"http:\/\/lattes.cnpq.br\/0045452727164092\">Juliana Figueira da Hora | Professora do Mestrado Interdisciplinar em Ci\u00eancias Humanas da Universidade de Santo Amaro (UNISA)<\/a><\/p>\n<p><a href=\"http:\/\/lattes.cnpq.br\/2096704131182642\">M\u00e1rcia Lika Hattori | Doutoranda em Estrategias Cient\u00edficas Interdisciplinarias en Patrimonio y Paisaje na Universidad del Pais Vasco, EHU, Espanha<\/a><\/p>\n<p><a href=\"http:\/\/lattes.cnpq.br\/0345201107628436\">Paulo Roberto Brum de Freitas | Mestre em Antropologia no PPGAnt\/UFPel<\/a><\/p>\n<p><a href=\"http:\/\/lattes.cnpq.br\/1468674627993198\">Violet Baudelaire Anzini | Mestranda em Arqueologia pelo PPGArq\/MN\/UFRJ<\/a><\/p>\n<p style=\"text-align: justify;\">\n","protected":false},"excerpt":{"rendered":"<p>COORDENA\u00c7\u00c3O Prof\u00aa Dr\u00aa Louise Prado Alfonso | Professora Adjunta do Departamento de Antropologia e Arqueologia (DAA\/UFPel) &nbsp; BOLSITAS Lara E. Evangelista Nascen\u00e7a (Bolsista de Inicia\u00e7\u00e3o Cient\u00edfica CNPQ do Projeto de Pesquisa Margens) &nbsp; INTEGRANTES Alice da Teixeira Concei\u00e7\u00e3o | Mestranda em Arquitetura e Urbanismo pela PROGRAU\/UFPel Felipe Aur\u00e9lio Euz\u00e9bio | Mestrando em Antropologia no PPGA\/UFBA [&hellip;]<\/p>\n","protected":false},"author":1196,"featured_media":0,"parent":0,"menu_order":0,"comment_status":"closed","ping_status":"closed","template":"","meta":{"footnotes":""},"class_list":["post-104","page","type-page","status-publish","hentry"],"jetpack_sharing_enabled":true,"_links":{"self":[{"href":"https:\/\/wp.ufpel.edu.br\/grupomargens\/wp-json\/wp\/v2\/pages\/104","targetHints":{"allow":["GET"]}}],"collection":[{"href":"https:\/\/wp.ufpel.edu.br\/grupomargens\/wp-json\/wp\/v2\/pages"}],"about":[{"href":"https:\/\/wp.ufpel.edu.br\/grupomargens\/wp-json\/wp\/v2\/types\/page"}],"author":[{"embeddable":true,"href":"https:\/\/wp.ufpel.edu.br\/grupomargens\/wp-json\/wp\/v2\/users\/1196"}],"replies":[{"embeddable":true,"href":"https:\/\/wp.ufpel.edu.br\/grupomargens\/wp-json\/wp\/v2\/comments?post=104"}],"version-history":[{"count":14,"href":"https:\/\/wp.ufpel.edu.br\/grupomargens\/wp-json\/wp\/v2\/pages\/104\/revisions"}],"predecessor-version":[{"id":505,"href":"https:\/\/wp.ufpel.edu.br\/grupomargens\/wp-json\/wp\/v2\/pages\/104\/revisions\/505"}],"wp:attachment":[{"href":"https:\/\/wp.ufpel.edu.br\/grupomargens\/wp-json\/wp\/v2\/media?parent=104"}],"curies":[{"name":"wp","href":"https:\/\/api.w.org\/{rel}","templated":true}]}}