{"id":920,"date":"2017-07-03T17:23:34","date_gmt":"2017-07-03T20:23:34","guid":{"rendered":"https:\/\/wp.ufpel.edu.br\/grupoicaro\/?page_id=920"},"modified":"2017-07-03T19:31:02","modified_gmt":"2017-07-03T22:31:02","slug":"esecs","status":"publish","type":"page","link":"https:\/\/wp.ufpel.edu.br\/grupoicaro\/esecs\/","title":{"rendered":"ESECS &#8211; PT"},"content":{"rendered":"<p>LU\u00cdS MIGUEL OLIVEIRA BARROS CARDOSO &#8211; Diretor da ESECS<\/p>\n<p><strong>Lu\u00eds Miguel Oliveira Barros Cardoso<\/strong> \u00e9 professor adjunto pela Escola Superior de Educa\u00e7\u00e3o e Ci\u00eancias Sociais do Instituto Polit\u00e9cnico de Portalegre, Portugal. Atua na Literatura Comparada, em \u00e1reas como cibercultura, literatura e cinema e literaturas modernas.<\/p>\n<p>Lan\u00e7ou, recentemente, o livro <em><a href=\"http:\/\/www.edicoes70.pt\/site\/node\/681\" target=\"_blank\" rel=\"noopener\">Literatura e Cinema: Verg\u00edlio Ferreira e o Espa\u00e7o do Indiz\u00edvel<\/a>, <\/em>pela Edi\u00e7\u00f5es 70.<\/p>\n<p>&nbsp;<\/p>\n<p>Confira abaixo alguns de seus trabalhos relacionados \u00e0s rela\u00e7\u00f5es entre Literatura e Cinema:<\/p>\n<p><em><a href=\"http:\/\/www.pragmatizes.uff.br\/revista\/index.php\/ojs\/article\/view\/90\/106\" target=\"_blank\" rel=\"noopener\">Cibercultura e Cinema: Revisitando a cidade-paradoxo em Blade Runner<\/a> |<\/em> PragMATIZES &#8211; Revista Latino Americana de Estudos em Cultura<em><br \/>\n<\/em><\/p>\n<p><a href=\"http:\/\/www.ces.uc.pt\/lab2004\/pdfs\/LuisMiguelCardoso.pdf\" target=\"_blank\" rel=\"noopener\"><em>A Quest\u00e3o Social na dial\u00e9tica entre Literatura e o Cinema<\/em><\/a> | VII Congresso Luso-Afro-Brasileiro de Ci\u00eancias Sociais<\/p>\n<p><em><a href=\"http:\/\/revistaalceu.com.puc-rio.br\/media\/alceu_n4_Cardoso.pdf\" target=\"_blank\" rel=\"noopener\">Do romance ao filme: (re)cria\u00e7\u00e3o em C\u00e2ntico Final de Verg\u00edlio Ferreira\u00a0<\/a>| <\/em>Revista ALCEU<em><br \/>\n<\/em><\/p>\n<p><em><a href=\"http:\/\/www.ufjf.br\/facom\/files\/2013\/03\/R10-04-LuisMiguel.pdf\" target=\"_blank\" rel=\"noopener\">A problem\u00e1tica do narrador: da literatura ao cinema<\/a> | <\/em>Revista LUMIA<\/p>\n","protected":false},"excerpt":{"rendered":"<p>LU\u00cdS MIGUEL OLIVEIRA BARROS CARDOSO &#8211; Diretor da ESECS Lu\u00eds Miguel Oliveira Barros Cardoso \u00e9 professor adjunto pela Escola Superior de Educa\u00e7\u00e3o e Ci\u00eancias Sociais do Instituto Polit\u00e9cnico de Portalegre, Portugal. Atua na Literatura Comparada, em \u00e1reas como cibercultura, literatura e cinema e literaturas modernas. Lan\u00e7ou, recentemente, o livro Literatura e Cinema: Verg\u00edlio Ferreira e &hellip; <a href=\"https:\/\/wp.ufpel.edu.br\/grupoicaro\/esecs\/\" class=\"more-link\">Continue lendo <span class=\"screen-reader-text\">ESECS &#8211; PT<\/span> <span class=\"meta-nav\">&rarr;<\/span><\/a><\/p>\n","protected":false},"author":267,"featured_media":0,"parent":0,"menu_order":0,"comment_status":"closed","ping_status":"closed","template":"","meta":{"jetpack_post_was_ever_published":false,"footnotes":""},"class_list":["post-920","page","type-page","status-publish","hentry"],"jetpack_sharing_enabled":true,"_links":{"self":[{"href":"https:\/\/wp.ufpel.edu.br\/grupoicaro\/wp-json\/wp\/v2\/pages\/920","targetHints":{"allow":["GET"]}}],"collection":[{"href":"https:\/\/wp.ufpel.edu.br\/grupoicaro\/wp-json\/wp\/v2\/pages"}],"about":[{"href":"https:\/\/wp.ufpel.edu.br\/grupoicaro\/wp-json\/wp\/v2\/types\/page"}],"author":[{"embeddable":true,"href":"https:\/\/wp.ufpel.edu.br\/grupoicaro\/wp-json\/wp\/v2\/users\/267"}],"replies":[{"embeddable":true,"href":"https:\/\/wp.ufpel.edu.br\/grupoicaro\/wp-json\/wp\/v2\/comments?post=920"}],"version-history":[{"count":9,"href":"https:\/\/wp.ufpel.edu.br\/grupoicaro\/wp-json\/wp\/v2\/pages\/920\/revisions"}],"predecessor-version":[{"id":932,"href":"https:\/\/wp.ufpel.edu.br\/grupoicaro\/wp-json\/wp\/v2\/pages\/920\/revisions\/932"}],"wp:attachment":[{"href":"https:\/\/wp.ufpel.edu.br\/grupoicaro\/wp-json\/wp\/v2\/media?parent=920"}],"curies":[{"name":"wp","href":"https:\/\/api.w.org\/{rel}","templated":true}]}}