{"id":916,"date":"2017-06-22T16:21:30","date_gmt":"2017-06-22T19:21:30","guid":{"rendered":"https:\/\/wp.ufpel.edu.br\/grupoicaro\/?page_id=916"},"modified":"2020-06-25T03:53:43","modified_gmt":"2020-06-25T06:53:43","slug":"nucleo-de-estudos-historiograficos-de-mato-grosso-do-sul-nehms","status":"publish","type":"page","link":"https:\/\/wp.ufpel.edu.br\/grupoicaro\/nucleo-de-estudos-historiograficos-de-mato-grosso-do-sul-nehms\/","title":{"rendered":"Laborat\u00f3rio de Estudos do Horror e da Viol\u00eancia na Cultura (LEHViC)"},"content":{"rendered":"<p><img data-recalc-dims=\"1\" loading=\"lazy\" decoding=\"async\" data-attachment-id=\"1118\" data-permalink=\"https:\/\/wp.ufpel.edu.br\/grupoicaro\/nucleo-de-estudos-historiograficos-de-mato-grosso-do-sul-nehms\/lehvic\/\" data-orig-file=\"https:\/\/i0.wp.com\/wp.ufpel.edu.br\/grupoicaro\/files\/2020\/06\/lehvic.jpg?fit=686%2C385&amp;ssl=1\" data-orig-size=\"686,385\" data-comments-opened=\"0\" data-image-meta=\"{&quot;aperture&quot;:&quot;0&quot;,&quot;credit&quot;:&quot;&quot;,&quot;camera&quot;:&quot;&quot;,&quot;caption&quot;:&quot;&quot;,&quot;created_timestamp&quot;:&quot;0&quot;,&quot;copyright&quot;:&quot;&quot;,&quot;focal_length&quot;:&quot;0&quot;,&quot;iso&quot;:&quot;0&quot;,&quot;shutter_speed&quot;:&quot;0&quot;,&quot;title&quot;:&quot;&quot;,&quot;orientation&quot;:&quot;0&quot;}\" data-image-title=\"lehvic\" data-image-description=\"\" data-image-caption=\"\" data-medium-file=\"https:\/\/i0.wp.com\/wp.ufpel.edu.br\/grupoicaro\/files\/2020\/06\/lehvic.jpg?fit=424%2C238&amp;ssl=1\" data-large-file=\"https:\/\/i0.wp.com\/wp.ufpel.edu.br\/grupoicaro\/files\/2020\/06\/lehvic.jpg?fit=474%2C152&amp;ssl=1\" class=\" wp-image-1118 aligncenter\" src=\"https:\/\/i0.wp.com\/wp.ufpel.edu.br\/grupoicaro\/files\/2020\/06\/lehvic.jpg?resize=419%2C235&#038;ssl=1\" alt=\"\" width=\"419\" height=\"235\" srcset=\"https:\/\/i0.wp.com\/wp.ufpel.edu.br\/grupoicaro\/files\/2020\/06\/lehvic.jpg?w=686&amp;ssl=1 686w, https:\/\/i0.wp.com\/wp.ufpel.edu.br\/grupoicaro\/files\/2020\/06\/lehvic.jpg?resize=424%2C238&amp;ssl=1 424w, https:\/\/i0.wp.com\/wp.ufpel.edu.br\/grupoicaro\/files\/2020\/06\/lehvic.jpg?resize=212%2C119&amp;ssl=1 212w\" sizes=\"auto, (max-width: 419px) 100vw, 419px\" \/><\/p>\n<p>O Laborat\u00f3rio de Estudos do Horror e da Viol\u00eancia na Cultura (LEHViC), est\u00e1 vinculado \u00e0s a\u00e7\u00f5es de Ensino das disciplinas Literatura Portuguesa I, II, III e IV, do curso de Letras da UFMS &#8211; Universidade Federal de Mato Grosso do Sul, sob a responsabilidade da Prof. Dr. Rosana Cristina Zanelatto Santos e do Prof. Colaborador Wellington Furtado Ramos; em n\u00edvel de Mestrado, contempla projetos de pesquisa bem como a disciplina Teorias Po\u00e9ticas. No \u00e2mbito da pesquisa est\u00e1 vinculado \u00e0s pesquisas &#8216;Os testemunhos de um horror desgra\u00e7adamente humano: um estudo das obras de Joseph Conrad, Ant\u00f3nio Lobo Antunes, Mia Couto e Bernardo Carvalho&#8217; e, mais recentemente, a &#8216;Uma viol\u00eancia contra si mesmo: suic\u00eddio, diferen\u00e7a e repeti\u00e7\u00e3o no romance A Morte sem Nome,\u00a0 de Santiago Nazarian&#8217;, devidamente cadastradas na PROPP.<\/p>\n<p><a href=\"https:\/\/plataforma9.com\/publicacoes\/chamada-livro-estudos-do-horror-e-violencia-na-cultura.htm\">Clique aqui e confira a chamada para o livro: \u201cEstudos do Horror e Viol\u00eancia na Cultura\u201d, organizado por Ramiro Giroldo (UFMS\/CNPq) e Wellington Furtado Ramos (UFMS\/CNPq)<\/a><\/p>\n","protected":false},"excerpt":{"rendered":"<p>O Laborat\u00f3rio de Estudos do Horror e da Viol\u00eancia na Cultura (LEHViC), est\u00e1 vinculado \u00e0s a\u00e7\u00f5es de Ensino das disciplinas Literatura Portuguesa I, II, III e IV, do curso de Letras da UFMS &#8211; Universidade Federal de Mato Grosso do Sul, sob a responsabilidade da Prof. Dr. Rosana Cristina Zanelatto Santos e do Prof. Colaborador &hellip; <a href=\"https:\/\/wp.ufpel.edu.br\/grupoicaro\/nucleo-de-estudos-historiograficos-de-mato-grosso-do-sul-nehms\/\" class=\"more-link\">Continue lendo <span class=\"screen-reader-text\">Laborat\u00f3rio de Estudos do Horror e da Viol\u00eancia na Cultura (LEHViC)<\/span> <span class=\"meta-nav\">&rarr;<\/span><\/a><\/p>\n","protected":false},"author":267,"featured_media":0,"parent":0,"menu_order":0,"comment_status":"closed","ping_status":"closed","template":"","meta":{"jetpack_post_was_ever_published":false,"footnotes":""},"class_list":["post-916","page","type-page","status-publish","hentry"],"jetpack_sharing_enabled":true,"_links":{"self":[{"href":"https:\/\/wp.ufpel.edu.br\/grupoicaro\/wp-json\/wp\/v2\/pages\/916","targetHints":{"allow":["GET"]}}],"collection":[{"href":"https:\/\/wp.ufpel.edu.br\/grupoicaro\/wp-json\/wp\/v2\/pages"}],"about":[{"href":"https:\/\/wp.ufpel.edu.br\/grupoicaro\/wp-json\/wp\/v2\/types\/page"}],"author":[{"embeddable":true,"href":"https:\/\/wp.ufpel.edu.br\/grupoicaro\/wp-json\/wp\/v2\/users\/267"}],"replies":[{"embeddable":true,"href":"https:\/\/wp.ufpel.edu.br\/grupoicaro\/wp-json\/wp\/v2\/comments?post=916"}],"version-history":[{"count":5,"href":"https:\/\/wp.ufpel.edu.br\/grupoicaro\/wp-json\/wp\/v2\/pages\/916\/revisions"}],"predecessor-version":[{"id":1122,"href":"https:\/\/wp.ufpel.edu.br\/grupoicaro\/wp-json\/wp\/v2\/pages\/916\/revisions\/1122"}],"wp:attachment":[{"href":"https:\/\/wp.ufpel.edu.br\/grupoicaro\/wp-json\/wp\/v2\/media?parent=916"}],"curies":[{"name":"wp","href":"https:\/\/api.w.org\/{rel}","templated":true}]}}