{"id":757,"date":"2015-11-27T13:57:51","date_gmt":"2015-11-27T15:57:51","guid":{"rendered":"https:\/\/wp.ufpel.edu.br\/grupoicaro\/?page_id=757"},"modified":"2020-08-19T01:00:06","modified_gmt":"2020-08-19T04:00:06","slug":"lampell","status":"publish","type":"page","link":"https:\/\/wp.ufpel.edu.br\/grupoicaro\/lampell\/","title":{"rendered":"LAMPELL"},"content":{"rendered":"<p>O <strong>Laborat\u00f3rio Multim\u00eddia de Pesquisa em Estudos da Linguagem e Literatura \u2013 LAMPELL<\/strong> foi aprovado via Projeto da UFPel no Edital Pr\u00f3-equipamentos Institucional (de acordo com o Edital n\u00ba 025\/2011 \u2013 Capes) com o objetivo principal de dar apoio \u00e0s pesquisas desenvolvidas no \u00e2mbito Programa de P\u00f3s-Gradua\u00e7\u00e3o em Letras <em>stricto sensu <\/em>\u2013 Mestrado, mais especificamente aquelas que trabalham com a coleta e an\u00e1lise de dados de \u00e1udio, v\u00eddeo e imagem, bem como as relacionadas \u00e0 produ\u00e7\u00e3o de materiais de ensino\/aprendizagem de l\u00edngua e literatura. Tendo em vista o uso compartilhado dos equipamentos do LAMPELL, o subprojeto j\u00e1 considerava a continuidade das discuss\u00f5es e interlocu\u00e7\u00f5es entre pesquisadores para al\u00e9m do PPGL \u2013 Mestrado, oportunizando trabalhos e parcerias com pesquisadores do Centro de Letras e Comunica\u00e7\u00e3o e de outros Centros, Faculdades e Cursos da Universidade Federal de Pelotas, de outras Institui\u00e7\u00f5es de Ensino Superior (P\u00fablicas e Privadas) e de Organiza\u00e7\u00f5es p\u00fablicas e privadas (Bibliotecas, Institutos Culturais, ONGs). A intersec\u00e7\u00e3o de usos t\u00e3o variados, com pesquisas de Estudos da Linguagem, Literatura, Computa\u00e7\u00e3o e Educa\u00e7\u00e3o, al\u00e9m das especificidades que cada uma das \u00e1reas possui envolvendo saberes e profissionais m\u00faltiplos, evidencia o apoio a projetos investigativos que contribuem para o desenvolvimento de novas pesquisas, no aperfei\u00e7oamento docente e discente e na comunidade acad\u00eamica. Os Grupos de Pesquisa <em>Elabora\u00e7\u00e3o de materiais e pr\u00e1ticas pedag\u00f3gicas na aprendizagem de l\u00ednguas, Emerg\u00eancia da Linguagem Oral (ELO) <\/em>e <em>\u00cdCARO (Interdisciplinaridade, Cr\u00edtica ao Autoritarismo, Regionalidade e Oralidade)<\/em>, todos registrados no CNPq e certificados pela institui\u00e7\u00e3o, fundamentaram o subprojeto aprovado no ano de 2011 e s\u00e3o os respons\u00e1veis pela coordena\u00e7\u00e3o das atividades t\u00e9cnico-cient\u00edficas e administrativas do LAMPELL, em conformidade com este regulamento.<\/p>\n<p><strong>Cursos Atendidos:<\/strong> todos os cursos da universidade que tenham interesse nessas \u00e1reas mediante a apresenta\u00e7\u00e3o de projetos que ser\u00e3o avaliados pela coordena\u00e7\u00e3o e elaboradas diretrizes que sua execu\u00e7\u00e3o (utiliza\u00e7\u00e3o de equipamentos, reserva do espa\u00e7o para reuni\u00f5es e orienta\u00e7\u00e3o, etc).<\/p>\n<p><strong>Materiais Dispon\u00edveis:<\/strong> Computadores, c\u00e2meras filmadoras, gravadores e scanners.<\/p>\n<p><strong>Respons\u00e1veis:<\/strong> Jo\u00e3o Luis Pereira Ourique e Rafael Vetromille Castro<\/p>\n<p><strong>Sala:<\/strong> 119, Campus Porto<\/p>\n<p><strong>Dias dispon\u00edveis:<\/strong> segunda a sexta-feira \u2013 atividades de orienta\u00e7\u00e3o, desenvolvimento de projetos, digitaliza\u00e7\u00e3o, entre outras atividades \u2013 para demais atividades envolvendo interessados de outros grupos, cursos, centros, dever\u00e1 ser submetido projeto junto a coordena\u00e7\u00e3o.<\/p>\n<p><strong>Grupo de estudos:<\/strong> <a href=\"https:\/\/wp.ufpel.edu.br\/grupoicaro\/\" target=\"_blank\" rel=\"noopener noreferrer\">https:\/\/wp.ufpel.edu.br\/grupoicaro\/<\/a><\/p>\n<p><strong>P\u00e1gina no <em>Instagram: <\/em><\/strong><a href=\"https:\/\/www.instagram.com\/lampell_ufpel\/\" target=\"_blank\" rel=\"noopener noreferrer\">https:\/\/www.instagram.com\/lampell_ufpel\/<\/a><\/p>\n<p><strong>Contato:<\/strong> <a href=\"mailto:jlourique@pq.cnpq.br\">jlourique@pq.cnpq.br<\/a><\/p>\n<p><strong>Para mais informa\u00e7\u00f5es:<\/strong> <a href=\"https:\/\/wp.ufpel.edu.br\/clc\/files\/2015\/11\/Regulamento_Lampell.pdf\" target=\"_blank\" rel=\"noopener noreferrer\">Regulamento \u2013 Lampell<\/a><\/p>\n","protected":false},"excerpt":{"rendered":"<p>O Laborat\u00f3rio Multim\u00eddia de Pesquisa em Estudos da Linguagem e Literatura \u2013 LAMPELL foi aprovado via Projeto da UFPel no Edital Pr\u00f3-equipamentos Institucional (de acordo com o Edital n\u00ba 025\/2011 \u2013 Capes) com o objetivo principal de dar apoio \u00e0s pesquisas desenvolvidas no \u00e2mbito Programa de P\u00f3s-Gradua\u00e7\u00e3o em Letras stricto sensu \u2013 Mestrado, mais especificamente &hellip; <a href=\"https:\/\/wp.ufpel.edu.br\/grupoicaro\/lampell\/\" class=\"more-link\">Continue lendo <span class=\"screen-reader-text\">LAMPELL<\/span> <span class=\"meta-nav\">&rarr;<\/span><\/a><\/p>\n","protected":false},"author":267,"featured_media":0,"parent":0,"menu_order":0,"comment_status":"closed","ping_status":"closed","template":"","meta":{"jetpack_post_was_ever_published":false,"footnotes":""},"class_list":["post-757","page","type-page","status-publish","hentry"],"jetpack_sharing_enabled":true,"_links":{"self":[{"href":"https:\/\/wp.ufpel.edu.br\/grupoicaro\/wp-json\/wp\/v2\/pages\/757","targetHints":{"allow":["GET"]}}],"collection":[{"href":"https:\/\/wp.ufpel.edu.br\/grupoicaro\/wp-json\/wp\/v2\/pages"}],"about":[{"href":"https:\/\/wp.ufpel.edu.br\/grupoicaro\/wp-json\/wp\/v2\/types\/page"}],"author":[{"embeddable":true,"href":"https:\/\/wp.ufpel.edu.br\/grupoicaro\/wp-json\/wp\/v2\/users\/267"}],"replies":[{"embeddable":true,"href":"https:\/\/wp.ufpel.edu.br\/grupoicaro\/wp-json\/wp\/v2\/comments?post=757"}],"version-history":[{"count":4,"href":"https:\/\/wp.ufpel.edu.br\/grupoicaro\/wp-json\/wp\/v2\/pages\/757\/revisions"}],"predecessor-version":[{"id":1133,"href":"https:\/\/wp.ufpel.edu.br\/grupoicaro\/wp-json\/wp\/v2\/pages\/757\/revisions\/1133"}],"wp:attachment":[{"href":"https:\/\/wp.ufpel.edu.br\/grupoicaro\/wp-json\/wp\/v2\/media?parent=757"}],"curies":[{"name":"wp","href":"https:\/\/api.w.org\/{rel}","templated":true}]}}