{"id":630,"date":"2015-07-08T11:06:45","date_gmt":"2015-07-08T14:06:45","guid":{"rendered":"https:\/\/wp.ufpel.edu.br\/grupoicaro\/?page_id=630"},"modified":"2016-05-12T15:10:11","modified_gmt":"2016-05-12T18:10:11","slug":"contos-gauchescos-100-anos-da-escrita-100-anos-de-leituras","status":"publish","type":"page","link":"https:\/\/wp.ufpel.edu.br\/grupoicaro\/contos-gauchescos-100-anos-da-escrita-100-anos-de-leituras\/","title":{"rendered":"Contos Gauchescos &#8211; 100 anos da escrita&#8230; 100 anos de leituras"},"content":{"rendered":"<h5 style=\"text-align: center\"><a href=\"https:\/\/i0.wp.com\/wp.ufpel.edu.br\/grupoicaro\/files\/2015\/07\/CAPA.jpg?ssl=1\"><img data-recalc-dims=\"1\" loading=\"lazy\" decoding=\"async\" data-attachment-id=\"689\" data-permalink=\"https:\/\/wp.ufpel.edu.br\/grupoicaro\/contos-gauchescos-100-anos-da-escrita-100-anos-de-leituras\/modeloimpressao-2\/\" data-orig-file=\"https:\/\/i0.wp.com\/wp.ufpel.edu.br\/grupoicaro\/files\/2015\/07\/CAPA.jpg?fit=4000%2C2098&amp;ssl=1\" data-orig-size=\"4000,2098\" data-comments-opened=\"0\" data-image-meta=\"{&quot;aperture&quot;:&quot;0&quot;,&quot;credit&quot;:&quot;&quot;,&quot;camera&quot;:&quot;&quot;,&quot;caption&quot;:&quot;&quot;,&quot;created_timestamp&quot;:&quot;0&quot;,&quot;copyright&quot;:&quot;&quot;,&quot;focal_length&quot;:&quot;0&quot;,&quot;iso&quot;:&quot;0&quot;,&quot;shutter_speed&quot;:&quot;0&quot;,&quot;title&quot;:&quot;modeloIMPRESS\\u00c3O&quot;,&quot;orientation&quot;:&quot;1&quot;}\" data-image-title=\"modeloIMPRESS\u00c3O\" data-image-description=\"\" data-image-caption=\"\" data-medium-file=\"https:\/\/i0.wp.com\/wp.ufpel.edu.br\/grupoicaro\/files\/2015\/07\/CAPA.jpg?fit=424%2C222&amp;ssl=1\" data-large-file=\"https:\/\/i0.wp.com\/wp.ufpel.edu.br\/grupoicaro\/files\/2015\/07\/CAPA.jpg?fit=474%2C106&amp;ssl=1\" class=\"aligncenter wp-image-689 size-medium\" src=\"https:\/\/i0.wp.com\/wp.ufpel.edu.br\/grupoicaro\/files\/2015\/07\/CAPA.jpg?resize=424%2C222&#038;ssl=1\" alt=\"\" width=\"424\" height=\"222\" srcset=\"https:\/\/i0.wp.com\/wp.ufpel.edu.br\/grupoicaro\/files\/2015\/07\/CAPA.jpg?resize=424%2C222&amp;ssl=1 424w, https:\/\/i0.wp.com\/wp.ufpel.edu.br\/grupoicaro\/files\/2015\/07\/CAPA.jpg?resize=212%2C111&amp;ssl=1 212w, https:\/\/i0.wp.com\/wp.ufpel.edu.br\/grupoicaro\/files\/2015\/07\/CAPA.jpg?w=948&amp;ssl=1 948w, https:\/\/i0.wp.com\/wp.ufpel.edu.br\/grupoicaro\/files\/2015\/07\/CAPA.jpg?w=1422&amp;ssl=1 1422w\" sizes=\"auto, (max-width: 424px) 100vw, 424px\" \/><\/a><\/h5>\n<h5 style=\"text-align: center\"><span style=\"color: #000000\">REVISTA CADERNO DE LETRAS<\/span><\/h5>\n<h5 style=\"text-align: center\"><span style=\"color: #000000\">ISSN 0102-9576 (impressa) | ISSN 2358-1409 (online)<\/span><\/h5>\n<h5 style=\"text-align: center\"><span style=\"color: #000000\">EDI\u00c7\u00c3O ESPECIAL N. 1 &#8211; 2015<br \/>\n<\/span><\/h5>\n<h5 style=\"text-align: center\"><span style=\"color: #000000\">CONTOS GAUCHESCOS: 100 ANOS DA ESCRITA&#8230; 100 ANOS DE LEITURAS<\/span><\/h5>\n<h5 style=\"text-align: center\"><span style=\"color: #000000\">JO\u00c3O LUIS PEREIRA OURIQUE (ORG.)<\/span><\/h5>\n<p>&nbsp;<\/p>\n<p><span style=\"text-decoration: underline\"><span style=\"color: #000000\"><a style=\"color: #000000;text-decoration: underline\" href=\"https:\/\/wp.ufpel.edu.br\/grupoicaro\/files\/2015\/08\/Contos-Gauchescos-1%C2%AA-edi%C3%A7%C3%A3o.pdf\" target=\"_blank\">Para visualizar o <strong>original de 1912 dos Contos Gauchescos<\/strong> de Jo\u00e3o Sim\u00f5es Lopes Neto, clique aqui.<\/a><\/span><\/span><\/p>\n<p><span style=\"color: #000000\">Para baixar a<strong> Fonte Artinha de Leitura<\/strong>, clique aqui (<em>saiba como a instalar clicando aqui<\/em>).<\/span><\/p>\n<p><span style=\"text-decoration: underline\"><span style=\"color: #000000\"><a style=\"color: #000000;text-decoration: underline\" href=\"https:\/\/wp.ufpel.edu.br\/grupoicaro\/?p=665\" target=\"_blank\">Para consultar as<strong> ilustra\u00e7\u00f5es de Nelson Boeira Faedrich<\/strong> para a obra de Jo\u00e3o Sim\u00f5es Lopes Neto, clique aqui.<\/a><\/span><\/span><\/p>\n<p><span style=\"text-decoration: underline\"><span style=\"color: #000000\"><a style=\"color: #000000;text-decoration: underline\" href=\"https:\/\/wp.ufpel.edu.br\/grupoicaro\/?p=649\" target=\"_blank\">Para conhecer algumas <strong>obras do artista pl\u00e1stico M\u00e1rio Mattos<\/strong>, clique aqui.<\/a><\/span><\/span><\/p>\n<p style=\"text-align: center\"><span style=\"color: #000000\">Abaixo, voc\u00ea pode ler na \u00edntegra a edi\u00e7\u00e3o <strong>Contos Gauchescos: 100 anos da escrita&#8230; 10 anos de leituras<\/strong> na plataforma ISSUU<\/span><\/p>\n<div data-configid=\"18433726\/14380624\" style=\"width: 474px; height: 335px;\" class=\"issuuembed\"><\/div>\n<p><script type=\"text\/javascript\" src=\"\/\/e.issuu.com\/embed.js\" async=\"true\"><\/script><\/p>\n<p>&nbsp;<\/p>\n","protected":false},"excerpt":{"rendered":"<p>REVISTA CADERNO DE LETRAS ISSN 0102-9576 (impressa) | ISSN 2358-1409 (online) EDI\u00c7\u00c3O ESPECIAL N. 1 &#8211; 2015 CONTOS GAUCHESCOS: 100 ANOS DA ESCRITA&#8230; 100 ANOS DE LEITURAS JO\u00c3O LUIS PEREIRA OURIQUE (ORG.) &nbsp; Para visualizar o original de 1912 dos Contos Gauchescos de Jo\u00e3o Sim\u00f5es Lopes Neto, clique aqui. Para baixar a Fonte Artinha de &hellip; <a href=\"https:\/\/wp.ufpel.edu.br\/grupoicaro\/contos-gauchescos-100-anos-da-escrita-100-anos-de-leituras\/\" class=\"more-link\">Continue lendo <span class=\"screen-reader-text\">Contos Gauchescos &#8211; 100 anos da escrita&#8230; 100 anos de leituras<\/span> <span class=\"meta-nav\">&rarr;<\/span><\/a><\/p>\n","protected":false},"author":267,"featured_media":0,"parent":0,"menu_order":0,"comment_status":"closed","ping_status":"closed","template":"page-templates\/full-width.php","meta":{"jetpack_post_was_ever_published":false,"footnotes":""},"class_list":["post-630","page","type-page","status-publish","hentry"],"jetpack_sharing_enabled":true,"_links":{"self":[{"href":"https:\/\/wp.ufpel.edu.br\/grupoicaro\/wp-json\/wp\/v2\/pages\/630","targetHints":{"allow":["GET"]}}],"collection":[{"href":"https:\/\/wp.ufpel.edu.br\/grupoicaro\/wp-json\/wp\/v2\/pages"}],"about":[{"href":"https:\/\/wp.ufpel.edu.br\/grupoicaro\/wp-json\/wp\/v2\/types\/page"}],"author":[{"embeddable":true,"href":"https:\/\/wp.ufpel.edu.br\/grupoicaro\/wp-json\/wp\/v2\/users\/267"}],"replies":[{"embeddable":true,"href":"https:\/\/wp.ufpel.edu.br\/grupoicaro\/wp-json\/wp\/v2\/comments?post=630"}],"version-history":[{"count":20,"href":"https:\/\/wp.ufpel.edu.br\/grupoicaro\/wp-json\/wp\/v2\/pages\/630\/revisions"}],"predecessor-version":[{"id":830,"href":"https:\/\/wp.ufpel.edu.br\/grupoicaro\/wp-json\/wp\/v2\/pages\/630\/revisions\/830"}],"wp:attachment":[{"href":"https:\/\/wp.ufpel.edu.br\/grupoicaro\/wp-json\/wp\/v2\/media?parent=630"}],"curies":[{"name":"wp","href":"https:\/\/api.w.org\/{rel}","templated":true}]}}