{"id":583,"date":"2014-10-08T19:43:31","date_gmt":"2014-10-08T22:43:31","guid":{"rendered":"https:\/\/wp.ufpel.edu.br\/grupoicaro\/?page_id=583"},"modified":"2022-02-14T15:32:09","modified_gmt":"2022-02-14T18:32:09","slug":"eventos","status":"publish","type":"page","link":"https:\/\/wp.ufpel.edu.br\/grupoicaro\/eventos\/","title":{"rendered":"Eventos"},"content":{"rendered":"<h5 style=\"text-align: center\">Playlist <em>Sobre a \u00c9gide do Totalitarismo e do Autoritarismo\u00a0<\/em>(Canal SILCE)<\/h5>\n<p><iframe loading=\"lazy\" title=\"SOB A \u00c9GIDE DO TOTALITARISMO E DO AUTORITARISMO\" width=\"474\" height=\"267\" src=\"https:\/\/www.youtube.com\/embed\/videoseries?list=PLO4whhGbAyAa3QfVIct-5SqSnBqvHBkOf\" frameborder=\"0\" allow=\"accelerometer; autoplay; clipboard-write; encrypted-media; gyroscope; picture-in-picture; web-share\" referrerpolicy=\"strict-origin-when-cross-origin\" allowfullscreen><\/iframe><\/p>\n<h5 style=\"text-align: center\">Playlist <em>24 Frames de Literatura<\/em> (Canal SILCE)<\/h5>\n<p><iframe loading=\"lazy\" title=\"24 Frames - 8\u00aa temporada\" width=\"474\" height=\"267\" src=\"https:\/\/www.youtube.com\/embed\/videoseries?list=PLO4whhGbAyAYJTIyXgG-TjOz2QTKjHTgQ\" frameborder=\"0\" allow=\"accelerometer; autoplay; clipboard-write; encrypted-media; gyroscope; picture-in-picture; web-share\" referrerpolicy=\"strict-origin-when-cross-origin\" allowfullscreen><\/iframe><\/p>\n<h5 style=\"text-align: center\"><em>Clique na imagem e saiba mais.<\/em><\/h5>\n<p><a href=\"https:\/\/wp.ufpel.edu.br\/grupoicaro\/2020\/06\/22\/ii-jornada-literaria-amores-expressos-identidades-ocultas\/\"><img data-recalc-dims=\"1\" loading=\"lazy\" decoding=\"async\" data-attachment-id=\"1063\" data-permalink=\"https:\/\/wp.ufpel.edu.br\/grupoicaro\/eventos\/ii-jornada-for-food\/\" data-orig-file=\"https:\/\/i0.wp.com\/wp.ufpel.edu.br\/grupoicaro\/files\/2020\/06\/II-Jornada-For-Food.png?fit=1587%2C2245&amp;ssl=1\" data-orig-size=\"1587,2245\" data-comments-opened=\"0\" data-image-meta=\"{&quot;aperture&quot;:&quot;0&quot;,&quot;credit&quot;:&quot;&quot;,&quot;camera&quot;:&quot;&quot;,&quot;caption&quot;:&quot;&quot;,&quot;created_timestamp&quot;:&quot;0&quot;,&quot;copyright&quot;:&quot;&quot;,&quot;focal_length&quot;:&quot;0&quot;,&quot;iso&quot;:&quot;0&quot;,&quot;shutter_speed&quot;:&quot;0&quot;,&quot;title&quot;:&quot;&quot;,&quot;orientation&quot;:&quot;0&quot;}\" data-image-title=\"II Jornada\" data-image-description=\"\" data-image-caption=\"\" data-medium-file=\"https:\/\/i0.wp.com\/wp.ufpel.edu.br\/grupoicaro\/files\/2020\/06\/II-Jornada-For-Food.png?fit=225%2C318&amp;ssl=1\" data-large-file=\"https:\/\/i0.wp.com\/wp.ufpel.edu.br\/grupoicaro\/files\/2020\/06\/II-Jornada-For-Food.png?fit=474%2C106&amp;ssl=1\" class=\"size-full wp-image-1063 aligncenter\" src=\"https:\/\/i0.wp.com\/wp.ufpel.edu.br\/grupoicaro\/files\/2020\/06\/II-Jornada-For-Food.png?resize=474%2C671&#038;ssl=1\" alt=\"Jornada\" width=\"474\" height=\"671\" srcset=\"https:\/\/i0.wp.com\/wp.ufpel.edu.br\/grupoicaro\/files\/2020\/06\/II-Jornada-For-Food.png?w=1587&amp;ssl=1 1587w, https:\/\/i0.wp.com\/wp.ufpel.edu.br\/grupoicaro\/files\/2020\/06\/II-Jornada-For-Food.png?resize=225%2C318&amp;ssl=1 225w, https:\/\/i0.wp.com\/wp.ufpel.edu.br\/grupoicaro\/files\/2020\/06\/II-Jornada-For-Food.png?resize=112%2C159&amp;ssl=1 112w, https:\/\/i0.wp.com\/wp.ufpel.edu.br\/grupoicaro\/files\/2020\/06\/II-Jornada-For-Food.png?resize=768%2C1086&amp;ssl=1 768w, https:\/\/i0.wp.com\/wp.ufpel.edu.br\/grupoicaro\/files\/2020\/06\/II-Jornada-For-Food.png?resize=1086%2C1536&amp;ssl=1 1086w, https:\/\/i0.wp.com\/wp.ufpel.edu.br\/grupoicaro\/files\/2020\/06\/II-Jornada-For-Food.png?resize=1448%2C2048&amp;ssl=1 1448w, https:\/\/i0.wp.com\/wp.ufpel.edu.br\/grupoicaro\/files\/2020\/06\/II-Jornada-For-Food.png?w=948&amp;ssl=1 948w\" sizes=\"auto, (max-width: 474px) 100vw, 474px\" \/><\/a><\/p>\n<figure id=\"attachment_873\" aria-describedby=\"caption-attachment-873\" style=\"width: 1191px\" class=\"wp-caption aligncenter\"><a href=\"https:\/\/wp.ufpel.edu.br\/grupoicaro\/2016\/05\/20\/limabarreto\/\" target=\"_blank\" rel=\"noopener noreferrer\"><img data-recalc-dims=\"1\" loading=\"lazy\" decoding=\"async\" data-attachment-id=\"873\" data-permalink=\"https:\/\/wp.ufpel.edu.br\/grupoicaro\/eventos\/evento-uru-001\/\" data-orig-file=\"https:\/\/i0.wp.com\/wp.ufpel.edu.br\/grupoicaro\/files\/2014\/10\/evento-uru-001.jpg?fit=1191%2C1684&amp;ssl=1\" data-orig-size=\"1191,1684\" data-comments-opened=\"0\" data-image-meta=\"{&quot;aperture&quot;:&quot;0&quot;,&quot;credit&quot;:&quot;&quot;,&quot;camera&quot;:&quot;&quot;,&quot;caption&quot;:&quot;&quot;,&quot;created_timestamp&quot;:&quot;0&quot;,&quot;copyright&quot;:&quot;&quot;,&quot;focal_length&quot;:&quot;0&quot;,&quot;iso&quot;:&quot;0&quot;,&quot;shutter_speed&quot;:&quot;0&quot;,&quot;title&quot;:&quot;&quot;,&quot;orientation&quot;:&quot;0&quot;}\" data-image-title=\"evento uru-001\" data-image-description=\"\" data-image-caption=\"\" data-medium-file=\"https:\/\/i0.wp.com\/wp.ufpel.edu.br\/grupoicaro\/files\/2014\/10\/evento-uru-001.jpg?fit=225%2C318&amp;ssl=1\" data-large-file=\"https:\/\/i0.wp.com\/wp.ufpel.edu.br\/grupoicaro\/files\/2014\/10\/evento-uru-001.jpg?fit=474%2C106&amp;ssl=1\" class=\"wp-image-873 size-full\" src=\"https:\/\/i0.wp.com\/wp.ufpel.edu.br\/grupoicaro\/files\/2014\/10\/evento-uru-001.jpg?resize=474%2C670&#038;ssl=1\" alt=\"evento uru-001\" width=\"474\" height=\"670\" srcset=\"https:\/\/i0.wp.com\/wp.ufpel.edu.br\/grupoicaro\/files\/2014\/10\/evento-uru-001.jpg?w=1191&amp;ssl=1 1191w, https:\/\/i0.wp.com\/wp.ufpel.edu.br\/grupoicaro\/files\/2014\/10\/evento-uru-001.jpg?resize=112%2C159&amp;ssl=1 112w, https:\/\/i0.wp.com\/wp.ufpel.edu.br\/grupoicaro\/files\/2014\/10\/evento-uru-001.jpg?resize=225%2C318&amp;ssl=1 225w, https:\/\/i0.wp.com\/wp.ufpel.edu.br\/grupoicaro\/files\/2014\/10\/evento-uru-001.jpg?resize=768%2C1086&amp;ssl=1 768w, https:\/\/i0.wp.com\/wp.ufpel.edu.br\/grupoicaro\/files\/2014\/10\/evento-uru-001.jpg?w=948&amp;ssl=1 948w\" sizes=\"auto, (max-width: 474px) 100vw, 474px\" \/><\/a><figcaption id=\"caption-attachment-873\" class=\"wp-caption-text\">Evento XIII Ciclo de Conversas na Biblioteca Negra 2016; Lima Barreto, Escritor Negro.<\/figcaption><\/figure>\n<figure id=\"attachment_474\" aria-describedby=\"caption-attachment-474\" style=\"width: 424px\" class=\"wp-caption aligncenter\"><img data-recalc-dims=\"1\" loading=\"lazy\" decoding=\"async\" data-attachment-id=\"474\" data-permalink=\"https:\/\/wp.ufpel.edu.br\/grupoicaro\/2014\/02\/20\/ix-tempos-de-repressao\/banner\/\" data-orig-file=\"https:\/\/i0.wp.com\/wp.ufpel.edu.br\/grupoicaro\/files\/2014\/02\/BANNER.jpg?fit=2080%2C780&amp;ssl=1\" data-orig-size=\"2080,780\" data-comments-opened=\"0\" data-image-meta=\"{&quot;aperture&quot;:&quot;0&quot;,&quot;credit&quot;:&quot;&quot;,&quot;camera&quot;:&quot;&quot;,&quot;caption&quot;:&quot;&quot;,&quot;created_timestamp&quot;:&quot;0&quot;,&quot;copyright&quot;:&quot;&quot;,&quot;focal_length&quot;:&quot;0&quot;,&quot;iso&quot;:&quot;0&quot;,&quot;shutter_speed&quot;:&quot;0&quot;,&quot;title&quot;:&quot;&quot;}\" data-image-title=\"BANNER\" data-image-description=\"\" data-image-caption=\"\" data-medium-file=\"https:\/\/i0.wp.com\/wp.ufpel.edu.br\/grupoicaro\/files\/2014\/02\/BANNER.jpg?fit=424%2C159&amp;ssl=1\" data-large-file=\"https:\/\/i0.wp.com\/wp.ufpel.edu.br\/grupoicaro\/files\/2014\/02\/BANNER.jpg?fit=474%2C106&amp;ssl=1\" class=\"wp-image-474 size-medium\" src=\"https:\/\/i0.wp.com\/wp.ufpel.edu.br\/grupoicaro\/files\/2014\/02\/BANNER.jpg?resize=424%2C159&#038;ssl=1\" alt=\"BANNER\" width=\"424\" height=\"159\" srcset=\"https:\/\/i0.wp.com\/wp.ufpel.edu.br\/grupoicaro\/files\/2014\/02\/BANNER.jpg?resize=424%2C159&amp;ssl=1 424w, https:\/\/i0.wp.com\/wp.ufpel.edu.br\/grupoicaro\/files\/2014\/02\/BANNER.jpg?resize=212%2C79&amp;ssl=1 212w, https:\/\/i0.wp.com\/wp.ufpel.edu.br\/grupoicaro\/files\/2014\/02\/BANNER.jpg?w=948&amp;ssl=1 948w, https:\/\/i0.wp.com\/wp.ufpel.edu.br\/grupoicaro\/files\/2014\/02\/BANNER.jpg?w=1422&amp;ssl=1 1422w\" sizes=\"auto, (max-width: 424px) 100vw, 424px\" \/><figcaption id=\"caption-attachment-474\" class=\"wp-caption-text\">Apoio: Centro de Letras e Comunica\u00e7\u00e3o (UFPel) Programa de P\u00f3s-gradua\u00e7\u00e3o em Letras (UFPel) Grupo de Pesquisa LA (CNPq\/UFSM)<\/figcaption><\/figure>\n<h1 style=\"border: 0px none;margin: 20px 0px 5px;padding: 0px;color: #333333;font-weight: bold;font-style: normal;font-variant: normal;font-size: 20px;line-height: normal;font-family: arial;letter-spacing: normal;text-indent: 0px;text-align: center;background-color: #ffffff\"><b><a href=\"https:\/\/i0.wp.com\/wp.ufpel.edu.br\/grupoicaro\/files\/2013\/05\/cartaz2.jpg?ssl=1\"><img data-recalc-dims=\"1\" loading=\"lazy\" decoding=\"async\" data-attachment-id=\"164\" data-permalink=\"https:\/\/wp.ufpel.edu.br\/grupoicaro\/eventos-e-projetos\/cartaz-3\/\" data-orig-file=\"https:\/\/i0.wp.com\/wp.ufpel.edu.br\/grupoicaro\/files\/2013\/05\/cartaz2.jpg?fit=490%2C637&amp;ssl=1\" data-orig-size=\"490,637\" data-comments-opened=\"0\" data-image-meta=\"{&quot;aperture&quot;:&quot;0&quot;,&quot;credit&quot;:&quot;&quot;,&quot;camera&quot;:&quot;&quot;,&quot;caption&quot;:&quot;&quot;,&quot;created_timestamp&quot;:&quot;0&quot;,&quot;copyright&quot;:&quot;&quot;,&quot;focal_length&quot;:&quot;0&quot;,&quot;iso&quot;:&quot;0&quot;,&quot;shutter_speed&quot;:&quot;0&quot;,&quot;title&quot;:&quot;&quot;}\" data-image-title=\"cartaz\" data-image-description=\"\" data-image-caption=\"\" data-medium-file=\"https:\/\/i0.wp.com\/wp.ufpel.edu.br\/grupoicaro\/files\/2013\/05\/cartaz2.jpg?fit=230%2C300&amp;ssl=1\" data-large-file=\"https:\/\/i0.wp.com\/wp.ufpel.edu.br\/grupoicaro\/files\/2013\/05\/cartaz2.jpg?fit=169%2C220&amp;ssl=1\" class=\"aligncenter wp-image-164 \" src=\"https:\/\/i0.wp.com\/wp.ufpel.edu.br\/grupoicaro\/files\/2013\/05\/cartaz2.jpg?resize=438%2C569&#038;ssl=1\" alt=\"cartaz\" width=\"438\" height=\"569\" srcset=\"https:\/\/i0.wp.com\/wp.ufpel.edu.br\/grupoicaro\/files\/2013\/05\/cartaz2.jpg?w=490&amp;ssl=1 490w, https:\/\/i0.wp.com\/wp.ufpel.edu.br\/grupoicaro\/files\/2013\/05\/cartaz2.jpg?resize=230%2C300&amp;ssl=1 230w\" sizes=\"auto, (max-width: 438px) 100vw, 438px\" \/><\/a><\/b><\/h1>\n<p>&nbsp;<\/p>\n<p>&nbsp;<\/p>\n<p><a href=\"https:\/\/i0.wp.com\/wp.ufpel.edu.br\/grupoicaro\/files\/2013\/05\/cartaz_seminc3a1rio.jpg?ssl=1\"><img data-recalc-dims=\"1\" loading=\"lazy\" decoding=\"async\" data-attachment-id=\"173\" data-permalink=\"https:\/\/wp.ufpel.edu.br\/grupoicaro\/eventos-e-projetos\/cartaz_seminc3a1rio\/\" data-orig-file=\"https:\/\/i0.wp.com\/wp.ufpel.edu.br\/grupoicaro\/files\/2013\/05\/cartaz_seminc3a1rio.jpg?fit=490%2C701&amp;ssl=1\" data-orig-size=\"490,701\" data-comments-opened=\"0\" data-image-meta=\"{&quot;aperture&quot;:&quot;0&quot;,&quot;credit&quot;:&quot;&quot;,&quot;camera&quot;:&quot;&quot;,&quot;caption&quot;:&quot;&quot;,&quot;created_timestamp&quot;:&quot;0&quot;,&quot;copyright&quot;:&quot;&quot;,&quot;focal_length&quot;:&quot;0&quot;,&quot;iso&quot;:&quot;0&quot;,&quot;shutter_speed&quot;:&quot;0&quot;,&quot;title&quot;:&quot;&quot;}\" data-image-title=\"cartaz_seminc3a1rio\" data-image-description=\"\" data-image-caption=\"\" data-medium-file=\"https:\/\/i0.wp.com\/wp.ufpel.edu.br\/grupoicaro\/files\/2013\/05\/cartaz_seminc3a1rio.jpg?fit=209%2C300&amp;ssl=1\" data-large-file=\"https:\/\/i0.wp.com\/wp.ufpel.edu.br\/grupoicaro\/files\/2013\/05\/cartaz_seminc3a1rio.jpg?fit=154%2C220&amp;ssl=1\" class=\"aligncenter wp-image-173 \" src=\"https:\/\/i0.wp.com\/wp.ufpel.edu.br\/grupoicaro\/files\/2013\/05\/cartaz_seminc3a1rio.jpg?resize=437%2C625&#038;ssl=1\" alt=\"cartaz_seminc3a1rio\" width=\"437\" height=\"625\" srcset=\"https:\/\/i0.wp.com\/wp.ufpel.edu.br\/grupoicaro\/files\/2013\/05\/cartaz_seminc3a1rio.jpg?w=490&amp;ssl=1 490w, https:\/\/i0.wp.com\/wp.ufpel.edu.br\/grupoicaro\/files\/2013\/05\/cartaz_seminc3a1rio.jpg?resize=209%2C300&amp;ssl=1 209w\" sizes=\"auto, (max-width: 437px) 100vw, 437px\" \/><\/a><\/p>\n<p>&nbsp;<\/p>\n<p><a href=\"https:\/\/i0.wp.com\/wp.ufpel.edu.br\/grupoicaro\/files\/2013\/05\/carlos-moore1-cartaz.jpg?ssl=1\"><img data-recalc-dims=\"1\" loading=\"lazy\" decoding=\"async\" data-attachment-id=\"176\" data-permalink=\"https:\/\/wp.ufpel.edu.br\/grupoicaro\/eventos-e-projetos\/carlos-moore1-cartaz\/\" data-orig-file=\"https:\/\/i0.wp.com\/wp.ufpel.edu.br\/grupoicaro\/files\/2013\/05\/carlos-moore1-cartaz.jpg?fit=490%2C368&amp;ssl=1\" data-orig-size=\"490,368\" data-comments-opened=\"0\" data-image-meta=\"{&quot;aperture&quot;:&quot;0&quot;,&quot;credit&quot;:&quot;&quot;,&quot;camera&quot;:&quot;&quot;,&quot;caption&quot;:&quot;&quot;,&quot;created_timestamp&quot;:&quot;0&quot;,&quot;copyright&quot;:&quot;&quot;,&quot;focal_length&quot;:&quot;0&quot;,&quot;iso&quot;:&quot;0&quot;,&quot;shutter_speed&quot;:&quot;0&quot;,&quot;title&quot;:&quot;&quot;}\" data-image-title=\"carlos-moore1-cartaz\" data-image-description=\"\" data-image-caption=\"\" data-medium-file=\"https:\/\/i0.wp.com\/wp.ufpel.edu.br\/grupoicaro\/files\/2013\/05\/carlos-moore1-cartaz.jpg?fit=300%2C225&amp;ssl=1\" data-large-file=\"https:\/\/i0.wp.com\/wp.ufpel.edu.br\/grupoicaro\/files\/2013\/05\/carlos-moore1-cartaz.jpg?fit=293%2C220&amp;ssl=1\" class=\"aligncenter wp-image-176 \" src=\"https:\/\/i0.wp.com\/wp.ufpel.edu.br\/grupoicaro\/files\/2013\/05\/carlos-moore1-cartaz.jpg?resize=443%2C333&#038;ssl=1\" alt=\"carlos-moore1-cartaz\" width=\"443\" height=\"333\" srcset=\"https:\/\/i0.wp.com\/wp.ufpel.edu.br\/grupoicaro\/files\/2013\/05\/carlos-moore1-cartaz.jpg?w=490&amp;ssl=1 490w, https:\/\/i0.wp.com\/wp.ufpel.edu.br\/grupoicaro\/files\/2013\/05\/carlos-moore1-cartaz.jpg?resize=300%2C225&amp;ssl=1 300w\" sizes=\"auto, (max-width: 443px) 100vw, 443px\" \/><\/a><\/p>\n<p>&nbsp;<\/p>\n<p><a href=\"https:\/\/i0.wp.com\/wp.ufpel.edu.br\/grupoicaro\/files\/2013\/05\/cartaz5.jpg?ssl=1\"><img data-recalc-dims=\"1\" loading=\"lazy\" decoding=\"async\" data-attachment-id=\"185\" data-permalink=\"https:\/\/wp.ufpel.edu.br\/grupoicaro\/eventos-e-projetos\/cartaz-6\/\" data-orig-file=\"https:\/\/i0.wp.com\/wp.ufpel.edu.br\/grupoicaro\/files\/2013\/05\/cartaz5.jpg?fit=531%2C766&amp;ssl=1\" data-orig-size=\"531,766\" data-comments-opened=\"0\" data-image-meta=\"{&quot;aperture&quot;:&quot;0&quot;,&quot;credit&quot;:&quot;&quot;,&quot;camera&quot;:&quot;&quot;,&quot;caption&quot;:&quot;&quot;,&quot;created_timestamp&quot;:&quot;0&quot;,&quot;copyright&quot;:&quot;&quot;,&quot;focal_length&quot;:&quot;0&quot;,&quot;iso&quot;:&quot;0&quot;,&quot;shutter_speed&quot;:&quot;0&quot;,&quot;title&quot;:&quot;&quot;}\" data-image-title=\"cartaz\" data-image-description=\"\" data-image-caption=\"\" data-medium-file=\"https:\/\/i0.wp.com\/wp.ufpel.edu.br\/grupoicaro\/files\/2013\/05\/cartaz5.jpg?fit=207%2C300&amp;ssl=1\" data-large-file=\"https:\/\/i0.wp.com\/wp.ufpel.edu.br\/grupoicaro\/files\/2013\/05\/cartaz5.jpg?fit=153%2C220&amp;ssl=1\" class=\"aligncenter wp-image-185\" src=\"https:\/\/i0.wp.com\/wp.ufpel.edu.br\/grupoicaro\/files\/2013\/05\/cartaz5.jpg?resize=442%2C638&#038;ssl=1\" alt=\"cartaz\" width=\"442\" height=\"638\" srcset=\"https:\/\/i0.wp.com\/wp.ufpel.edu.br\/grupoicaro\/files\/2013\/05\/cartaz5.jpg?w=531&amp;ssl=1 531w, https:\/\/i0.wp.com\/wp.ufpel.edu.br\/grupoicaro\/files\/2013\/05\/cartaz5.jpg?resize=207%2C300&amp;ssl=1 207w\" sizes=\"auto, (max-width: 442px) 100vw, 442px\" \/><\/a><\/p>\n<p>&nbsp;<\/p>\n<p>&nbsp;<\/p>\n<h1 style=\"border: 0px none;margin: 20px 0px 5px;padding: 0px;color: #333333;font-weight: bold;font-style: normal;font-variant: normal;font-size: 20px;line-height: normal;font-family: arial;letter-spacing: normal;text-indent: 0px;text-align: center;background-color: #ffffff\"><b><a href=\"https:\/\/i0.wp.com\/wp.ufpel.edu.br\/grupoicaro\/files\/2013\/05\/convite1.jpg?ssl=1\"><img data-recalc-dims=\"1\" loading=\"lazy\" decoding=\"async\" data-attachment-id=\"187\" data-permalink=\"https:\/\/wp.ufpel.edu.br\/grupoicaro\/eventos-e-projetos\/convite1\/\" data-orig-file=\"https:\/\/i0.wp.com\/wp.ufpel.edu.br\/grupoicaro\/files\/2013\/05\/convite1.jpg?fit=960%2C720&amp;ssl=1\" data-orig-size=\"960,720\" data-comments-opened=\"0\" data-image-meta=\"{&quot;aperture&quot;:&quot;0&quot;,&quot;credit&quot;:&quot;&quot;,&quot;camera&quot;:&quot;&quot;,&quot;caption&quot;:&quot;&quot;,&quot;created_timestamp&quot;:&quot;0&quot;,&quot;copyright&quot;:&quot;&quot;,&quot;focal_length&quot;:&quot;0&quot;,&quot;iso&quot;:&quot;0&quot;,&quot;shutter_speed&quot;:&quot;0&quot;,&quot;title&quot;:&quot;&quot;}\" data-image-title=\"convite1\" data-image-description=\"\" data-image-caption=\"\" data-medium-file=\"https:\/\/i0.wp.com\/wp.ufpel.edu.br\/grupoicaro\/files\/2013\/05\/convite1.jpg?fit=300%2C225&amp;ssl=1\" data-large-file=\"https:\/\/i0.wp.com\/wp.ufpel.edu.br\/grupoicaro\/files\/2013\/05\/convite1.jpg?fit=293%2C220&amp;ssl=1\" class=\"aligncenter wp-image-187 \" src=\"https:\/\/i0.wp.com\/wp.ufpel.edu.br\/grupoicaro\/files\/2013\/05\/convite1.jpg?resize=467%2C473&#038;ssl=1\" alt=\"convite1\" width=\"467\" height=\"473\" \/><\/a><\/b><\/h1>\n<p>&nbsp;<\/p>\n","protected":false},"excerpt":{"rendered":"<p>Playlist Sobre a \u00c9gide do Totalitarismo e do Autoritarismo\u00a0(Canal SILCE) Playlist 24 Frames de Literatura (Canal SILCE) Clique na imagem e saiba mais. &nbsp; &nbsp; &nbsp; &nbsp; &nbsp; &nbsp; &nbsp;<\/p>\n","protected":false},"author":267,"featured_media":0,"parent":0,"menu_order":0,"comment_status":"closed","ping_status":"closed","template":"","meta":{"jetpack_post_was_ever_published":false,"footnotes":""},"class_list":["post-583","page","type-page","status-publish","hentry"],"jetpack_sharing_enabled":true,"_links":{"self":[{"href":"https:\/\/wp.ufpel.edu.br\/grupoicaro\/wp-json\/wp\/v2\/pages\/583","targetHints":{"allow":["GET"]}}],"collection":[{"href":"https:\/\/wp.ufpel.edu.br\/grupoicaro\/wp-json\/wp\/v2\/pages"}],"about":[{"href":"https:\/\/wp.ufpel.edu.br\/grupoicaro\/wp-json\/wp\/v2\/types\/page"}],"author":[{"embeddable":true,"href":"https:\/\/wp.ufpel.edu.br\/grupoicaro\/wp-json\/wp\/v2\/users\/267"}],"replies":[{"embeddable":true,"href":"https:\/\/wp.ufpel.edu.br\/grupoicaro\/wp-json\/wp\/v2\/comments?post=583"}],"version-history":[{"count":20,"href":"https:\/\/wp.ufpel.edu.br\/grupoicaro\/wp-json\/wp\/v2\/pages\/583\/revisions"}],"predecessor-version":[{"id":1255,"href":"https:\/\/wp.ufpel.edu.br\/grupoicaro\/wp-json\/wp\/v2\/pages\/583\/revisions\/1255"}],"wp:attachment":[{"href":"https:\/\/wp.ufpel.edu.br\/grupoicaro\/wp-json\/wp\/v2\/media?parent=583"}],"curies":[{"name":"wp","href":"https:\/\/api.w.org\/{rel}","templated":true}]}}