{"id":518,"date":"2014-06-16T13:21:29","date_gmt":"2014-06-16T16:21:29","guid":{"rendered":"https:\/\/wp.ufpel.edu.br\/grupoicaro\/?page_id=518"},"modified":"2014-06-16T13:40:05","modified_gmt":"2014-06-16T16:40:05","slug":"objetivos-gerais","status":"publish","type":"page","link":"https:\/\/wp.ufpel.edu.br\/grupoicaro\/objetivos-gerais\/","title":{"rendered":"Objetivos Gerais &#8211; Grupo de Pesquisa LA (CNPq\/UFSM)"},"content":{"rendered":"<p style=\"color: #000000\" align=\"justify\"><span style=\"font-family: Arial;font-size: small\">&#8211; Refletir sobre as representa\u00e7\u00f5es liter\u00e1rias de regimes autorit\u00e1rios na Alemanha, na Am\u00e9rica Hisp\u00e2nica e no Brasil, tendo em vista problemas de Teoria Liter\u00e1ria e de Literatura Comparada.<\/span><\/p>\n<p style=\"color: #000000\" align=\"justify\"><span style=\"font-family: Arial;font-size: small\">&#8211; Estudar contribui\u00e7\u00f5es da Teoria, da Cr\u00edtica e da Historiografia Liter\u00e1rias para o estudo das rela\u00e7\u00f5es entre Literatura e Autoritarismo. Ser\u00e3o levantadas categorias utilizadas pelos cr\u00edticos e historiadores, e examinadas as fundamenta\u00e7\u00f5es te\u00f3ricas empregadas.<\/span><\/p>\n<p style=\"color: #000000\" align=\"justify\"><span style=\"font-family: Arial;font-size: small\">&#8211; Refletir sobre conceitos de Est\u00e9tica e de Teoria da Literatura \u00e0 luz das rela\u00e7\u00f5es entre Literatura e Autoritarismo. Conceitos como ju\u00edzo cr\u00edtico, universalidade, engajamento, participa\u00e7\u00e3o, cr\u00edtica social, literariedade, m\u00edmese e c\u00e2none ser\u00e3o discutidos tendo em vista a condi\u00e7\u00e3o espec\u00edfica da express\u00e3o liter\u00e1ria em um contexto de controle discursivo e ideol\u00f3gico.<\/span><\/p>\n<p style=\"color: #000000\" align=\"justify\"><span style=\"font-family: Arial;font-size: small\">&#8211; Examinar obras liter\u00e1rias produzidas em per\u00edodos de regimes autorit\u00e1rios e experi\u00eancias hist\u00f3ricas de viol\u00eancia, avaliando suas rela\u00e7\u00f5es com o contexto ideol\u00f3gico e cultural. As obras est\u00e3o indicadas nos projetos individuais.<\/span><\/p>\n<p style=\"color: #000000\" align=\"justify\"><span style=\"font-family: Arial;font-size: small\">&#8211; Constituir um banco de dados sobre Literatura e Autoritarismo. Como est\u00e1 explicado mais adiante, a inten\u00e7\u00e3o \u00e9 formar uma biblioteca virtual sobre o assunto, para consulta de pesquisadores.<\/span><\/p>\n<p style=\"color: #000000\" align=\"justify\"><span style=\"font-family: Arial;font-size: small\">&#8211; Contribuir para a consolida\u00e7\u00e3o da pesquisa liter\u00e1ria nas institui\u00e7\u00f5es envolvidas, articulando atividades de docentes de diferentes origens. Ser\u00e3o realizadas atividades em gradua\u00e7\u00e3o e p\u00f3s-gradua\u00e7\u00e3o, bem como eventos e publica\u00e7\u00f5es em \u00e2mbito interinstitucional.<\/span><\/p>\n","protected":false},"excerpt":{"rendered":"<p>&#8211; Refletir sobre as representa\u00e7\u00f5es liter\u00e1rias de regimes autorit\u00e1rios na Alemanha, na Am\u00e9rica Hisp\u00e2nica e no Brasil, tendo em vista problemas de Teoria Liter\u00e1ria e de Literatura Comparada. &#8211; Estudar contribui\u00e7\u00f5es da Teoria, da Cr\u00edtica e da Historiografia Liter\u00e1rias para o estudo das rela\u00e7\u00f5es entre Literatura e Autoritarismo. Ser\u00e3o levantadas categorias utilizadas pelos cr\u00edticos e &hellip; <a href=\"https:\/\/wp.ufpel.edu.br\/grupoicaro\/objetivos-gerais\/\" class=\"more-link\">Continue lendo <span class=\"screen-reader-text\">Objetivos Gerais &#8211; Grupo de Pesquisa LA (CNPq\/UFSM)<\/span> <span class=\"meta-nav\">&rarr;<\/span><\/a><\/p>\n","protected":false},"author":267,"featured_media":0,"parent":0,"menu_order":0,"comment_status":"closed","ping_status":"closed","template":"","meta":{"jetpack_post_was_ever_published":false,"footnotes":""},"class_list":["post-518","page","type-page","status-publish","hentry"],"jetpack_sharing_enabled":true,"_links":{"self":[{"href":"https:\/\/wp.ufpel.edu.br\/grupoicaro\/wp-json\/wp\/v2\/pages\/518","targetHints":{"allow":["GET"]}}],"collection":[{"href":"https:\/\/wp.ufpel.edu.br\/grupoicaro\/wp-json\/wp\/v2\/pages"}],"about":[{"href":"https:\/\/wp.ufpel.edu.br\/grupoicaro\/wp-json\/wp\/v2\/types\/page"}],"author":[{"embeddable":true,"href":"https:\/\/wp.ufpel.edu.br\/grupoicaro\/wp-json\/wp\/v2\/users\/267"}],"replies":[{"embeddable":true,"href":"https:\/\/wp.ufpel.edu.br\/grupoicaro\/wp-json\/wp\/v2\/comments?post=518"}],"version-history":[{"count":3,"href":"https:\/\/wp.ufpel.edu.br\/grupoicaro\/wp-json\/wp\/v2\/pages\/518\/revisions"}],"predecessor-version":[{"id":526,"href":"https:\/\/wp.ufpel.edu.br\/grupoicaro\/wp-json\/wp\/v2\/pages\/518\/revisions\/526"}],"wp:attachment":[{"href":"https:\/\/wp.ufpel.edu.br\/grupoicaro\/wp-json\/wp\/v2\/media?parent=518"}],"curies":[{"name":"wp","href":"https:\/\/api.w.org\/{rel}","templated":true}]}}