{"id":508,"date":"2014-06-16T13:08:08","date_gmt":"2014-06-16T16:08:08","guid":{"rendered":"https:\/\/wp.ufpel.edu.br\/grupoicaro\/?page_id=508"},"modified":"2015-03-17T11:37:17","modified_gmt":"2015-03-17T14:37:17","slug":"grupo-de-pesquisa-la-cnpqufsm","status":"publish","type":"page","link":"https:\/\/wp.ufpel.edu.br\/grupoicaro\/grupo-de-pesquisa-la-cnpqufsm\/","title":{"rendered":"Grupo de Pesquisa LA (CNPq\/UFSM)"},"content":{"rendered":"<p style=\"text-align: center\"><strong>Grupo de Pesquisa LA &#8211; Literatura e Autoritarismo<\/strong><\/p>\n<p style=\"text-align: center\">O Grupo de Pesquisa LA (UFSM\/CNPq) se consolida como parceiro do \u00cdCARO na realiza\u00e7\u00e3o de diversas atividades.<\/p>\n<p style=\"text-align: justify\"><a href=\"https:\/\/i0.wp.com\/wp.ufpel.edu.br\/grupoicaro\/files\/2014\/06\/logo_grupo_inicial.jpg?ssl=1\"><img data-recalc-dims=\"1\" loading=\"lazy\" decoding=\"async\" data-attachment-id=\"516\" data-permalink=\"https:\/\/wp.ufpel.edu.br\/grupoicaro\/grupo-de-pesquisa-la-cnpqufsm\/logo_grupo_inicial\/\" data-orig-file=\"https:\/\/i0.wp.com\/wp.ufpel.edu.br\/grupoicaro\/files\/2014\/06\/logo_grupo_inicial.jpg?fit=300%2C150&amp;ssl=1\" data-orig-size=\"300,150\" data-comments-opened=\"0\" data-image-meta=\"{&quot;aperture&quot;:&quot;0&quot;,&quot;credit&quot;:&quot;&quot;,&quot;camera&quot;:&quot;&quot;,&quot;caption&quot;:&quot;&quot;,&quot;created_timestamp&quot;:&quot;0&quot;,&quot;copyright&quot;:&quot;&quot;,&quot;focal_length&quot;:&quot;0&quot;,&quot;iso&quot;:&quot;0&quot;,&quot;shutter_speed&quot;:&quot;0&quot;,&quot;title&quot;:&quot;&quot;}\" data-image-title=\"logo_grupo_inicial\" data-image-description=\"\" data-image-caption=\"\" data-medium-file=\"https:\/\/i0.wp.com\/wp.ufpel.edu.br\/grupoicaro\/files\/2014\/06\/logo_grupo_inicial.jpg?fit=300%2C150&amp;ssl=1\" data-large-file=\"https:\/\/i0.wp.com\/wp.ufpel.edu.br\/grupoicaro\/files\/2014\/06\/logo_grupo_inicial.jpg?fit=300%2C150&amp;ssl=1\" class=\"aligncenter size-full wp-image-516\" src=\"https:\/\/i0.wp.com\/wp.ufpel.edu.br\/grupoicaro\/files\/2014\/06\/logo_grupo_inicial.jpg?resize=300%2C150&#038;ssl=1\" alt=\"logo_grupo_inicial\" width=\"300\" height=\"150\" srcset=\"https:\/\/i0.wp.com\/wp.ufpel.edu.br\/grupoicaro\/files\/2014\/06\/logo_grupo_inicial.jpg?w=300&amp;ssl=1 300w, https:\/\/i0.wp.com\/wp.ufpel.edu.br\/grupoicaro\/files\/2014\/06\/logo_grupo_inicial.jpg?resize=212%2C106&amp;ssl=1 212w\" sizes=\"auto, (max-width: 300px) 100vw, 300px\" \/><\/a><\/p>\n<p><span style=\"color: #000000\">O Grupo de Pesquisa Literatura e Autoritarismo tem por objetivo desenvolver projetos referentes \u00e0 produ\u00e7\u00e3o e recep\u00e7\u00e3o de obras liter\u00e1rias em contextos pol\u00edticos autorit\u00e1rios. Entre seus horizontes preferenciais, est\u00e3o as experi\u00eancias do autoritarismo alem\u00e3o durante o nazi-fascismo e o comunismo, os per\u00edodos de autoritarismo brasileiro no Estado Novo e na ditadura militar recente, e as formas ditatoriais na Am\u00e9rica Hisp\u00e2nica. As quest\u00f5es formuladas nas reflex\u00f5es cr\u00edticas envolvem avalia\u00e7\u00f5es de crit\u00e9rios com rela\u00e7\u00e3o aos quais escritores s\u00e3o canonizados, problemas de censura, discuss\u00e3o da recep\u00e7\u00e3o de obras associadas \u00e0 defesa de ideologias autorit\u00e1rias, bem como compara\u00e7\u00f5es entre escritores marcados por diferentes formas de autoritarismo. A din\u00e2mica de produ\u00e7\u00e3o do grupo procura articular as diferentes institui\u00e7\u00f5es envolvidas, e consolidar as suas linhas de pesquisa nos cursos de p\u00f3s-gradua\u00e7\u00e3o em que atuam os docentes, em especial na institui\u00e7\u00e3o-sede, a Universidade Federal de Santa Maria. Os pesquisadores pretendem desenvolver atividades de ensino, pesquisa, extens\u00e3o e forma\u00e7\u00e3o de recursos humanos, incluindo doc\u00eancia em gradua\u00e7\u00e3o e p\u00f3s-gradua\u00e7\u00e3o, estudo de documentos, organiza\u00e7\u00e3o de publica\u00e7\u00f5es, promo\u00e7\u00e3o de eventos e orienta\u00e7\u00e3o de alunos. Durante o per\u00edodo de 2000 a 2002, o grupo desenvolveu uma s\u00e9rie de atividades, que foram apresentadas em Relat\u00f3rio enviado ao CNPq em fevereiro de 2001. Os professores Rosani Ketzer Umbach e Jaime Ginzburg receberam bolsas de produtividade de pesquisa do CNPq. Foram envolvidos no trabalho estudantes de gradua\u00e7\u00e3o, alguns deles com bolsas de inicia\u00e7\u00e3o cient\u00edfica, e p\u00f3s-gradua\u00e7\u00e3o. Foram organizados quatro eventos no ano de 2001 com apresenta\u00e7\u00e3o de trabalhos de membros do grupo e de convidados. Al\u00e9m de organizar o n\u00ba 22 da Revista Letras e o n\u00ba 4 da Revista Ensaios, ambas da UFSM, com o tema Literatura e Autoritarismo, membros do grupo publicaram artigos no pa\u00eds e no exterior, com resultados de seu trabalho. Em agosto de 2002, o relat\u00f3rio recebeu aprova\u00e7\u00e3o do CNPq. Desde 2003, o Grupo tamb\u00e9m disponibiliza a Revista Literatura e Autoritarismo Online, ISSN 1679-849X, dispon\u00edvel em www.ufsm.br\/la no link &#8220;revista eletr\u00f4nica&#8221;.<\/span><\/p>\n<p><strong><a title=\"Objetivos Gerais\" href=\"https:\/\/wp.ufpel.edu.br\/grupoicaro\/?p=518\" target=\"_blank\">Objetivos Gerais<\/a><\/strong><\/p>\n<p><strong><a title=\"Biliografia Gral\" href=\"https:\/\/wp.ufpel.edu.br\/grupoicaro\/?p=520\" target=\"_blank\">Bibliografia Geral<\/a><\/strong><\/p>\n<p><a title=\"Diret\u00f3rio de Grupos de Pesquisa\" href=\"http:\/\/dgp.cnpq.br\/dgp\/espelhogrupo\/3935747466328535\" target=\"_blank\">Para acessa o Diret\u00f3rio CNPQ do grupo, clique aqui <\/a><\/p>\n<p><a title=\"Revista eletr\u00f4nica\" href=\"http:\/\/cascavel.ufsm.br\/revistas\/ojs-2.2.2\/index.php\/LA\" target=\"_blank\">Acesse a p\u00e1gina da Revista Literatura e Autoritarismo<\/a><\/p>\n<p><a title=\"Curriculo Lattes\" href=\"http:\/\/lattes.cnpq.br\/5773862679226891\" target=\"_blank\">Profa. Dra. Rosani Umbach &#8211; L\u00ecder do Grupo de Pesquisa LA<\/a><\/p>\n","protected":false},"excerpt":{"rendered":"<p>Grupo de Pesquisa LA &#8211; Literatura e Autoritarismo O Grupo de Pesquisa LA (UFSM\/CNPq) se consolida como parceiro do \u00cdCARO na realiza\u00e7\u00e3o de diversas atividades. O Grupo de Pesquisa Literatura e Autoritarismo tem por objetivo desenvolver projetos referentes \u00e0 produ\u00e7\u00e3o e recep\u00e7\u00e3o de obras liter\u00e1rias em contextos pol\u00edticos autorit\u00e1rios. Entre seus horizontes preferenciais, est\u00e3o as &hellip; <a href=\"https:\/\/wp.ufpel.edu.br\/grupoicaro\/grupo-de-pesquisa-la-cnpqufsm\/\" class=\"more-link\">Continue lendo <span class=\"screen-reader-text\">Grupo de Pesquisa LA (CNPq\/UFSM)<\/span> <span class=\"meta-nav\">&rarr;<\/span><\/a><\/p>\n","protected":false},"author":267,"featured_media":0,"parent":0,"menu_order":0,"comment_status":"closed","ping_status":"closed","template":"","meta":{"jetpack_post_was_ever_published":false,"footnotes":""},"class_list":["post-508","page","type-page","status-publish","hentry"],"jetpack_sharing_enabled":true,"_links":{"self":[{"href":"https:\/\/wp.ufpel.edu.br\/grupoicaro\/wp-json\/wp\/v2\/pages\/508","targetHints":{"allow":["GET"]}}],"collection":[{"href":"https:\/\/wp.ufpel.edu.br\/grupoicaro\/wp-json\/wp\/v2\/pages"}],"about":[{"href":"https:\/\/wp.ufpel.edu.br\/grupoicaro\/wp-json\/wp\/v2\/types\/page"}],"author":[{"embeddable":true,"href":"https:\/\/wp.ufpel.edu.br\/grupoicaro\/wp-json\/wp\/v2\/users\/267"}],"replies":[{"embeddable":true,"href":"https:\/\/wp.ufpel.edu.br\/grupoicaro\/wp-json\/wp\/v2\/comments?post=508"}],"version-history":[{"count":8,"href":"https:\/\/wp.ufpel.edu.br\/grupoicaro\/wp-json\/wp\/v2\/pages\/508\/revisions"}],"predecessor-version":[{"id":615,"href":"https:\/\/wp.ufpel.edu.br\/grupoicaro\/wp-json\/wp\/v2\/pages\/508\/revisions\/615"}],"wp:attachment":[{"href":"https:\/\/wp.ufpel.edu.br\/grupoicaro\/wp-json\/wp\/v2\/media?parent=508"}],"curies":[{"name":"wp","href":"https:\/\/api.w.org\/{rel}","templated":true}]}}