{"id":1238,"date":"2022-02-14T09:47:41","date_gmt":"2022-02-14T12:47:41","guid":{"rendered":"https:\/\/wp.ufpel.edu.br\/grupoicaro\/?page_id=1238"},"modified":"2022-02-14T15:22:13","modified_gmt":"2022-02-14T18:22:13","slug":"folha-do-ijsln","status":"publish","type":"page","link":"https:\/\/wp.ufpel.edu.br\/grupoicaro\/folha-do-ijsln\/","title":{"rendered":"Folha do IJSLN"},"content":{"rendered":"<p>A <a href=\"http:\/\/institutojsln.blogspot.com\/p\/folha-do-instituto.html\" target=\"_blank\" rel=\"noopener\">Folha do Instituto Jo\u00e3o Sim\u00f5es Lopes Neto<\/a> se constituiu de um peri\u00f3dico de publica\u00e7\u00e3o bimestral com o intuito de divulgar as a\u00e7\u00f5es e atividades realizadas no \u00e2mbito do Instituto Jo\u00e3o Sim\u00f5es Lopes Neto da cidade de Pelotas-RS. Sua produ\u00e7\u00e3o e publica\u00e7\u00e3o ocorreu a partir da colabora\u00e7\u00e3o do Instituto com o <a href=\"https:\/\/wp.ufpel.edu.br\/clc\/\" target=\"_blank\" rel=\"noopener\">Centro de Letras e Comunica\u00e7\u00e3o da Universidade Federal de Pelotas \u2013 CLC-UFPel<\/a>.<\/p>\n<p>Acesse os links abaixo para ler a \u00edntegra as tr\u00eas edi\u00e7\u00f5es da Folha do Instituto Jo\u00e3o Sim\u00f5es Lopes Neto.<\/p>\n<h1 class=\"title\"><a href=\"https:\/\/pt.calameo.com\/read\/002033621b2cec0434de8\" target=\"_blank\" rel=\"noopener\">Folha do Instituto &#8211; primeira edi\u00e7\u00e3o<\/a><\/h1>\n<h1 class=\"title\"><a href=\"https:\/\/pt.calameo.com\/read\/0020336215b275d3a460f\" target=\"_blank\" rel=\"noopener\">Folha do Instituto &#8211; segunda edi\u00e7\u00e3o<\/a><\/h1>\n<h1 class=\"title\"><a href=\"https:\/\/pt.calameo.com\/read\/00203362180778bf73ad8\" target=\"_blank\" rel=\"noopener\">Folha do Instituto &#8211; terceira edi\u00e7\u00e3o<\/a><\/h1>\n","protected":false},"excerpt":{"rendered":"<p>A Folha do Instituto Jo\u00e3o Sim\u00f5es Lopes Neto se constituiu de um peri\u00f3dico de publica\u00e7\u00e3o bimestral com o intuito de divulgar as a\u00e7\u00f5es e atividades realizadas no \u00e2mbito do Instituto Jo\u00e3o Sim\u00f5es Lopes Neto da cidade de Pelotas-RS. Sua produ\u00e7\u00e3o e publica\u00e7\u00e3o ocorreu a partir da colabora\u00e7\u00e3o do Instituto com o Centro de Letras e &hellip; <a href=\"https:\/\/wp.ufpel.edu.br\/grupoicaro\/folha-do-ijsln\/\" class=\"more-link\">Continue lendo <span class=\"screen-reader-text\">Folha do IJSLN<\/span> <span class=\"meta-nav\">&rarr;<\/span><\/a><\/p>\n","protected":false},"author":267,"featured_media":0,"parent":0,"menu_order":0,"comment_status":"closed","ping_status":"closed","template":"","meta":{"jetpack_post_was_ever_published":false,"footnotes":""},"class_list":["post-1238","page","type-page","status-publish","hentry"],"jetpack_sharing_enabled":true,"_links":{"self":[{"href":"https:\/\/wp.ufpel.edu.br\/grupoicaro\/wp-json\/wp\/v2\/pages\/1238","targetHints":{"allow":["GET"]}}],"collection":[{"href":"https:\/\/wp.ufpel.edu.br\/grupoicaro\/wp-json\/wp\/v2\/pages"}],"about":[{"href":"https:\/\/wp.ufpel.edu.br\/grupoicaro\/wp-json\/wp\/v2\/types\/page"}],"author":[{"embeddable":true,"href":"https:\/\/wp.ufpel.edu.br\/grupoicaro\/wp-json\/wp\/v2\/users\/267"}],"replies":[{"embeddable":true,"href":"https:\/\/wp.ufpel.edu.br\/grupoicaro\/wp-json\/wp\/v2\/comments?post=1238"}],"version-history":[{"count":6,"href":"https:\/\/wp.ufpel.edu.br\/grupoicaro\/wp-json\/wp\/v2\/pages\/1238\/revisions"}],"predecessor-version":[{"id":1253,"href":"https:\/\/wp.ufpel.edu.br\/grupoicaro\/wp-json\/wp\/v2\/pages\/1238\/revisions\/1253"}],"wp:attachment":[{"href":"https:\/\/wp.ufpel.edu.br\/grupoicaro\/wp-json\/wp\/v2\/media?parent=1238"}],"curies":[{"name":"wp","href":"https:\/\/api.w.org\/{rel}","templated":true}]}}