{"id":1141,"date":"2020-08-19T01:27:34","date_gmt":"2020-08-19T04:27:34","guid":{"rendered":"https:\/\/wp.ufpel.edu.br\/grupoicaro\/?page_id=1141"},"modified":"2020-08-19T01:27:34","modified_gmt":"2020-08-19T04:27:34","slug":"negue","status":"publish","type":"page","link":"https:\/\/wp.ufpel.edu.br\/grupoicaro\/negue\/","title":{"rendered":"NEGUE"},"content":{"rendered":"<p><img data-recalc-dims=\"1\" loading=\"lazy\" decoding=\"async\" data-attachment-id=\"1104\" data-permalink=\"https:\/\/wp.ufpel.edu.br\/grupoicaro\/10167953_1406565476275910_1835009787_n\/\" data-orig-file=\"https:\/\/i0.wp.com\/wp.ufpel.edu.br\/grupoicaro\/files\/2020\/06\/10167953_1406565476275910_1835009787_n.jpg?fit=180%2C180&amp;ssl=1\" data-orig-size=\"180,180\" data-comments-opened=\"0\" data-image-meta=\"{&quot;aperture&quot;:&quot;0&quot;,&quot;credit&quot;:&quot;&quot;,&quot;camera&quot;:&quot;&quot;,&quot;caption&quot;:&quot;&quot;,&quot;created_timestamp&quot;:&quot;0&quot;,&quot;copyright&quot;:&quot;&quot;,&quot;focal_length&quot;:&quot;0&quot;,&quot;iso&quot;:&quot;0&quot;,&quot;shutter_speed&quot;:&quot;0&quot;,&quot;title&quot;:&quot;&quot;,&quot;orientation&quot;:&quot;0&quot;}\" data-image-title=\"10167953_1406565476275910_1835009787_n\" data-image-description=\"\" data-image-caption=\"\" data-medium-file=\"https:\/\/i0.wp.com\/wp.ufpel.edu.br\/grupoicaro\/files\/2020\/06\/10167953_1406565476275910_1835009787_n.jpg?fit=180%2C180&amp;ssl=1\" data-large-file=\"https:\/\/i0.wp.com\/wp.ufpel.edu.br\/grupoicaro\/files\/2020\/06\/10167953_1406565476275910_1835009787_n.jpg?fit=180%2C180&amp;ssl=1\" class=\"size-full wp-image-1104 aligncenter\" src=\"https:\/\/i0.wp.com\/wp.ufpel.edu.br\/grupoicaro\/files\/2020\/06\/10167953_1406565476275910_1835009787_n.jpg?resize=180%2C180&#038;ssl=1\" alt=\"\" width=\"180\" height=\"180\" srcset=\"https:\/\/i0.wp.com\/wp.ufpel.edu.br\/grupoicaro\/files\/2020\/06\/10167953_1406565476275910_1835009787_n.jpg?w=180&amp;ssl=1 180w, https:\/\/i0.wp.com\/wp.ufpel.edu.br\/grupoicaro\/files\/2020\/06\/10167953_1406565476275910_1835009787_n.jpg?resize=159%2C159&amp;ssl=1 159w\" sizes=\"auto, (max-width: 180px) 100vw, 180px\" \/><\/p>\n<p style=\"text-align: center\">NEGUE &#8211; N\u00facleo de Estudos de Guerra e Literatura<\/p>\n<p>N\u00facleo de estudos vinculado \u00e0 Faculdade de Letras da Universidade Federal de Minas Gerais e congrega pesquisadores que se prop\u00f5em a desenvolver estudos sobre a representa\u00e7\u00e3o liter\u00e1ria de conflitos armados, especialmente sob o foco de suas rela\u00e7\u00f5es com a hist\u00f3ria e a mem\u00f3ria cultural.<br \/>\nAl\u00e9m disso, o n\u00facleo publica podcasts sobre narrativas de guerra e como ela \u00e9 representada em livros, filmes, m\u00fasicas, pinturas, quadrinhos, games e todo tipo de narrativa.<br \/>\nSaiba mais sobre o NEGUE nos links abaixo:<\/p>\n<p><span style=\"color: #008000\"><a style=\"color: #008000\" href=\"http:\/\/www.letras.ufmg.br\/nucleos\/negue\/?fbclid=IwAR1TFiZTKKpizNDhdDH8S_JfwtWyAFXLC9noroiJPYvSl_JwrxwuxURlbGA\" target=\"_blank\" rel=\"noopener noreferrer\">Para acessar a p\u00e1gina do projeto, clique aqui<\/a><\/span><\/p>\n<p><a href=\"https:\/\/www.facebook.com\/negueufmg\" target=\"_blank\" rel=\"noopener noreferrer\">Conhe\u00e7a a p\u00e1gina do projeto no facebook, clique aqui<\/a><\/p>\n<p>Ou\u00e7a os podcasts clicando nos links das seguintes plataformas:<\/p>\n<p><a href=\"https:\/\/soundcloud.com\/guerrasimaginadas?fbclid=IwAR2-roHhLqSxAh7OJtaqBp7-7SkvHvcDDonQ6S21Hgc0XnOQaPIqp_zHRgc\" target=\"_blank\" rel=\"noopener noreferrer\"><img data-recalc-dims=\"1\" loading=\"lazy\" decoding=\"async\" data-attachment-id=\"1105\" data-permalink=\"https:\/\/wp.ufpel.edu.br\/grupoicaro\/soundcloud-logo\/\" data-orig-file=\"https:\/\/i0.wp.com\/wp.ufpel.edu.br\/grupoicaro\/files\/2020\/06\/soundcloud-logo.png?fit=3500%2C1995&amp;ssl=1\" data-orig-size=\"3500,1995\" data-comments-opened=\"0\" data-image-meta=\"{&quot;aperture&quot;:&quot;0&quot;,&quot;credit&quot;:&quot;&quot;,&quot;camera&quot;:&quot;&quot;,&quot;caption&quot;:&quot;&quot;,&quot;created_timestamp&quot;:&quot;0&quot;,&quot;copyright&quot;:&quot;&quot;,&quot;focal_length&quot;:&quot;0&quot;,&quot;iso&quot;:&quot;0&quot;,&quot;shutter_speed&quot;:&quot;0&quot;,&quot;title&quot;:&quot;&quot;,&quot;orientation&quot;:&quot;0&quot;}\" data-image-title=\"soundcloud-logo\" data-image-description=\"\" data-image-caption=\"\" data-medium-file=\"https:\/\/i0.wp.com\/wp.ufpel.edu.br\/grupoicaro\/files\/2020\/06\/soundcloud-logo.png?fit=424%2C242&amp;ssl=1\" data-large-file=\"https:\/\/i0.wp.com\/wp.ufpel.edu.br\/grupoicaro\/files\/2020\/06\/soundcloud-logo.png?fit=474%2C106&amp;ssl=1\" class=\"alignnone wp-image-1105\" src=\"https:\/\/i0.wp.com\/wp.ufpel.edu.br\/grupoicaro\/files\/2020\/06\/soundcloud-logo.png?resize=92%2C52&#038;ssl=1\" alt=\"\" width=\"92\" height=\"52\" srcset=\"https:\/\/i0.wp.com\/wp.ufpel.edu.br\/grupoicaro\/files\/2020\/06\/soundcloud-logo.png?w=3500&amp;ssl=1 3500w, https:\/\/i0.wp.com\/wp.ufpel.edu.br\/grupoicaro\/files\/2020\/06\/soundcloud-logo.png?resize=424%2C242&amp;ssl=1 424w, https:\/\/i0.wp.com\/wp.ufpel.edu.br\/grupoicaro\/files\/2020\/06\/soundcloud-logo.png?resize=212%2C121&amp;ssl=1 212w, https:\/\/i0.wp.com\/wp.ufpel.edu.br\/grupoicaro\/files\/2020\/06\/soundcloud-logo.png?resize=768%2C438&amp;ssl=1 768w, https:\/\/i0.wp.com\/wp.ufpel.edu.br\/grupoicaro\/files\/2020\/06\/soundcloud-logo.png?resize=1536%2C876&amp;ssl=1 1536w, https:\/\/i0.wp.com\/wp.ufpel.edu.br\/grupoicaro\/files\/2020\/06\/soundcloud-logo.png?resize=2048%2C1167&amp;ssl=1 2048w, https:\/\/i0.wp.com\/wp.ufpel.edu.br\/grupoicaro\/files\/2020\/06\/soundcloud-logo.png?resize=672%2C372&amp;ssl=1 672w, https:\/\/i0.wp.com\/wp.ufpel.edu.br\/grupoicaro\/files\/2020\/06\/soundcloud-logo.png?resize=1038%2C576&amp;ssl=1 1038w, https:\/\/i0.wp.com\/wp.ufpel.edu.br\/grupoicaro\/files\/2020\/06\/soundcloud-logo.png?w=948&amp;ssl=1 948w, https:\/\/i0.wp.com\/wp.ufpel.edu.br\/grupoicaro\/files\/2020\/06\/soundcloud-logo.png?w=1422&amp;ssl=1 1422w\" sizes=\"auto, (max-width: 92px) 100vw, 92px\" \/><\/a> <a href=\"https:\/\/open.spotify.com\/show\/5a9jRUgeoe3S8hEsZkMNjP?si=KVOLkLCVR02aVgxTp1Nssw&amp;fbclid=IwAR3tJjjpaNjYSEr5Dtth0iieBGz_ax8rQ-wbfK1BJlpyyKqcc4Ka0HMyYv8\" target=\"_blank\" rel=\"noopener noreferrer\"><img data-recalc-dims=\"1\" loading=\"lazy\" decoding=\"async\" data-attachment-id=\"1106\" data-permalink=\"https:\/\/wp.ufpel.edu.br\/grupoicaro\/spotify-logo\/\" data-orig-file=\"https:\/\/i0.wp.com\/wp.ufpel.edu.br\/grupoicaro\/files\/2020\/06\/Spotify-logo.png?fit=5000%2C1503&amp;ssl=1\" data-orig-size=\"5000,1503\" data-comments-opened=\"0\" data-image-meta=\"{&quot;aperture&quot;:&quot;0&quot;,&quot;credit&quot;:&quot;&quot;,&quot;camera&quot;:&quot;&quot;,&quot;caption&quot;:&quot;&quot;,&quot;created_timestamp&quot;:&quot;0&quot;,&quot;copyright&quot;:&quot;&quot;,&quot;focal_length&quot;:&quot;0&quot;,&quot;iso&quot;:&quot;0&quot;,&quot;shutter_speed&quot;:&quot;0&quot;,&quot;title&quot;:&quot;&quot;,&quot;orientation&quot;:&quot;0&quot;}\" data-image-title=\"Spotify-logo\" data-image-description=\"\" data-image-caption=\"\" data-medium-file=\"https:\/\/i0.wp.com\/wp.ufpel.edu.br\/grupoicaro\/files\/2020\/06\/Spotify-logo.png?fit=424%2C127&amp;ssl=1\" data-large-file=\"https:\/\/i0.wp.com\/wp.ufpel.edu.br\/grupoicaro\/files\/2020\/06\/Spotify-logo.png?fit=474%2C106&amp;ssl=1\" class=\"alignnone wp-image-1106\" src=\"https:\/\/i0.wp.com\/wp.ufpel.edu.br\/grupoicaro\/files\/2020\/06\/Spotify-logo.png?resize=130%2C39&#038;ssl=1\" alt=\"\" width=\"130\" height=\"39\" srcset=\"https:\/\/i0.wp.com\/wp.ufpel.edu.br\/grupoicaro\/files\/2020\/06\/Spotify-logo.png?w=5000&amp;ssl=1 5000w, https:\/\/i0.wp.com\/wp.ufpel.edu.br\/grupoicaro\/files\/2020\/06\/Spotify-logo.png?resize=424%2C127&amp;ssl=1 424w, https:\/\/i0.wp.com\/wp.ufpel.edu.br\/grupoicaro\/files\/2020\/06\/Spotify-logo.png?resize=212%2C64&amp;ssl=1 212w, https:\/\/i0.wp.com\/wp.ufpel.edu.br\/grupoicaro\/files\/2020\/06\/Spotify-logo.png?resize=768%2C231&amp;ssl=1 768w, https:\/\/i0.wp.com\/wp.ufpel.edu.br\/grupoicaro\/files\/2020\/06\/Spotify-logo.png?resize=1536%2C462&amp;ssl=1 1536w, https:\/\/i0.wp.com\/wp.ufpel.edu.br\/grupoicaro\/files\/2020\/06\/Spotify-logo.png?resize=2048%2C616&amp;ssl=1 2048w, https:\/\/i0.wp.com\/wp.ufpel.edu.br\/grupoicaro\/files\/2020\/06\/Spotify-logo.png?w=948&amp;ssl=1 948w, https:\/\/i0.wp.com\/wp.ufpel.edu.br\/grupoicaro\/files\/2020\/06\/Spotify-logo.png?w=1422&amp;ssl=1 1422w\" sizes=\"auto, (max-width: 130px) 100vw, 130px\" \/><\/a><a href=\"https:\/\/podcasts.google.com\/feed\/aHR0cHM6Ly9kbG1vcmFpcy5jb20vbmVndWUvcG9kY2FzdC9yc3MueG1s?ved=2ahUKEwjDz7etppzqAhXpajABHTcBDeQQ4aUDegQIARAC\" target=\"_blank\" rel=\"noopener noreferrer\"><img data-recalc-dims=\"1\" loading=\"lazy\" decoding=\"async\" data-attachment-id=\"1107\" data-permalink=\"https:\/\/wp.ufpel.edu.br\/grupoicaro\/download\/\" data-orig-file=\"https:\/\/i0.wp.com\/wp.ufpel.edu.br\/grupoicaro\/files\/2020\/06\/download.png?fit=225%2C225&amp;ssl=1\" data-orig-size=\"225,225\" data-comments-opened=\"0\" data-image-meta=\"{&quot;aperture&quot;:&quot;0&quot;,&quot;credit&quot;:&quot;&quot;,&quot;camera&quot;:&quot;&quot;,&quot;caption&quot;:&quot;&quot;,&quot;created_timestamp&quot;:&quot;0&quot;,&quot;copyright&quot;:&quot;&quot;,&quot;focal_length&quot;:&quot;0&quot;,&quot;iso&quot;:&quot;0&quot;,&quot;shutter_speed&quot;:&quot;0&quot;,&quot;title&quot;:&quot;&quot;,&quot;orientation&quot;:&quot;0&quot;}\" data-image-title=\"download\" data-image-description=\"\" data-image-caption=\"\" data-medium-file=\"https:\/\/i0.wp.com\/wp.ufpel.edu.br\/grupoicaro\/files\/2020\/06\/download.png?fit=225%2C225&amp;ssl=1\" data-large-file=\"https:\/\/i0.wp.com\/wp.ufpel.edu.br\/grupoicaro\/files\/2020\/06\/download.png?fit=225%2C220&amp;ssl=1\" class=\"alignnone wp-image-1107\" src=\"https:\/\/i0.wp.com\/wp.ufpel.edu.br\/grupoicaro\/files\/2020\/06\/download.png?resize=139%2C139&#038;ssl=1\" alt=\"\" width=\"139\" height=\"139\" srcset=\"https:\/\/i0.wp.com\/wp.ufpel.edu.br\/grupoicaro\/files\/2020\/06\/download.png?w=225&amp;ssl=1 225w, https:\/\/i0.wp.com\/wp.ufpel.edu.br\/grupoicaro\/files\/2020\/06\/download.png?resize=159%2C159&amp;ssl=1 159w\" sizes=\"auto, (max-width: 139px) 100vw, 139px\" \/><\/a><a href=\"https:\/\/podcasts.apple.com\/br\/podcast\/guerras-imaginadas\/id1506995799?fbclid=IwAR2fJV3YbO8Ly29RpilsHJNGf2Egl_DRQHcABcyUvBOHIjQH2pVeKvSe488\" target=\"_blank\" rel=\"noopener noreferrer\"><img data-recalc-dims=\"1\" loading=\"lazy\" decoding=\"async\" data-attachment-id=\"1108\" data-permalink=\"https:\/\/wp.ufpel.edu.br\/grupoicaro\/apple-podcast-png-apple-podcast-logo-500\/\" data-orig-file=\"https:\/\/i0.wp.com\/wp.ufpel.edu.br\/grupoicaro\/files\/2020\/06\/apple-podcast-png-apple-podcast-logo-500.png?fit=500%2C250&amp;ssl=1\" data-orig-size=\"500,250\" data-comments-opened=\"0\" data-image-meta=\"{&quot;aperture&quot;:&quot;0&quot;,&quot;credit&quot;:&quot;&quot;,&quot;camera&quot;:&quot;&quot;,&quot;caption&quot;:&quot;&quot;,&quot;created_timestamp&quot;:&quot;0&quot;,&quot;copyright&quot;:&quot;&quot;,&quot;focal_length&quot;:&quot;0&quot;,&quot;iso&quot;:&quot;0&quot;,&quot;shutter_speed&quot;:&quot;0&quot;,&quot;title&quot;:&quot;&quot;,&quot;orientation&quot;:&quot;0&quot;}\" data-image-title=\"apple-podcast-png-apple-podcast-logo-500\" data-image-description=\"\" data-image-caption=\"\" data-medium-file=\"https:\/\/i0.wp.com\/wp.ufpel.edu.br\/grupoicaro\/files\/2020\/06\/apple-podcast-png-apple-podcast-logo-500.png?fit=424%2C212&amp;ssl=1\" data-large-file=\"https:\/\/i0.wp.com\/wp.ufpel.edu.br\/grupoicaro\/files\/2020\/06\/apple-podcast-png-apple-podcast-logo-500.png?fit=474%2C209&amp;ssl=1\" class=\"alignnone wp-image-1108\" src=\"https:\/\/i0.wp.com\/wp.ufpel.edu.br\/grupoicaro\/files\/2020\/06\/apple-podcast-png-apple-podcast-logo-500.png?resize=116%2C58&#038;ssl=1\" alt=\"\" width=\"116\" height=\"58\" srcset=\"https:\/\/i0.wp.com\/wp.ufpel.edu.br\/grupoicaro\/files\/2020\/06\/apple-podcast-png-apple-podcast-logo-500.png?w=500&amp;ssl=1 500w, https:\/\/i0.wp.com\/wp.ufpel.edu.br\/grupoicaro\/files\/2020\/06\/apple-podcast-png-apple-podcast-logo-500.png?resize=424%2C212&amp;ssl=1 424w, https:\/\/i0.wp.com\/wp.ufpel.edu.br\/grupoicaro\/files\/2020\/06\/apple-podcast-png-apple-podcast-logo-500.png?resize=212%2C106&amp;ssl=1 212w\" sizes=\"auto, (max-width: 116px) 100vw, 116px\" \/><\/a><\/p>\n","protected":false},"excerpt":{"rendered":"<p>NEGUE &#8211; N\u00facleo de Estudos de Guerra e Literatura N\u00facleo de estudos vinculado \u00e0 Faculdade de Letras da Universidade Federal de Minas Gerais e congrega pesquisadores que se prop\u00f5em a desenvolver estudos sobre a representa\u00e7\u00e3o liter\u00e1ria de conflitos armados, especialmente sob o foco de suas rela\u00e7\u00f5es com a hist\u00f3ria e a mem\u00f3ria cultural. Al\u00e9m disso, &hellip; <a href=\"https:\/\/wp.ufpel.edu.br\/grupoicaro\/negue\/\" class=\"more-link\">Continue lendo <span class=\"screen-reader-text\">NEGUE<\/span> <span class=\"meta-nav\">&rarr;<\/span><\/a><\/p>\n","protected":false},"author":267,"featured_media":0,"parent":0,"menu_order":0,"comment_status":"closed","ping_status":"closed","template":"","meta":{"jetpack_post_was_ever_published":false,"footnotes":""},"class_list":["post-1141","page","type-page","status-publish","hentry"],"jetpack_sharing_enabled":true,"_links":{"self":[{"href":"https:\/\/wp.ufpel.edu.br\/grupoicaro\/wp-json\/wp\/v2\/pages\/1141","targetHints":{"allow":["GET"]}}],"collection":[{"href":"https:\/\/wp.ufpel.edu.br\/grupoicaro\/wp-json\/wp\/v2\/pages"}],"about":[{"href":"https:\/\/wp.ufpel.edu.br\/grupoicaro\/wp-json\/wp\/v2\/types\/page"}],"author":[{"embeddable":true,"href":"https:\/\/wp.ufpel.edu.br\/grupoicaro\/wp-json\/wp\/v2\/users\/267"}],"replies":[{"embeddable":true,"href":"https:\/\/wp.ufpel.edu.br\/grupoicaro\/wp-json\/wp\/v2\/comments?post=1141"}],"version-history":[{"count":1,"href":"https:\/\/wp.ufpel.edu.br\/grupoicaro\/wp-json\/wp\/v2\/pages\/1141\/revisions"}],"predecessor-version":[{"id":1143,"href":"https:\/\/wp.ufpel.edu.br\/grupoicaro\/wp-json\/wp\/v2\/pages\/1141\/revisions\/1143"}],"wp:attachment":[{"href":"https:\/\/wp.ufpel.edu.br\/grupoicaro\/wp-json\/wp\/v2\/media?parent=1141"}],"curies":[{"name":"wp","href":"https:\/\/api.w.org\/{rel}","templated":true}]}}