{"id":110,"date":"2013-05-22T10:50:26","date_gmt":"2013-05-22T13:50:26","guid":{"rendered":"https:\/\/wp.ufpel.edu.br\/grupoicaro\/?page_id=110"},"modified":"2021-12-07T17:30:43","modified_gmt":"2021-12-07T20:30:43","slug":"o-grupo","status":"publish","type":"page","link":"https:\/\/wp.ufpel.edu.br\/grupoicaro\/","title":{"rendered":""},"content":{"rendered":"<div>\n<h4 style=\"text-align: center\">Grupo de Pesquisa CNPq \u00cdCARO<\/h4>\n<h4 style=\"text-align: center\">[Interdisciplinaridade, Cr\u00edtica ao Autoritarismo, Regionalidade e Oralidade]<\/h4>\n<\/div>\n<div><\/div>\n<p>O Grupo de Pesquisa CNPq \u00cdCARO tem por objetivo refletir sobre a forma\u00e7\u00e3o cultural a partir das experi\u00eancias regionais e de sua rela\u00e7\u00e3o com outras culturas e das aproxima\u00e7\u00f5es\/afastamentos existentes no pensar quest\u00f5es como identidade-identifica\u00e7\u00e3o, igualdade e diferen\u00e7a. As quest\u00f5es principais a serem desenvolvidas atrav\u00e9s de atividades de pesquisa e extens\u00e3o podem ser percebidas por meio das iniciais das palavras que comp\u00f5em o nome do grupo: Interdisciplinaridade (perspectiva fundamental de trabalho em Literatura Comparada), Cr\u00edtica ao Autoritarismo (evidenciada pela abordagem da Teoria Cr\u00edtica da Sociedade), Regionalidade e Oralidade (conceitos relevantes para reflex\u00e3o acerca do sentido expressivo da forma\u00e7\u00e3o cultural). As repercuss\u00f5es dessas atividades podem ser percebidas atrav\u00e9s de projetos voltados para a necessidade crescente de pesquisa na \u00e1rea dos estudos liter\u00e1rios, com \u00eanfase nas propostas descritas nas linhas de pesquisa, e englobam a atua\u00e7\u00e3o de pesquisadores de outras institui\u00e7\u00f5es de ensino que se identificam com as propostas discutidas, caracterizando-se como um grupo interinstitucional. O GrPesq \u00cdCARO teve suas atividades vinculadas \u00e0 Universidade Federal de Mato Grosso do Sul \u2013 UFMS \u2013 no per\u00edodo de 2007 (ano de sua cria\u00e7\u00e3o) at\u00e9 o ano de 2010, quando foi vinculado \u00e0 Universidade Federal de Pelotas \u2013 UFPel.<\/p>\n<p>Desde o in\u00edcio de suas atividades, os pesquisadores e estudantes ligados ao GrPesq participaram de eventos (como organizadores e\/ou palestrantes\/comunicadores) regionais, nacionais e internacionais. Tamb\u00e9m houve a orienta\u00e7\u00e3o\/defesa de disserta\u00e7\u00f5es de mestrado e doutorado, bem como trabalhos realizados durante est\u00e1gios de p\u00f3s-doutoramento nesse per\u00edodo. Al\u00e9m de suas atividades regulares, o Grupo de Pesquisa CNPq \u00cdCARO une esfor\u00e7os com outros pesquisadores, grupos de pesquisa e institui\u00e7\u00f5es visando qualificar os trabalhos desenvolvidos e colaborar com a produ\u00e7\u00e3o da pesquisa no \u00e2mbito dos estudos liter\u00e1rios.<\/p>\n<p style=\"text-align: justify\"><span style=\"text-decoration: underline\"><a title=\"Projeto do Grupo \u00cdCARO\" href=\"https:\/\/wp.ufpel.edu.br\/grupoicaro\/files\/2013\/05\/Clique-aqui.pdf\" target=\"_blank\" rel=\"noopener noreferrer\">Para ler o projeto, Clique aqui<\/a><\/span>.<\/p>\n<p style=\"text-align: justify\"><span style=\"text-decoration: underline\"> <a title=\"Diret\u00f3rio de Grupos de Pesquisa\" href=\"http:\/\/dgp.cnpq.br\/dgp\/espelhogrupo\/2714952203088470\" target=\"_blank\" rel=\"noopener noreferrer\">Para acessar o Diret\u00f3rio CNPQ do grupo, clique aqui<\/a>.<\/span><\/p>\n<p style=\"text-align: justify\"><a title=\"linhas de pesquisa\" href=\"http:\/\/dgp.cnpq.br\/dgp\/espelhogrupo\/2714952203088470#linhaPesquisa\" target=\"_blank\" rel=\"noopener noreferrer\">LINHAS DE PESQUISA<\/a><\/p>\n<p style=\"text-align: justify;padding-left: 40px\">Forma\u00e7\u00e3o Cultural e Ensino de Literatura<\/p>\n<p style=\"padding-left: 40px\">Literatura e Cinema<\/p>\n<p style=\"padding-left: 40px\">Literatura e Cr\u00edtica Social<\/p>\n<p style=\"padding-left: 40px\">Literatura e Estudos Regionais, Culturais e Interculturais<\/p>\n<p style=\"padding-left: 40px\">Literatura, Teoria e Pensamento Cr\u00edtico<\/p>\n<p style=\"text-align: justify\"><a href=\"https:\/\/wp.ufpel.edu.br\/grupoicaro\/desenvolvimento-de-conteudo-e-manutencao-do-site\/\" target=\"_blank\" rel=\"noopener noreferrer\">Desenvolvimento de conte\u00fado e manuten\u00e7\u00e3o do site<\/a><\/p>\n","protected":false},"excerpt":{"rendered":"<p>Grupo de Pesquisa CNPq \u00cdCARO [Interdisciplinaridade, Cr\u00edtica ao Autoritarismo, Regionalidade e Oralidade] O Grupo de Pesquisa CNPq \u00cdCARO tem por objetivo refletir sobre a forma\u00e7\u00e3o cultural a partir das experi\u00eancias regionais e de sua rela\u00e7\u00e3o com outras culturas e das aproxima\u00e7\u00f5es\/afastamentos existentes no pensar quest\u00f5es como identidade-identifica\u00e7\u00e3o, igualdade e diferen\u00e7a. As quest\u00f5es principais a serem &hellip; <a href=\"https:\/\/wp.ufpel.edu.br\/grupoicaro\/\" class=\"more-link\">Continue lendo <span class=\"screen-reader-text\"><\/span> <span class=\"meta-nav\">&rarr;<\/span><\/a><\/p>\n","protected":false},"author":267,"featured_media":0,"parent":10,"menu_order":0,"comment_status":"closed","ping_status":"closed","template":"page-templates\/full-width.php","meta":{"jetpack_post_was_ever_published":false,"footnotes":""},"class_list":["post-110","page","type-page","status-publish","hentry"],"jetpack_sharing_enabled":true,"_links":{"self":[{"href":"https:\/\/wp.ufpel.edu.br\/grupoicaro\/wp-json\/wp\/v2\/pages\/110","targetHints":{"allow":["GET"]}}],"collection":[{"href":"https:\/\/wp.ufpel.edu.br\/grupoicaro\/wp-json\/wp\/v2\/pages"}],"about":[{"href":"https:\/\/wp.ufpel.edu.br\/grupoicaro\/wp-json\/wp\/v2\/types\/page"}],"author":[{"embeddable":true,"href":"https:\/\/wp.ufpel.edu.br\/grupoicaro\/wp-json\/wp\/v2\/users\/267"}],"replies":[{"embeddable":true,"href":"https:\/\/wp.ufpel.edu.br\/grupoicaro\/wp-json\/wp\/v2\/comments?post=110"}],"version-history":[{"count":30,"href":"https:\/\/wp.ufpel.edu.br\/grupoicaro\/wp-json\/wp\/v2\/pages\/110\/revisions"}],"predecessor-version":[{"id":1220,"href":"https:\/\/wp.ufpel.edu.br\/grupoicaro\/wp-json\/wp\/v2\/pages\/110\/revisions\/1220"}],"up":[{"embeddable":true,"href":"https:\/\/wp.ufpel.edu.br\/grupoicaro\/wp-json\/wp\/v2\/pages\/10"}],"wp:attachment":[{"href":"https:\/\/wp.ufpel.edu.br\/grupoicaro\/wp-json\/wp\/v2\/media?parent=110"}],"curies":[{"name":"wp","href":"https:\/\/api.w.org\/{rel}","templated":true}]}}