{"id":45,"date":"2021-07-20T23:59:20","date_gmt":"2021-07-21T02:59:20","guid":{"rendered":"https:\/\/wp.ufpel.edu.br\/grupodeestudosanalisedeestruturas\/?page_id=45"},"modified":"2023-10-19T09:45:50","modified_gmt":"2023-10-19T12:45:50","slug":"materiais","status":"publish","type":"page","link":"https:\/\/wp.ufpel.edu.br\/grupodeestudosanalisedeestruturas\/materiais","title":{"rendered":"Materiais"},"content":{"rendered":"<p><strong>ARTIGOS<\/strong><\/p>\n<p><a href=\"https:\/\/wp.ufpel.edu.br\/grupodeestudosanalisedeestruturas\/files\/2023\/10\/Paralelizacao.pdf\">Uma aplica\u00e7\u00e3o OpenMP para implementa\u00e7\u00e3o da estrat\u00e9gia Elemento por Elemento em An\u00e1lise de Elementos Finitos<\/a><\/p>\n","protected":false},"excerpt":{"rendered":"<p>ARTIGOS Uma aplica\u00e7\u00e3o OpenMP para implementa\u00e7\u00e3o da estrat\u00e9gia Elemento por Elemento em An\u00e1lise de Elementos Finitos<\/p>\n","protected":false},"author":1037,"featured_media":0,"parent":0,"menu_order":0,"comment_status":"closed","ping_status":"closed","template":"","meta":{"footnotes":""},"class_list":["post-45","page","type-page","status-publish","hentry"],"_links":{"self":[{"href":"https:\/\/wp.ufpel.edu.br\/grupodeestudosanalisedeestruturas\/wp-json\/wp\/v2\/pages\/45","targetHints":{"allow":["GET"]}}],"collection":[{"href":"https:\/\/wp.ufpel.edu.br\/grupodeestudosanalisedeestruturas\/wp-json\/wp\/v2\/pages"}],"about":[{"href":"https:\/\/wp.ufpel.edu.br\/grupodeestudosanalisedeestruturas\/wp-json\/wp\/v2\/types\/page"}],"author":[{"embeddable":true,"href":"https:\/\/wp.ufpel.edu.br\/grupodeestudosanalisedeestruturas\/wp-json\/wp\/v2\/users\/1037"}],"replies":[{"embeddable":true,"href":"https:\/\/wp.ufpel.edu.br\/grupodeestudosanalisedeestruturas\/wp-json\/wp\/v2\/comments?post=45"}],"version-history":[{"count":5,"href":"https:\/\/wp.ufpel.edu.br\/grupodeestudosanalisedeestruturas\/wp-json\/wp\/v2\/pages\/45\/revisions"}],"predecessor-version":[{"id":131,"href":"https:\/\/wp.ufpel.edu.br\/grupodeestudosanalisedeestruturas\/wp-json\/wp\/v2\/pages\/45\/revisions\/131"}],"wp:attachment":[{"href":"https:\/\/wp.ufpel.edu.br\/grupodeestudosanalisedeestruturas\/wp-json\/wp\/v2\/media?parent=45"}],"curies":[{"name":"wp","href":"https:\/\/api.w.org\/{rel}","templated":true}]}}