{"id":30,"date":"2021-07-20T22:59:47","date_gmt":"2021-07-21T01:59:47","guid":{"rendered":"https:\/\/wp.ufpel.edu.br\/grupodeestudosanalisedeestruturas\/?page_id=30"},"modified":"2024-12-16T15:34:51","modified_gmt":"2024-12-16T18:34:51","slug":"eventos","status":"publish","type":"page","link":"https:\/\/wp.ufpel.edu.br\/grupodeestudosanalisedeestruturas\/eventos","title":{"rendered":"Eventos"},"content":{"rendered":"<h1>Participa\u00e7\u00f5es<\/h1>\n<h4>2020<\/h4>\n<p><a href=\"https:\/\/wp.ufpel.edu.br\/ceg\/anais\/anais-2020\/\">6\u00aa SIIEPE Semana Integrada de Inova\u00e7\u00e3o, Ensino, Pesquisa e Extens\u00e3o<\/a>, Pelotas \u2013 RS Brasil,\u00a0 2020 (evento virtual).<\/p>\n<p><a href=\"https:\/\/cti.ufpel.edu.br\/siepe\/arquivos\/2020\/EN_02759.pdf\">AVALIA\u00c7\u00c3O DO PAR\u00c2METRO DO PROCESSO APROXIMADO PARA O DIMENSIONAMENTO \u00c0 FLEX\u00c3O COMPOSTA OBL\u00cdQUA<\/a><\/p>\n<p><strong>2021<\/strong><\/p>\n<p><a href=\"https:\/\/wp.ufpel.edu.br\/ceg\/anais\/anais-2021\/\">7\u00aa SIIEPE Semana Integrada de Inova\u00e7\u00e3o, Ensino, Pesquisa e Extens\u00e3o<\/a>, Pelotas \u2013 RS Brasil,\u00a0 2021 (evento virtual).<\/p>\n<p><a href=\"https:\/\/cti.ufpel.edu.br\/siepe\/arquivos\/2021\/G2_02110.pdf\">ELABORA\u00c7\u00c3O DE TUTORIAIS EXEMPLIFICANDO A MODELAGEM E VERIFICA\u00c7\u00c3O DE MODELOS COMPUTACIONAIS NO SOFTWARE MECHANICAL APDL<\/a><\/p>\n<p><strong>2022<\/strong><\/p>\n<p><a href=\"https:\/\/wp.ufpel.edu.br\/cic\/anais\/anais-2022\/\">8\u00aa SIIEPE Semana Integrada de Inova\u00e7\u00e3o, Ensino, Pesquisa e Extens\u00e3o<\/a>, Pelotas \u2013 RS Brasil,\u00a0 2022. &#8211; <strong><a href=\"https:\/\/wp.ufpel.edu.br\/cic\/files\/2022\/10\/Destaques-CIC-2022.pdf\">Destaque<\/a><\/strong><\/p>\n<p><a href=\"https:\/\/cti.ufpel.edu.br\/siepe\/arquivos\/2022\/EN_04656.pdf\">UMA COMPARA\u00c7\u00c3O ENTRE M\u00c9TODOS DE DETERMINA\u00c7\u00c3O DAS FOR\u00c7AS EST\u00c1TICAS DEVIDAS AO VENTO<\/a><\/p>\n<p><strong>2024<\/strong><\/p>\n<p><a href=\"https:\/\/wp.ufpel.edu.br\/cic\/anais\/anais-2022\/\">10\u00aa SIIEPE Semana Integrada de Inova\u00e7\u00e3o, Ensino, Pesquisa e Extens\u00e3o<\/a>, Pelotas \u2013 RS Brasil,\u00a0 2024.<\/p>\n<p><a href=\"https:\/\/wp.ufpel.edu.br\/grupodeestudosanalisedeestruturas\/files\/2024\/12\/EN_03297.pdf\">COMPARA\u00c7\u00c3O DAS \u00c1REAS DE A\u00c7O NO CONCRETO ARMADO SUBMETIDO A FLEX\u00c3O PELO M\u00c9TODO SIMPLIFICADO: NBR\u2019S E EUROCODE 2<\/a><\/p>\n","protected":false},"excerpt":{"rendered":"<p>Participa\u00e7\u00f5es 2020 6\u00aa SIIEPE Semana Integrada de Inova\u00e7\u00e3o, Ensino, Pesquisa e Extens\u00e3o, Pelotas \u2013 RS Brasil,\u00a0 2020 (evento virtual). AVALIA\u00c7\u00c3O DO PAR\u00c2METRO DO PROCESSO APROXIMADO PARA O DIMENSIONAMENTO \u00c0 FLEX\u00c3O COMPOSTA OBL\u00cdQUA 2021 7\u00aa SIIEPE Semana Integrada de Inova\u00e7\u00e3o, Ensino, Pesquisa e Extens\u00e3o, Pelotas \u2013 RS Brasil,\u00a0 2021 (evento virtual). ELABORA\u00c7\u00c3O DE TUTORIAIS EXEMPLIFICANDO A [&hellip;]<\/p>\n","protected":false},"author":1168,"featured_media":0,"parent":0,"menu_order":0,"comment_status":"closed","ping_status":"closed","template":"","meta":{"footnotes":""},"class_list":["post-30","page","type-page","status-publish","hentry"],"_links":{"self":[{"href":"https:\/\/wp.ufpel.edu.br\/grupodeestudosanalisedeestruturas\/wp-json\/wp\/v2\/pages\/30","targetHints":{"allow":["GET"]}}],"collection":[{"href":"https:\/\/wp.ufpel.edu.br\/grupodeestudosanalisedeestruturas\/wp-json\/wp\/v2\/pages"}],"about":[{"href":"https:\/\/wp.ufpel.edu.br\/grupodeestudosanalisedeestruturas\/wp-json\/wp\/v2\/types\/page"}],"author":[{"embeddable":true,"href":"https:\/\/wp.ufpel.edu.br\/grupodeestudosanalisedeestruturas\/wp-json\/wp\/v2\/users\/1168"}],"replies":[{"embeddable":true,"href":"https:\/\/wp.ufpel.edu.br\/grupodeestudosanalisedeestruturas\/wp-json\/wp\/v2\/comments?post=30"}],"version-history":[{"count":7,"href":"https:\/\/wp.ufpel.edu.br\/grupodeestudosanalisedeestruturas\/wp-json\/wp\/v2\/pages\/30\/revisions"}],"predecessor-version":[{"id":137,"href":"https:\/\/wp.ufpel.edu.br\/grupodeestudosanalisedeestruturas\/wp-json\/wp\/v2\/pages\/30\/revisions\/137"}],"wp:attachment":[{"href":"https:\/\/wp.ufpel.edu.br\/grupodeestudosanalisedeestruturas\/wp-json\/wp\/v2\/media?parent=30"}],"curies":[{"name":"wp","href":"https:\/\/api.w.org\/{rel}","templated":true}]}}