{"id":114,"date":"2023-03-02T19:04:20","date_gmt":"2023-03-02T22:04:20","guid":{"rendered":"https:\/\/wp.ufpel.edu.br\/grupodeestudosanalisedeestruturas\/?page_id=114"},"modified":"2023-03-02T19:04:42","modified_gmt":"2023-03-02T22:04:42","slug":"codigos","status":"publish","type":"page","link":"https:\/\/wp.ufpel.edu.br\/grupodeestudosanalisedeestruturas\/codigos","title":{"rendered":"C\u00f3digos"},"content":{"rendered":"<p><a href=\"https:\/\/drive.google.com\/drive\/folders\/1QHZHTrvOXaSBHjX36bL2hFU8Ehpl2kY5\">C\u00f3digo 2<\/a> \u00a0 &#8211; c\u00f3digo usado na constru\u00e7\u00e3o de curvas de intera\u00e7\u00e3o de se\u00e7\u00f5es poligonais de concreto armado submetidas a flexo-compress\u00e3o obl\u00edqua.<\/p>\n<p><a href=\"https:\/\/drive.google.com\/drive\/folders\/1QHZHTrvOXaSBHjX36bL2hFU8Ehpl2kY5\">C\u00f3digo 3<\/a> \u2013 c\u00f3digo usado na constru\u00e7\u00e3o da curva momento-for\u00e7a normal-curvatura para se\u00e7\u00f5es retangulares de concreto armado.<\/p>\n","protected":false},"excerpt":{"rendered":"<p>C\u00f3digo 2 \u00a0 &#8211; c\u00f3digo usado na constru\u00e7\u00e3o de curvas de intera\u00e7\u00e3o de se\u00e7\u00f5es poligonais de concreto armado submetidas a flexo-compress\u00e3o obl\u00edqua. C\u00f3digo 3 \u2013 c\u00f3digo usado na constru\u00e7\u00e3o da curva momento-for\u00e7a normal-curvatura para se\u00e7\u00f5es retangulares de concreto armado.<\/p>\n","protected":false},"author":1037,"featured_media":0,"parent":0,"menu_order":0,"comment_status":"closed","ping_status":"closed","template":"","meta":{"footnotes":""},"class_list":["post-114","page","type-page","status-publish","hentry"],"_links":{"self":[{"href":"https:\/\/wp.ufpel.edu.br\/grupodeestudosanalisedeestruturas\/wp-json\/wp\/v2\/pages\/114","targetHints":{"allow":["GET"]}}],"collection":[{"href":"https:\/\/wp.ufpel.edu.br\/grupodeestudosanalisedeestruturas\/wp-json\/wp\/v2\/pages"}],"about":[{"href":"https:\/\/wp.ufpel.edu.br\/grupodeestudosanalisedeestruturas\/wp-json\/wp\/v2\/types\/page"}],"author":[{"embeddable":true,"href":"https:\/\/wp.ufpel.edu.br\/grupodeestudosanalisedeestruturas\/wp-json\/wp\/v2\/users\/1037"}],"replies":[{"embeddable":true,"href":"https:\/\/wp.ufpel.edu.br\/grupodeestudosanalisedeestruturas\/wp-json\/wp\/v2\/comments?post=114"}],"version-history":[{"count":2,"href":"https:\/\/wp.ufpel.edu.br\/grupodeestudosanalisedeestruturas\/wp-json\/wp\/v2\/pages\/114\/revisions"}],"predecessor-version":[{"id":118,"href":"https:\/\/wp.ufpel.edu.br\/grupodeestudosanalisedeestruturas\/wp-json\/wp\/v2\/pages\/114\/revisions\/118"}],"wp:attachment":[{"href":"https:\/\/wp.ufpel.edu.br\/grupodeestudosanalisedeestruturas\/wp-json\/wp\/v2\/media?parent=114"}],"curies":[{"name":"wp","href":"https:\/\/api.w.org\/{rel}","templated":true}]}}