{"id":2,"date":"2014-01-24T16:23:49","date_gmt":"2014-01-24T16:23:49","guid":{"rendered":"https:\/\/wp.ufpel.edu.br\/gravuranaotoxica\/?page_id=2"},"modified":"2014-01-31T11:13:58","modified_gmt":"2014-01-31T13:13:58","slug":"pagina-exemplo","status":"publish","type":"page","link":"https:\/\/wp.ufpel.edu.br\/gravuranaotoxica\/pagina-exemplo\/","title":{"rendered":"Publica\u00e7\u00f5es"},"content":{"rendered":"<p><a href=\"http:\/\/www.anpap.org.br\/anais\/2011\/pdf\/cpa\/carolina_correa_rochefort.pdf\">IMAGENS CEGAS: PROCEDIMENTOS GR\u00c1FICOS E SUAS RELA\u00c7\u00d5ES COM A IMAGINA\u00c7\u00c3O PO\u00c9TICA<\/a><\/p>\n<p><a href=\"http:\/\/periodicos.ufpel.edu.br\/ojs2\/index.php\/Arte\/article\/viewFile\/23\/19\">DISFORMIDADES: gravura, imagina\u00e7\u00e3o e inova\u00e7\u00e3o<\/a><\/p>\n<p><a href=\"http:\/\/periodicos.ufpel.edu.br\/ojs2\/index.php\/Arte\/article\/viewFile\/8\/5\">Fotogravar: cruzamentos hist\u00f3ricos\/t\u00e9cnicos de uma grava\u00e7\u00e3o fotossens\u00edvel<\/a><\/p>\n<p><a href=\"http:\/\/www.anpap.org.br\/anais\/2009\/pdf\/ceav\/angela_raffin_pohlmann.pdf\">GRAVURA N\u00c3O-T\u00d3XICA: UMA EXPERI\u00caNCIA NO ATELI\u00ca DE GRAVURA EM METAL DA UNIVERSIDADE (UFPel)<\/a><\/p>\n<p><a href=\"http:\/\/www2.ufpel.edu.br\/cic\/2009\/cd\/pdf\/LA\/LA_00103.pdf\">Alternativas N\u00e3o-T\u00f3xicas Para a Gravura Contempor\u00e2nea<\/a><\/p>\n<p><a href=\"http:\/\/www2.ufpel.edu.br\/cic\/2011\/anais\/pdf\/LA\/LA_00104.pdf\">A GRAVURA CONTEMPOR\u00c2NEA N\u00c3O-T\u00d3XICA: ALTERNATIVAS ECOL\u00d3GICAS PARA A GRAVURA EM METAL<\/a><\/p>\n<p><a href=\"http:\/\/www2.ufpel.edu.br\/cic\/2011\/anais\/pdf\/LA\/LA_00112.pdf\">O USO DE FOTOPOL\u00cdMEROS ACR\u00cdLICOS COMO ALTERNATIVA N\u00c3O-T\u00d3XICA PARA A GRAVURA EM METAL<\/a><\/p>\n<p><a href=\"http:\/\/www2.ufpel.edu.br\/enpos\/2012\/anais\/pdf\/LA\/LA_00405.pdf\">GRAVURA N\u00c3O-T\u00d3XICA, FOTOGRAFIA E GRAVURA DIGITAL: O HIBRIDISMO NA CONSTRU\u00c7\u00c3O PO\u00c9TICA<\/a><\/p>\n<p><a href=\"http:\/\/www2.ufpel.edu.br\/cic\/2012\/anais\/pdf\/LA\/LA_00273.pdf\">GRAVURA N\u00c3O-T\u00d3XICA: PRODU\u00c7\u00c3O DE VIDEO SOBRE OS PROCESSOS ALTERNATIVOS<\/a><\/p>\n<p><a href=\"http:\/\/www2.ufpel.edu.br\/cic\/2008\/cd\/pages\/pdf\/LA\/LA_01346.pdf\">GRAVURA N\u00c3O-T\u00d3XICA: T\u00c9CNICA E PO\u00c9TICA<\/a><\/p>\n<p><a href=\"http:\/\/www2.ufpel.edu.br\/cic\/2007\/cd\/pdf\/LA\/LA_00694.pdf\">IMAGENS H\u00cdBRIDAS: ENTRECRUZAMENTOS DE PROCEDIMENTOS GR\u00c1FICOS E FOTOGR\u00c1FICOS<\/a><\/p>\n<p><a href=\"http:\/\/www2.ufpel.edu.br\/enpos\/2012\/anais\/pdf\/LA\/LA_00189.pdf\">EXPERIMENTA\u00c7\u00d5ES COM A GRAVURA NO CAMPO AMPLIADO<\/a><\/p>\n<p><a href=\"http:\/\/www2.ufpel.edu.br\/cic\/2012\/anais\/pdf\/LA\/LA_01179.pdf\">USO DE PROCEDIMENTOS DE GRAVURA N\u00c3O-T\u00d3XICA E DE S\u00cdNTESES DIGITAIS NA PRODU\u00c7\u00c3O DE IMAGENS QUE DIALOGAM COM O UNIVERSO DA CULTURA POP<\/a><\/p>\n<p><a href=\"http:\/\/www2.ufpel.edu.br\/cic\/2012\/anais\/pdf\/LA\/LA_01574.pdf\">A SUSTENTABILIDADE DA GRAVURA EM METAL: UMA PO\u00c9TICA CONTEMPOR\u00c2NEA EM CONSTRU\u00c7\u00c3O<\/a><\/p>\n<p><a href=\"http:\/\/www2.ufpel.edu.br\/enpos\/2012\/anais\/pdf\/LA\/LA_00170.pdf\">O DISCURSO DA MAT\u00c9RIA E DO PROCESSO: O USO DA ELETROGRAVURA E SUAS POSSIBILIDADES DE EXPRESS\u00c3O<\/a><\/p>\n<p><a href=\"http:\/\/www2.ufpel.edu.br\/cic\/2008\/cd\/pages\/pdf\/LA\/LA_01461.pdf\">S\u00c9RIE \u201cONDAS\u201d: uma experi\u00eancia com gravura em metal n\u00e3o-t\u00f3xica<\/a><\/p>\n<p><a href=\"http:\/\/www2.ufpel.edu.br\/cic\/2007\/cd\/pdf\/LA\/LA_00916.pdf\">USO DE FOTOPOL\u00cdMEROS NA GRAVURA EM METAL N\u00c3O-T\u00d3XICA<\/a><\/p>\n<p><a href=\"http:\/\/www2.ufpel.edu.br\/cic\/2012\/anais\/pdf\/LA\/LA_01589.pdf\">ADEQUA\u00c7\u00c3O DOS PROCEDIMENTOS DE GRAVURA ART\u00cdSTICA PARA A GRAVA\u00c7\u00c3O DE CIRCUITOS IMPRESSOS NA ENGENHARIA ELETR\u00d4NICA<\/a><\/p>\n","protected":false},"excerpt":{"rendered":"<p>IMAGENS CEGAS: PROCEDIMENTOS GR\u00c1FICOS E SUAS RELA\u00c7\u00d5ES COM A IMAGINA\u00c7\u00c3O PO\u00c9TICA DISFORMIDADES: gravura, imagina\u00e7\u00e3o e inova\u00e7\u00e3o Fotogravar: cruzamentos hist\u00f3ricos\/t\u00e9cnicos de uma grava\u00e7\u00e3o fotossens\u00edvel GRAVURA N\u00c3O-T\u00d3XICA: UMA EXPERI\u00caNCIA NO ATELI\u00ca DE GRAVURA EM METAL DA UNIVERSIDADE (UFPel) Alternativas N\u00e3o-T\u00f3xicas Para a &hellip; <a href=\"https:\/\/wp.ufpel.edu.br\/gravuranaotoxica\/pagina-exemplo\/\">Continue lendo <span class=\"meta-nav\">&rarr;<\/span><\/a><\/p>\n","protected":false},"author":346,"featured_media":0,"parent":0,"menu_order":0,"comment_status":"closed","ping_status":"open","template":"","meta":{"footnotes":""},"class_list":["post-2","page","type-page","status-publish","hentry"],"_links":{"self":[{"href":"https:\/\/wp.ufpel.edu.br\/gravuranaotoxica\/wp-json\/wp\/v2\/pages\/2","targetHints":{"allow":["GET"]}}],"collection":[{"href":"https:\/\/wp.ufpel.edu.br\/gravuranaotoxica\/wp-json\/wp\/v2\/pages"}],"about":[{"href":"https:\/\/wp.ufpel.edu.br\/gravuranaotoxica\/wp-json\/wp\/v2\/types\/page"}],"author":[{"embeddable":true,"href":"https:\/\/wp.ufpel.edu.br\/gravuranaotoxica\/wp-json\/wp\/v2\/users\/346"}],"replies":[{"embeddable":true,"href":"https:\/\/wp.ufpel.edu.br\/gravuranaotoxica\/wp-json\/wp\/v2\/comments?post=2"}],"version-history":[{"count":2,"href":"https:\/\/wp.ufpel.edu.br\/gravuranaotoxica\/wp-json\/wp\/v2\/pages\/2\/revisions"}],"predecessor-version":[{"id":36,"href":"https:\/\/wp.ufpel.edu.br\/gravuranaotoxica\/wp-json\/wp\/v2\/pages\/2\/revisions\/36"}],"wp:attachment":[{"href":"https:\/\/wp.ufpel.edu.br\/gravuranaotoxica\/wp-json\/wp\/v2\/media?parent=2"}],"curies":[{"name":"wp","href":"https:\/\/api.w.org\/{rel}","templated":true}]}}