{"id":77,"date":"2023-07-05T16:50:38","date_gmt":"2023-07-05T19:50:38","guid":{"rendered":"https:\/\/wp.ufpel.edu.br\/graphica2024\/?page_id=77"},"modified":"2025-02-28T14:25:40","modified_gmt":"2025-02-28T17:25:40","slug":"equipe","status":"publish","type":"page","link":"https:\/\/wp.ufpel.edu.br\/graphica2024\/equipe","title":{"rendered":"Equipe Propositora"},"content":{"rendered":"<h6><span style=\"font-size: 14pt;\">A comiss\u00e3o adjunta propositora do evento <strong>Graphica &#8211; XV International Conference on Graphics Engineering for Arts and Design,\u00a0<\/strong>promovido pela Associa\u00e7\u00e3o Brasileira de Express\u00e3o Gr\u00e1fica (ABEG) e pela International Society for Geometry and Graphics (ISGG), na cidade de Pelotas envolve um grupo interinstitucional formado por docentes da Universidade Federal de Pelotas e Instituto Federal de Educa\u00e7\u00e3o, Ci\u00eancia e Tecnologia Sul-rio-grandense, campus Pelotas. O contexto local conta com outras duas institui\u00e7\u00f5es de n\u00edvel superior de ensino: Universidade Cat\u00f3lica de Pelotas e Faculdades Anhanguera. O conjunto destas institui\u00e7\u00f5es agrega tr\u00eas cursos de Arquitetura, diferentes modalidades de Engenharias (Civil, da Computa\u00e7\u00e3o, da Automa\u00e7\u00e3o, dos Materiais, do Petr\u00f3leo)\u00a0 e Design (do Produto, Digital, de Jogos, Gr\u00e1fico), Artes (M\u00fasica, Dan\u00e7a, Escultura, Visuais) e cursos t\u00e9cnicos em Edifica\u00e7\u00f5es, Design de Interiores e Comunica\u00e7\u00e3o Visual. Desta maneira, este conjunto abarca diferentes n\u00edveis de ensino: m\u00e9dio, superior e p\u00f3s-gradua\u00e7\u00e3o, incluindo especializa\u00e7\u00e3o, mestrado &#8211; acad\u00eamico e profissional &#8211; e doutorado, os quais incluem, explicitamente, a \u00e1rea de Express\u00e3o Gr\u00e1fica. Constitui-se assim um contexto local com estrutura pessoal e f\u00edsica apto para o acolhimento e potencializa\u00e7\u00e3o do evento.<\/span><\/h6>\n<ul class=\"wpipessoa-lista\"><li class=\"wpipessoa-post clearfix\"><div class=\"wpipessoa-thumb\"><a href=\"http:\/\/lattes.cnpq.br\/3860172079417937\"><img loading=\"lazy\" decoding=\"async\" width=\"200\" height=\"200\" src=\"https:\/\/wp.ufpel.edu.br\/graphica2024\/files\/2023\/08\/adriane-e1691528029255-200x200.jpg\" class=\"attachment-thumbnail size-thumbnail wp-post-image\" alt=\"\" \/><\/a><\/div><div class=\"wpipessoa-info\"><div class=\"wpipessoa-nome wpipessoa-fonte-grande\"><a href=\"http:\/\/lattes.cnpq.br\/3860172079417937\">Adriane Borda Almeida da Silva<\/a><\/div><div class=\"wpipessoa-funcao wpipessoa-fonte-italica\">Professora da Universidade Federal de Pelotas. <br \/>\r\nCoordena\u00e7\u00e3o Geral<\/div><div class=\"wpipessoa-lattes\"><a href=\"http:\/\/lattes.cnpq.br\/3860172079417937\" target=\"_blank\">Lattes<\/a><\/div><\/div><\/li><li class=\"wpipessoa-post clearfix\"><div class=\"wpipessoa-thumb\"><a href=\"http:\/\/lattes.cnpq.br\/3312934121965173\"><img loading=\"lazy\" decoding=\"async\" width=\"200\" height=\"200\" src=\"https:\/\/wp.ufpel.edu.br\/graphica2024\/files\/2025\/02\/IMG_3945-200x200.jpg\" class=\"attachment-thumbnail size-thumbnail wp-post-image\" alt=\"Aline Campelo Blank Freitas\" srcset=\"https:\/\/wp.ufpel.edu.br\/graphica2024\/files\/2025\/02\/IMG_3945-200x200.jpg 200w, https:\/\/wp.ufpel.edu.br\/graphica2024\/files\/2025\/02\/IMG_3945-400x400.jpg 400w, https:\/\/wp.ufpel.edu.br\/graphica2024\/files\/2025\/02\/IMG_3945.jpg 450w\" sizes=\"auto, (max-width: 200px) 100vw, 200px\" \/><\/a><\/div><div class=\"wpipessoa-info\"><div class=\"wpipessoa-nome wpipessoa-fonte-grande\"><a href=\"http:\/\/lattes.cnpq.br\/3312934121965173\">Aline Campelo Blank Freitas<\/a><\/div><div class=\"wpipessoa-funcao wpipessoa-fonte-italica\">Professora do Instituto Federal Sul-rio-grandense.<br \/>\r\nCoordena\u00e7\u00e3o Adjunta<\/div><div class=\"wpipessoa-lattes\"><a href=\"http:\/\/lattes.cnpq.br\/3312934121965173\" target=\"_blank\">Lattes<\/a><\/div><\/div><\/li><li class=\"wpipessoa-post clearfix\"><div class=\"wpipessoa-thumb\"><a href=\"http:\/\/lattes.cnpq.br\/5084604975266095\"><img loading=\"lazy\" decoding=\"async\" width=\"148\" height=\"200\" src=\"https:\/\/wp.ufpel.edu.br\/graphica2024\/files\/2024\/03\/cintia-148x200.jpeg\" class=\"attachment-thumbnail size-thumbnail wp-post-image\" alt=\"\" \/><\/a><\/div><div class=\"wpipessoa-info\"><div class=\"wpipessoa-nome wpipessoa-fonte-grande\"><a href=\"http:\/\/lattes.cnpq.br\/5084604975266095\">Cintia Gruppelli da Silva<\/a><\/div><div class=\"wpipessoa-funcao wpipessoa-fonte-italica\">T\u00e9cnica Administrativa na Universidade Federal de Pelotas.<br \/>\r\nApoio Especializado<\/div><div class=\"wpipessoa-lattes\"><a href=\"http:\/\/lattes.cnpq.br\/5084604975266095\" target=\"_blank\">Lattes<\/a><\/div><\/div><\/li><li class=\"wpipessoa-post clearfix\"><div class=\"wpipessoa-thumb\"><a href=\"http:\/\/lattes.cnpq.br\/8451573902397906\"><img loading=\"lazy\" decoding=\"async\" width=\"200\" height=\"200\" src=\"https:\/\/wp.ufpel.edu.br\/graphica2024\/files\/2023\/12\/eu-200x200.jpg\" class=\"attachment-thumbnail size-thumbnail wp-post-image\" alt=\"\" srcset=\"https:\/\/wp.ufpel.edu.br\/graphica2024\/files\/2023\/12\/eu-200x200.jpg 200w, https:\/\/wp.ufpel.edu.br\/graphica2024\/files\/2023\/12\/eu-400x400.jpg 400w, https:\/\/wp.ufpel.edu.br\/graphica2024\/files\/2023\/12\/eu.jpg 640w\" sizes=\"auto, (max-width: 200px) 100vw, 200px\" \/><\/a><\/div><div class=\"wpipessoa-info\"><div class=\"wpipessoa-nome wpipessoa-fonte-grande\"><a href=\"http:\/\/lattes.cnpq.br\/8451573902397906\">Ivana Patr\u00edcia Iahnke Steim<\/a><\/div><div class=\"wpipessoa-funcao wpipessoa-fonte-italica\">T\u00e9cnica Administrativa da Universidade Federal de Pelotas.<br \/>\r\nApoio Especializado<\/div><div class=\"wpipessoa-lattes\"><a href=\"http:\/\/lattes.cnpq.br\/8451573902397906\" target=\"_blank\">Lattes<\/a><\/div><\/div><\/li><li class=\"wpipessoa-post clearfix\"><div class=\"wpipessoa-thumb\"><a href=\"http:\/\/lattes.cnpq.br\/3125052298227958\"><img loading=\"lazy\" decoding=\"async\" width=\"200\" height=\"200\" src=\"https:\/\/wp.ufpel.edu.br\/graphica2024\/files\/2023\/08\/Luciana-200x200.jpg\" class=\"attachment-thumbnail size-thumbnail wp-post-image\" alt=\"\" \/><\/a><\/div><div class=\"wpipessoa-info\"><div class=\"wpipessoa-nome wpipessoa-fonte-grande\"><a href=\"http:\/\/lattes.cnpq.br\/3125052298227958\">Luciana Rocha Sandrini<\/a><\/div><div class=\"wpipessoa-funcao wpipessoa-fonte-italica\">Professora do Instituto Federal Sul-rio-grandense.<br \/>\r\nCoordena\u00e7\u00e3o Adjunta<\/div><div class=\"wpipessoa-lattes\"><a href=\"http:\/\/lattes.cnpq.br\/3125052298227958\" target=\"_blank\">Lattes<\/a><\/div><\/div><\/li><li class=\"wpipessoa-post clearfix\"><div class=\"wpipessoa-thumb\"><a href=\"https:\/\/lattes.cnpq.br\/7048685450293814\"><img loading=\"lazy\" decoding=\"async\" width=\"200\" height=\"200\" src=\"https:\/\/wp.ufpel.edu.br\/graphica2024\/files\/2023\/08\/Tais-200x200.jpg\" class=\"attachment-thumbnail size-thumbnail wp-post-image\" alt=\"\" \/><\/a><\/div><div class=\"wpipessoa-info\"><div class=\"wpipessoa-nome wpipessoa-fonte-grande\"><a href=\"https:\/\/lattes.cnpq.br\/7048685450293814\">Ta\u00eds Feij\u00f3 Viana<\/a><\/div><div class=\"wpipessoa-funcao wpipessoa-fonte-italica\">Professora do Instituto Federal Sul-rio-grandense. <br \/>\r\nCoordena\u00e7\u00e3o adjunta<\/div><div class=\"wpipessoa-lattes\"><a href=\"https:\/\/lattes.cnpq.br\/7048685450293814\" target=\"_blank\">Lattes<\/a><\/div><\/div><\/li><li class=\"wpipessoa-post clearfix\"><div class=\"wpipessoa-thumb\"><a href=\"http:\/\/lattes.cnpq.br\/1945299521663592\"><img loading=\"lazy\" decoding=\"async\" width=\"200\" height=\"200\" src=\"https:\/\/wp.ufpel.edu.br\/graphica2024\/files\/2023\/08\/Tassia-e1691528139642-200x200.jpg\" class=\"attachment-thumbnail size-thumbnail wp-post-image\" alt=\"\" \/><\/a><\/div><div class=\"wpipessoa-info\"><div class=\"wpipessoa-nome wpipessoa-fonte-grande\"><a href=\"http:\/\/lattes.cnpq.br\/1945299521663592\">T\u00e1ssia Borges de Vasconselos<\/a><\/div><div class=\"wpipessoa-funcao wpipessoa-fonte-italica\">Professora da Universidade Federal de Pelotas<br \/>\r\nCoordena\u00e7\u00e3o adjunta<\/div><div class=\"wpipessoa-lattes\"><a href=\"http:\/\/lattes.cnpq.br\/1945299521663592\" target=\"_blank\">Lattes<\/a><\/div><\/div><\/li><li class=\"wpipessoa-post clearfix\"><div class=\"wpipessoa-thumb\"><a href=\"http:\/\/lattes.cnpq.br\/9739057859159623\"><img loading=\"lazy\" decoding=\"async\" width=\"191\" height=\"200\" src=\"https:\/\/wp.ufpel.edu.br\/graphica2024\/files\/2023\/08\/Tatiane-191x200.jpg\" class=\"attachment-thumbnail size-thumbnail wp-post-image\" alt=\"\" \/><\/a><\/div><div class=\"wpipessoa-info\"><div class=\"wpipessoa-nome wpipessoa-fonte-grande\"><a href=\"http:\/\/lattes.cnpq.br\/9739057859159623\">Tatiane Brisolara Nogueira<\/a><\/div><div class=\"wpipessoa-funcao wpipessoa-fonte-italica\">Professora do Instituto Federal Sul-rio-grandense. <br \/>\r\nCoordena\u00e7\u00e3o adjunta<\/div><div class=\"wpipessoa-lattes\"><a href=\"http:\/\/lattes.cnpq.br\/9739057859159623\" target=\"_blank\">Lattes<\/a><\/div><\/div><\/li><li class=\"wpipessoa-post clearfix\"><div class=\"wpipessoa-thumb\"><a href=\"http:\/\/lattes.cnpq.br\/9122655269544693\"><img loading=\"lazy\" decoding=\"async\" width=\"200\" height=\"200\" src=\"https:\/\/wp.ufpel.edu.br\/graphica2024\/files\/2023\/08\/Vinicius-2-200x200.jpg\" class=\"attachment-thumbnail size-thumbnail wp-post-image\" alt=\"\" \/><\/a><\/div><div class=\"wpipessoa-info\"><div class=\"wpipessoa-nome wpipessoa-fonte-grande\"><a href=\"http:\/\/lattes.cnpq.br\/9122655269544693\">Vin\u00edcius Kr\u00fcger da Costa<\/a><\/div><div class=\"wpipessoa-funcao wpipessoa-fonte-italica\">Professor do Instituto Federal Sul-rio-grandense. <br \/>\r\nApoio especializado<\/div><div class=\"wpipessoa-lattes\"><a href=\"http:\/\/lattes.cnpq.br\/9122655269544693\" target=\"_blank\">Lattes<\/a><\/div><\/div><\/li><\/ul>\n<p>&nbsp;<\/p>\n","protected":false},"excerpt":{"rendered":"<div class=\"wpipessoa-lista wpipessoa-info\">\n<div class=\"wpipessoa-funcao wpipessoa-fonte-italica\">Professor do Instituto Federal Sul-rio-grandense. <br \/>\nApoio especializado<\/div>\n<\/div>\n","protected":false},"author":263,"featured_media":0,"parent":0,"menu_order":0,"comment_status":"closed","ping_status":"closed","template":"","meta":{"footnotes":""},"class_list":["post-77","page","type-page","status-publish","hentry","post","post-with-thumbnail","post-with-thumbnail-large"],"_links":{"self":[{"href":"https:\/\/wp.ufpel.edu.br\/graphica2024\/wp-json\/wp\/v2\/pages\/77","targetHints":{"allow":["GET"]}}],"collection":[{"href":"https:\/\/wp.ufpel.edu.br\/graphica2024\/wp-json\/wp\/v2\/pages"}],"about":[{"href":"https:\/\/wp.ufpel.edu.br\/graphica2024\/wp-json\/wp\/v2\/types\/page"}],"author":[{"embeddable":true,"href":"https:\/\/wp.ufpel.edu.br\/graphica2024\/wp-json\/wp\/v2\/users\/263"}],"replies":[{"embeddable":true,"href":"https:\/\/wp.ufpel.edu.br\/graphica2024\/wp-json\/wp\/v2\/comments?post=77"}],"version-history":[{"count":19,"href":"https:\/\/wp.ufpel.edu.br\/graphica2024\/wp-json\/wp\/v2\/pages\/77\/revisions"}],"predecessor-version":[{"id":762,"href":"https:\/\/wp.ufpel.edu.br\/graphica2024\/wp-json\/wp\/v2\/pages\/77\/revisions\/762"}],"wp:attachment":[{"href":"https:\/\/wp.ufpel.edu.br\/graphica2024\/wp-json\/wp\/v2\/media?parent=77"}],"curies":[{"name":"wp","href":"https:\/\/api.w.org\/{rel}","templated":true}]}}