{"id":684,"date":"2025-02-27T15:27:45","date_gmt":"2025-02-27T18:27:45","guid":{"rendered":"https:\/\/wp.ufpel.edu.br\/graphica2024\/?page_id=684"},"modified":"2025-08-25T14:37:20","modified_gmt":"2025-08-25T17:37:20","slug":"anais","status":"publish","type":"page","link":"https:\/\/wp.ufpel.edu.br\/graphica2024\/anais","title":{"rendered":"Anais"},"content":{"rendered":"<p>Os Anais do <strong>Graphica &#8211; XV International Conference on Graphics Engineering for Arts and Design,\u00a0<\/strong>promovido pela Associa\u00e7\u00e3o Brasileira de Express\u00e3o Gr\u00e1fica (ABEG) e pela International Society for Geometry and Graphics (ISGG), re\u00fane mais de 150 Artigos Completos, os Resumos Expandidos e Banners.<\/p>\n<p><a href=\"https:\/\/www.even3.com.br\/anais\/graphica-430628\/\">Confira aqui!<\/a><\/p>\n","protected":false},"excerpt":{"rendered":"<p>Os Anais do Graphica &#8211; XV International Conference on Graphics Engineering for Arts and Design,\u00a0promovido pela Associa\u00e7\u00e3o Brasileira de Express\u00e3o Gr\u00e1fica (ABEG) e pela International Society for Geometry and Graphics (ISGG), re\u00fane mais de 150 Artigos Completos, os Resumos Expandidos e Banners. Confira aqui!<\/p>\n","protected":false},"author":263,"featured_media":0,"parent":0,"menu_order":0,"comment_status":"closed","ping_status":"closed","template":"","meta":{"footnotes":""},"class_list":["post-684","page","type-page","status-publish","hentry","post"],"_links":{"self":[{"href":"https:\/\/wp.ufpel.edu.br\/graphica2024\/wp-json\/wp\/v2\/pages\/684","targetHints":{"allow":["GET"]}}],"collection":[{"href":"https:\/\/wp.ufpel.edu.br\/graphica2024\/wp-json\/wp\/v2\/pages"}],"about":[{"href":"https:\/\/wp.ufpel.edu.br\/graphica2024\/wp-json\/wp\/v2\/types\/page"}],"author":[{"embeddable":true,"href":"https:\/\/wp.ufpel.edu.br\/graphica2024\/wp-json\/wp\/v2\/users\/263"}],"replies":[{"embeddable":true,"href":"https:\/\/wp.ufpel.edu.br\/graphica2024\/wp-json\/wp\/v2\/comments?post=684"}],"version-history":[{"count":4,"href":"https:\/\/wp.ufpel.edu.br\/graphica2024\/wp-json\/wp\/v2\/pages\/684\/revisions"}],"predecessor-version":[{"id":999,"href":"https:\/\/wp.ufpel.edu.br\/graphica2024\/wp-json\/wp\/v2\/pages\/684\/revisions\/999"}],"wp:attachment":[{"href":"https:\/\/wp.ufpel.edu.br\/graphica2024\/wp-json\/wp\/v2\/media?parent=684"}],"curies":[{"name":"wp","href":"https:\/\/api.w.org\/{rel}","templated":true}]}}