{"id":635,"date":"2025-02-27T11:55:11","date_gmt":"2025-02-27T14:55:11","guid":{"rendered":"https:\/\/wp.ufpel.edu.br\/graphica2024\/?page_id=635"},"modified":"2025-04-04T10:57:11","modified_gmt":"2025-04-04T13:57:11","slug":"banner","status":"publish","type":"page","link":"https:\/\/wp.ufpel.edu.br\/graphica2024\/banner","title":{"rendered":"Banners"},"content":{"rendered":"<p><strong>Submiss\u00e3o de 27 de janeiro \u00e0 10 de mar\u00e7o de 2025 (\u00daLTIMA CHAMADA)<\/strong><\/p>\n<p>Tem\u00e1tica: [ <strong>Jogos f\u00edsicos e digitais para o desenvolvimento da Intelig\u00eancia Espacial <\/strong>]<\/p>\n<p>Link para a submiss\u00e3o do Resumo (de 600 a 800 palavras) do Banner <a href=\"https:\/\/www.even3.com.br\/participante\/trabalhocientifico\/submissao\/\">aqui<\/a>.<\/p>\n<p>Template para o Banner [<a href=\"https:\/\/wp.ufpel.edu.br\/graphica2024\/files\/2025\/04\/Template-Banner-Graphica_final_marca_fapergs.pptx\">Acesse aqui<\/a>].<\/p>\n<p><strong>| Cronograma da Avalia\u00e7\u00e3o |<\/strong><br \/>\n* Resultado preliminar e envio do template do banner: 30 de mar\u00e7o de 2025.<br \/>\n\u2060* Submiss\u00e3o do banner: 17 de abril de 2025.<br \/>\n\u2060* Resultado Final: 30 de abril de 2025.<\/p>\n","protected":false},"excerpt":{"rendered":"<p>Submiss\u00e3o de 27 de janeiro \u00e0 10 de mar\u00e7o de 2025 (\u00daLTIMA CHAMADA) Tem\u00e1tica: [ Jogos f\u00edsicos e digitais para o desenvolvimento da Intelig\u00eancia Espacial ] Link para a submiss\u00e3o do Resumo (de 600 a 800 palavras) do Banner aqui. Template para o Banner [Acesse aqui]. | Cronograma da Avalia\u00e7\u00e3o | * Resultado preliminar e [&hellip;]<\/p>\n","protected":false},"author":1357,"featured_media":0,"parent":0,"menu_order":0,"comment_status":"closed","ping_status":"closed","template":"","meta":{"footnotes":""},"class_list":["post-635","page","type-page","status-publish","hentry","post"],"_links":{"self":[{"href":"https:\/\/wp.ufpel.edu.br\/graphica2024\/wp-json\/wp\/v2\/pages\/635","targetHints":{"allow":["GET"]}}],"collection":[{"href":"https:\/\/wp.ufpel.edu.br\/graphica2024\/wp-json\/wp\/v2\/pages"}],"about":[{"href":"https:\/\/wp.ufpel.edu.br\/graphica2024\/wp-json\/wp\/v2\/types\/page"}],"author":[{"embeddable":true,"href":"https:\/\/wp.ufpel.edu.br\/graphica2024\/wp-json\/wp\/v2\/users\/1357"}],"replies":[{"embeddable":true,"href":"https:\/\/wp.ufpel.edu.br\/graphica2024\/wp-json\/wp\/v2\/comments?post=635"}],"version-history":[{"count":4,"href":"https:\/\/wp.ufpel.edu.br\/graphica2024\/wp-json\/wp\/v2\/pages\/635\/revisions"}],"predecessor-version":[{"id":830,"href":"https:\/\/wp.ufpel.edu.br\/graphica2024\/wp-json\/wp\/v2\/pages\/635\/revisions\/830"}],"wp:attachment":[{"href":"https:\/\/wp.ufpel.edu.br\/graphica2024\/wp-json\/wp\/v2\/media?parent=635"}],"curies":[{"name":"wp","href":"https:\/\/api.w.org\/{rel}","templated":true}]}}