{"id":631,"date":"2025-02-27T11:52:26","date_gmt":"2025-02-27T14:52:26","guid":{"rendered":"https:\/\/wp.ufpel.edu.br\/graphica2024\/?page_id=631"},"modified":"2025-02-27T13:38:52","modified_gmt":"2025-02-27T16:38:52","slug":"resumos-expandidos","status":"publish","type":"page","link":"https:\/\/wp.ufpel.edu.br\/graphica2024\/resumos-expandidos","title":{"rendered":"Resumos Expandidos"},"content":{"rendered":"<p><strong>Submiss\u00e3o de 27 de janeiro a 10 de mar\u00e7o de 2025 (\u00daLTIMA CHAMADA)<\/strong><\/p>\n<p>Tem\u00e1tica: [ <strong>Express\u00e3o Gr\u00e1fica e suas contribui\u00e7\u00f5es para Tomada de Consci\u00eancia sobre Emerg\u00eancias Clim\u00e1ticas<\/strong> ]<\/p>\n<p>Template para o Resumo Expandido <a href=\"https:\/\/wp.ufpel.edu.br\/graphica2024\/submissao#:~:text=o%20Resumo%20Expandido-,aqui.,-Observem%20que%20na\">aqui<\/a>.<\/p>\n<p>Observem que na plataforma ser\u00e3o esperadas duas submiss\u00f5es:<\/p>\n<ul>\n<li><strong>Resumos Expandidos sem a identifica\u00e7\u00e3o de autoria<\/strong><br \/>\nPara assegurar a integridade da avalia\u00e7\u00e3o, este arquivo N\u00c3O dever\u00e1 revelar a identidade dos autores, coautores, orientadores e afins, garantindo assim a integridade e imparcialidade do processo de avalia\u00e7\u00e3o. Caso haja qualquer forma de identifica\u00e7\u00e3o, o trabalho ser\u00e1 automaticamente desclassificado.<\/li>\n<li><strong>Resumo Expandido com a identifica\u00e7\u00e3o de autoria<\/strong><br \/>\nVers\u00e3o com a identifica\u00e7\u00e3o de todos os autores, a qual, se aprovada, ser\u00e1 publicada junto \u00e0 parte 2 dos Anais do evento.<\/li>\n<\/ul>\n<p>Link para submiss\u00e3o do Resumo Expandido <a href=\"https:\/\/www.even3.com.br\/participante\/trabalhocientifico\/submissao\/\">aqui<\/a>.<\/p>\n<p><strong>| Cronograma da Avalia\u00e7\u00e3o |<\/strong><br \/>\n* \u2060Resultado preliminar: 30 de mar\u00e7o de 2025.<br \/>\n\u2060* Submiss\u00e3o da revis\u00e3o de resumos expandidos aprovados com ressalvas: 17 de abril de 2025.<br \/>\n* \u2060Resultado Final: 30 de abril de 2025.<\/p>\n","protected":false},"excerpt":{"rendered":"<p>Submiss\u00e3o de 27 de janeiro a 10 de mar\u00e7o de 2025 (\u00daLTIMA CHAMADA) Tem\u00e1tica: [ Express\u00e3o Gr\u00e1fica e suas contribui\u00e7\u00f5es para Tomada de Consci\u00eancia sobre Emerg\u00eancias Clim\u00e1ticas ] Template para o Resumo Expandido aqui. Observem que na plataforma ser\u00e3o esperadas duas submiss\u00f5es: Resumos Expandidos sem a identifica\u00e7\u00e3o de autoria Para assegurar a integridade da avalia\u00e7\u00e3o, [&hellip;]<\/p>\n","protected":false},"author":1357,"featured_media":0,"parent":0,"menu_order":0,"comment_status":"closed","ping_status":"closed","template":"","meta":{"footnotes":""},"class_list":["post-631","page","type-page","status-publish","hentry","post"],"_links":{"self":[{"href":"https:\/\/wp.ufpel.edu.br\/graphica2024\/wp-json\/wp\/v2\/pages\/631","targetHints":{"allow":["GET"]}}],"collection":[{"href":"https:\/\/wp.ufpel.edu.br\/graphica2024\/wp-json\/wp\/v2\/pages"}],"about":[{"href":"https:\/\/wp.ufpel.edu.br\/graphica2024\/wp-json\/wp\/v2\/types\/page"}],"author":[{"embeddable":true,"href":"https:\/\/wp.ufpel.edu.br\/graphica2024\/wp-json\/wp\/v2\/users\/1357"}],"replies":[{"embeddable":true,"href":"https:\/\/wp.ufpel.edu.br\/graphica2024\/wp-json\/wp\/v2\/comments?post=631"}],"version-history":[{"count":6,"href":"https:\/\/wp.ufpel.edu.br\/graphica2024\/wp-json\/wp\/v2\/pages\/631\/revisions"}],"predecessor-version":[{"id":651,"href":"https:\/\/wp.ufpel.edu.br\/graphica2024\/wp-json\/wp\/v2\/pages\/631\/revisions\/651"}],"wp:attachment":[{"href":"https:\/\/wp.ufpel.edu.br\/graphica2024\/wp-json\/wp\/v2\/media?parent=631"}],"curies":[{"name":"wp","href":"https:\/\/api.w.org\/{rel}","templated":true}]}}