{"id":50,"date":"2023-05-12T17:38:12","date_gmt":"2023-05-12T20:38:12","guid":{"rendered":"https:\/\/wp.ufpel.edu.br\/graphica2024\/?page_id=50"},"modified":"2025-02-28T14:22:45","modified_gmt":"2025-02-28T17:22:45","slug":"inicio","status":"publish","type":"page","link":"https:\/\/wp.ufpel.edu.br\/graphica2024\/","title":{"rendered":"In\u00edcio"},"content":{"rendered":"<p>Bem-vindos ao espa\u00e7o informacional do evento <strong>Graphica &#8211; XV International Conference on Graphics Engineering for Arts and Design, <\/strong>promovido pela Associa\u00e7\u00e3o Brasileira de Express\u00e3o Gr\u00e1fica (ABEG) e pela International Society for Geometry and Graphics (ISGG).<\/p>\n<p>Navegue pelo Menu para saber mais Sobre o Evento, conhecer a Comiss\u00e3o Cient\u00edfica e a Equipe Propositora.<\/p>\n","protected":false},"excerpt":{"rendered":"<p>Bem-vindos ao espa\u00e7o informacional do evento Graphica &#8211; XV International Conference on Graphics Engineering for Arts and Design, promovido pela Associa\u00e7\u00e3o Brasileira de Express\u00e3o Gr\u00e1fica (ABEG) e pela International Society for Geometry and Graphics (ISGG). Navegue pelo Menu para saber mais Sobre o Evento, conhecer a Comiss\u00e3o Cient\u00edfica e a Equipe Propositora.<\/p>\n","protected":false},"author":263,"featured_media":0,"parent":0,"menu_order":0,"comment_status":"closed","ping_status":"closed","template":"","meta":{"footnotes":""},"class_list":["post-50","page","type-page","status-publish","hentry","post"],"_links":{"self":[{"href":"https:\/\/wp.ufpel.edu.br\/graphica2024\/wp-json\/wp\/v2\/pages\/50","targetHints":{"allow":["GET"]}}],"collection":[{"href":"https:\/\/wp.ufpel.edu.br\/graphica2024\/wp-json\/wp\/v2\/pages"}],"about":[{"href":"https:\/\/wp.ufpel.edu.br\/graphica2024\/wp-json\/wp\/v2\/types\/page"}],"author":[{"embeddable":true,"href":"https:\/\/wp.ufpel.edu.br\/graphica2024\/wp-json\/wp\/v2\/users\/263"}],"replies":[{"embeddable":true,"href":"https:\/\/wp.ufpel.edu.br\/graphica2024\/wp-json\/wp\/v2\/comments?post=50"}],"version-history":[{"count":51,"href":"https:\/\/wp.ufpel.edu.br\/graphica2024\/wp-json\/wp\/v2\/pages\/50\/revisions"}],"predecessor-version":[{"id":760,"href":"https:\/\/wp.ufpel.edu.br\/graphica2024\/wp-json\/wp\/v2\/pages\/50\/revisions\/760"}],"wp:attachment":[{"href":"https:\/\/wp.ufpel.edu.br\/graphica2024\/wp-json\/wp\/v2\/media?parent=50"}],"curies":[{"name":"wp","href":"https:\/\/api.w.org\/{rel}","templated":true}]}}