{"id":465,"date":"2024-10-22T18:40:48","date_gmt":"2024-10-22T21:40:48","guid":{"rendered":"https:\/\/wp.ufpel.edu.br\/graphica2024\/?page_id=465"},"modified":"2025-02-28T14:27:36","modified_gmt":"2025-02-28T17:27:36","slug":"temas-2","status":"publish","type":"page","link":"https:\/\/wp.ufpel.edu.br\/graphica2024\/temas-2","title":{"rendered":"Temas"},"content":{"rendered":"<p>O <strong>GRAPHICA &#8211; XV International Conference on Graphics Engineering for Arts and Design<\/strong><strong>,\u00a0<\/strong>promovido pela Associa\u00e7\u00e3o Brasileira de Express\u00e3o Gr\u00e1fica (ABEG) e pela International Society for Geometry and Graphics (ISGG), acolhe comunica\u00e7\u00f5es com direcionamentos te\u00f3ricos, hist\u00f3ricos, multi, inter e transdisciplinares, pedag\u00f3gicos, tecnol\u00f3gicos e de inova\u00e7\u00e3o concernentes \u00e0 produ\u00e7\u00e3o na \u00e1rea de express\u00e3o gr\u00e1fica e digital. Al\u00e9m disso, nessa d\u00e9cima quinta edi\u00e7\u00e3o, problematiza o impacto da Intelig\u00eancia Artificial desta produ\u00e7\u00e3o nos campos das artes, arquitetura, design, engenharias e \u00e1reas afins.<\/p>\n<p>Uma nova chamada foi realizada para <strong>Workshops<\/strong>, R<strong>esumos Expandidos<\/strong>\u00a0e\u00a0<strong>Banners<\/strong>, sob a inclus\u00e3o do tema Contribui\u00e7\u00f5es da \u00c1rea de Express\u00e3o Gr\u00e1fica para a Tomada de Consci\u00eancia sobre as Emerg\u00eancias Clim\u00e1ticas. Trata-se de uma provoca\u00e7\u00e3o oportuna para registrar e discutir as a\u00e7\u00f5es nessa dire\u00e7\u00e3o que porventura os pesquisadores da \u00e1rea estejam envolvidos, cujos trabalhos aprovados compor\u00e3o a segunda parte dos anais do evento.<\/p>\n","protected":false},"excerpt":{"rendered":"<p>O GRAPHICA &#8211; XV International Conference on Graphics Engineering for Arts and Design,\u00a0promovido pela Associa\u00e7\u00e3o Brasileira de Express\u00e3o Gr\u00e1fica (ABEG) e pela International Society for Geometry and Graphics (ISGG), acolhe comunica\u00e7\u00f5es com direcionamentos te\u00f3ricos, hist\u00f3ricos, multi, inter e transdisciplinares, pedag\u00f3gicos, tecnol\u00f3gicos e de inova\u00e7\u00e3o concernentes \u00e0 produ\u00e7\u00e3o na \u00e1rea de express\u00e3o gr\u00e1fica e digital. Al\u00e9m [&hellip;]<\/p>\n","protected":false},"author":1357,"featured_media":0,"parent":0,"menu_order":0,"comment_status":"closed","ping_status":"closed","template":"","meta":{"footnotes":""},"class_list":["post-465","page","type-page","status-publish","hentry","post"],"_links":{"self":[{"href":"https:\/\/wp.ufpel.edu.br\/graphica2024\/wp-json\/wp\/v2\/pages\/465","targetHints":{"allow":["GET"]}}],"collection":[{"href":"https:\/\/wp.ufpel.edu.br\/graphica2024\/wp-json\/wp\/v2\/pages"}],"about":[{"href":"https:\/\/wp.ufpel.edu.br\/graphica2024\/wp-json\/wp\/v2\/types\/page"}],"author":[{"embeddable":true,"href":"https:\/\/wp.ufpel.edu.br\/graphica2024\/wp-json\/wp\/v2\/users\/1357"}],"replies":[{"embeddable":true,"href":"https:\/\/wp.ufpel.edu.br\/graphica2024\/wp-json\/wp\/v2\/comments?post=465"}],"version-history":[{"count":5,"href":"https:\/\/wp.ufpel.edu.br\/graphica2024\/wp-json\/wp\/v2\/pages\/465\/revisions"}],"predecessor-version":[{"id":764,"href":"https:\/\/wp.ufpel.edu.br\/graphica2024\/wp-json\/wp\/v2\/pages\/465\/revisions\/764"}],"wp:attachment":[{"href":"https:\/\/wp.ufpel.edu.br\/graphica2024\/wp-json\/wp\/v2\/media?parent=465"}],"curies":[{"name":"wp","href":"https:\/\/api.w.org\/{rel}","templated":true}]}}