{"id":463,"date":"2024-10-22T18:40:48","date_gmt":"2024-10-22T21:40:48","guid":{"rendered":"https:\/\/wp.ufpel.edu.br\/graphica2024\/?page_id=463"},"modified":"2025-02-27T11:35:26","modified_gmt":"2025-02-27T14:35:26","slug":"1a-chamada","status":"publish","type":"page","link":"https:\/\/wp.ufpel.edu.br\/graphica2024\/1a-chamada","title":{"rendered":"1\u00aa chamada"},"content":{"rendered":"<h3>ARTIGOS COMPLETOS (de 19 de fevereiro a 03 de junho de 2024<span style=\"font-size: 14pt;\"><strong>)<\/strong><\/span><\/h3>\n<p><span style=\"font-size: 14pt;\"><strong>Tema Provocativo: <\/strong><\/span><\/p>\n<ul>\n<li>Express\u00e3o Gr\u00e1fica e Intelig\u00eancias em Simbiose<\/li>\n<\/ul>\n<p><span style=\"font-size: 14pt;\"><strong>Temas Tradicionais: <\/strong><\/span><\/p>\n<ul>\n<li>Express\u00e3o Gr\u00e1fica, Desenho e Croquis: anal\u00f3gicos e digitais;<\/li>\n<li>Geometria Din\u00e2mica, Geometria Descritiva;<\/li>\n<li>Ensino em contextos h\u00edbridos;<\/li>\n<li>Ambientes Virtuais e suas explora\u00e7\u00f5es: RA, VA,RV e RM;<\/li>\n<li>Projeto param\u00e9trico, Fabrica\u00e7\u00e3o Digital e Cultura hacker\/maker;<\/li>\n<li>Ind\u00fastria 4.0, BIM, HBIM e G\u00eameos Digitais;<\/li>\n<li>Representa\u00e7\u00e3o do Patrim\u00f4nio.<\/li>\n<li>Ensaios e pr\u00e1ticas art\u00edsticas, ind\u00fastria criativa e DIY;<\/li>\n<li>Processo criativos em Design: Design Gr\u00e1fico, Design de produto, Design de anima\u00e7\u00e3o e v\u00eddeo;<\/li>\n<li>Intelig\u00eancia artificial aplicada \u00e0 express\u00e3o gr\u00e1fica;<\/li>\n<\/ul>\n<p><span style=\"font-size: 14pt;\"><strong>Cada um dos temas pode estar associado aos seguintes EIXOS DE A\u00c7\u00c3O:<\/strong><\/span><\/p>\n<ul>\n<li>Ensino e aprendizagem: acolhe trabalhos centrados na contribui\u00e7\u00e3o do desenho e do projeto nos processos de ensino e aprendizagem;<\/li>\n<li>Pesquisa: re\u00fane contribui\u00e7\u00f5es acad\u00eamicas com enfoque direcionado \u00e0s pr\u00e1ticas de pesquisa fundamentadas nas tem\u00e1ticas apresentadas;<\/li>\n<li>Extens\u00e3o: compreende iniciativas formuladas com o intuito de promover a difus\u00e3o, a produ\u00e7\u00e3o e a troca dial\u00f3gica de conhecimentos sobre os t\u00f3picos apresentados entre as Institui\u00e7\u00f5es de Ensino e a sociedade, ou outras parcerias que configurem extens\u00e3o;<\/li>\n<li>Projetos, aplica\u00e7\u00f5es e pr\u00e1ticas profissionais: abrange a exposi\u00e7\u00e3o e an\u00e1lise de projetos realizados por pessoas, grupos associativos ou equipes vinculadas a entidades ou empresas, explorando as peculiaridades das aplica\u00e7\u00f5es em express\u00e3o gr\u00e1fica nos t\u00f3picos elencados;<\/li>\n<li>Trilhas abertas: Envolve artigos relacionados \u00e0 primeira tem\u00e1tica provocativa do evento, que trata das Intelig\u00eancias em simbiose, natural e artificial.<\/li>\n<\/ul>\n<p>&nbsp;<\/p>\n<p>&nbsp;<\/p>\n","protected":false},"excerpt":{"rendered":"<p>ARTIGOS COMPLETOS (de 19 de fevereiro a 03 de junho de 2024) Tema Provocativo: Express\u00e3o Gr\u00e1fica e Intelig\u00eancias em Simbiose Temas Tradicionais: Express\u00e3o Gr\u00e1fica, Desenho e Croquis: anal\u00f3gicos e digitais; Geometria Din\u00e2mica, Geometria Descritiva; Ensino em contextos h\u00edbridos; Ambientes Virtuais e suas explora\u00e7\u00f5es: RA, VA,RV e RM; Projeto param\u00e9trico, Fabrica\u00e7\u00e3o Digital e Cultura hacker\/maker; Ind\u00fastria [&hellip;]<\/p>\n","protected":false},"author":1357,"featured_media":0,"parent":0,"menu_order":0,"comment_status":"closed","ping_status":"closed","template":"","meta":{"footnotes":""},"class_list":["post-463","page","type-page","status-publish","hentry","post"],"_links":{"self":[{"href":"https:\/\/wp.ufpel.edu.br\/graphica2024\/wp-json\/wp\/v2\/pages\/463","targetHints":{"allow":["GET"]}}],"collection":[{"href":"https:\/\/wp.ufpel.edu.br\/graphica2024\/wp-json\/wp\/v2\/pages"}],"about":[{"href":"https:\/\/wp.ufpel.edu.br\/graphica2024\/wp-json\/wp\/v2\/types\/page"}],"author":[{"embeddable":true,"href":"https:\/\/wp.ufpel.edu.br\/graphica2024\/wp-json\/wp\/v2\/users\/1357"}],"replies":[{"embeddable":true,"href":"https:\/\/wp.ufpel.edu.br\/graphica2024\/wp-json\/wp\/v2\/comments?post=463"}],"version-history":[{"count":7,"href":"https:\/\/wp.ufpel.edu.br\/graphica2024\/wp-json\/wp\/v2\/pages\/463\/revisions"}],"predecessor-version":[{"id":624,"href":"https:\/\/wp.ufpel.edu.br\/graphica2024\/wp-json\/wp\/v2\/pages\/463\/revisions\/624"}],"wp:attachment":[{"href":"https:\/\/wp.ufpel.edu.br\/graphica2024\/wp-json\/wp\/v2\/media?parent=463"}],"curies":[{"name":"wp","href":"https:\/\/api.w.org\/{rel}","templated":true}]}}