{"id":439,"date":"2024-10-04T19:58:05","date_gmt":"2024-10-04T22:58:05","guid":{"rendered":"https:\/\/wp.ufpel.edu.br\/graphica2024\/?page_id=439"},"modified":"2024-10-04T20:08:56","modified_gmt":"2024-10-04T23:08:56","slug":"inscricoes","status":"publish","type":"page","link":"https:\/\/wp.ufpel.edu.br\/graphica2024\/inscricoes","title":{"rendered":"Inscri\u00e7\u00f5es"},"content":{"rendered":"<p><span style=\"font-size: 14pt;\">As inscri\u00e7\u00f5es com todas as informa\u00e7\u00f5es pertinentes est\u00e3o sendo feitas na plataforma <a href=\"https:\/\/www.even3.com.br\/graphica-430628?even3_orig=homeeven3_category\" rel=\"noopener\" target=\"_blank\">Even dispon\u00edvel aqui<\/a>. <\/span><\/p>\n","protected":false},"excerpt":{"rendered":"<p>As inscri\u00e7\u00f5es com todas as informa\u00e7\u00f5es pertinentes est\u00e3o sendo feitas na plataforma Even dispon\u00edvel aqui.<\/p>\n","protected":false},"author":1357,"featured_media":0,"parent":0,"menu_order":0,"comment_status":"closed","ping_status":"closed","template":"","meta":{"footnotes":""},"class_list":["post-439","page","type-page","status-publish","hentry","post"],"_links":{"self":[{"href":"https:\/\/wp.ufpel.edu.br\/graphica2024\/wp-json\/wp\/v2\/pages\/439","targetHints":{"allow":["GET"]}}],"collection":[{"href":"https:\/\/wp.ufpel.edu.br\/graphica2024\/wp-json\/wp\/v2\/pages"}],"about":[{"href":"https:\/\/wp.ufpel.edu.br\/graphica2024\/wp-json\/wp\/v2\/types\/page"}],"author":[{"embeddable":true,"href":"https:\/\/wp.ufpel.edu.br\/graphica2024\/wp-json\/wp\/v2\/users\/1357"}],"replies":[{"embeddable":true,"href":"https:\/\/wp.ufpel.edu.br\/graphica2024\/wp-json\/wp\/v2\/comments?post=439"}],"version-history":[{"count":3,"href":"https:\/\/wp.ufpel.edu.br\/graphica2024\/wp-json\/wp\/v2\/pages\/439\/revisions"}],"predecessor-version":[{"id":445,"href":"https:\/\/wp.ufpel.edu.br\/graphica2024\/wp-json\/wp\/v2\/pages\/439\/revisions\/445"}],"wp:attachment":[{"href":"https:\/\/wp.ufpel.edu.br\/graphica2024\/wp-json\/wp\/v2\/media?parent=439"}],"curies":[{"name":"wp","href":"https:\/\/api.w.org\/{rel}","templated":true}]}}